{"id":2547,"date":"2016-05-24T08:52:27","date_gmt":"2016-05-24T08:52:27","guid":{"rendered":"https:\/\/www.hotelbaiadelre.com\/de\/prenotazioni\/"},"modified":"2019-01-31T14:54:40","modified_gmt":"2019-01-31T14:54:40","slug":"reservierungen","status":"publish","type":"page","link":"https:\/\/www.hotelbaiadelre.com\/de\/reservierungen\/","title":{"rendered":"Reservierungen"},"content":{"rendered":"<div class=\"wpb-content-wrapper\">[vc_row full_height=&#8220;yes&#8220; parallax=&#8220;content-moving&#8220; bg_type=&#8220;image&#8220; parallax_style=&#8220;vcpb-default&#8220; bg_image_new=&#8220;id^2277|url^https:\/\/www.hotelbaiadelre.com\/wp-content\/uploads\/2016\/05\/reception-1.jpg|caption^null|alt^null|title^reception|description^null&#8220; bg_image_repeat=&#8220;no-repeat&#8220; bg_img_attach=&#8220;fixed&#8220; parallax_content=&#8220;parallax_content_value&#8220;][vc_column][vc_column_text]\n<div class=\"payoff\">\n<h1>Reservierungen<\/h1>\n<\/div>\n[\/vc_column_text][\/vc_column][\/vc_row][vc_row el_class=&#8220;contenuto&#8220;][vc_column][vc_empty_space height=&#8220;50px&#8220;][vc_row_inner el_class=&#8220;wrap&#8220;][vc_column_inner width=&#8220;1\/2&#8243;][vc_column_text css=&#8220;.vc_custom_1465916081824{padding-top: 0px !important;}&#8220;]\n<h3><a href=\"https:\/\/book.hotelbaiadelre.com\/accommodation\/list?channelId=757b149b-7aa1-4102-a442-8a7a54f5744d&#038;culture=de\">\u00dcberpr\u00fcfen Sie online Preise und Verf\u00fcgbarkeit<\/a><\/h3>\n<p>M\u00f6chten Sie die Preise und die Verf\u00fcgbarkeit kontrollieren oder Ihr Zimmer direkt reservieren? Verwenden Sie unser einfaches und sicheres Online-Reservierungsystem! Falls das System nicht Ihren Anforderungen entspricht, setzen Sie sich bitte durch das Anfrageformulars mit uns in Verbindung.[\/vc_column_text][\/vc_column_inner][vc_column_inner width=&#8220;1\/2&#8243;][vc_column_text css=&#8220;.vc_custom_1465916113313{padding-top: 0px !important;}&#8220;]\n<h3><a href=\"https:\/\/www.hotelbaiadelre.com\/de\/request-de\/\">Anfrage nach Informationen<\/a><\/h3>\n<\/p><p>M\u00f6chten Sie uns eine unverbindliche Anfrage per E-Mail schicken? Haben Sie besondere W\u00fcnsche, die unser Online-Reservierungssystem nicht erf\u00fcllen kann? Sie werden auf alle Fragen eine direkte E-Mail-Antworerhalten![\/vc_column_text][\/vc_column_inner][\/vc_row_inner][vc_column_text el_class=&#8220;wrap&#8220; css=&#8220;.vc_custom_1465916140593{padding-top: 20px !important;padding-right: 10px !important;padding-bottom: 50px !important;padding-left: 10px !important;}&#8220;]\n<h3>Sichere Transaktionen<\/h3>\n<\/p><p>Diese Internetseite verwendet f\u00fcr die Reservierungsbest\u00e4tigung mit Kreditkarte einen sicheren Server gem\u00e4\u00df dem weltweiten Verschl\u00fcsselungsstandard Secure Socket Layer (SSL) mit 256 Bit.[\/vc_column_text][\/vc_column][\/vc_row]\n<\/p><\/div>","protected":false},"excerpt":{"rendered":"<p>[vc_row full_height=&#8220;yes&#8220; parallax=&#8220;content-moving&#8220; bg_type=&#8220;image&#8220; parallax_style=&#8220;vcpb-default&#8220; bg_image_new=&#8220;id^2277|url^https:\/\/www.hotelbaiadelre.com\/wp-content\/uploads\/2016\/05\/reception-1.jpg|caption^null|alt^null|title^reception|description^null&#8220; bg_image_repeat=&#8220;no-repeat&#8220; bg_img_attach=&#8220;fixed&#8220; parallax_content=&#8220;parallax_content_value&#8220;][vc_column][vc_column_text] Reservierungen [\/vc_column_text][\/vc_column][\/vc_row][vc_row el_class=&#8220;contenuto&#8220;][vc_column][vc_empty_space height=&#8220;50px&#8220;][vc_row_inner el_class=&#8220;wrap&#8220;][vc_column_inner width=&#8220;1\/2&#8243;][vc_column_text css=&#8220;.vc_custom_1465916081824{padding-top: 0px !important;}&#8220;] \u00dcberpr\u00fcfen Sie online Preise und Verf\u00fcgbarkeit M\u00f6chten Sie die Preise und die Verf\u00fcgbarkeit kontrollieren oder Ihr Zimmer direkt reservieren? Verwenden Sie unser einfaches und sicheres Online-Reservierungsystem! Falls das System nicht Ihren Anforderungen entspricht, setzen Sie sich bitte [&hellip;]<\/p>\n","protected":false},"author":36,"featured_media":0,"parent":0,"menu_order":0,"comment_status":"closed","ping_status":"closed","template":"","meta":{"_genesis_hide_title":false,"_genesis_hide_breadcrumbs":false,"_genesis_hide_singular_image":false,"_genesis_hide_footer_widgets":false,"_genesis_custom_body_class":"","_genesis_custom_post_class":"","_genesis_layout":"","footnotes":""},"class_list":{"0":"post-2547","1":"page","2":"type-page","3":"status-publish","5":"entry"},"yoast_head":"<!-- This site is optimized with the Yoast SEO plugin v25.6 - https:\/\/yoast.com\/wordpress\/plugins\/seo\/ -->\n<title>Reservierungen | Hotel Baia del Re<\/title>\n<meta name=\"description\" content=\"Reservierungen, Hotel Baia del Re:\" \/>\n<meta name=\"robots\" content=\"index, follow, max-snippet:-1, max-image-preview:large, max-video-preview:-1\" \/>\n<link rel=\"canonical\" href=\"https:\/\/www.hotelbaiadelre.com\/de\/reservierungen\/\" \/>\n<meta property=\"og:locale\" content=\"de_DE\" \/>\n<meta property=\"og:type\" content=\"article\" \/>\n<meta property=\"og:title\" content=\"Reservierungen | Hotel Baia del Re\" \/>\n<meta property=\"og:description\" content=\"Reservierungen, Hotel Baia del Re:\" \/>\n<meta property=\"og:url\" content=\"https:\/\/www.hotelbaiadelre.com\/de\/reservierungen\/\" \/>\n<meta property=\"og:site_name\" content=\"Hotel Baia del Re\" \/>\n<meta property=\"article:modified_time\" content=\"2019-01-31T14:54:40+00:00\" \/>\n<meta name=\"twitter:label1\" content=\"Gesch\u00e4tzte Lesezeit\" \/>\n\t<meta name=\"twitter:data1\" content=\"1\u00a0Minute\" \/>\n<script type=\"application\/ld+json\" class=\"yoast-schema-graph\">{\"@context\":\"https:\/\/schema.org\",\"@graph\":[{\"@type\":\"WebPage\",\"@id\":\"https:\/\/www.hotelbaiadelre.com\/de\/reservierungen\/\",\"url\":\"https:\/\/www.hotelbaiadelre.com\/de\/reservierungen\/\",\"name\":\"Reservierungen | Hotel Baia del Re\",\"isPartOf\":{\"@id\":\"https:\/\/www.hotelbaiadelre.com\/de\/#website\"},\"datePublished\":\"2016-05-24T08:52:27+00:00\",\"dateModified\":\"2019-01-31T14:54:40+00:00\",\"description\":\"Reservierungen, Hotel Baia del Re:\",\"breadcrumb\":{\"@id\":\"https:\/\/www.hotelbaiadelre.com\/de\/reservierungen\/#breadcrumb\"},\"inLanguage\":\"de\",\"potentialAction\":[{\"@type\":\"ReadAction\",\"target\":[\"https:\/\/www.hotelbaiadelre.com\/de\/reservierungen\/\"]}]},{\"@type\":\"BreadcrumbList\",\"@id\":\"https:\/\/www.hotelbaiadelre.com\/de\/reservierungen\/#breadcrumb\",\"itemListElement\":[{\"@type\":\"ListItem\",\"position\":1,\"name\":\"Home\",\"item\":\"https:\/\/www.hotelbaiadelre.com\/de\/\"},{\"@type\":\"ListItem\",\"position\":2,\"name\":\"Reservierungen\"}]},{\"@type\":\"WebSite\",\"@id\":\"https:\/\/www.hotelbaiadelre.com\/de\/#website\",\"url\":\"https:\/\/www.hotelbaiadelre.com\/de\/\",\"name\":\"Hotel Baia del Re\",\"description\":\"\",\"potentialAction\":[{\"@type\":\"SearchAction\",\"target\":{\"@type\":\"EntryPoint\",\"urlTemplate\":\"https:\/\/www.hotelbaiadelre.com\/de\/?s={search_term_string}\"},\"query-input\":{\"@type\":\"PropertyValueSpecification\",\"valueRequired\":true,\"valueName\":\"search_term_string\"}}],\"inLanguage\":\"de\"}]}<\/script>\n<!-- \/ Yoast SEO plugin. -->","yoast_head_json":{"title":"Reservierungen | Hotel Baia del Re","description":"Reservierungen, Hotel Baia del Re:","robots":{"index":"index","follow":"follow","max-snippet":"max-snippet:-1","max-image-preview":"max-image-preview:large","max-video-preview":"max-video-preview:-1"},"canonical":"https:\/\/www.hotelbaiadelre.com\/de\/reservierungen\/","og_locale":"de_DE","og_type":"article","og_title":"Reservierungen | Hotel Baia del Re","og_description":"Reservierungen, Hotel Baia del Re:","og_url":"https:\/\/www.hotelbaiadelre.com\/de\/reservierungen\/","og_site_name":"Hotel Baia del Re","article_modified_time":"2019-01-31T14:54:40+00:00","twitter_misc":{"Gesch\u00e4tzte Lesezeit":"1\u00a0Minute"},"schema":{"@context":"https:\/\/schema.org","@graph":[{"@type":"WebPage","@id":"https:\/\/www.hotelbaiadelre.com\/de\/reservierungen\/","url":"https:\/\/www.hotelbaiadelre.com\/de\/reservierungen\/","name":"Reservierungen | Hotel Baia del Re","isPartOf":{"@id":"https:\/\/www.hotelbaiadelre.com\/de\/#website"},"datePublished":"2016-05-24T08:52:27+00:00","dateModified":"2019-01-31T14:54:40+00:00","description":"Reservierungen, Hotel Baia del Re:","breadcrumb":{"@id":"https:\/\/www.hotelbaiadelre.com\/de\/reservierungen\/#breadcrumb"},"inLanguage":"de","potentialAction":[{"@type":"ReadAction","target":["https:\/\/www.hotelbaiadelre.com\/de\/reservierungen\/"]}]},{"@type":"BreadcrumbList","@id":"https:\/\/www.hotelbaiadelre.com\/de\/reservierungen\/#breadcrumb","itemListElement":[{"@type":"ListItem","position":1,"name":"Home","item":"https:\/\/www.hotelbaiadelre.com\/de\/"},{"@type":"ListItem","position":2,"name":"Reservierungen"}]},{"@type":"WebSite","@id":"https:\/\/www.hotelbaiadelre.com\/de\/#website","url":"https:\/\/www.hotelbaiadelre.com\/de\/","name":"Hotel Baia del Re","description":"","potentialAction":[{"@type":"SearchAction","target":{"@type":"EntryPoint","urlTemplate":"https:\/\/www.hotelbaiadelre.com\/de\/?s={search_term_string}"},"query-input":{"@type":"PropertyValueSpecification","valueRequired":true,"valueName":"search_term_string"}}],"inLanguage":"de"}]}},"publishpress_future_action":{"enabled":false,"date":"2026-04-12 15:36:09","action":"change-status","newStatus":"draft","terms":[],"taxonomy":"translation_priority","extraData":[]},"publishpress_future_workflow_manual_trigger":{"enabledWorkflows":[]},"_links":{"self":[{"href":"https:\/\/www.hotelbaiadelre.com\/de\/wp-json\/wp\/v2\/pages\/2547","targetHints":{"allow":["GET"]}}],"collection":[{"href":"https:\/\/www.hotelbaiadelre.com\/de\/wp-json\/wp\/v2\/pages"}],"about":[{"href":"https:\/\/www.hotelbaiadelre.com\/de\/wp-json\/wp\/v2\/types\/page"}],"author":[{"embeddable":true,"href":"https:\/\/www.hotelbaiadelre.com\/de\/wp-json\/wp\/v2\/users\/36"}],"replies":[{"embeddable":true,"href":"https:\/\/www.hotelbaiadelre.com\/de\/wp-json\/wp\/v2\/comments?post=2547"}],"version-history":[{"count":1,"href":"https:\/\/www.hotelbaiadelre.com\/de\/wp-json\/wp\/v2\/pages\/2547\/revisions"}],"predecessor-version":[{"id":4023,"href":"https:\/\/www.hotelbaiadelre.com\/de\/wp-json\/wp\/v2\/pages\/2547\/revisions\/4023"}],"wp:attachment":[{"href":"https:\/\/www.hotelbaiadelre.com\/de\/wp-json\/wp\/v2\/media?parent=2547"}],"curies":[{"name":"wp","href":"https:\/\/api.w.org\/{rel}","templated":true}]}}