{"id":2622,"date":"2016-05-24T08:51:32","date_gmt":"2016-05-24T08:51:32","guid":{"rendered":"https:\/\/www.hotelbaiadelre.com\/de\/wellness\/"},"modified":"2016-06-15T08:33:12","modified_gmt":"2016-06-15T08:33:12","slug":"wellness","status":"publish","type":"page","link":"https:\/\/www.hotelbaiadelre.com\/de\/wellness\/","title":{"rendered":"Wellness"},"content":{"rendered":"<div class=\"wpb-content-wrapper\">[vc_row full_height=&#8220;yes&#8220; parallax=&#8220;content-moving&#8220; bg_type=&#8220;image&#8220; parallax_style=&#8220;vcpb-default&#8220; bg_image_new=&#8220;id^2264|url^https:\/\/www.hotelbaiadelre.com\/wp-content\/uploads\/2016\/05\/Centro-1-copia.jpg|caption^null|alt^null|title^Centro-1-copia|description^null&#8220; bg_image_repeat=&#8220;no-repeat&#8220; bg_img_attach=&#8220;fixed&#8220; parallax_content=&#8220;parallax_content_value&#8220;][vc_column][vc_column_text]\n<div class=\"payoff\"><\/div>\n[\/vc_column_text][\/vc_column][\/vc_row][vc_row el_class=&#8220;contenuto&#8220;][vc_column][vc_empty_space height=&#8220;50px&#8220;][vc_row_inner el_class=&#8220;wrap&#8220;][vc_column_inner width=&#8220;1\/2&#8243;][vc_column_text css=&#8220;.vc_custom_1465979587795{padding-top: 0px !important;}&#8220;]\n<h1>Wellness &amp; Fitness<\/h1>\n<p><img decoding=\"async\" src=\"https:\/\/www.hotelbaiadelre.com\/wp-content\/uploads\/2015\/07\/fregio.png\" alt=\"\" \/><\/p>\n<p class=\"testointerno\">Das <strong>Hotel<\/strong> <strong>Real Fini Baia del Re<\/strong> stellt seinen G\u00e4sten das modernste und gem\u00fctlichste <strong>Wellnesscenter<\/strong> mit einem Entspannungsbereich mit finnischer Sauna, t\u00fcrkischem Bad, Kneipp-B\u00e4dern, tropischen Duschen f\u00fcr Chromo-Therapie und Whirlpools zur Verf\u00fcgung.<\/p>\n<p class=\"testobox\">Auf Anfrage &#8211; und nach vorheriger Reservierung \u2013 werden Massagen und auf die einzelne Person abgestimmte Sch\u00f6nheitsbehandlungen angeboten.<\/p>\n<p class=\"testobox\">Wer auch fern von zuhause aktiv an der Erhaltung der k\u00f6rperlichen Form arbeiten m\u00f6chte, kann das <strong>Fitnessstudio <\/strong>mit dem<strong> Gewichtheberaum<\/strong> und die herzst\u00e4rkenden, isotonischen Maschinen der Firma <strong>Technogym<\/strong> nutzen.<\/p>\n[\/vc_column_text][\/vc_column_inner][vc_column_inner width=&#8220;1\/2&#8243;][vc_empty_space height=&#8220;37px&#8220;][vc_media_grid element_width=&#8220;6&#8243; item=&#8220;mediaGrid_FadeInWithIcon&#8220; grid_id=&#8220;vc_gid:1465979550366-ac0e46fd-3a03-6&#8243; include=&#8220;2145,2265,2266,2267&#8243;][\/vc_column_inner][\/vc_row_inner][vc_empty_space height=&#8220;50px&#8220;][\/vc_column][\/vc_row][vc_row][vc_column][vc_media_grid element_width=&#8220;3&#8243; gap=&#8220;0&#8243; item=&#8220;mediaGrid_FadeInWithIcon&#8220; grid_id=&#8220;vc_gid:1465979550369-2bcaaafe-bda9-1&#8243; include=&#8220;2140,2139,2141,2142&#8243;][\/vc_column][\/vc_row]\n<\/div>","protected":false},"excerpt":{"rendered":"<p>[vc_row full_height=&#8220;yes&#8220; parallax=&#8220;content-moving&#8220; bg_type=&#8220;image&#8220; parallax_style=&#8220;vcpb-default&#8220; bg_image_new=&#8220;id^2264|url^https:\/\/www.hotelbaiadelre.com\/wp-content\/uploads\/2016\/05\/Centro-1-copia.jpg|caption^null|alt^null|title^Centro-1-copia|description^null&#8220; bg_image_repeat=&#8220;no-repeat&#8220; bg_img_attach=&#8220;fixed&#8220; parallax_content=&#8220;parallax_content_value&#8220;][vc_column][vc_column_text] [\/vc_column_text][\/vc_column][\/vc_row][vc_row el_class=&#8220;contenuto&#8220;][vc_column][vc_empty_space height=&#8220;50px&#8220;][vc_row_inner el_class=&#8220;wrap&#8220;][vc_column_inner width=&#8220;1\/2&#8243;][vc_column_text css=&#8220;.vc_custom_1465979587795{padding-top: 0px !important;}&#8220;] Wellness &amp; Fitness Das Hotel Real Fini Baia del Re stellt seinen G\u00e4sten das modernste und gem\u00fctlichste Wellnesscenter mit einem Entspannungsbereich mit finnischer Sauna, t\u00fcrkischem Bad, Kneipp-B\u00e4dern, tropischen Duschen f\u00fcr Chromo-Therapie und Whirlpools zur Verf\u00fcgung. Auf Anfrage &#8211; [&hellip;]<\/p>\n","protected":false},"author":36,"featured_media":0,"parent":0,"menu_order":0,"comment_status":"closed","ping_status":"closed","template":"","meta":{"_genesis_hide_title":false,"_genesis_hide_breadcrumbs":false,"_genesis_hide_singular_image":false,"_genesis_hide_footer_widgets":false,"_genesis_custom_body_class":"","_genesis_custom_post_class":"","_genesis_layout":"","footnotes":""},"class_list":{"0":"post-2622","1":"page","2":"type-page","3":"status-publish","5":"entry"},"yoast_head":"<!-- This site is optimized with the Yoast SEO plugin v25.6 - https:\/\/yoast.com\/wordpress\/plugins\/seo\/ -->\n<title>Wellness | Hotel Baia del Re<\/title>\n<meta name=\"description\" content=\"Wellness, Hotel Baia del Re:\" \/>\n<meta name=\"robots\" content=\"index, follow, max-snippet:-1, max-image-preview:large, max-video-preview:-1\" \/>\n<link rel=\"canonical\" href=\"https:\/\/www.hotelbaiadelre.com\/de\/wellness\/\" \/>\n<meta property=\"og:locale\" content=\"de_DE\" \/>\n<meta property=\"og:type\" content=\"article\" \/>\n<meta property=\"og:title\" content=\"Wellness | Hotel Baia del Re\" \/>\n<meta property=\"og:description\" content=\"Wellness, Hotel Baia del Re:\" \/>\n<meta property=\"og:url\" content=\"https:\/\/www.hotelbaiadelre.com\/de\/wellness\/\" \/>\n<meta property=\"og:site_name\" content=\"Hotel Baia del Re\" \/>\n<meta property=\"article:modified_time\" content=\"2016-06-15T08:33:12+00:00\" \/>\n<meta property=\"og:image\" content=\"https:\/\/www.hotelbaiadelre.com\/wp-content\/uploads\/2015\/07\/fregio.png\" \/>\n<meta name=\"twitter:label1\" content=\"Gesch\u00e4tzte Lesezeit\" \/>\n\t<meta name=\"twitter:data1\" content=\"1\u00a0Minute\" \/>\n<script type=\"application\/ld+json\" class=\"yoast-schema-graph\">{\"@context\":\"https:\/\/schema.org\",\"@graph\":[{\"@type\":\"WebPage\",\"@id\":\"https:\/\/www.hotelbaiadelre.com\/de\/wellness\/\",\"url\":\"https:\/\/www.hotelbaiadelre.com\/de\/wellness\/\",\"name\":\"Wellness | Hotel Baia del Re\",\"isPartOf\":{\"@id\":\"https:\/\/www.hotelbaiadelre.com\/de\/#website\"},\"primaryImageOfPage\":{\"@id\":\"https:\/\/www.hotelbaiadelre.com\/de\/wellness\/#primaryimage\"},\"image\":{\"@id\":\"https:\/\/www.hotelbaiadelre.com\/de\/wellness\/#primaryimage\"},\"thumbnailUrl\":\"https:\/\/www.hotelbaiadelre.com\/wp-content\/uploads\/2015\/07\/fregio.png\",\"datePublished\":\"2016-05-24T08:51:32+00:00\",\"dateModified\":\"2016-06-15T08:33:12+00:00\",\"description\":\"Wellness, Hotel Baia del Re:\",\"breadcrumb\":{\"@id\":\"https:\/\/www.hotelbaiadelre.com\/de\/wellness\/#breadcrumb\"},\"inLanguage\":\"de\",\"potentialAction\":[{\"@type\":\"ReadAction\",\"target\":[\"https:\/\/www.hotelbaiadelre.com\/de\/wellness\/\"]}]},{\"@type\":\"ImageObject\",\"inLanguage\":\"de\",\"@id\":\"https:\/\/www.hotelbaiadelre.com\/de\/wellness\/#primaryimage\",\"url\":\"https:\/\/www.hotelbaiadelre.com\/wp-content\/uploads\/2015\/07\/fregio.png\",\"contentUrl\":\"https:\/\/www.hotelbaiadelre.com\/wp-content\/uploads\/2015\/07\/fregio.png\"},{\"@type\":\"BreadcrumbList\",\"@id\":\"https:\/\/www.hotelbaiadelre.com\/de\/wellness\/#breadcrumb\",\"itemListElement\":[{\"@type\":\"ListItem\",\"position\":1,\"name\":\"Home\",\"item\":\"https:\/\/www.hotelbaiadelre.com\/de\/\"},{\"@type\":\"ListItem\",\"position\":2,\"name\":\"Wellness\"}]},{\"@type\":\"WebSite\",\"@id\":\"https:\/\/www.hotelbaiadelre.com\/de\/#website\",\"url\":\"https:\/\/www.hotelbaiadelre.com\/de\/\",\"name\":\"Hotel Baia del Re\",\"description\":\"\",\"potentialAction\":[{\"@type\":\"SearchAction\",\"target\":{\"@type\":\"EntryPoint\",\"urlTemplate\":\"https:\/\/www.hotelbaiadelre.com\/de\/?s={search_term_string}\"},\"query-input\":{\"@type\":\"PropertyValueSpecification\",\"valueRequired\":true,\"valueName\":\"search_term_string\"}}],\"inLanguage\":\"de\"}]}<\/script>\n<!-- \/ Yoast SEO plugin. -->","yoast_head_json":{"title":"Wellness | Hotel Baia del Re","description":"Wellness, Hotel Baia del Re:","robots":{"index":"index","follow":"follow","max-snippet":"max-snippet:-1","max-image-preview":"max-image-preview:large","max-video-preview":"max-video-preview:-1"},"canonical":"https:\/\/www.hotelbaiadelre.com\/de\/wellness\/","og_locale":"de_DE","og_type":"article","og_title":"Wellness | Hotel Baia del Re","og_description":"Wellness, Hotel Baia del Re:","og_url":"https:\/\/www.hotelbaiadelre.com\/de\/wellness\/","og_site_name":"Hotel Baia del Re","article_modified_time":"2016-06-15T08:33:12+00:00","og_image":[{"url":"https:\/\/www.hotelbaiadelre.com\/wp-content\/uploads\/2015\/07\/fregio.png","type":"","width":"","height":""}],"twitter_misc":{"Gesch\u00e4tzte Lesezeit":"1\u00a0Minute"},"schema":{"@context":"https:\/\/schema.org","@graph":[{"@type":"WebPage","@id":"https:\/\/www.hotelbaiadelre.com\/de\/wellness\/","url":"https:\/\/www.hotelbaiadelre.com\/de\/wellness\/","name":"Wellness | Hotel Baia del Re","isPartOf":{"@id":"https:\/\/www.hotelbaiadelre.com\/de\/#website"},"primaryImageOfPage":{"@id":"https:\/\/www.hotelbaiadelre.com\/de\/wellness\/#primaryimage"},"image":{"@id":"https:\/\/www.hotelbaiadelre.com\/de\/wellness\/#primaryimage"},"thumbnailUrl":"https:\/\/www.hotelbaiadelre.com\/wp-content\/uploads\/2015\/07\/fregio.png","datePublished":"2016-05-24T08:51:32+00:00","dateModified":"2016-06-15T08:33:12+00:00","description":"Wellness, Hotel Baia del Re:","breadcrumb":{"@id":"https:\/\/www.hotelbaiadelre.com\/de\/wellness\/#breadcrumb"},"inLanguage":"de","potentialAction":[{"@type":"ReadAction","target":["https:\/\/www.hotelbaiadelre.com\/de\/wellness\/"]}]},{"@type":"ImageObject","inLanguage":"de","@id":"https:\/\/www.hotelbaiadelre.com\/de\/wellness\/#primaryimage","url":"https:\/\/www.hotelbaiadelre.com\/wp-content\/uploads\/2015\/07\/fregio.png","contentUrl":"https:\/\/www.hotelbaiadelre.com\/wp-content\/uploads\/2015\/07\/fregio.png"},{"@type":"BreadcrumbList","@id":"https:\/\/www.hotelbaiadelre.com\/de\/wellness\/#breadcrumb","itemListElement":[{"@type":"ListItem","position":1,"name":"Home","item":"https:\/\/www.hotelbaiadelre.com\/de\/"},{"@type":"ListItem","position":2,"name":"Wellness"}]},{"@type":"WebSite","@id":"https:\/\/www.hotelbaiadelre.com\/de\/#website","url":"https:\/\/www.hotelbaiadelre.com\/de\/","name":"Hotel Baia del Re","description":"","potentialAction":[{"@type":"SearchAction","target":{"@type":"EntryPoint","urlTemplate":"https:\/\/www.hotelbaiadelre.com\/de\/?s={search_term_string}"},"query-input":{"@type":"PropertyValueSpecification","valueRequired":true,"valueName":"search_term_string"}}],"inLanguage":"de"}]}},"publishpress_future_action":{"enabled":false,"date":"2026-05-06 02:46:51","action":"change-status","newStatus":"draft","terms":[],"taxonomy":"translation_priority","extraData":[]},"publishpress_future_workflow_manual_trigger":{"enabledWorkflows":[]},"_links":{"self":[{"href":"https:\/\/www.hotelbaiadelre.com\/de\/wp-json\/wp\/v2\/pages\/2622","targetHints":{"allow":["GET"]}}],"collection":[{"href":"https:\/\/www.hotelbaiadelre.com\/de\/wp-json\/wp\/v2\/pages"}],"about":[{"href":"https:\/\/www.hotelbaiadelre.com\/de\/wp-json\/wp\/v2\/types\/page"}],"author":[{"embeddable":true,"href":"https:\/\/www.hotelbaiadelre.com\/de\/wp-json\/wp\/v2\/users\/36"}],"replies":[{"embeddable":true,"href":"https:\/\/www.hotelbaiadelre.com\/de\/wp-json\/wp\/v2\/comments?post=2622"}],"version-history":[{"count":0,"href":"https:\/\/www.hotelbaiadelre.com\/de\/wp-json\/wp\/v2\/pages\/2622\/revisions"}],"wp:attachment":[{"href":"https:\/\/www.hotelbaiadelre.com\/de\/wp-json\/wp\/v2\/media?parent=2622"}],"curies":[{"name":"wp","href":"https:\/\/api.w.org\/{rel}","templated":true}]}}