{"id":2641,"date":"2016-05-24T08:52:00","date_gmt":"2016-05-24T08:52:00","guid":{"rendered":"https:\/\/www.hotelbaiadelre.com\/de\/ristorante\/"},"modified":"2020-05-22T11:49:40","modified_gmt":"2020-05-22T11:49:40","slug":"restaurant","status":"publish","type":"page","link":"https:\/\/www.hotelbaiadelre.com\/de\/restaurant\/","title":{"rendered":"Restaurant"},"content":{"rendered":"<div class=\"wpb-content-wrapper\">[vc_row parallax_content=&#8220;parallax_content_value&#8220; css=&#8220;.vc_custom_1460731336423{margin-top: 0px !important;margin-right: 0px !important;margin-bottom: 0px !important;margin-left: 0px !important;padding-top: 0px !important;padding-right: 0px !important;padding-bottom: 0px !important;padding-left: 0px !important;}&#8220;][vc_column][vc_column_text el_class=&#8220;slider-interno&#8220;]\n<div class=\"payoff\"><\/div>\n[\/vc_column_text][\/vc_column][\/vc_row][vc_row el_class=&#8220;contenuto&#8220;][vc_column][vc_empty_space height=&#8220;50px&#8220;][vc_row_inner el_class=&#8220;wrap&#8220;][vc_column_inner width=&#8220;1\/2&#8243;][vc_column_text css=&#8220;.vc_custom_1465980749730{padding-top: 0px !important;}&#8220;]\n<h1>Bar &amp; Restaurant<\/h1>\n<p><img decoding=\"async\" src=\"https:\/\/www.hotelbaiadelre.com\/wp-content\/uploads\/2015\/07\/fregio.png\" alt=\"\" \/><\/p>\n<p class=\"testointerno\">Die Geschichte des <strong>Restaurants Baia del Re<\/strong> hat weit alte und faszinierende Wurzeln, die bis zur H\u00e4lfte der 20iger Jahre zur\u00fcckreichen. Zu jener Zeit wurde n\u00e4mlich in <strong>Modena<\/strong> die Osteria Nuova als Poststation f\u00fcr den Pferdewechsel er\u00f6ffnet, die man 1928 in \u201cBaia del Re\u201d unbenannte. Die Poststation wurde sehr bald wegen der im Restaurant servierten k\u00f6stlichen <strong>Emilianischen Gerichte<\/strong> und wegen der famili\u00e4ren Atmosph\u00e4re bekannt. Schon bald entwickelte sich das Restaurant zur Pflichtetappe f\u00fcr Arbeiter oder Urlauber bei der Durchreise nahe Modena.<\/p>\n<p class=\"testointerno\">Beim Betreten des Restaurants Baia del Re kehrt man in die Vergangenheit zur\u00fcck: Holzb\u00f6den, Natursteinb\u00f6gen und -S\u00e4ulen&#8230; Wie am Beginn des 20. Jahrhunderts versp\u00fcrt man im Restaurant Baia del Re auch heute noch eine <strong>famili\u00e4re Atmosph\u00e4re<\/strong>, obwohl die R\u00e4umlichkeiten gekonnt renoviert und an die Bed\u00fcrfnisse der modernen G\u00e4ste angepasst wurden.<\/p>\n<p class=\"testobox\">Ebenso die ausgezeichneten Hausmannsgerichte aus der traditionellen K\u00fcche Modenas sind unver\u00e4ndert geblieben: <strong>Tortellini, frische Nudeln<\/strong> oder <strong>gekochtes Fleisch<\/strong> sind ein wahrhaftes Muss. Die Gerichte des <em>\u00c0-la-carte-Men\u00fcs<\/em> h\u00e4ngen von der Saison und Verf\u00fcgbarkeit der naturbelassenen Zutaten ab. Begleitet werden sie von einer ausgezeichneten Karte nationaler und <strong>regionaler Weine<\/strong>.<\/p>\n<p class=\"testobox\">Die N\u00e4he zum Autobahnnetz machen die Bar zum idealen Treffpunkt f\u00fcr eine kurze Rast, bei der man k\u00f6stliche Imbisse verzerren oder vor dem Weiterfahren <strong>typische Produkte<\/strong> der Stadt erwerben kann.<\/p>\n[\/vc_column_text][vc_column_text el_class=&#8220;hotelbaiadelre_meeting&#8220;]<img decoding=\"async\" src=\"https:\/\/www.hotelbaiadelre.com\/wp-content\/uploads\/2015\/07\/deco-scuro-top.png\" alt=\"\" \/>\n<h4><a href=\"https:\/\/disv.it\/hotBi\" target=\"_blank\" rel=\"noopener noreferrer\">Um das Men\u00fc und die Weinkarte anzuzeigen<\/a><\/h4>\n<p><img decoding=\"async\" src=\"https:\/\/www.hotelbaiadelre.com\/wp-content\/uploads\/2015\/07\/deco-scuro-bottom.png\" alt=\"\" \/>[\/vc_column_text][\/vc_column_inner][vc_column_inner width=&#8220;1\/2&#8243;][vc_empty_space height=&#8220;37px&#8220;][vc_media_grid element_width=&#8220;6&#8243; item=&#8220;mediaGrid_FadeInWithIcon&#8220; grid_id=&#8220;vc_gid:1590148007362-6e8b1bc0-c83c-10&#8243; include=&#8220;2222,2221,2219,2207,2209,2220,2205,2200&#8243;][\/vc_column_inner][\/vc_row_inner][vc_empty_space height=&#8220;50px&#8220;][\/vc_column][\/vc_row][vc_row][vc_column][vc_media_grid element_width=&#8220;3&#8243; gap=&#8220;0&#8243; item=&#8220;mediaGrid_FadeInWithIcon&#8220; grid_id=&#8220;vc_gid:1590148007364-b235e937-f75a-0&#8243; include=&#8220;1927,2149,2349,2343&#8243;][\/vc_column][\/vc_row]\n<\/p><\/div>","protected":false},"excerpt":{"rendered":"<p>[vc_row parallax_content=&#8220;parallax_content_value&#8220; css=&#8220;.vc_custom_1460731336423{margin-top: 0px !important;margin-right: 0px !important;margin-bottom: 0px !important;margin-left: 0px !important;padding-top: 0px !important;padding-right: 0px !important;padding-bottom: 0px !important;padding-left: 0px !important;}&#8220;][vc_column][vc_column_text el_class=&#8220;slider-interno&#8220;] [\/vc_column_text][\/vc_column][\/vc_row][vc_row el_class=&#8220;contenuto&#8220;][vc_column][vc_empty_space height=&#8220;50px&#8220;][vc_row_inner el_class=&#8220;wrap&#8220;][vc_column_inner width=&#8220;1\/2&#8243;][vc_column_text css=&#8220;.vc_custom_1465980749730{padding-top: 0px !important;}&#8220;] Bar &amp; Restaurant Die Geschichte des Restaurants Baia del Re hat weit alte und faszinierende Wurzeln, die bis zur H\u00e4lfte der 20iger Jahre zur\u00fcckreichen. Zu jener Zeit [&hellip;]<\/p>\n","protected":false},"author":36,"featured_media":0,"parent":0,"menu_order":0,"comment_status":"closed","ping_status":"closed","template":"","meta":{"_genesis_hide_title":false,"_genesis_hide_breadcrumbs":false,"_genesis_hide_singular_image":false,"_genesis_hide_footer_widgets":false,"_genesis_custom_body_class":"","_genesis_custom_post_class":"","_genesis_layout":"","footnotes":""},"class_list":{"0":"post-2641","1":"page","2":"type-page","3":"status-publish","5":"entry"},"yoast_head":"<!-- This site is optimized with the Yoast SEO plugin v25.6 - https:\/\/yoast.com\/wordpress\/plugins\/seo\/ -->\n<title>Restaurant | Hotel Baia del Re<\/title>\n<meta name=\"description\" content=\"Restaurant, Hotel Baia del Re:\" \/>\n<meta name=\"robots\" content=\"index, follow, max-snippet:-1, max-image-preview:large, max-video-preview:-1\" \/>\n<link rel=\"canonical\" href=\"https:\/\/www.hotelbaiadelre.com\/de\/restaurant\/\" \/>\n<meta property=\"og:locale\" content=\"de_DE\" \/>\n<meta property=\"og:type\" content=\"article\" \/>\n<meta property=\"og:title\" content=\"Restaurant | Hotel Baia del Re\" \/>\n<meta property=\"og:description\" content=\"Restaurant, Hotel Baia del Re:\" \/>\n<meta property=\"og:url\" content=\"https:\/\/www.hotelbaiadelre.com\/de\/restaurant\/\" \/>\n<meta property=\"og:site_name\" content=\"Hotel Baia del Re\" \/>\n<meta property=\"article:modified_time\" content=\"2020-05-22T11:49:40+00:00\" \/>\n<meta property=\"og:image\" content=\"https:\/\/www.hotelbaiadelre.com\/wp-content\/uploads\/2015\/07\/fregio.png\" \/>\n<meta name=\"twitter:label1\" content=\"Gesch\u00e4tzte Lesezeit\" \/>\n\t<meta name=\"twitter:data1\" content=\"2\u00a0Minuten\" \/>\n<script type=\"application\/ld+json\" class=\"yoast-schema-graph\">{\"@context\":\"https:\/\/schema.org\",\"@graph\":[{\"@type\":\"WebPage\",\"@id\":\"https:\/\/www.hotelbaiadelre.com\/de\/restaurant\/\",\"url\":\"https:\/\/www.hotelbaiadelre.com\/de\/restaurant\/\",\"name\":\"Restaurant | Hotel Baia del Re\",\"isPartOf\":{\"@id\":\"https:\/\/www.hotelbaiadelre.com\/de\/#website\"},\"primaryImageOfPage\":{\"@id\":\"https:\/\/www.hotelbaiadelre.com\/de\/restaurant\/#primaryimage\"},\"image\":{\"@id\":\"https:\/\/www.hotelbaiadelre.com\/de\/restaurant\/#primaryimage\"},\"thumbnailUrl\":\"https:\/\/www.hotelbaiadelre.com\/wp-content\/uploads\/2015\/07\/fregio.png\",\"datePublished\":\"2016-05-24T08:52:00+00:00\",\"dateModified\":\"2020-05-22T11:49:40+00:00\",\"description\":\"Restaurant, Hotel Baia del Re:\",\"breadcrumb\":{\"@id\":\"https:\/\/www.hotelbaiadelre.com\/de\/restaurant\/#breadcrumb\"},\"inLanguage\":\"de\",\"potentialAction\":[{\"@type\":\"ReadAction\",\"target\":[\"https:\/\/www.hotelbaiadelre.com\/de\/restaurant\/\"]}]},{\"@type\":\"ImageObject\",\"inLanguage\":\"de\",\"@id\":\"https:\/\/www.hotelbaiadelre.com\/de\/restaurant\/#primaryimage\",\"url\":\"https:\/\/www.hotelbaiadelre.com\/wp-content\/uploads\/2015\/07\/fregio.png\",\"contentUrl\":\"https:\/\/www.hotelbaiadelre.com\/wp-content\/uploads\/2015\/07\/fregio.png\"},{\"@type\":\"BreadcrumbList\",\"@id\":\"https:\/\/www.hotelbaiadelre.com\/de\/restaurant\/#breadcrumb\",\"itemListElement\":[{\"@type\":\"ListItem\",\"position\":1,\"name\":\"Home\",\"item\":\"https:\/\/www.hotelbaiadelre.com\/de\/\"},{\"@type\":\"ListItem\",\"position\":2,\"name\":\"Restaurant\"}]},{\"@type\":\"WebSite\",\"@id\":\"https:\/\/www.hotelbaiadelre.com\/de\/#website\",\"url\":\"https:\/\/www.hotelbaiadelre.com\/de\/\",\"name\":\"Hotel Baia del Re\",\"description\":\"\",\"potentialAction\":[{\"@type\":\"SearchAction\",\"target\":{\"@type\":\"EntryPoint\",\"urlTemplate\":\"https:\/\/www.hotelbaiadelre.com\/de\/?s={search_term_string}\"},\"query-input\":{\"@type\":\"PropertyValueSpecification\",\"valueRequired\":true,\"valueName\":\"search_term_string\"}}],\"inLanguage\":\"de\"}]}<\/script>\n<!-- \/ Yoast SEO plugin. -->","yoast_head_json":{"title":"Restaurant | Hotel Baia del Re","description":"Restaurant, Hotel Baia del Re:","robots":{"index":"index","follow":"follow","max-snippet":"max-snippet:-1","max-image-preview":"max-image-preview:large","max-video-preview":"max-video-preview:-1"},"canonical":"https:\/\/www.hotelbaiadelre.com\/de\/restaurant\/","og_locale":"de_DE","og_type":"article","og_title":"Restaurant | Hotel Baia del Re","og_description":"Restaurant, Hotel Baia del Re:","og_url":"https:\/\/www.hotelbaiadelre.com\/de\/restaurant\/","og_site_name":"Hotel Baia del Re","article_modified_time":"2020-05-22T11:49:40+00:00","og_image":[{"url":"https:\/\/www.hotelbaiadelre.com\/wp-content\/uploads\/2015\/07\/fregio.png","type":"","width":"","height":""}],"twitter_misc":{"Gesch\u00e4tzte Lesezeit":"2\u00a0Minuten"},"schema":{"@context":"https:\/\/schema.org","@graph":[{"@type":"WebPage","@id":"https:\/\/www.hotelbaiadelre.com\/de\/restaurant\/","url":"https:\/\/www.hotelbaiadelre.com\/de\/restaurant\/","name":"Restaurant | Hotel Baia del Re","isPartOf":{"@id":"https:\/\/www.hotelbaiadelre.com\/de\/#website"},"primaryImageOfPage":{"@id":"https:\/\/www.hotelbaiadelre.com\/de\/restaurant\/#primaryimage"},"image":{"@id":"https:\/\/www.hotelbaiadelre.com\/de\/restaurant\/#primaryimage"},"thumbnailUrl":"https:\/\/www.hotelbaiadelre.com\/wp-content\/uploads\/2015\/07\/fregio.png","datePublished":"2016-05-24T08:52:00+00:00","dateModified":"2020-05-22T11:49:40+00:00","description":"Restaurant, Hotel Baia del Re:","breadcrumb":{"@id":"https:\/\/www.hotelbaiadelre.com\/de\/restaurant\/#breadcrumb"},"inLanguage":"de","potentialAction":[{"@type":"ReadAction","target":["https:\/\/www.hotelbaiadelre.com\/de\/restaurant\/"]}]},{"@type":"ImageObject","inLanguage":"de","@id":"https:\/\/www.hotelbaiadelre.com\/de\/restaurant\/#primaryimage","url":"https:\/\/www.hotelbaiadelre.com\/wp-content\/uploads\/2015\/07\/fregio.png","contentUrl":"https:\/\/www.hotelbaiadelre.com\/wp-content\/uploads\/2015\/07\/fregio.png"},{"@type":"BreadcrumbList","@id":"https:\/\/www.hotelbaiadelre.com\/de\/restaurant\/#breadcrumb","itemListElement":[{"@type":"ListItem","position":1,"name":"Home","item":"https:\/\/www.hotelbaiadelre.com\/de\/"},{"@type":"ListItem","position":2,"name":"Restaurant"}]},{"@type":"WebSite","@id":"https:\/\/www.hotelbaiadelre.com\/de\/#website","url":"https:\/\/www.hotelbaiadelre.com\/de\/","name":"Hotel Baia del Re","description":"","potentialAction":[{"@type":"SearchAction","target":{"@type":"EntryPoint","urlTemplate":"https:\/\/www.hotelbaiadelre.com\/de\/?s={search_term_string}"},"query-input":{"@type":"PropertyValueSpecification","valueRequired":true,"valueName":"search_term_string"}}],"inLanguage":"de"}]}},"publishpress_future_action":{"enabled":false,"date":"2026-04-28 11:18:24","action":"change-status","newStatus":"draft","terms":[],"taxonomy":"translation_priority","extraData":[]},"publishpress_future_workflow_manual_trigger":{"enabledWorkflows":[]},"_links":{"self":[{"href":"https:\/\/www.hotelbaiadelre.com\/de\/wp-json\/wp\/v2\/pages\/2641","targetHints":{"allow":["GET"]}}],"collection":[{"href":"https:\/\/www.hotelbaiadelre.com\/de\/wp-json\/wp\/v2\/pages"}],"about":[{"href":"https:\/\/www.hotelbaiadelre.com\/de\/wp-json\/wp\/v2\/types\/page"}],"author":[{"embeddable":true,"href":"https:\/\/www.hotelbaiadelre.com\/de\/wp-json\/wp\/v2\/users\/36"}],"replies":[{"embeddable":true,"href":"https:\/\/www.hotelbaiadelre.com\/de\/wp-json\/wp\/v2\/comments?post=2641"}],"version-history":[{"count":2,"href":"https:\/\/www.hotelbaiadelre.com\/de\/wp-json\/wp\/v2\/pages\/2641\/revisions"}],"predecessor-version":[{"id":4135,"href":"https:\/\/www.hotelbaiadelre.com\/de\/wp-json\/wp\/v2\/pages\/2641\/revisions\/4135"}],"wp:attachment":[{"href":"https:\/\/www.hotelbaiadelre.com\/de\/wp-json\/wp\/v2\/media?parent=2641"}],"curies":[{"name":"wp","href":"https:\/\/api.w.org\/{rel}","templated":true}]}}