{"id":2666,"date":"2016-05-24T08:51:06","date_gmt":"2016-05-24T08:51:06","guid":{"rendered":"https:\/\/www.hotelbaiadelre.com\/de\/meeting\/"},"modified":"2018-06-04T08:23:05","modified_gmt":"2018-06-04T08:23:05","slug":"meetings","status":"publish","type":"page","link":"https:\/\/www.hotelbaiadelre.com\/de\/meetings\/","title":{"rendered":"Meetings"},"content":{"rendered":"<div class=\"wpb-content-wrapper\">[vc_row full_height=&#8220;yes&#8220; parallax=&#8220;content-moving&#8220; bg_type=&#8220;image&#8220; parallax_style=&#8220;vcpb-default&#8220; bg_image_new=&#8220;id^1920|url^https:\/\/www.hotelbaiadelre.com\/wp-content\/uploads\/2016\/04\/home-02.jpg|caption^null|alt^null|title^home-02|description^null&#8220; bg_image_repeat=&#8220;no-repeat&#8220; bg_img_attach=&#8220;fixed&#8220; parallax_content=&#8220;parallax_content_value&#8220;][vc_column][vc_column_text]\n<div class=\"payoff\"><\/div>\n[\/vc_column_text][\/vc_column][\/vc_row][vc_row el_class=&#8220;contenuto&#8220;][vc_column][vc_empty_space height=&#8220;50px&#8220;][vc_row_inner el_class=&#8220;wrap&#8220;][vc_column_inner width=&#8220;1\/2&#8243;][vc_column_text css=&#8220;.vc_custom_1465982792065{padding-top: 0px !important;}&#8220;]\n<h1>Meetings<\/h1>\n<p><img decoding=\"async\" src=\"https:\/\/www.hotelbaiadelre.com\/wp-content\/uploads\/2015\/07\/fregio.png\" alt=\"\" \/><\/p>\n<p class=\"testointerno\">In den 7 modernen und gem\u00fctlichen <strong>Konferenzs\u00e4le<\/strong> des <strong>Hotels<\/strong> <strong>Real Fini Baia del Re<\/strong> von <strong>Modena<\/strong> k\u00f6nnen alle Arten von Veranstaltungen organisiert werden, sei es ein schnelles <strong>Gesch\u00e4ftstreffen oder ein Galaabend<\/strong>.<\/p>\n<p class=\"testointerno\">Die S\u00e4le sind schallged\u00e4mmt und mit den besten Ausr\u00fcstungen ausgestattet. Als Support f\u00fcr die Veranstaltungen werden auf Anfrage <strong>technisch-professionelle Assistenzleistungen<\/strong>, <strong>Simultan\u00fcbersetzung<\/strong> und Videokonferenzen angeboten.<\/p>\n<p class=\"testointerno\">Die kulinarischen Veranstaltungen im Restaurant Baia del Re vervollst\u00e4ndigen das Meeting-Angebot. Organisiert werden ma\u00dfgeschneiderte Kaffeepausen, Mittagessen, Aperitifs oder Galadiners nach den unterschiedlichen W\u00fcnschen der Kunden.<\/p>\n[\/vc_column_text][vc_column_text el_class=&#8220;hotelbaiadelre_meeting&#8220;]<img decoding=\"async\" src=\"https:\/\/www.hotelbaiadelre.com\/wp-content\/uploads\/2015\/07\/deco-scuro-top.png\" alt=\"\" \/>\n<h4><a href=\"https:\/\/www.hotelbaiadelre.com\/wp-content\/uploads\/2018\/06\/planimetriaSaleBaia-WEB2018\u00c3\u00b2.pdf\" target=\"_blank\" rel=\"noopener\">Drucken Sie die Karte im PDF-Format aus<\/a><\/h4>\n<p><img decoding=\"async\" src=\"https:\/\/www.hotelbaiadelre.com\/wp-content\/uploads\/2015\/07\/deco-scuro-bottom.png\" alt=\"\" \/>[\/vc_column_text][\/vc_column_inner][vc_column_inner width=&#8220;1\/2&#8243;][vc_column_text el_class=&#8220;boxmeeting&#8220;]\n<h3>Ausstattungen<\/h3>\n<ul>\n<li>Drahtfunk<\/li>\n<li>Notebook<\/li>\n<li>Videoprojektion<\/li>\n<li>Bewegliche Leinwand<\/li>\n<li>DVD<\/li>\n<li>Player f\u00fcr Projektionen<\/li>\n<li>Leinw\u00e4nde<\/li>\n<li>Verst\u00e4rkeranlage<\/li>\n<li>Wi-fi internet<\/li>\n<li>Videoprojektor<\/li>\n<\/ul>\n<h4>Saal Wiligelmo:<\/h4>\n<ul>\n<li>Hufeisenanordnung, 35 Sitzpl\u00e4tze<\/li>\n<li>Theateranordnung, 100 Sitzpl\u00e4tze<\/li>\n<li>Schulbankanordnung, 50 Sitzpl\u00e4tze<\/li>\n<li>Cocktail, 100 Sitzpl\u00e4tze<\/li>\n<\/ul>\n<h4>Saal 1:<\/h4>\n<ul>\n<li>Hufeisenanordnung, 20 Sitzpl\u00e4tze<\/li>\n<li>Theateranordnung, 40 Sitzpl\u00e4tze<\/li>\n<li>Schulbankanordnung, 25 Sitzpl\u00e4tze<\/li>\n<li>Einzeltisch, 25 Sitzpl\u00e4tze<\/li>\n<li>Cocktail, 50 Sitzpl\u00e4tze<\/li>\n<\/ul>\n<h4>Saal 2:<\/h4>\n<ul>\n<li>Einzeltisch, 8 Sitzpl\u00e4tze<\/li>\n<\/ul>\n<h4>Saal 3:<\/h4>\n<ul>\n<li>Einzeltisch, 10 Sitzpl\u00e4tze<\/li>\n<\/ul>\n<h4>Saal 4:<\/h4>\n<ul>\n<li>Einzeltisch, 20 Sitzpl\u00e4tze<\/li>\n<li>Parterre, 25 Sitzpl\u00e4tze<\/li>\n<\/ul>\n<h4>Saal 5:<\/h4>\n<ul>\n<li>Einzeltisch, 8 Sitzpl\u00e4tze<\/li>\n<\/ul>\n<h4>Saal 6:<\/h4>\n<ul>\n<li>Theateranordnung, 14 Sitzpl\u00e4tze<\/li>\n<li>Einzeltisch, 10 Sitzpl\u00e4tze<\/li>\n<\/ul>\n[\/vc_column_text][\/vc_column_inner][\/vc_row_inner][vc_empty_space height=&#8220;50px&#8220;][\/vc_column][\/vc_row][vc_row][vc_column][vc_media_grid element_width=&#8220;3&#8243; gap=&#8220;0&#8243; item=&#8220;mediaGrid_FadeInWithIcon&#8220; grid_id=&#8220;vc_gid:1528100519494-5cc6c707-3f08-9&#8243; include=&#8220;2097,2338,2339,2100&#8243;][\/vc_column][\/vc_row]\n<\/p><\/div>","protected":false},"excerpt":{"rendered":"<p>[vc_row full_height=&#8220;yes&#8220; parallax=&#8220;content-moving&#8220; bg_type=&#8220;image&#8220; parallax_style=&#8220;vcpb-default&#8220; bg_image_new=&#8220;id^1920|url^https:\/\/www.hotelbaiadelre.com\/wp-content\/uploads\/2016\/04\/home-02.jpg|caption^null|alt^null|title^home-02|description^null&#8220; bg_image_repeat=&#8220;no-repeat&#8220; bg_img_attach=&#8220;fixed&#8220; parallax_content=&#8220;parallax_content_value&#8220;][vc_column][vc_column_text] [\/vc_column_text][\/vc_column][\/vc_row][vc_row el_class=&#8220;contenuto&#8220;][vc_column][vc_empty_space height=&#8220;50px&#8220;][vc_row_inner el_class=&#8220;wrap&#8220;][vc_column_inner width=&#8220;1\/2&#8243;][vc_column_text css=&#8220;.vc_custom_1465982792065{padding-top: 0px !important;}&#8220;] Meetings In den 7 modernen und gem\u00fctlichen Konferenzs\u00e4le des Hotels Real Fini Baia del Re von Modena k\u00f6nnen alle Arten von Veranstaltungen organisiert werden, sei es ein schnelles Gesch\u00e4ftstreffen oder ein Galaabend. Die S\u00e4le sind schallged\u00e4mmt und mit [&hellip;]<\/p>\n","protected":false},"author":36,"featured_media":0,"parent":0,"menu_order":0,"comment_status":"closed","ping_status":"closed","template":"","meta":{"_genesis_hide_title":false,"_genesis_hide_breadcrumbs":false,"_genesis_hide_singular_image":false,"_genesis_hide_footer_widgets":false,"_genesis_custom_body_class":"","_genesis_custom_post_class":"","_genesis_layout":"","footnotes":""},"class_list":{"0":"post-2666","1":"page","2":"type-page","3":"status-publish","5":"entry"},"yoast_head":"<!-- This site is optimized with the Yoast SEO plugin v25.6 - https:\/\/yoast.com\/wordpress\/plugins\/seo\/ -->\n<title>Meetings | Hotel Baia del Re<\/title>\n<meta name=\"description\" content=\"Meetings, Hotel Baia del Re:\" \/>\n<meta name=\"robots\" content=\"index, follow, max-snippet:-1, max-image-preview:large, max-video-preview:-1\" \/>\n<link rel=\"canonical\" href=\"https:\/\/www.hotelbaiadelre.com\/de\/meetings\/\" \/>\n<meta property=\"og:locale\" content=\"de_DE\" \/>\n<meta property=\"og:type\" content=\"article\" \/>\n<meta property=\"og:title\" content=\"Meetings | Hotel Baia del Re\" \/>\n<meta property=\"og:description\" content=\"Meetings, Hotel Baia del Re:\" \/>\n<meta property=\"og:url\" content=\"https:\/\/www.hotelbaiadelre.com\/de\/meetings\/\" \/>\n<meta property=\"og:site_name\" content=\"Hotel Baia del Re\" \/>\n<meta property=\"article:modified_time\" content=\"2018-06-04T08:23:05+00:00\" \/>\n<meta property=\"og:image\" content=\"https:\/\/www.hotelbaiadelre.com\/wp-content\/uploads\/2015\/07\/fregio.png\" \/>\n<meta name=\"twitter:label1\" content=\"Gesch\u00e4tzte Lesezeit\" \/>\n\t<meta name=\"twitter:data1\" content=\"2\u00a0Minuten\" \/>\n<script type=\"application\/ld+json\" class=\"yoast-schema-graph\">{\"@context\":\"https:\/\/schema.org\",\"@graph\":[{\"@type\":\"WebPage\",\"@id\":\"https:\/\/www.hotelbaiadelre.com\/de\/meetings\/\",\"url\":\"https:\/\/www.hotelbaiadelre.com\/de\/meetings\/\",\"name\":\"Meetings | Hotel Baia del Re\",\"isPartOf\":{\"@id\":\"https:\/\/www.hotelbaiadelre.com\/de\/#website\"},\"primaryImageOfPage\":{\"@id\":\"https:\/\/www.hotelbaiadelre.com\/de\/meetings\/#primaryimage\"},\"image\":{\"@id\":\"https:\/\/www.hotelbaiadelre.com\/de\/meetings\/#primaryimage\"},\"thumbnailUrl\":\"https:\/\/www.hotelbaiadelre.com\/wp-content\/uploads\/2015\/07\/fregio.png\",\"datePublished\":\"2016-05-24T08:51:06+00:00\",\"dateModified\":\"2018-06-04T08:23:05+00:00\",\"description\":\"Meetings, Hotel Baia del Re:\",\"breadcrumb\":{\"@id\":\"https:\/\/www.hotelbaiadelre.com\/de\/meetings\/#breadcrumb\"},\"inLanguage\":\"de\",\"potentialAction\":[{\"@type\":\"ReadAction\",\"target\":[\"https:\/\/www.hotelbaiadelre.com\/de\/meetings\/\"]}]},{\"@type\":\"ImageObject\",\"inLanguage\":\"de\",\"@id\":\"https:\/\/www.hotelbaiadelre.com\/de\/meetings\/#primaryimage\",\"url\":\"https:\/\/www.hotelbaiadelre.com\/wp-content\/uploads\/2015\/07\/fregio.png\",\"contentUrl\":\"https:\/\/www.hotelbaiadelre.com\/wp-content\/uploads\/2015\/07\/fregio.png\"},{\"@type\":\"BreadcrumbList\",\"@id\":\"https:\/\/www.hotelbaiadelre.com\/de\/meetings\/#breadcrumb\",\"itemListElement\":[{\"@type\":\"ListItem\",\"position\":1,\"name\":\"Home\",\"item\":\"https:\/\/www.hotelbaiadelre.com\/de\/\"},{\"@type\":\"ListItem\",\"position\":2,\"name\":\"Meetings\"}]},{\"@type\":\"WebSite\",\"@id\":\"https:\/\/www.hotelbaiadelre.com\/de\/#website\",\"url\":\"https:\/\/www.hotelbaiadelre.com\/de\/\",\"name\":\"Hotel Baia del Re\",\"description\":\"\",\"potentialAction\":[{\"@type\":\"SearchAction\",\"target\":{\"@type\":\"EntryPoint\",\"urlTemplate\":\"https:\/\/www.hotelbaiadelre.com\/de\/?s={search_term_string}\"},\"query-input\":{\"@type\":\"PropertyValueSpecification\",\"valueRequired\":true,\"valueName\":\"search_term_string\"}}],\"inLanguage\":\"de\"}]}<\/script>\n<!-- \/ Yoast SEO plugin. -->","yoast_head_json":{"title":"Meetings | Hotel Baia del Re","description":"Meetings, Hotel Baia del Re:","robots":{"index":"index","follow":"follow","max-snippet":"max-snippet:-1","max-image-preview":"max-image-preview:large","max-video-preview":"max-video-preview:-1"},"canonical":"https:\/\/www.hotelbaiadelre.com\/de\/meetings\/","og_locale":"de_DE","og_type":"article","og_title":"Meetings | Hotel Baia del Re","og_description":"Meetings, Hotel Baia del Re:","og_url":"https:\/\/www.hotelbaiadelre.com\/de\/meetings\/","og_site_name":"Hotel Baia del Re","article_modified_time":"2018-06-04T08:23:05+00:00","og_image":[{"url":"https:\/\/www.hotelbaiadelre.com\/wp-content\/uploads\/2015\/07\/fregio.png","type":"","width":"","height":""}],"twitter_misc":{"Gesch\u00e4tzte Lesezeit":"2\u00a0Minuten"},"schema":{"@context":"https:\/\/schema.org","@graph":[{"@type":"WebPage","@id":"https:\/\/www.hotelbaiadelre.com\/de\/meetings\/","url":"https:\/\/www.hotelbaiadelre.com\/de\/meetings\/","name":"Meetings | Hotel Baia del Re","isPartOf":{"@id":"https:\/\/www.hotelbaiadelre.com\/de\/#website"},"primaryImageOfPage":{"@id":"https:\/\/www.hotelbaiadelre.com\/de\/meetings\/#primaryimage"},"image":{"@id":"https:\/\/www.hotelbaiadelre.com\/de\/meetings\/#primaryimage"},"thumbnailUrl":"https:\/\/www.hotelbaiadelre.com\/wp-content\/uploads\/2015\/07\/fregio.png","datePublished":"2016-05-24T08:51:06+00:00","dateModified":"2018-06-04T08:23:05+00:00","description":"Meetings, Hotel Baia del Re:","breadcrumb":{"@id":"https:\/\/www.hotelbaiadelre.com\/de\/meetings\/#breadcrumb"},"inLanguage":"de","potentialAction":[{"@type":"ReadAction","target":["https:\/\/www.hotelbaiadelre.com\/de\/meetings\/"]}]},{"@type":"ImageObject","inLanguage":"de","@id":"https:\/\/www.hotelbaiadelre.com\/de\/meetings\/#primaryimage","url":"https:\/\/www.hotelbaiadelre.com\/wp-content\/uploads\/2015\/07\/fregio.png","contentUrl":"https:\/\/www.hotelbaiadelre.com\/wp-content\/uploads\/2015\/07\/fregio.png"},{"@type":"BreadcrumbList","@id":"https:\/\/www.hotelbaiadelre.com\/de\/meetings\/#breadcrumb","itemListElement":[{"@type":"ListItem","position":1,"name":"Home","item":"https:\/\/www.hotelbaiadelre.com\/de\/"},{"@type":"ListItem","position":2,"name":"Meetings"}]},{"@type":"WebSite","@id":"https:\/\/www.hotelbaiadelre.com\/de\/#website","url":"https:\/\/www.hotelbaiadelre.com\/de\/","name":"Hotel Baia del Re","description":"","potentialAction":[{"@type":"SearchAction","target":{"@type":"EntryPoint","urlTemplate":"https:\/\/www.hotelbaiadelre.com\/de\/?s={search_term_string}"},"query-input":{"@type":"PropertyValueSpecification","valueRequired":true,"valueName":"search_term_string"}}],"inLanguage":"de"}]}},"publishpress_future_action":{"enabled":false,"date":"2026-05-24 12:23:26","action":"change-status","newStatus":"draft","terms":[],"taxonomy":"translation_priority","extraData":[]},"publishpress_future_workflow_manual_trigger":{"enabledWorkflows":[]},"_links":{"self":[{"href":"https:\/\/www.hotelbaiadelre.com\/de\/wp-json\/wp\/v2\/pages\/2666","targetHints":{"allow":["GET"]}}],"collection":[{"href":"https:\/\/www.hotelbaiadelre.com\/de\/wp-json\/wp\/v2\/pages"}],"about":[{"href":"https:\/\/www.hotelbaiadelre.com\/de\/wp-json\/wp\/v2\/types\/page"}],"author":[{"embeddable":true,"href":"https:\/\/www.hotelbaiadelre.com\/de\/wp-json\/wp\/v2\/users\/36"}],"replies":[{"embeddable":true,"href":"https:\/\/www.hotelbaiadelre.com\/de\/wp-json\/wp\/v2\/comments?post=2666"}],"version-history":[{"count":2,"href":"https:\/\/www.hotelbaiadelre.com\/de\/wp-json\/wp\/v2\/pages\/2666\/revisions"}],"predecessor-version":[{"id":4004,"href":"https:\/\/www.hotelbaiadelre.com\/de\/wp-json\/wp\/v2\/pages\/2666\/revisions\/4004"}],"wp:attachment":[{"href":"https:\/\/www.hotelbaiadelre.com\/de\/wp-json\/wp\/v2\/media?parent=2666"}],"curies":[{"name":"wp","href":"https:\/\/api.w.org\/{rel}","templated":true}]}}