{"id":2690,"date":"2016-05-24T08:49:54","date_gmt":"2016-05-24T08:49:54","guid":{"rendered":"https:\/\/www.hotelbaiadelre.com\/de\/servizi\/"},"modified":"2024-08-28T07:33:50","modified_gmt":"2024-08-28T07:33:50","slug":"dienstleistungen","status":"publish","type":"page","link":"https:\/\/www.hotelbaiadelre.com\/de\/dienstleistungen\/","title":{"rendered":"Dienstleistungen"},"content":{"rendered":"<div class=\"wpb-content-wrapper\">[vc_row full_height=&#8220;yes&#8220; parallax=&#8220;content-moving&#8220; bg_type=&#8220;image&#8220; parallax_style=&#8220;vcpb-default&#8220; bg_image_new=&#8220;id^2255|url^https:\/\/www.hotelbaiadelre.com\/wp-content\/uploads\/2016\/05\/sala-colazioni-001-1.jpg|caption^null|alt^null|title^sala-colazioni-001|description^null&#8220; bg_image_repeat=&#8220;no-repeat&#8220; bg_img_attach=&#8220;fixed&#8220; parallax_content=&#8220;parallax_content_value&#8220;][vc_column][vc_column_text]\n<div class=\"payoff\"><\/div>\n[\/vc_column_text][\/vc_column][\/vc_row][vc_row el_class=&#8220;contenuto&#8220;][vc_column][vc_empty_space height=&#8220;50px&#8220;][vc_row_inner el_class=&#8220;wrap&#8220;][vc_column_inner width=&#8220;1\/2&#8243;][vc_column_text css=&#8220;.vc_custom_1693382238288{padding-top: 0px !important;}&#8220;]\n<h1>Dienstleistungen<\/h1>\n<p><img decoding=\"async\" src=\"https:\/\/www.hotelbaiadelre.com\/wp-content\/uploads\/2015\/07\/fregio.png\" alt=\"\" \/><\/p>\n<p class=\"testointerno\">Das <strong>Hotel<\/strong> <strong>Real Fini Baia del Re <\/strong>ist ein bequemes und gem\u00fctliches <strong>Hotel<\/strong>. Die sehr moderne Struktur ist einzigartig in der Umgebung. Sie besteht aus einem mittleren Fl\u00fcgel, in dem sich alle Dienstleistungen f\u00fcr die G\u00e4ste konzentrieren: ein Teil der Zimmer, die <strong>7 Konferenzs\u00e4le<\/strong>, die ausschlie\u00dflich den Hotelg\u00e4sten vorbehaltenen <strong>Fitness- und Wellness-<\/strong>Bereiche und die gro\u00dfe unterirdische <strong>Garage<\/strong>.<\/p>\n<p class=\"testointerno\">Im mittleren Fl\u00fcgel liegen au\u00dferdem die R\u00e4umlichkeiten f\u00fcr das bekanntlich gute Essen des Hotels Real Fini Baia del Re: der Fr\u00fchst\u00fccksraum (ge\u00f6ffnet von 7 bis 9.30 Uhr), in dem die G\u00e4ste mit einem reichhaltigen Fr\u00fchst\u00fcck vom B\u00fcffet in den Tag starten k\u00f6nnen; das <strong>Restaurant Baia del Re, <\/strong>wo traditionelle Gerichte aus der nationalen und lokalen K\u00fcche von erstklassischen regionalen und nationalen Weinen begleitet werden; die auch f\u00fcr Besucher zug\u00e4ngliche <strong>Bar<\/strong>, die seit jeher wegen der Qualit\u00e4t der angebotenen Produkte bekannt ist, wie k\u00f6stliche Imbisse vor der Abreise oder gastronomische Souvenirs f\u00fcr zu Hause.<\/p>\n<p class=\"testointerno\">Etwas getrennt vom mittleren Fl\u00fcgel liegen zwei Nebengeb\u00e4ude. Dort befinden sich nur Zimmer, die auf die privaten G\u00e4rten der Zimmer im Erdgeschoss blicken. Die Nebengeb\u00e4ude dienen als &#8222;Umz\u00e4unung&#8220; f\u00fcr den <strong>gro\u00dfen G\u00e4steparkplatz<\/strong>.<\/p>\n[\/vc_column_text][\/vc_column_inner][vc_column_inner width=&#8220;1\/2&#8243;][vc_empty_space height=&#8220;37px&#8220;][vc_column_text el_class=&#8220;pagina&#8220;]\n<div id=\"box-offerte\">\n<h3>Sonderangebote<\/h3>\n<div class=\"flexslider\" style=\"width:440px;\"><ul class=\"slides\"><li><a href=\"https:\/\/www.hotelbaiadelre.com\/de\/offers\/early-booking-offer-up-to-28-off\/\"><img loading=\"lazy\" decoding=\"async\" width=\"440\" height=\"250\" src=\"https:\/\/www.hotelbaiadelre.com\/wp-content\/uploads\/2020\/03\/early-booking-discount-1-440x250.jpg\" class=\"attachment-slider_medium_large size-slider_medium_large\" alt=\"\" \/><\/a><div class=\"flex-caption\"><div class=\"original-price price-all\"><\/div><div class=\"reducted-price price-all\"><\/div><div class=\"clear\"><\/div><div class=\"clear\"><\/div><div class=\"offer_title\"><a href=\"https:\/\/www.hotelbaiadelre.com\/de\/offers\/early-booking-offer-up-to-28-off\/\">Early Booking Offer: up to 28% Off<\/a><\/div><\/div><\/li><li><a href=\"https:\/\/www.hotelbaiadelre.com\/de\/offers\/sonderangebote-fur-internet\/\"><img loading=\"lazy\" decoding=\"async\" width=\"440\" height=\"211\" src=\"https:\/\/www.hotelbaiadelre.com\/wp-content\/uploads\/2015\/07\/junior-suite-500x240.jpg\" class=\"attachment-slider_medium_large size-slider_medium_large\" alt=\"\" srcset=\"https:\/\/www.hotelbaiadelre.com\/wp-content\/uploads\/2015\/07\/junior-suite-500x240.jpg 500w, https:\/\/www.hotelbaiadelre.com\/wp-content\/uploads\/2015\/07\/junior-suite-210x100.jpg 210w\" sizes=\"auto, (max-width: 440px) 100vw, 440px\" \/><\/a><div class=\"flex-caption\"><div class=\"original-price price-all\"><\/div><div class=\"reducted-price price-all\"><\/div><div class=\"clear\"><\/div><div class=\"clear\"><\/div><div class=\"offer_title\"><a href=\"https:\/\/www.hotelbaiadelre.com\/de\/offers\/sonderangebote-fur-internet\/\">Sonderangebote f\u00fcr Internet<\/a><\/div><\/div><\/li><\/ul><\/div>\n<p class=\"lista\"><a title=\"Offerte Speciali\" href=\"https:\/\/www.hotelbaiadelre.com\/de\/sonderangebote\/\">Zur vollst\u00e4ndigen Liste gehen<\/a><\/p>\n<\/div>\n[\/vc_column_text][\/vc_column_inner][\/vc_row_inner][vc_empty_space height=&#8220;50px&#8220;][\/vc_column][\/vc_row][vc_row full_height=&#8220;yes&#8220; content_placement=&#8220;middle&#8220; parallax=&#8220;content-moving&#8220; bg_type=&#8220;image&#8220; parallax_style=&#8220;vcpb-default&#8220; bg_image_new=&#8220;id^2257|url^https:\/\/www.hotelbaiadelre.com\/wp-content\/uploads\/2016\/05\/reception-part-1.jpg|caption^null|alt^null|title^reception-part-1|description^null&#8220; bg_image_repeat=&#8220;no-repeat&#8220; bg_img_attach=&#8220;fixed&#8220; parallax_content=&#8220;parallax_content_value&#8220; fadeout_row=&#8220;fadeout_row_value&#8220; el_class=&#8220;hp1&#8243;][vc_column][vc_row_inner el_class=&#8220;wrap&#8220;][vc_column_inner][vc_single_image image=&#8220;1938&#8243; img_size=&#8220;full&#8220; alignment=&#8220;center&#8220; el_class=&#8220;wrap&#8220;][vc_column_text css=&#8220;.vc_custom_1724830424966{padding-top: 35px !important;padding-right: 35px !important;padding-bottom: 35px !important;padding-left: 35px !important;background-color: rgba(255,255,255,0.8) !important;*background-color: rgb(255,255,255) !important;}&#8220; el_class=&#8220;boxmeeting&#8220;]\n<h3>Facilities<\/h3>\n<ul>\n<li>Barrierefreier Zugang<\/li>\n<li>Rezeption 24h<\/li>\n<li>Bar (6:30-23:00)<\/li>\n<li>Fr\u00fchst\u00fcck (7:00-09:30)<\/li>\n<li>Internet<\/li>\n<li>W-Lan<\/li>\n<li>Fax-Service<\/li>\n<li>Tageszeitungen<\/li>\n<li>Transfer-Service<\/li>\n<li>Tourismusinformation<\/li>\n<li>Wertsachenaufbewahrung<\/li>\n<li>Nachtportier<\/li>\n<li>Kofferaufbewahrung<\/li>\n<li>B\u00fcgelservice<\/li>\n<li>W\u00e4schereiservice<\/li>\n<li>Dienst Elektro-Auto Lade<\/li>\n<li>Gep\u00e4cktr\u00e4gerservice<\/li>\n<li>Aufzug<\/li>\n<li>Haustiere willkommen kostenpflichtig<\/li>\n<li>Wechselstube<\/li>\n<li>Parkplatz<\/li>\n<li>Garage kostenpflichtig<\/li>\n<li>\u00d6ffentlicher Parkplatz mit Parkscheibe 2 Stunden<\/li>\n<li>Rezeption<\/li>\n<li>Halle<\/li>\n<li>Bar<\/li>\n<li>Fr\u00fchst\u00fccksraum<\/li>\n<li>Restaurant<\/li>\n<li>Wellness &amp; Fitness<\/li>\n<\/ul>\n<h4>Booking<\/h4>\n<ul>\n<li>Ausfl\u00fcge<\/li>\n<li>Gef\u00fchrte Besichtigungen<\/li>\n<\/ul>\n<h3>Gemeinschaftsr\u00e4ume<\/h3>\n<ul>\n<li>Rezeption<\/li>\n<li>Halle<\/li>\n<li>Bar<\/li>\n<li>Fr\u00fchst\u00fccksraum<\/li>\n<li>Restaurant<\/li>\n<li>Wellness &amp; Fitness<\/li>\n<\/ul>\n<p class=\"testoservizi\">Das Hotel, das sich ausgezeichnet f\u00fcr kurzfristige Gesch\u00e4ftstreffen und Meetings, <strong>Konferenzen<\/strong> und Betriebsveranstaltungen eignet, verf\u00fcgt in all seinen gepflegten und \u00e4u\u00dferst gem\u00fctlichen Gemeinschaftsbereichen \u00fcber eine <strong>WLAN-Verbindung<\/strong>.<\/p>\n[\/vc_column_text][vc_single_image image=&#8220;1937&#8243; img_size=&#8220;full&#8220; alignment=&#8220;center&#8220; el_class=&#8220;wrap&#8220;][\/vc_column_inner][\/vc_row_inner][\/vc_column][\/vc_row][vc_row equal_height=&#8220;yes&#8220; content_placement=&#8220;top&#8220; parallax=&#8220;content-moving-fade&#8220; bg_type=&#8220;image&#8220; parallax_style=&#8220;vcpb-default&#8220; bg_image_repeat=&#8220;no-repeat&#8220; bg_img_attach=&#8220;fixed&#8220; parallax_content=&#8220;parallax_content_value&#8220; el_class=&#8220;hp2&#8243;][vc_column width=&#8220;1\/3&#8243; css=&#8220;.vc_custom_1461754988359{background-image: url(https:\/\/www.hotelbaiadelre.com\/wp-content\/uploads\/2013\/09\/meeting.jpg?id=1941) !important;background-position: center !important;background-repeat: no-repeat !important;background-size: cover !important;}&#8220;][vc_empty_space height=&#8220;190px&#8220;][vc_column_text]\n<div id=\"blu\" class=\"bestprice\">\n<h3><span class=\"sans-serif\">Die <\/span>Tagungs<br \/>\nr\u00e4ume<\/h3>\n<\/div>\n[\/vc_column_text][vc_empty_space height=&#8220;160px&#8220;][vc_single_image image=&#8220;1934&#8243; img_size=&#8220;full&#8220; alignment=&#8220;center&#8220; css_animation=&#8220;appear&#8220; css=&#8220;.vc_custom_1461753408288{padding-bottom: 30px !important;}&#8220;][vc_btn title=&#8220;Gehen Sie auf die Seite&#8220; style=&#8220;custom&#8220; custom_background=&#8220;#a3680d&#8220; custom_text=&#8220;#ffffff&#8220; shape=&#8220;round&#8220; size=&#8220;lg&#8220; align=&#8220;center&#8220; css_animation=&#8220;appear&#8220; link=&#8220;url:http%3A%2F%2Fwww.hotelbaiadelre.com%2Fde%2Fmeetings%2F||&#8220;][vc_single_image image=&#8220;1934&#8243; img_size=&#8220;full&#8220; alignment=&#8220;center&#8220; css_animation=&#8220;appear&#8220; css=&#8220;.vc_custom_1461753421948{padding-top: 10px !important;}&#8220;][\/vc_column][vc_column width=&#8220;1\/3&#8243; css=&#8220;.vc_custom_1464191171004{background-image: url(https:\/\/www.hotelbaiadelre.com\/wp-content\/uploads\/2016\/05\/orchid-1034873.jpg?id=2256) !important;background-position: center !important;background-repeat: no-repeat !important;background-size: cover !important;}&#8220;][vc_empty_space height=&#8220;190px&#8220;][vc_column_text]\n<div id=\"giallo\" class=\"bestprice\">\n<h3><span class=\"sans-serif\">Wellness<br \/>\n<\/span>&amp; Fitness<\/h3>\n<\/div>\n[\/vc_column_text][vc_empty_space height=&#8220;160px&#8220;][vc_single_image image=&#8220;1934&#8243; img_size=&#8220;full&#8220; alignment=&#8220;center&#8220; css_animation=&#8220;appear&#8220; css=&#8220;.vc_custom_1464192141672{padding-bottom: 30px !important;}&#8220;][vc_btn title=&#8220;Gehen Sie auf die Seite&#8220; style=&#8220;custom&#8220; custom_background=&#8220;#071832&#8243; custom_text=&#8220;#ffffff&#8220; shape=&#8220;round&#8220; size=&#8220;lg&#8220; align=&#8220;center&#8220; css_animation=&#8220;appear&#8220; link=&#8220;url:http%3A%2F%2Fwww.hotelbaiadelre.com%2Fde%2Fwellness%2F||&#8220;][vc_single_image image=&#8220;1934&#8243; img_size=&#8220;full&#8220; alignment=&#8220;center&#8220; css_animation=&#8220;appear&#8220; css=&#8220;.vc_custom_1464192123424{padding-top: 10px !important;}&#8220;][vc_empty_space height=&#8220;160px&#8220;][\/vc_column][vc_column width=&#8220;1\/3&#8243; css=&#8220;.vc_custom_1461759595826{background-image: url(https:\/\/www.hotelbaiadelre.com\/wp-content\/uploads\/2013\/09\/ristorante.jpg?id=1950) !important;background-position: center !important;background-repeat: no-repeat !important;background-size: cover !important;}&#8220;][vc_empty_space height=&#8220;190px&#8220;][vc_column_text]\n<div id=\"giallo\" class=\"bestprice\">\n<h3><span class=\"sans-serif\">Unser<br \/>\n<\/span>Restaurant<\/h3>\n<\/div>\n[\/vc_column_text][vc_column_text]<img loading=\"lazy\" decoding=\"async\" class=\"aligncenter size-full wp-image-1944\" src=\"https:\/\/www.hotelbaiadelre.com\/wp-content\/uploads\/2013\/09\/baia-bar-bianco.png\" alt=\"baiadelre-ristorante\" width=\"105\" height=\"160\" \/>[\/vc_column_text][vc_single_image image=&#8220;1934&#8243; img_size=&#8220;full&#8220; alignment=&#8220;center&#8220; css_animation=&#8220;appear&#8220; css=&#8220;.vc_custom_1461753163303{padding-bottom: 30px !important;}&#8220;][vc_btn title=&#8220;Gehen Sie auf die Seite&#8220; style=&#8220;custom&#8220; custom_background=&#8220;#765032&#8243; custom_text=&#8220;#ffffff&#8220; shape=&#8220;round&#8220; size=&#8220;lg&#8220; align=&#8220;center&#8220; css_animation=&#8220;appear&#8220; link=&#8220;url:http%3A%2F%2Fwww.hotelbaiadelre.com%2Fde%2Frestaurant%2F||&#8220;][vc_single_image image=&#8220;1934&#8243; img_size=&#8220;full&#8220; alignment=&#8220;center&#8220; css_animation=&#8220;appear&#8220; css=&#8220;.vc_custom_1461753178743{padding-top: 10px !important;}&#8220;][\/vc_column][\/vc_row]\n<\/div>","protected":false},"excerpt":{"rendered":"<p>[vc_row full_height=&#8220;yes&#8220; parallax=&#8220;content-moving&#8220; bg_type=&#8220;image&#8220; parallax_style=&#8220;vcpb-default&#8220; bg_image_new=&#8220;id^2255|url^https:\/\/www.hotelbaiadelre.com\/wp-content\/uploads\/2016\/05\/sala-colazioni-001-1.jpg|caption^null|alt^null|title^sala-colazioni-001|description^null&#8220; bg_image_repeat=&#8220;no-repeat&#8220; bg_img_attach=&#8220;fixed&#8220; parallax_content=&#8220;parallax_content_value&#8220;][vc_column][vc_column_text] [\/vc_column_text][\/vc_column][\/vc_row][vc_row el_class=&#8220;contenuto&#8220;][vc_column][vc_empty_space height=&#8220;50px&#8220;][vc_row_inner el_class=&#8220;wrap&#8220;][vc_column_inner width=&#8220;1\/2&#8243;][vc_column_text css=&#8220;.vc_custom_1693382238288{padding-top: 0px !important;}&#8220;] Dienstleistungen Das Hotel Real Fini Baia del Re ist ein bequemes und gem\u00fctliches Hotel. Die sehr moderne Struktur ist einzigartig in der Umgebung. Sie besteht aus einem mittleren Fl\u00fcgel, in dem sich alle Dienstleistungen f\u00fcr die G\u00e4ste konzentrieren: [&hellip;]<\/p>\n","protected":false},"author":36,"featured_media":0,"parent":0,"menu_order":0,"comment_status":"closed","ping_status":"closed","template":"","meta":{"_genesis_hide_title":false,"_genesis_hide_breadcrumbs":false,"_genesis_hide_singular_image":false,"_genesis_hide_footer_widgets":false,"_genesis_custom_body_class":"","_genesis_custom_post_class":"","_genesis_layout":"","footnotes":""},"class_list":{"0":"post-2690","1":"page","2":"type-page","3":"status-publish","5":"entry"},"yoast_head":"<!-- This site is optimized with the Yoast SEO plugin v25.6 - https:\/\/yoast.com\/wordpress\/plugins\/seo\/ -->\n<title>Dienstleistungen | Hotel Baia del Re<\/title>\n<meta name=\"description\" content=\"Dienstleistungen, Hotel Baia del Re:\" \/>\n<meta name=\"robots\" content=\"index, follow, max-snippet:-1, max-image-preview:large, max-video-preview:-1\" \/>\n<link rel=\"canonical\" href=\"https:\/\/www.hotelbaiadelre.com\/de\/dienstleistungen\/\" \/>\n<meta property=\"og:locale\" content=\"de_DE\" \/>\n<meta property=\"og:type\" content=\"article\" \/>\n<meta property=\"og:title\" content=\"Dienstleistungen | Hotel Baia del Re\" \/>\n<meta property=\"og:description\" content=\"Dienstleistungen, Hotel Baia del Re:\" \/>\n<meta property=\"og:url\" content=\"https:\/\/www.hotelbaiadelre.com\/de\/dienstleistungen\/\" \/>\n<meta property=\"og:site_name\" content=\"Hotel Baia del Re\" \/>\n<meta property=\"article:modified_time\" content=\"2024-08-28T07:33:50+00:00\" \/>\n<meta property=\"og:image\" content=\"https:\/\/www.hotelbaiadelre.com\/wp-content\/uploads\/2015\/07\/fregio.png\" \/>\n<meta name=\"twitter:label1\" content=\"Gesch\u00e4tzte Lesezeit\" \/>\n\t<meta name=\"twitter:data1\" content=\"3\u00a0Minuten\" \/>\n<script type=\"application\/ld+json\" class=\"yoast-schema-graph\">{\"@context\":\"https:\/\/schema.org\",\"@graph\":[{\"@type\":\"WebPage\",\"@id\":\"https:\/\/www.hotelbaiadelre.com\/de\/dienstleistungen\/\",\"url\":\"https:\/\/www.hotelbaiadelre.com\/de\/dienstleistungen\/\",\"name\":\"Dienstleistungen | Hotel Baia del Re\",\"isPartOf\":{\"@id\":\"https:\/\/www.hotelbaiadelre.com\/de\/#website\"},\"primaryImageOfPage\":{\"@id\":\"https:\/\/www.hotelbaiadelre.com\/de\/dienstleistungen\/#primaryimage\"},\"image\":{\"@id\":\"https:\/\/www.hotelbaiadelre.com\/de\/dienstleistungen\/#primaryimage\"},\"thumbnailUrl\":\"https:\/\/www.hotelbaiadelre.com\/wp-content\/uploads\/2015\/07\/fregio.png\",\"datePublished\":\"2016-05-24T08:49:54+00:00\",\"dateModified\":\"2024-08-28T07:33:50+00:00\",\"description\":\"Dienstleistungen, Hotel Baia del Re:\",\"breadcrumb\":{\"@id\":\"https:\/\/www.hotelbaiadelre.com\/de\/dienstleistungen\/#breadcrumb\"},\"inLanguage\":\"de\",\"potentialAction\":[{\"@type\":\"ReadAction\",\"target\":[\"https:\/\/www.hotelbaiadelre.com\/de\/dienstleistungen\/\"]}]},{\"@type\":\"ImageObject\",\"inLanguage\":\"de\",\"@id\":\"https:\/\/www.hotelbaiadelre.com\/de\/dienstleistungen\/#primaryimage\",\"url\":\"https:\/\/www.hotelbaiadelre.com\/wp-content\/uploads\/2015\/07\/fregio.png\",\"contentUrl\":\"https:\/\/www.hotelbaiadelre.com\/wp-content\/uploads\/2015\/07\/fregio.png\"},{\"@type\":\"BreadcrumbList\",\"@id\":\"https:\/\/www.hotelbaiadelre.com\/de\/dienstleistungen\/#breadcrumb\",\"itemListElement\":[{\"@type\":\"ListItem\",\"position\":1,\"name\":\"Home\",\"item\":\"https:\/\/www.hotelbaiadelre.com\/de\/\"},{\"@type\":\"ListItem\",\"position\":2,\"name\":\"Dienstleistungen\"}]},{\"@type\":\"WebSite\",\"@id\":\"https:\/\/www.hotelbaiadelre.com\/de\/#website\",\"url\":\"https:\/\/www.hotelbaiadelre.com\/de\/\",\"name\":\"Hotel Baia del Re\",\"description\":\"\",\"potentialAction\":[{\"@type\":\"SearchAction\",\"target\":{\"@type\":\"EntryPoint\",\"urlTemplate\":\"https:\/\/www.hotelbaiadelre.com\/de\/?s={search_term_string}\"},\"query-input\":{\"@type\":\"PropertyValueSpecification\",\"valueRequired\":true,\"valueName\":\"search_term_string\"}}],\"inLanguage\":\"de\"}]}<\/script>\n<!-- \/ Yoast SEO plugin. -->","yoast_head_json":{"title":"Dienstleistungen | Hotel Baia del Re","description":"Dienstleistungen, Hotel Baia del Re:","robots":{"index":"index","follow":"follow","max-snippet":"max-snippet:-1","max-image-preview":"max-image-preview:large","max-video-preview":"max-video-preview:-1"},"canonical":"https:\/\/www.hotelbaiadelre.com\/de\/dienstleistungen\/","og_locale":"de_DE","og_type":"article","og_title":"Dienstleistungen | Hotel Baia del Re","og_description":"Dienstleistungen, Hotel Baia del Re:","og_url":"https:\/\/www.hotelbaiadelre.com\/de\/dienstleistungen\/","og_site_name":"Hotel Baia del Re","article_modified_time":"2024-08-28T07:33:50+00:00","og_image":[{"url":"https:\/\/www.hotelbaiadelre.com\/wp-content\/uploads\/2015\/07\/fregio.png","type":"","width":"","height":""}],"twitter_misc":{"Gesch\u00e4tzte Lesezeit":"3\u00a0Minuten"},"schema":{"@context":"https:\/\/schema.org","@graph":[{"@type":"WebPage","@id":"https:\/\/www.hotelbaiadelre.com\/de\/dienstleistungen\/","url":"https:\/\/www.hotelbaiadelre.com\/de\/dienstleistungen\/","name":"Dienstleistungen | Hotel Baia del Re","isPartOf":{"@id":"https:\/\/www.hotelbaiadelre.com\/de\/#website"},"primaryImageOfPage":{"@id":"https:\/\/www.hotelbaiadelre.com\/de\/dienstleistungen\/#primaryimage"},"image":{"@id":"https:\/\/www.hotelbaiadelre.com\/de\/dienstleistungen\/#primaryimage"},"thumbnailUrl":"https:\/\/www.hotelbaiadelre.com\/wp-content\/uploads\/2015\/07\/fregio.png","datePublished":"2016-05-24T08:49:54+00:00","dateModified":"2024-08-28T07:33:50+00:00","description":"Dienstleistungen, Hotel Baia del Re:","breadcrumb":{"@id":"https:\/\/www.hotelbaiadelre.com\/de\/dienstleistungen\/#breadcrumb"},"inLanguage":"de","potentialAction":[{"@type":"ReadAction","target":["https:\/\/www.hotelbaiadelre.com\/de\/dienstleistungen\/"]}]},{"@type":"ImageObject","inLanguage":"de","@id":"https:\/\/www.hotelbaiadelre.com\/de\/dienstleistungen\/#primaryimage","url":"https:\/\/www.hotelbaiadelre.com\/wp-content\/uploads\/2015\/07\/fregio.png","contentUrl":"https:\/\/www.hotelbaiadelre.com\/wp-content\/uploads\/2015\/07\/fregio.png"},{"@type":"BreadcrumbList","@id":"https:\/\/www.hotelbaiadelre.com\/de\/dienstleistungen\/#breadcrumb","itemListElement":[{"@type":"ListItem","position":1,"name":"Home","item":"https:\/\/www.hotelbaiadelre.com\/de\/"},{"@type":"ListItem","position":2,"name":"Dienstleistungen"}]},{"@type":"WebSite","@id":"https:\/\/www.hotelbaiadelre.com\/de\/#website","url":"https:\/\/www.hotelbaiadelre.com\/de\/","name":"Hotel Baia del Re","description":"","potentialAction":[{"@type":"SearchAction","target":{"@type":"EntryPoint","urlTemplate":"https:\/\/www.hotelbaiadelre.com\/de\/?s={search_term_string}"},"query-input":{"@type":"PropertyValueSpecification","valueRequired":true,"valueName":"search_term_string"}}],"inLanguage":"de"}]}},"publishpress_future_action":{"enabled":false,"date":"2026-05-24 12:26:50","action":"change-status","newStatus":"draft","terms":[],"taxonomy":"translation_priority","extraData":[]},"publishpress_future_workflow_manual_trigger":{"enabledWorkflows":[]},"_links":{"self":[{"href":"https:\/\/www.hotelbaiadelre.com\/de\/wp-json\/wp\/v2\/pages\/2690","targetHints":{"allow":["GET"]}}],"collection":[{"href":"https:\/\/www.hotelbaiadelre.com\/de\/wp-json\/wp\/v2\/pages"}],"about":[{"href":"https:\/\/www.hotelbaiadelre.com\/de\/wp-json\/wp\/v2\/types\/page"}],"author":[{"embeddable":true,"href":"https:\/\/www.hotelbaiadelre.com\/de\/wp-json\/wp\/v2\/users\/36"}],"replies":[{"embeddable":true,"href":"https:\/\/www.hotelbaiadelre.com\/de\/wp-json\/wp\/v2\/comments?post=2690"}],"version-history":[{"count":4,"href":"https:\/\/www.hotelbaiadelre.com\/de\/wp-json\/wp\/v2\/pages\/2690\/revisions"}],"predecessor-version":[{"id":4409,"href":"https:\/\/www.hotelbaiadelre.com\/de\/wp-json\/wp\/v2\/pages\/2690\/revisions\/4409"}],"wp:attachment":[{"href":"https:\/\/www.hotelbaiadelre.com\/de\/wp-json\/wp\/v2\/media?parent=2690"}],"curies":[{"name":"wp","href":"https:\/\/api.w.org\/{rel}","templated":true}]}}