{"id":2740,"date":"2016-05-24T08:48:29","date_gmt":"2016-05-24T08:48:29","guid":{"rendered":"https:\/\/www.hotelbaiadelre.com\/de\/la-nostra-storia\/"},"modified":"2016-06-15T14:11:34","modified_gmt":"2016-06-15T14:11:34","slug":"unsere-geschichte","status":"publish","type":"page","link":"https:\/\/www.hotelbaiadelre.com\/de\/unsere-geschichte\/","title":{"rendered":"Unsere Geschichte"},"content":{"rendered":"<div class=\"wpb-content-wrapper\">[vc_row full_height=&#8220;yes&#8220; parallax=&#8220;content-moving&#8220; bg_type=&#8220;image&#8220; parallax_style=&#8220;vcpb-default&#8220; bg_image_new=&#8220;id^2332|url^https:\/\/www.hotelbaiadelre.com\/wp-content\/uploads\/2016\/05\/rollsKrug.jpg|caption^null|alt^null|title^rollsKrug|description^null&#8220; bg_image_repeat=&#8220;no-repeat&#8220; bg_img_attach=&#8220;fixed&#8220; parallax_content=&#8220;parallax_content_value&#8220;][vc_column][vc_column_text]\n<div class=\"payoff\">\n<h1>Gastlichkeit und Eleganz<\/h1>\n<\/div>\n[\/vc_column_text][\/vc_column][\/vc_row][vc_row el_class=&#8220;contenuto&#8220;][vc_column][vc_empty_space height=&#8220;50px&#8220;][vc_row_inner el_class=&#8220;wrap&#8220;][vc_column_inner width=&#8220;1\/2&#8243;][vc_column_text css=&#8220;.vc_custom_1465999889208{padding-top: 0px !important;}&#8220;]\n<h1>Unsere Geschichte<\/h1>\n<p><img decoding=\"async\" src=\"https:\/\/www.hotelbaiadelre.com\/wp-content\/uploads\/2015\/07\/fregio.png\" alt=\"\" \/><\/p>\n<p>Die Geschichte der <strong>Hotelkette Real Fini<\/strong> geht bis auf den Anfang des 19. Jahrhunderts zur\u00fcck; damals er\u00f6ffneten Telesforo Fini und seine Frau Giuditta eine Metzgerei am Corso Canalchiaro mitten in Modenas Altstadt.<\/p>\n<p>Hingabe, Innovation und Qualit\u00e4tsbewusstsein waren die Hauptmerkmale, welche die Metzgerei zu etwas Besonderem machten; schon bald konnten die Kunden hier auch typische Gerichte der Stadt Modena kosten, die Giuditta mit Liebe und Sorgfalt zubereitete.<\/p>\n<p><strong>Das Hotel Real Fini Baia del Re<\/strong> und das <strong>Restaurant Baia del Re,<\/strong>die noch heute wie damals im Jahr 1912 jene <strong>Werte<\/strong> bewahren, wie etwa die <strong>Pflege f\u00fcr die Qualit\u00e4t<\/strong>, <strong>die Liebe f\u00fcr die einfachen Dinge<\/strong>, <strong>die Kundenbetreuung<\/strong>, durch die man die <strong>Leidenschaft<\/strong> in dauerhaften Erfolg und ausdauernde <strong>Evolution<\/strong> wandeln kann.<\/p>\n<p>Heute lockt das Hotel, das im Herzen der Emilia liegt, eine vielf\u00e4ltige und anspruchsvolle Kundschaft an, die den modernsten <strong>Komfort<\/strong> gew\u00f6hnt sind, aber durch die W\u00e4rme und die<strong>Erfahrung<\/strong> verf\u00fchrt werden, welche unsere Arbeitsweise durchdringt.<\/p>\n<p>Das Hotel Real Fini Baia del Re von Modena bietet <strong>exklusive,<\/strong>, High-Level-R\u00e4umlichkeiten mit komfortablen, makellos eingerichteten und funktionalen <strong>Zimmern<\/strong> <strong>und Tagungsr\u00e4umen <\/strong>. Zu Tisch unseres Restaurants Baia del Re haben Sie das Vergn\u00fcgen, eine <strong>typische K\u00fcche<\/strong>mit bezaubernden Aromen genie\u00dfen zu k\u00f6nnen, die das Ergebnis einer strengen Zutatenauswahl und des Talents von erfahrenen und erprobten K\u00fcchenchefs sind.<\/p>\n[\/vc_column_text][\/vc_column_inner][vc_column_inner width=&#8220;1\/2&#8243;][vc_empty_space height=&#8220;37px&#8220;][vc_media_grid element_width=&#8220;6&#8243; item=&#8220;mediaGrid_FadeInWithIcon&#8220; grid_id=&#8220;vc_gid:1465999850235-7764cabf-e7cf-5&#8243; include=&#8220;2394,2300,2303,2305,2309,2306,2304,2301,2345,2346&#8243;][\/vc_column_inner][\/vc_row_inner][vc_empty_space height=&#8220;50px&#8220;][\/vc_column][\/vc_row][vc_row][vc_column][vc_media_grid element_width=&#8220;3&#8243; gap=&#8220;0&#8243; item=&#8220;mediaGrid_FadeInWithIcon&#8220; grid_id=&#8220;vc_gid:1465999850239-934b771e-a07e-1&#8243; include=&#8220;2336,2308,2310,2311&#8243;][\/vc_column][\/vc_row]\n<\/div>","protected":false},"excerpt":{"rendered":"<p>[vc_row full_height=&#8220;yes&#8220; parallax=&#8220;content-moving&#8220; bg_type=&#8220;image&#8220; parallax_style=&#8220;vcpb-default&#8220; bg_image_new=&#8220;id^2332|url^https:\/\/www.hotelbaiadelre.com\/wp-content\/uploads\/2016\/05\/rollsKrug.jpg|caption^null|alt^null|title^rollsKrug|description^null&#8220; bg_image_repeat=&#8220;no-repeat&#8220; bg_img_attach=&#8220;fixed&#8220; parallax_content=&#8220;parallax_content_value&#8220;][vc_column][vc_column_text] Gastlichkeit und Eleganz [\/vc_column_text][\/vc_column][\/vc_row][vc_row el_class=&#8220;contenuto&#8220;][vc_column][vc_empty_space height=&#8220;50px&#8220;][vc_row_inner el_class=&#8220;wrap&#8220;][vc_column_inner width=&#8220;1\/2&#8243;][vc_column_text css=&#8220;.vc_custom_1465999889208{padding-top: 0px !important;}&#8220;] Unsere Geschichte Die Geschichte der Hotelkette Real Fini geht bis auf den Anfang des 19. Jahrhunderts zur\u00fcck; damals er\u00f6ffneten Telesforo Fini und seine Frau Giuditta eine Metzgerei am Corso Canalchiaro mitten in Modenas Altstadt. Hingabe, [&hellip;]<\/p>\n","protected":false},"author":36,"featured_media":0,"parent":0,"menu_order":0,"comment_status":"closed","ping_status":"closed","template":"","meta":{"_genesis_hide_title":false,"_genesis_hide_breadcrumbs":false,"_genesis_hide_singular_image":false,"_genesis_hide_footer_widgets":false,"_genesis_custom_body_class":"","_genesis_custom_post_class":"","_genesis_layout":"","footnotes":""},"class_list":{"0":"post-2740","1":"page","2":"type-page","3":"status-publish","5":"entry"},"yoast_head":"<!-- This site is optimized with the Yoast SEO plugin v25.6 - https:\/\/yoast.com\/wordpress\/plugins\/seo\/ -->\n<title>Unsere Geschichte | Hotel Baia del Re<\/title>\n<meta name=\"description\" content=\"Unsere Geschichte, Hotel Baia del Re:\" \/>\n<meta name=\"robots\" content=\"index, follow, max-snippet:-1, max-image-preview:large, max-video-preview:-1\" \/>\n<link rel=\"canonical\" href=\"https:\/\/www.hotelbaiadelre.com\/de\/unsere-geschichte\/\" \/>\n<meta property=\"og:locale\" content=\"de_DE\" \/>\n<meta property=\"og:type\" content=\"article\" \/>\n<meta property=\"og:title\" content=\"Unsere Geschichte | Hotel Baia del Re\" \/>\n<meta property=\"og:description\" content=\"Unsere Geschichte, Hotel Baia del Re:\" \/>\n<meta property=\"og:url\" content=\"https:\/\/www.hotelbaiadelre.com\/de\/unsere-geschichte\/\" \/>\n<meta property=\"og:site_name\" content=\"Hotel Baia del Re\" \/>\n<meta property=\"article:modified_time\" content=\"2016-06-15T14:11:34+00:00\" \/>\n<meta property=\"og:image\" content=\"https:\/\/www.hotelbaiadelre.com\/wp-content\/uploads\/2015\/07\/fregio.png\" \/>\n<meta name=\"twitter:label1\" content=\"Gesch\u00e4tzte Lesezeit\" \/>\n\t<meta name=\"twitter:data1\" content=\"2\u00a0Minuten\" \/>\n<script type=\"application\/ld+json\" class=\"yoast-schema-graph\">{\"@context\":\"https:\/\/schema.org\",\"@graph\":[{\"@type\":\"WebPage\",\"@id\":\"https:\/\/www.hotelbaiadelre.com\/de\/unsere-geschichte\/\",\"url\":\"https:\/\/www.hotelbaiadelre.com\/de\/unsere-geschichte\/\",\"name\":\"Unsere Geschichte | Hotel Baia del Re\",\"isPartOf\":{\"@id\":\"https:\/\/www.hotelbaiadelre.com\/de\/#website\"},\"primaryImageOfPage\":{\"@id\":\"https:\/\/www.hotelbaiadelre.com\/de\/unsere-geschichte\/#primaryimage\"},\"image\":{\"@id\":\"https:\/\/www.hotelbaiadelre.com\/de\/unsere-geschichte\/#primaryimage\"},\"thumbnailUrl\":\"https:\/\/www.hotelbaiadelre.com\/wp-content\/uploads\/2015\/07\/fregio.png\",\"datePublished\":\"2016-05-24T08:48:29+00:00\",\"dateModified\":\"2016-06-15T14:11:34+00:00\",\"description\":\"Unsere Geschichte, Hotel Baia del Re:\",\"breadcrumb\":{\"@id\":\"https:\/\/www.hotelbaiadelre.com\/de\/unsere-geschichte\/#breadcrumb\"},\"inLanguage\":\"de\",\"potentialAction\":[{\"@type\":\"ReadAction\",\"target\":[\"https:\/\/www.hotelbaiadelre.com\/de\/unsere-geschichte\/\"]}]},{\"@type\":\"ImageObject\",\"inLanguage\":\"de\",\"@id\":\"https:\/\/www.hotelbaiadelre.com\/de\/unsere-geschichte\/#primaryimage\",\"url\":\"https:\/\/www.hotelbaiadelre.com\/wp-content\/uploads\/2015\/07\/fregio.png\",\"contentUrl\":\"https:\/\/www.hotelbaiadelre.com\/wp-content\/uploads\/2015\/07\/fregio.png\"},{\"@type\":\"BreadcrumbList\",\"@id\":\"https:\/\/www.hotelbaiadelre.com\/de\/unsere-geschichte\/#breadcrumb\",\"itemListElement\":[{\"@type\":\"ListItem\",\"position\":1,\"name\":\"Home\",\"item\":\"https:\/\/www.hotelbaiadelre.com\/de\/\"},{\"@type\":\"ListItem\",\"position\":2,\"name\":\"Unsere Geschichte\"}]},{\"@type\":\"WebSite\",\"@id\":\"https:\/\/www.hotelbaiadelre.com\/de\/#website\",\"url\":\"https:\/\/www.hotelbaiadelre.com\/de\/\",\"name\":\"Hotel Baia del Re\",\"description\":\"\",\"potentialAction\":[{\"@type\":\"SearchAction\",\"target\":{\"@type\":\"EntryPoint\",\"urlTemplate\":\"https:\/\/www.hotelbaiadelre.com\/de\/?s={search_term_string}\"},\"query-input\":{\"@type\":\"PropertyValueSpecification\",\"valueRequired\":true,\"valueName\":\"search_term_string\"}}],\"inLanguage\":\"de\"}]}<\/script>\n<!-- \/ Yoast SEO plugin. -->","yoast_head_json":{"title":"Unsere Geschichte | Hotel Baia del Re","description":"Unsere Geschichte, Hotel Baia del Re:","robots":{"index":"index","follow":"follow","max-snippet":"max-snippet:-1","max-image-preview":"max-image-preview:large","max-video-preview":"max-video-preview:-1"},"canonical":"https:\/\/www.hotelbaiadelre.com\/de\/unsere-geschichte\/","og_locale":"de_DE","og_type":"article","og_title":"Unsere Geschichte | Hotel Baia del Re","og_description":"Unsere Geschichte, Hotel Baia del Re:","og_url":"https:\/\/www.hotelbaiadelre.com\/de\/unsere-geschichte\/","og_site_name":"Hotel Baia del Re","article_modified_time":"2016-06-15T14:11:34+00:00","og_image":[{"url":"https:\/\/www.hotelbaiadelre.com\/wp-content\/uploads\/2015\/07\/fregio.png","type":"","width":"","height":""}],"twitter_misc":{"Gesch\u00e4tzte Lesezeit":"2\u00a0Minuten"},"schema":{"@context":"https:\/\/schema.org","@graph":[{"@type":"WebPage","@id":"https:\/\/www.hotelbaiadelre.com\/de\/unsere-geschichte\/","url":"https:\/\/www.hotelbaiadelre.com\/de\/unsere-geschichte\/","name":"Unsere Geschichte | Hotel Baia del Re","isPartOf":{"@id":"https:\/\/www.hotelbaiadelre.com\/de\/#website"},"primaryImageOfPage":{"@id":"https:\/\/www.hotelbaiadelre.com\/de\/unsere-geschichte\/#primaryimage"},"image":{"@id":"https:\/\/www.hotelbaiadelre.com\/de\/unsere-geschichte\/#primaryimage"},"thumbnailUrl":"https:\/\/www.hotelbaiadelre.com\/wp-content\/uploads\/2015\/07\/fregio.png","datePublished":"2016-05-24T08:48:29+00:00","dateModified":"2016-06-15T14:11:34+00:00","description":"Unsere Geschichte, Hotel Baia del Re:","breadcrumb":{"@id":"https:\/\/www.hotelbaiadelre.com\/de\/unsere-geschichte\/#breadcrumb"},"inLanguage":"de","potentialAction":[{"@type":"ReadAction","target":["https:\/\/www.hotelbaiadelre.com\/de\/unsere-geschichte\/"]}]},{"@type":"ImageObject","inLanguage":"de","@id":"https:\/\/www.hotelbaiadelre.com\/de\/unsere-geschichte\/#primaryimage","url":"https:\/\/www.hotelbaiadelre.com\/wp-content\/uploads\/2015\/07\/fregio.png","contentUrl":"https:\/\/www.hotelbaiadelre.com\/wp-content\/uploads\/2015\/07\/fregio.png"},{"@type":"BreadcrumbList","@id":"https:\/\/www.hotelbaiadelre.com\/de\/unsere-geschichte\/#breadcrumb","itemListElement":[{"@type":"ListItem","position":1,"name":"Home","item":"https:\/\/www.hotelbaiadelre.com\/de\/"},{"@type":"ListItem","position":2,"name":"Unsere Geschichte"}]},{"@type":"WebSite","@id":"https:\/\/www.hotelbaiadelre.com\/de\/#website","url":"https:\/\/www.hotelbaiadelre.com\/de\/","name":"Hotel Baia del Re","description":"","potentialAction":[{"@type":"SearchAction","target":{"@type":"EntryPoint","urlTemplate":"https:\/\/www.hotelbaiadelre.com\/de\/?s={search_term_string}"},"query-input":{"@type":"PropertyValueSpecification","valueRequired":true,"valueName":"search_term_string"}}],"inLanguage":"de"}]}},"publishpress_future_action":{"enabled":false,"date":"2026-04-24 12:15:44","action":"change-status","newStatus":"draft","terms":[],"taxonomy":"translation_priority","extraData":[]},"publishpress_future_workflow_manual_trigger":{"enabledWorkflows":[]},"_links":{"self":[{"href":"https:\/\/www.hotelbaiadelre.com\/de\/wp-json\/wp\/v2\/pages\/2740","targetHints":{"allow":["GET"]}}],"collection":[{"href":"https:\/\/www.hotelbaiadelre.com\/de\/wp-json\/wp\/v2\/pages"}],"about":[{"href":"https:\/\/www.hotelbaiadelre.com\/de\/wp-json\/wp\/v2\/types\/page"}],"author":[{"embeddable":true,"href":"https:\/\/www.hotelbaiadelre.com\/de\/wp-json\/wp\/v2\/users\/36"}],"replies":[{"embeddable":true,"href":"https:\/\/www.hotelbaiadelre.com\/de\/wp-json\/wp\/v2\/comments?post=2740"}],"version-history":[{"count":0,"href":"https:\/\/www.hotelbaiadelre.com\/de\/wp-json\/wp\/v2\/pages\/2740\/revisions"}],"wp:attachment":[{"href":"https:\/\/www.hotelbaiadelre.com\/de\/wp-json\/wp\/v2\/media?parent=2740"}],"curies":[{"name":"wp","href":"https:\/\/api.w.org\/{rel}","templated":true}]}}