{"id":2757,"date":"2016-05-23T15:49:05","date_gmt":"2016-05-23T15:49:05","guid":{"rendered":"https:\/\/www.hotelbaiadelre.com\/de\/appartamenti\/"},"modified":"2016-06-20T12:17:32","modified_gmt":"2016-06-20T12:17:32","slug":"wohnungen","status":"publish","type":"page","link":"https:\/\/www.hotelbaiadelre.com\/de\/wohnungen\/","title":{"rendered":"Wohnungen"},"content":{"rendered":"<div class=\"wpb-content-wrapper\">[vc_row full_height=&#8220;yes&#8220; parallax=&#8220;content-moving&#8220; bg_type=&#8220;image&#8220; parallax_style=&#8220;vcpb-default&#8220; bg_image_new=&#8220;id^2044|url^https:\/\/www.hotelbaiadelre.com\/wp-content\/uploads\/2016\/05\/mini-appartamenti-ok-006.jpg|caption^null|alt^null|title^mini-appartamenti-ok-006|description^null&#8220; bg_image_repeat=&#8220;no-repeat&#8220; bg_img_attach=&#8220;fixed&#8220; parallax_content=&#8220;parallax_content_value&#8220;][vc_column][vc_column_text]\n<div class=\"payoff\"><\/div>\n[\/vc_column_text][\/vc_column][\/vc_row][vc_row el_class=&#8220;contenuto&#8220;][vc_column][vc_empty_space height=&#8220;50px&#8220;][vc_row_inner el_class=&#8220;wrap&#8220;][vc_column_inner width=&#8220;1\/2&#8243;][vc_column_text css=&#8220;.vc_custom_1466001211564{padding-top: 0px !important;}&#8220;]\n<h1>Wohnungen<\/h1>\n<p><img decoding=\"async\" src=\"https:\/\/www.hotelbaiadelre.com\/wp-content\/uploads\/2015\/07\/fregio.png\" alt=\"\" \/><\/p>\n<p class=\"testointerno\">Die nur 10 km vom Zentrum von <strong>Modena<\/strong> entfernt liegenden Appartements des <strong>Hotel Real Fini Baia del Re<\/strong> erweisen sich als ideale L\u00f6sung f\u00fcr lange Aufenthalte, da sie, trotz ihrer Unabh\u00e4ngigkeit von der Haupteinrichtung, dieselben Dienstleistungen eines Hotels bieten.<\/p>\n<p class=\"testointerno\">Die komfortablen Zwei-Zimmer-Appartements mit Kochnische sind stilvoll eingerichtet und bis ins kleinste Detail durchdacht. Sie verf\u00fcgen \u00fcber einen <strong>Parkplatz<\/strong> in unmittelbarer N\u00e4he vom Eingang und bieten zudem ein geeignetes Umfeld f\u00fcr einen Urlaub mit <strong>der Familie<\/strong>.<\/p>\n[\/vc_column_text][\/vc_column_inner][vc_column_inner width=&#8220;1\/2&#8243;][vc_column_text el_class=&#8220;pagina&#8220;]\n<div id=\"box-offerte\">\n<h3>Sonderangebote<\/h3>\n<div class=\"flexslider\" style=\"width:440px;\"><ul class=\"slides\"><li><a href=\"https:\/\/www.hotelbaiadelre.com\/de\/offers\/early-booking-offer-up-to-28-off\/\"><img loading=\"lazy\" decoding=\"async\" width=\"440\" height=\"250\" src=\"https:\/\/www.hotelbaiadelre.com\/wp-content\/uploads\/2020\/03\/early-booking-discount-1-440x250.jpg\" class=\"attachment-slider_medium_large size-slider_medium_large\" alt=\"\" \/><\/a><div class=\"flex-caption\"><div class=\"original-price price-all\"><\/div><div class=\"reducted-price price-all\"><\/div><div class=\"clear\"><\/div><div class=\"clear\"><\/div><div class=\"offer_title\"><a href=\"https:\/\/www.hotelbaiadelre.com\/de\/offers\/early-booking-offer-up-to-28-off\/\">Early Booking Offer: up to 28% Off<\/a><\/div><\/div><\/li><li><a href=\"https:\/\/www.hotelbaiadelre.com\/de\/offers\/sonderangebote-fur-internet\/\"><img loading=\"lazy\" decoding=\"async\" width=\"440\" height=\"211\" src=\"https:\/\/www.hotelbaiadelre.com\/wp-content\/uploads\/2015\/07\/junior-suite-500x240.jpg\" class=\"attachment-slider_medium_large size-slider_medium_large\" alt=\"\" srcset=\"https:\/\/www.hotelbaiadelre.com\/wp-content\/uploads\/2015\/07\/junior-suite-500x240.jpg 500w, https:\/\/www.hotelbaiadelre.com\/wp-content\/uploads\/2015\/07\/junior-suite-210x100.jpg 210w\" sizes=\"auto, (max-width: 440px) 100vw, 440px\" \/><\/a><div class=\"flex-caption\"><div class=\"original-price price-all\"><\/div><div class=\"reducted-price price-all\"><\/div><div class=\"clear\"><\/div><div class=\"clear\"><\/div><div class=\"offer_title\"><a href=\"https:\/\/www.hotelbaiadelre.com\/de\/offers\/sonderangebote-fur-internet\/\">Sonderangebote f\u00fcr Internet<\/a><\/div><\/div><\/li><\/ul><\/div>\n<p class=\"lista\"><a title=\"Offerte Speciali\" href=\"https:\/\/www.hotelbaiadelre.com\/de\/sonderangebote\/\">Zur vollst\u00e4ndigen Liste gehen<\/a><\/p>\n<\/div>\n[\/vc_column_text][\/vc_column_inner][\/vc_row_inner][vc_empty_space height=&#8220;50px&#8220;][\/vc_column][\/vc_row][vc_row equal_height=&#8220;yes&#8220; content_placement=&#8220;top&#8220; parallax=&#8220;content-moving-fade&#8220; bg_type=&#8220;image&#8220; parallax_style=&#8220;vcpb-default&#8220; bg_image_repeat=&#8220;no-repeat&#8220; bg_img_attach=&#8220;fixed&#8220; parallax_content=&#8220;parallax_content_value&#8220; el_class=&#8220;hp2&#8243;][vc_column width=&#8220;1\/2&#8243; css=&#8220;.vc_custom_1464189985783{background-image: url(https:\/\/www.hotelbaiadelre.com\/wp-content\/uploads\/2016\/05\/divisorio3-1.jpg?id=2253) !important;background-position: center !important;background-repeat: no-repeat !important;background-size: cover !important;}&#8220;][vc_empty_space height=&#8220;190px&#8220;][vc_column_text]\n<div id=\"giallo\" class=\"bestprice\">\n<h3><span class=\"sans-serif\">Zimmer und<br \/>\n<\/span>Suiten<\/h3>\n<p>Entdecken Sie unsere Zimmer und Suiten.<\/p>\n<\/div>\n[\/vc_column_text][vc_single_image image=&#8220;1934&#8243; img_size=&#8220;full&#8220; alignment=&#8220;center&#8220; css_animation=&#8220;appear&#8220;][vc_btn title=&#8220;Gehen Sie auf die Seite&#8220; style=&#8220;custom&#8220; custom_background=&#8220;#a3680d&#8220; custom_text=&#8220;#ffffff&#8220; shape=&#8220;round&#8220; size=&#8220;lg&#8220; align=&#8220;center&#8220; css_animation=&#8220;appear&#8220; link=&#8220;url:http%3A%2F%2Fwww.hotelbaiadelre.com%2Fde%2Fzimmer-und-suiten%2F||&#8220;][vc_single_image image=&#8220;1934&#8243; img_size=&#8220;full&#8220; alignment=&#8220;center&#8220; css_animation=&#8220;appear&#8220;][vc_empty_space height=&#8220;160px&#8220;][\/vc_column][vc_column width=&#8220;1\/2&#8243; css=&#8220;.vc_custom_1461917826851{background-image: url(https:\/\/www.hotelbaiadelre.com\/wp-content\/uploads\/2015\/07\/galleria.jpg?id=1998) !important;background-position: center !important;background-repeat: no-repeat !important;background-size: cover !important;}&#8220;][vc_empty_space height=&#8220;190px&#8220;][vc_column_text]\n<div id=\"giallo\" class=\"bestprice\">\n<h3><span class=\"sans-serif\">Foto<br \/>\n<\/span>gallerie<\/h3>\n<\/div>\n[\/vc_column_text][vc_empty_space height=&#8220;40px&#8220;][vc_single_image image=&#8220;1934&#8243; img_size=&#8220;full&#8220; alignment=&#8220;center&#8220; css_animation=&#8220;appear&#8220;][vc_btn title=&#8220;Gehen Sie auf die Seite&#8220; style=&#8220;custom&#8220; custom_background=&#8220;#071832&#8243; custom_text=&#8220;#ffffff&#8220; shape=&#8220;round&#8220; size=&#8220;lg&#8220; align=&#8220;center&#8220; css_animation=&#8220;appear&#8220; link=&#8220;url:http%3A%2F%2Fwww.hotelbaiadelre.com%2Fde%2Ffotogallerie%2F||&#8220;][vc_single_image image=&#8220;1934&#8243; img_size=&#8220;full&#8220; alignment=&#8220;center&#8220; css_animation=&#8220;appear&#8220;][vc_empty_space height=&#8220;160px&#8220;][\/vc_column][\/vc_row]\n<\/div>","protected":false},"excerpt":{"rendered":"<p>[vc_row full_height=&#8220;yes&#8220; parallax=&#8220;content-moving&#8220; bg_type=&#8220;image&#8220; parallax_style=&#8220;vcpb-default&#8220; bg_image_new=&#8220;id^2044|url^https:\/\/www.hotelbaiadelre.com\/wp-content\/uploads\/2016\/05\/mini-appartamenti-ok-006.jpg|caption^null|alt^null|title^mini-appartamenti-ok-006|description^null&#8220; bg_image_repeat=&#8220;no-repeat&#8220; bg_img_attach=&#8220;fixed&#8220; parallax_content=&#8220;parallax_content_value&#8220;][vc_column][vc_column_text] [\/vc_column_text][\/vc_column][\/vc_row][vc_row el_class=&#8220;contenuto&#8220;][vc_column][vc_empty_space height=&#8220;50px&#8220;][vc_row_inner el_class=&#8220;wrap&#8220;][vc_column_inner width=&#8220;1\/2&#8243;][vc_column_text css=&#8220;.vc_custom_1466001211564{padding-top: 0px !important;}&#8220;] Wohnungen Die nur 10 km vom Zentrum von Modena entfernt liegenden Appartements des Hotel Real Fini Baia del Re erweisen sich als ideale L\u00f6sung f\u00fcr lange Aufenthalte, da sie, trotz ihrer Unabh\u00e4ngigkeit von der Haupteinrichtung, dieselben Dienstleistungen eines [&hellip;]<\/p>\n","protected":false},"author":36,"featured_media":0,"parent":0,"menu_order":0,"comment_status":"closed","ping_status":"closed","template":"","meta":{"_genesis_hide_title":false,"_genesis_hide_breadcrumbs":false,"_genesis_hide_singular_image":false,"_genesis_hide_footer_widgets":false,"_genesis_custom_body_class":"","_genesis_custom_post_class":"","_genesis_layout":"","footnotes":""},"class_list":{"0":"post-2757","1":"page","2":"type-page","3":"status-publish","5":"entry"},"yoast_head":"<!-- This site is optimized with the Yoast SEO plugin v25.6 - https:\/\/yoast.com\/wordpress\/plugins\/seo\/ -->\n<title>Wohnungen | Hotel Baia del Re<\/title>\n<meta name=\"description\" content=\"Wohnungen, Hotel Baia del Re:\" \/>\n<meta name=\"robots\" content=\"index, follow, max-snippet:-1, max-image-preview:large, max-video-preview:-1\" \/>\n<link rel=\"canonical\" href=\"https:\/\/www.hotelbaiadelre.com\/de\/wohnungen\/\" \/>\n<meta property=\"og:locale\" content=\"de_DE\" \/>\n<meta property=\"og:type\" content=\"article\" \/>\n<meta property=\"og:title\" content=\"Wohnungen | Hotel Baia del Re\" \/>\n<meta property=\"og:description\" content=\"Wohnungen, Hotel Baia del Re:\" \/>\n<meta property=\"og:url\" content=\"https:\/\/www.hotelbaiadelre.com\/de\/wohnungen\/\" \/>\n<meta property=\"og:site_name\" content=\"Hotel Baia del Re\" \/>\n<meta property=\"article:modified_time\" content=\"2016-06-20T12:17:32+00:00\" \/>\n<meta property=\"og:image\" content=\"https:\/\/www.hotelbaiadelre.com\/wp-content\/uploads\/2015\/07\/fregio.png\" \/>\n<meta name=\"twitter:label1\" content=\"Gesch\u00e4tzte Lesezeit\" \/>\n\t<meta name=\"twitter:data1\" content=\"2\u00a0Minuten\" \/>\n<script type=\"application\/ld+json\" class=\"yoast-schema-graph\">{\"@context\":\"https:\/\/schema.org\",\"@graph\":[{\"@type\":\"WebPage\",\"@id\":\"https:\/\/www.hotelbaiadelre.com\/de\/wohnungen\/\",\"url\":\"https:\/\/www.hotelbaiadelre.com\/de\/wohnungen\/\",\"name\":\"Wohnungen | Hotel Baia del Re\",\"isPartOf\":{\"@id\":\"https:\/\/www.hotelbaiadelre.com\/de\/#website\"},\"primaryImageOfPage\":{\"@id\":\"https:\/\/www.hotelbaiadelre.com\/de\/wohnungen\/#primaryimage\"},\"image\":{\"@id\":\"https:\/\/www.hotelbaiadelre.com\/de\/wohnungen\/#primaryimage\"},\"thumbnailUrl\":\"https:\/\/www.hotelbaiadelre.com\/wp-content\/uploads\/2015\/07\/fregio.png\",\"datePublished\":\"2016-05-23T15:49:05+00:00\",\"dateModified\":\"2016-06-20T12:17:32+00:00\",\"description\":\"Wohnungen, Hotel Baia del Re:\",\"breadcrumb\":{\"@id\":\"https:\/\/www.hotelbaiadelre.com\/de\/wohnungen\/#breadcrumb\"},\"inLanguage\":\"de\",\"potentialAction\":[{\"@type\":\"ReadAction\",\"target\":[\"https:\/\/www.hotelbaiadelre.com\/de\/wohnungen\/\"]}]},{\"@type\":\"ImageObject\",\"inLanguage\":\"de\",\"@id\":\"https:\/\/www.hotelbaiadelre.com\/de\/wohnungen\/#primaryimage\",\"url\":\"https:\/\/www.hotelbaiadelre.com\/wp-content\/uploads\/2015\/07\/fregio.png\",\"contentUrl\":\"https:\/\/www.hotelbaiadelre.com\/wp-content\/uploads\/2015\/07\/fregio.png\"},{\"@type\":\"BreadcrumbList\",\"@id\":\"https:\/\/www.hotelbaiadelre.com\/de\/wohnungen\/#breadcrumb\",\"itemListElement\":[{\"@type\":\"ListItem\",\"position\":1,\"name\":\"Home\",\"item\":\"https:\/\/www.hotelbaiadelre.com\/de\/\"},{\"@type\":\"ListItem\",\"position\":2,\"name\":\"Wohnungen\"}]},{\"@type\":\"WebSite\",\"@id\":\"https:\/\/www.hotelbaiadelre.com\/de\/#website\",\"url\":\"https:\/\/www.hotelbaiadelre.com\/de\/\",\"name\":\"Hotel Baia del Re\",\"description\":\"\",\"potentialAction\":[{\"@type\":\"SearchAction\",\"target\":{\"@type\":\"EntryPoint\",\"urlTemplate\":\"https:\/\/www.hotelbaiadelre.com\/de\/?s={search_term_string}\"},\"query-input\":{\"@type\":\"PropertyValueSpecification\",\"valueRequired\":true,\"valueName\":\"search_term_string\"}}],\"inLanguage\":\"de\"}]}<\/script>\n<!-- \/ Yoast SEO plugin. -->","yoast_head_json":{"title":"Wohnungen | Hotel Baia del Re","description":"Wohnungen, Hotel Baia del Re:","robots":{"index":"index","follow":"follow","max-snippet":"max-snippet:-1","max-image-preview":"max-image-preview:large","max-video-preview":"max-video-preview:-1"},"canonical":"https:\/\/www.hotelbaiadelre.com\/de\/wohnungen\/","og_locale":"de_DE","og_type":"article","og_title":"Wohnungen | Hotel Baia del Re","og_description":"Wohnungen, Hotel Baia del Re:","og_url":"https:\/\/www.hotelbaiadelre.com\/de\/wohnungen\/","og_site_name":"Hotel Baia del Re","article_modified_time":"2016-06-20T12:17:32+00:00","og_image":[{"url":"https:\/\/www.hotelbaiadelre.com\/wp-content\/uploads\/2015\/07\/fregio.png","type":"","width":"","height":""}],"twitter_misc":{"Gesch\u00e4tzte Lesezeit":"2\u00a0Minuten"},"schema":{"@context":"https:\/\/schema.org","@graph":[{"@type":"WebPage","@id":"https:\/\/www.hotelbaiadelre.com\/de\/wohnungen\/","url":"https:\/\/www.hotelbaiadelre.com\/de\/wohnungen\/","name":"Wohnungen | Hotel Baia del Re","isPartOf":{"@id":"https:\/\/www.hotelbaiadelre.com\/de\/#website"},"primaryImageOfPage":{"@id":"https:\/\/www.hotelbaiadelre.com\/de\/wohnungen\/#primaryimage"},"image":{"@id":"https:\/\/www.hotelbaiadelre.com\/de\/wohnungen\/#primaryimage"},"thumbnailUrl":"https:\/\/www.hotelbaiadelre.com\/wp-content\/uploads\/2015\/07\/fregio.png","datePublished":"2016-05-23T15:49:05+00:00","dateModified":"2016-06-20T12:17:32+00:00","description":"Wohnungen, Hotel Baia del Re:","breadcrumb":{"@id":"https:\/\/www.hotelbaiadelre.com\/de\/wohnungen\/#breadcrumb"},"inLanguage":"de","potentialAction":[{"@type":"ReadAction","target":["https:\/\/www.hotelbaiadelre.com\/de\/wohnungen\/"]}]},{"@type":"ImageObject","inLanguage":"de","@id":"https:\/\/www.hotelbaiadelre.com\/de\/wohnungen\/#primaryimage","url":"https:\/\/www.hotelbaiadelre.com\/wp-content\/uploads\/2015\/07\/fregio.png","contentUrl":"https:\/\/www.hotelbaiadelre.com\/wp-content\/uploads\/2015\/07\/fregio.png"},{"@type":"BreadcrumbList","@id":"https:\/\/www.hotelbaiadelre.com\/de\/wohnungen\/#breadcrumb","itemListElement":[{"@type":"ListItem","position":1,"name":"Home","item":"https:\/\/www.hotelbaiadelre.com\/de\/"},{"@type":"ListItem","position":2,"name":"Wohnungen"}]},{"@type":"WebSite","@id":"https:\/\/www.hotelbaiadelre.com\/de\/#website","url":"https:\/\/www.hotelbaiadelre.com\/de\/","name":"Hotel Baia del Re","description":"","potentialAction":[{"@type":"SearchAction","target":{"@type":"EntryPoint","urlTemplate":"https:\/\/www.hotelbaiadelre.com\/de\/?s={search_term_string}"},"query-input":{"@type":"PropertyValueSpecification","valueRequired":true,"valueName":"search_term_string"}}],"inLanguage":"de"}]}},"publishpress_future_action":{"enabled":false,"date":"2026-04-24 08:58:51","action":"change-status","newStatus":"draft","terms":[],"taxonomy":"translation_priority","extraData":[]},"publishpress_future_workflow_manual_trigger":{"enabledWorkflows":[]},"_links":{"self":[{"href":"https:\/\/www.hotelbaiadelre.com\/de\/wp-json\/wp\/v2\/pages\/2757","targetHints":{"allow":["GET"]}}],"collection":[{"href":"https:\/\/www.hotelbaiadelre.com\/de\/wp-json\/wp\/v2\/pages"}],"about":[{"href":"https:\/\/www.hotelbaiadelre.com\/de\/wp-json\/wp\/v2\/types\/page"}],"author":[{"embeddable":true,"href":"https:\/\/www.hotelbaiadelre.com\/de\/wp-json\/wp\/v2\/users\/36"}],"replies":[{"embeddable":true,"href":"https:\/\/www.hotelbaiadelre.com\/de\/wp-json\/wp\/v2\/comments?post=2757"}],"version-history":[{"count":0,"href":"https:\/\/www.hotelbaiadelre.com\/de\/wp-json\/wp\/v2\/pages\/2757\/revisions"}],"wp:attachment":[{"href":"https:\/\/www.hotelbaiadelre.com\/de\/wp-json\/wp\/v2\/media?parent=2757"}],"curies":[{"name":"wp","href":"https:\/\/api.w.org\/{rel}","templated":true}]}}