{"id":2815,"date":"2013-09-03T14:20:11","date_gmt":"2013-09-03T14:20:11","guid":{"rendered":"https:\/\/www.hotelbaiadelre.com\/de\/home\/"},"modified":"2016-09-15T14:36:00","modified_gmt":"2016-09-15T14:36:00","slug":"home","status":"publish","type":"page","link":"https:\/\/www.hotelbaiadelre.com\/de\/","title":{"rendered":"Home"},"content":{"rendered":"<div class=\"wpb-content-wrapper\">[vc_row parallax_content=&#8220;parallax_content_value&#8220; css=&#8220;.vc_custom_1460731336423{margin-top: 0px !important;margin-right: 0px !important;margin-bottom: 0px !important;margin-left: 0px !important;padding-top: 0px !important;padding-right: 0px !important;padding-bottom: 0px !important;padding-left: 0px !important;}&#8220;][vc_column][\/vc_column][\/vc_row][vc_row full_height=&#8220;yes&#8220; content_placement=&#8220;middle&#8220; parallax=&#8220;content-moving&#8220; bg_type=&#8220;image&#8220; parallax_style=&#8220;vcpb-default&#8220; bg_image_new=&#8220;id^1923|url^https:\/\/www.hotelbaiadelre.com\/wp-content\/uploads\/2013\/09\/introduzione-home.jpg|caption^null|alt^null|title^introduzione-home|description^null&#8220; bg_image_repeat=&#8220;no-repeat&#8220; bg_img_attach=&#8220;fixed&#8220; parallax_content=&#8220;parallax_content_value&#8220; fadeout_row=&#8220;fadeout_row_value&#8220; el_class=&#8220;hp1&#8243;][vc_column][vc_row_inner el_class=&#8220;wrap&#8220;][vc_column_inner][vc_single_image image=&#8220;1938&#8243; img_size=&#8220;full&#8220; alignment=&#8220;center&#8220; el_class=&#8220;wrap&#8220;][vc_column_text css=&#8220;.vc_custom_1473950160031{padding-top: 35px !important;padding-right: 35px !important;padding-bottom: 35px !important;padding-left: 35px !important;background-color: rgba(255,255,255,0.8) !important;*background-color: rgb(255,255,255) !important;}&#8220;]\n<h1>Modena 4 Sterne Hotel<\/h1>\n<p class=\"testohome\">Das Hotel Real Fini Baia del Re pr\u00e4sentiert sich seinen G\u00e4sten als gem\u00fctlicher Ankunftsort in der Stadt Modena, als Oase der Ruhe und der Entspannung mitten im Gr\u00fcnen. Die Lage des Hotels ist ebenso ruhig wie strategisch: Es liegt nur wenige Kilometer von der Altstadt und genau an der Abfahrt von der wichtigsten Verkehrsader A1 &#8211; Autostrada del Sole &#8211; von Modena Sud.<\/p>\n<p class=\"testohome\">Das Hotel Real Fini Baia del Re bietet seinen G\u00e4sten 84 Zimmer mit eleganter, minimalistischer Einrichtung, 7 <strong>Konferenzs\u00e4le<\/strong>, ein <strong>Wellness- und Fitnesscenter<\/strong> und die gastronomischen K\u00f6stlichkeiten des renommierten <strong>Restaurants Baia del Re<\/strong>.<\/p>\n[\/vc_column_text][vc_single_image image=&#8220;1937&#8243; img_size=&#8220;full&#8220; alignment=&#8220;center&#8220; el_class=&#8220;wrap&#8220;][\/vc_column_inner][\/vc_row_inner][\/vc_column][\/vc_row][vc_row equal_height=&#8220;yes&#8220; content_placement=&#8220;top&#8220; parallax=&#8220;content-moving-fade&#8220; bg_type=&#8220;image&#8220; parallax_style=&#8220;vcpb-default&#8220; bg_image_repeat=&#8220;no-repeat&#8220; bg_img_attach=&#8220;fixed&#8220; parallax_content=&#8220;parallax_content_value&#8220; el_class=&#8220;hp2&#8243;][vc_column width=&#8220;1\/2&#8243; css=&#8220;.vc_custom_1461759595826{background-image: url(https:\/\/www.hotelbaiadelre.com\/wp-content\/uploads\/2013\/09\/ristorante.jpg?id=1950) !important;background-position: center !important;background-repeat: no-repeat !important;background-size: cover !important;}&#8220;][vc_empty_space height=&#8220;180px&#8220;][vc_column_text]\n<div id=\"giallo\" class=\"bestprice\">\n<h3><span class=\"sans-serif\">Unser<br \/>\n<\/span>Restaurant<\/h3>\n<\/div>\n[\/vc_column_text][vc_column_text]<img loading=\"lazy\" decoding=\"async\" class=\"aligncenter size-full wp-image-1944\" src=\"https:\/\/www.hotelbaiadelre.com\/wp-content\/uploads\/2013\/09\/baia-bar-bianco.png\" alt=\"baiadelre-ristorante\" width=\"105\" height=\"160\" \/>[\/vc_column_text][vc_single_image image=&#8220;1934&#8243; img_size=&#8220;full&#8220; alignment=&#8220;center&#8220; css_animation=&#8220;appear&#8220; css=&#8220;.vc_custom_1461753163303{padding-bottom: 30px !important;}&#8220;][vc_btn title=&#8220;Gehen Sie auf die Seite&#8220; style=&#8220;custom&#8220; custom_background=&#8220;#071832&#8243; custom_text=&#8220;#ffffff&#8220; shape=&#8220;round&#8220; size=&#8220;lg&#8220; align=&#8220;center&#8220; css_animation=&#8220;appear&#8220; link=&#8220;url:http%3A%2F%2Fwww.hotelbaiadelre.com%2Fde%2Frestaurant%2F||&#8220;][vc_single_image image=&#8220;1934&#8243; img_size=&#8220;full&#8220; alignment=&#8220;center&#8220; css_animation=&#8220;appear&#8220; css=&#8220;.vc_custom_1461753178743{padding-top: 10px !important;}&#8220;][\/vc_column][vc_column width=&#8220;1\/2&#8243; css=&#8220;.vc_custom_1461754988359{background-image: url(https:\/\/www.hotelbaiadelre.com\/wp-content\/uploads\/2013\/09\/meeting.jpg?id=1941) !important;background-position: center !important;background-repeat: no-repeat !important;background-size: cover !important;}&#8220;][vc_empty_space height=&#8220;190px&#8220;][vc_column_text]\n<div id=\"blu\" class=\"bestprice\">\n<h3><span class=\"sans-serif\">Die Tagungs<\/span><br \/>\nr\u00e4ume<\/h3>\n<\/div>\n[\/vc_column_text][vc_empty_space height=&#8220;160px&#8220;][vc_single_image image=&#8220;1934&#8243; img_size=&#8220;full&#8220; alignment=&#8220;center&#8220; css_animation=&#8220;appear&#8220; css=&#8220;.vc_custom_1461753408288{padding-bottom: 30px !important;}&#8220;][vc_btn title=&#8220;Gehen Sie auf die Seite&#8220; style=&#8220;custom&#8220; custom_background=&#8220;#a3680d&#8220; custom_text=&#8220;#ffffff&#8220; shape=&#8220;round&#8220; size=&#8220;lg&#8220; align=&#8220;center&#8220; css_animation=&#8220;appear&#8220; link=&#8220;url:http%3A%2F%2Fwww.hotelbaiadelre.com%2Fde%2Fmeetings%2F||&#8220;][vc_single_image image=&#8220;1934&#8243; img_size=&#8220;full&#8220; alignment=&#8220;center&#8220; css_animation=&#8220;appear&#8220; css=&#8220;.vc_custom_1461753421948{padding-top: 10px !important;}&#8220;][\/vc_column][\/vc_row][vc_row full_height=&#8220;yes&#8220; bg_type=&#8220;image&#8220; parallax_style=&#8220;vcpb-default&#8220; bg_image_repeat=&#8220;no-repeat&#8220; bg_img_attach=&#8220;fixed&#8220; parallax_content=&#8220;parallax_content_value&#8220; el_class=&#8220;sfumata homeoffers&#8220;][vc_column][vc_column_text el_class=&#8220;wrap&#8220;]\n<div id=\"box-offerte\">\n<h3>Sonderangebote<\/h3>\n<p><img loading=\"lazy\" decoding=\"async\" class=\"aligncenter\" src=\"https:\/\/www.hotelbaiadelre.com\/wp-content\/uploads\/2013\/09\/deco-scuro-top.png\" alt=\"Modena 4 Sterne Hotel\" width=\"468\" height=\"60\" \/><\/p>\n<div class=\"gallery-view\"><div class=\"offer-package-4\"><div style=\"position:relative; margin-left:auto; margin-right:auto; overflow:hidden; width:px;\"><a href=\"https:\/\/www.hotelbaiadelre.com\/de\/offers\/early-booking-offer-up-to-28-off\/\"><img loading=\"lazy\" decoding=\"async\" width=\"210\" height=\"210\" src=\"https:\/\/www.hotelbaiadelre.com\/wp-content\/uploads\/2020\/03\/early-booking-discount-1-210x210.jpg\" class=\"size-thumbnail\" alt=\"\" srcset=\"https:\/\/www.hotelbaiadelre.com\/wp-content\/uploads\/2020\/03\/early-booking-discount-1-210x210.jpg 210w, https:\/\/www.hotelbaiadelre.com\/wp-content\/uploads\/2020\/03\/early-booking-discount-1-140x140.jpg 140w, https:\/\/www.hotelbaiadelre.com\/wp-content\/uploads\/2020\/03\/early-booking-discount-1-32x32.jpg 32w, https:\/\/www.hotelbaiadelre.com\/wp-content\/uploads\/2020\/03\/early-booking-discount-1-128x128.jpg 128w, https:\/\/www.hotelbaiadelre.com\/wp-content\/uploads\/2020\/03\/early-booking-discount-1-268x268.jpg 268w, https:\/\/www.hotelbaiadelre.com\/wp-content\/uploads\/2020\/03\/early-booking-discount-1-440x440.jpg 440w\" sizes=\"auto, (max-width: 210px) 100vw, 210px\" \/><\/a><div class=\"background-offer-gallery\"><img decoding=\"async\" src=\"https:\/\/www.hotelbaiadelre.com\/wp-content\/uploads\/2013\/09\/bkg-white704.png\"\/><div class=\"highlight-text-gallery\"><a href=\"https:\/\/www.hotelbaiadelre.com\/de\/offers\/early-booking-offer-up-to-28-off\/\">Fr\u00fchbucherrabatt<\/a><\/div><\/div><div class=\"background-tag-gallery\"><img decoding=\"async\" src=\"https:\/\/www.hotelbaiadelre.com\/wp-content\/uploads\/2013\/09\/early-booking_icon.png\"\/><\/div><\/div><div class=\"original-price\"><\/div><div class=\"reducted-price\"><\/div><div class=\"clear\"><\/div><div class=\"offer_title\"><a href=\"https:\/\/www.hotelbaiadelre.com\/de\/offers\/early-booking-offer-up-to-28-off\/\">Early Booking Offer: up to 28% Off<\/a><\/div><div class=\"package-gallery\"><div><\/div><div><\/div><div><\/div><div><\/div><\/div><\/div><div class=\"offer-package-4\"><div style=\"position:relative; margin-left:auto; margin-right:auto; overflow:hidden; width:px;\"><a href=\"https:\/\/www.hotelbaiadelre.com\/de\/offers\/sonderangebote-fur-internet\/\"><img loading=\"lazy\" decoding=\"async\" width=\"210\" height=\"210\" src=\"https:\/\/www.hotelbaiadelre.com\/wp-content\/uploads\/2015\/07\/junior-suite-210x210.jpg\" class=\"size-thumbnail\" alt=\"\" srcset=\"https:\/\/www.hotelbaiadelre.com\/wp-content\/uploads\/2015\/07\/junior-suite-210x210.jpg 210w, https:\/\/www.hotelbaiadelre.com\/wp-content\/uploads\/2015\/07\/junior-suite-140x140.jpg 140w, https:\/\/www.hotelbaiadelre.com\/wp-content\/uploads\/2015\/07\/junior-suite-32x32.jpg 32w, https:\/\/www.hotelbaiadelre.com\/wp-content\/uploads\/2015\/07\/junior-suite-128x128.jpg 128w, https:\/\/www.hotelbaiadelre.com\/wp-content\/uploads\/2015\/07\/junior-suite-268x268.jpg 268w, https:\/\/www.hotelbaiadelre.com\/wp-content\/uploads\/2015\/07\/junior-suite-500x500.jpg 500w, https:\/\/www.hotelbaiadelre.com\/wp-content\/uploads\/2015\/07\/junior-suite-930x930.jpg 930w\" sizes=\"auto, (max-width: 210px) 100vw, 210px\" \/><\/a><div class=\"background-offer-gallery\"><img decoding=\"async\" src=\"https:\/\/www.hotelbaiadelre.com\/wp-content\/uploads\/2013\/09\/bkg-white704.png\"\/><div class=\"highlight-text-gallery\"><a href=\"https:\/\/www.hotelbaiadelre.com\/de\/offers\/sonderangebote-fur-internet\/\">Best-Preis<\/a><\/div><\/div><div class=\"background-tag-gallery\"><img decoding=\"async\" src=\"https:\/\/www.hotelbaiadelre.com\/wp-content\/uploads\/2013\/09\/best-price_icon.png\"\/><\/div><\/div><div class=\"original-price\"><\/div><div class=\"reducted-price\"><\/div><div class=\"clear\"><\/div><div class=\"offer_title\"><a href=\"https:\/\/www.hotelbaiadelre.com\/de\/offers\/sonderangebote-fur-internet\/\">Sonderangebote f\u00fcr Internet<\/a><\/div><div class=\"package-gallery\"><div>Sonderrabatt<\/div><div>Jetzt bewerben<\/div><div>2 oder mehr Personen<\/div><div>Doppelzimmer \/ Dreibettzimmer<\/div><\/div><\/div><\/div>\n<p class=\"lista\"><a href=\"https:\/\/www.hotelbaiadelre.com\/de\/sonderangebote\/\">Zur vollst\u00e4ndigen Liste gehen<\/a><\/p>\n<p><img decoding=\"async\" class=\"aligncenter\" src=\"https:\/\/www.hotelbaiadelre.com\/wp-content\/uploads\/2013\/09\/deco-scuro-bottom.png\" alt=\"\" \/><\/p>\n<\/div>\n[\/vc_column_text][\/vc_column][\/vc_row][vc_row][vc_column][vc_media_grid element_width=&#8220;3&#8243; gap=&#8220;0&#8243; item=&#8220;mediaGrid_FadeInWithIcon&#8220; grid_id=&#8220;vc_gid:1473950149367-d0bda884-c643-9&#8243; include=&#8220;1928,1927,1929,1926&#8243;][\/vc_column][\/vc_row][vc_row][vc_column][vc_column_text]\n[\/vc_column_text][\/vc_column][\/vc_row]\n<\/div>","protected":false},"excerpt":{"rendered":"<p>[vc_row parallax_content=&#8220;parallax_content_value&#8220; css=&#8220;.vc_custom_1460731336423{margin-top: 0px !important;margin-right: 0px !important;margin-bottom: 0px !important;margin-left: 0px !important;padding-top: 0px !important;padding-right: 0px !important;padding-bottom: 0px !important;padding-left: 0px !important;}&#8220;][vc_column][\/vc_column][\/vc_row][vc_row full_height=&#8220;yes&#8220; content_placement=&#8220;middle&#8220; parallax=&#8220;content-moving&#8220; bg_type=&#8220;image&#8220; parallax_style=&#8220;vcpb-default&#8220; bg_image_new=&#8220;id^1923|url^https:\/\/www.hotelbaiadelre.com\/wp-content\/uploads\/2013\/09\/introduzione-home.jpg|caption^null|alt^null|title^introduzione-home|description^null&#8220; bg_image_repeat=&#8220;no-repeat&#8220; bg_img_attach=&#8220;fixed&#8220; parallax_content=&#8220;parallax_content_value&#8220; fadeout_row=&#8220;fadeout_row_value&#8220; el_class=&#8220;hp1&#8243;][vc_column][vc_row_inner el_class=&#8220;wrap&#8220;][vc_column_inner][vc_single_image image=&#8220;1938&#8243; img_size=&#8220;full&#8220; alignment=&#8220;center&#8220; el_class=&#8220;wrap&#8220;][vc_column_text css=&#8220;.vc_custom_1473950160031{padding-top: 35px !important;padding-right: 35px !important;padding-bottom: 35px !important;padding-left: 35px !important;background-color: rgba(255,255,255,0.8) !important;*background-color: rgb(255,255,255) !important;}&#8220;] Modena 4 Sterne Hotel Das Hotel Real [&hellip;]<\/p>\n","protected":false},"author":36,"featured_media":0,"parent":0,"menu_order":0,"comment_status":"open","ping_status":"open","template":"","meta":{"_genesis_hide_title":false,"_genesis_hide_breadcrumbs":false,"_genesis_hide_singular_image":false,"_genesis_hide_footer_widgets":false,"_genesis_custom_body_class":"","_genesis_custom_post_class":"","_genesis_layout":"","footnotes":""},"class_list":{"0":"post-2815","1":"page","2":"type-page","3":"status-publish","5":"entry"},"yoast_head":"<!-- This site is optimized with the Yoast SEO plugin v25.6 - https:\/\/yoast.com\/wordpress\/plugins\/seo\/ -->\n<title>Modena 4 sterne Hotel Fini Baia del Re | Officiele Seite | Sitzung Hotel Modena<\/title>\n<meta name=\"description\" content=\"Sitzung Hotel Fini Baia del Re ist ein Modena 4 sterne Hotel, das in das Gr\u00fcn, n\u00e4he der Modena-Seifenl\u00f6sungsausgang der Landstra\u00dfe A1 eingetaucht wird.\" \/>\n<meta name=\"robots\" content=\"index, follow, max-snippet:-1, max-image-preview:large, max-video-preview:-1\" \/>\n<link rel=\"canonical\" href=\"https:\/\/www.hotelbaiadelre.com\/de\/\" \/>\n<meta property=\"og:locale\" content=\"de_DE\" \/>\n<meta property=\"og:type\" content=\"article\" \/>\n<meta property=\"og:title\" content=\"Modena 4 sterne Hotel Fini Baia del Re | Officiele Seite | Sitzung Hotel Modena\" \/>\n<meta property=\"og:description\" content=\"Sitzung Hotel Fini Baia del Re ist ein Modena 4 sterne Hotel, das in das Gr\u00fcn, n\u00e4he der Modena-Seifenl\u00f6sungsausgang der Landstra\u00dfe A1 eingetaucht wird.\" \/>\n<meta property=\"og:url\" content=\"https:\/\/www.hotelbaiadelre.com\/de\/\" \/>\n<meta property=\"og:site_name\" content=\"Hotel Baia del Re\" \/>\n<meta property=\"article:modified_time\" content=\"2016-09-15T14:36:00+00:00\" \/>\n<meta property=\"og:image\" content=\"https:\/\/www.hotelbaiadelre.com\/wp-content\/uploads\/2013\/09\/baia-bar-bianco.png\" \/>\n<meta name=\"twitter:label1\" content=\"Gesch\u00e4tzte Lesezeit\" \/>\n\t<meta name=\"twitter:data1\" content=\"3\u00a0Minuten\" \/>\n<script type=\"application\/ld+json\" class=\"yoast-schema-graph\">{\"@context\":\"https:\/\/schema.org\",\"@graph\":[{\"@type\":\"WebPage\",\"@id\":\"https:\/\/www.hotelbaiadelre.com\/de\/\",\"url\":\"https:\/\/www.hotelbaiadelre.com\/de\/\",\"name\":\"Modena 4 sterne Hotel Fini Baia del Re | Officiele Seite | Sitzung Hotel Modena\",\"isPartOf\":{\"@id\":\"https:\/\/www.hotelbaiadelre.com\/de\/#website\"},\"primaryImageOfPage\":{\"@id\":\"https:\/\/www.hotelbaiadelre.com\/de\/#primaryimage\"},\"image\":{\"@id\":\"https:\/\/www.hotelbaiadelre.com\/de\/#primaryimage\"},\"thumbnailUrl\":\"https:\/\/www.hotelbaiadelre.com\/wp-content\/uploads\/2013\/09\/baia-bar-bianco.png\",\"datePublished\":\"2013-09-03T14:20:11+00:00\",\"dateModified\":\"2016-09-15T14:36:00+00:00\",\"description\":\"Sitzung Hotel Fini Baia del Re ist ein Modena 4 sterne Hotel, das in das Gr\u00fcn, n\u00e4he der Modena-Seifenl\u00f6sungsausgang der Landstra\u00dfe A1 eingetaucht wird.\",\"breadcrumb\":{\"@id\":\"https:\/\/www.hotelbaiadelre.com\/de\/#breadcrumb\"},\"inLanguage\":\"de\",\"potentialAction\":[{\"@type\":\"ReadAction\",\"target\":[\"https:\/\/www.hotelbaiadelre.com\/de\/\"]}]},{\"@type\":\"ImageObject\",\"inLanguage\":\"de\",\"@id\":\"https:\/\/www.hotelbaiadelre.com\/de\/#primaryimage\",\"url\":\"https:\/\/www.hotelbaiadelre.com\/wp-content\/uploads\/2013\/09\/baia-bar-bianco.png\",\"contentUrl\":\"https:\/\/www.hotelbaiadelre.com\/wp-content\/uploads\/2013\/09\/baia-bar-bianco.png\"},{\"@type\":\"BreadcrumbList\",\"@id\":\"https:\/\/www.hotelbaiadelre.com\/de\/#breadcrumb\",\"itemListElement\":[{\"@type\":\"ListItem\",\"position\":1,\"name\":\"Home\",\"item\":\"https:\/\/www.hotelbaiadelre.com\/de\/\"},{\"@type\":\"ListItem\",\"position\":2,\"name\":\"Home\"}]},{\"@type\":\"WebSite\",\"@id\":\"https:\/\/www.hotelbaiadelre.com\/de\/#website\",\"url\":\"https:\/\/www.hotelbaiadelre.com\/de\/\",\"name\":\"Hotel Baia del Re\",\"description\":\"\",\"potentialAction\":[{\"@type\":\"SearchAction\",\"target\":{\"@type\":\"EntryPoint\",\"urlTemplate\":\"https:\/\/www.hotelbaiadelre.com\/de\/?s={search_term_string}\"},\"query-input\":{\"@type\":\"PropertyValueSpecification\",\"valueRequired\":true,\"valueName\":\"search_term_string\"}}],\"inLanguage\":\"de\"}]}<\/script>\n<!-- \/ Yoast SEO plugin. -->","yoast_head_json":{"title":"Modena 4 sterne Hotel Fini Baia del Re | Officiele Seite | Sitzung Hotel Modena","description":"Sitzung Hotel Fini Baia del Re ist ein Modena 4 sterne Hotel, das in das Gr\u00fcn, n\u00e4he der Modena-Seifenl\u00f6sungsausgang der Landstra\u00dfe A1 eingetaucht wird.","robots":{"index":"index","follow":"follow","max-snippet":"max-snippet:-1","max-image-preview":"max-image-preview:large","max-video-preview":"max-video-preview:-1"},"canonical":"https:\/\/www.hotelbaiadelre.com\/de\/","og_locale":"de_DE","og_type":"article","og_title":"Modena 4 sterne Hotel Fini Baia del Re | Officiele Seite | Sitzung Hotel Modena","og_description":"Sitzung Hotel Fini Baia del Re ist ein Modena 4 sterne Hotel, das in das Gr\u00fcn, n\u00e4he der Modena-Seifenl\u00f6sungsausgang der Landstra\u00dfe A1 eingetaucht wird.","og_url":"https:\/\/www.hotelbaiadelre.com\/de\/","og_site_name":"Hotel Baia del Re","article_modified_time":"2016-09-15T14:36:00+00:00","og_image":[{"url":"https:\/\/www.hotelbaiadelre.com\/wp-content\/uploads\/2013\/09\/baia-bar-bianco.png","type":"","width":"","height":""}],"twitter_misc":{"Gesch\u00e4tzte Lesezeit":"3\u00a0Minuten"},"schema":{"@context":"https:\/\/schema.org","@graph":[{"@type":"WebPage","@id":"https:\/\/www.hotelbaiadelre.com\/de\/","url":"https:\/\/www.hotelbaiadelre.com\/de\/","name":"Modena 4 sterne Hotel Fini Baia del Re | Officiele Seite | Sitzung Hotel Modena","isPartOf":{"@id":"https:\/\/www.hotelbaiadelre.com\/de\/#website"},"primaryImageOfPage":{"@id":"https:\/\/www.hotelbaiadelre.com\/de\/#primaryimage"},"image":{"@id":"https:\/\/www.hotelbaiadelre.com\/de\/#primaryimage"},"thumbnailUrl":"https:\/\/www.hotelbaiadelre.com\/wp-content\/uploads\/2013\/09\/baia-bar-bianco.png","datePublished":"2013-09-03T14:20:11+00:00","dateModified":"2016-09-15T14:36:00+00:00","description":"Sitzung Hotel Fini Baia del Re ist ein Modena 4 sterne Hotel, das in das Gr\u00fcn, n\u00e4he der Modena-Seifenl\u00f6sungsausgang der Landstra\u00dfe A1 eingetaucht wird.","breadcrumb":{"@id":"https:\/\/www.hotelbaiadelre.com\/de\/#breadcrumb"},"inLanguage":"de","potentialAction":[{"@type":"ReadAction","target":["https:\/\/www.hotelbaiadelre.com\/de\/"]}]},{"@type":"ImageObject","inLanguage":"de","@id":"https:\/\/www.hotelbaiadelre.com\/de\/#primaryimage","url":"https:\/\/www.hotelbaiadelre.com\/wp-content\/uploads\/2013\/09\/baia-bar-bianco.png","contentUrl":"https:\/\/www.hotelbaiadelre.com\/wp-content\/uploads\/2013\/09\/baia-bar-bianco.png"},{"@type":"BreadcrumbList","@id":"https:\/\/www.hotelbaiadelre.com\/de\/#breadcrumb","itemListElement":[{"@type":"ListItem","position":1,"name":"Home","item":"https:\/\/www.hotelbaiadelre.com\/de\/"},{"@type":"ListItem","position":2,"name":"Home"}]},{"@type":"WebSite","@id":"https:\/\/www.hotelbaiadelre.com\/de\/#website","url":"https:\/\/www.hotelbaiadelre.com\/de\/","name":"Hotel Baia del Re","description":"","potentialAction":[{"@type":"SearchAction","target":{"@type":"EntryPoint","urlTemplate":"https:\/\/www.hotelbaiadelre.com\/de\/?s={search_term_string}"},"query-input":{"@type":"PropertyValueSpecification","valueRequired":true,"valueName":"search_term_string"}}],"inLanguage":"de"}]}},"publishpress_future_action":{"enabled":false,"date":"2026-05-09 07:09:41","action":"change-status","newStatus":"draft","terms":[],"taxonomy":"translation_priority","extraData":[]},"publishpress_future_workflow_manual_trigger":{"enabledWorkflows":[]},"_links":{"self":[{"href":"https:\/\/www.hotelbaiadelre.com\/de\/wp-json\/wp\/v2\/pages\/2815","targetHints":{"allow":["GET"]}}],"collection":[{"href":"https:\/\/www.hotelbaiadelre.com\/de\/wp-json\/wp\/v2\/pages"}],"about":[{"href":"https:\/\/www.hotelbaiadelre.com\/de\/wp-json\/wp\/v2\/types\/page"}],"author":[{"embeddable":true,"href":"https:\/\/www.hotelbaiadelre.com\/de\/wp-json\/wp\/v2\/users\/36"}],"replies":[{"embeddable":true,"href":"https:\/\/www.hotelbaiadelre.com\/de\/wp-json\/wp\/v2\/comments?post=2815"}],"version-history":[{"count":4,"href":"https:\/\/www.hotelbaiadelre.com\/de\/wp-json\/wp\/v2\/pages\/2815\/revisions"}],"predecessor-version":[{"id":3523,"href":"https:\/\/www.hotelbaiadelre.com\/de\/wp-json\/wp\/v2\/pages\/2815\/revisions\/3523"}],"wp:attachment":[{"href":"https:\/\/www.hotelbaiadelre.com\/de\/wp-json\/wp\/v2\/media?parent=2815"}],"curies":[{"name":"wp","href":"https:\/\/api.w.org\/{rel}","templated":true}]}}