{"id":4163,"date":"2022-11-07T13:37:50","date_gmt":"2022-11-07T13:37:50","guid":{"rendered":"https:\/\/www.hotelbaiadelre.com\/cookie-policy\/"},"modified":"2026-03-03T10:09:31","modified_gmt":"2026-03-03T10:09:31","slug":"cookie-policy","status":"publish","type":"page","link":"https:\/\/www.hotelbaiadelre.com\/de\/cookie-policy\/","title":{"rendered":"Cookie Policy"},"content":{"rendered":"<div class=\"wpb-content-wrapper\">[vc_row el_class=&#8220;wrap&#8220;][vc_column][vc_empty_space height=&#8220;50px&#8220;][vc_column_text css=&#8220;.vc_custom_1772532568314{padding-top: 0px !important;}&#8220;]\n<h2>Cookie Policy &#8211; Marea s.r.l.<\/h2>\n<p>Letztes Update: 07\/11\/2022 &#8211; V. 1.0<\/p>\n<p><b>Wo zu dient dieses Dokument? <\/b><b><br \/>\n<\/b>Diese Cookie-Richtlinie enth\u00e4lt Informationen \u00fcber die verschiedenen Arten von Cookies, die bei Ihrem Besuch auf Ihren Ger\u00e4ten installiert werden k\u00f6nnen <a href=\"https:\/\/www.hotelbaiadelre.com\/de\/\">www.hotelbaiadelre.com<\/a><\/p>\n<h3><b>Verantwortliche und Kontaktdaten<\/b><\/h3>\n<p>Verantwortlicher f\u00fcr die Datenverarbeitung ist Marea. S.r.l.,\u2028 VAT 02673370363,\u2028 Strada Vignolese 1684, 41126-Modena (MO)<br \/>\ne-mail: <a href=\"mailto:andrea.balli@hrf.it\">andrea.balli@hrf.it<\/a> &#8211; \u2028tel.: 059 4792111,\u2028 fax: 059 4792190.<\/p>\n<p><strong>\u2028\u2028Datenschutzbeauftragter<\/strong><br \/>\nDer Datenschutzbeauftragte ist Roberto Brighenti,\u2028 c\/o Marea S.r.l., Strada Vignolese 1684, 41126-Modena (MO)<br \/>\ne-mail: <a href=\"mailto:roberto.brighenti@hrf.it\">roberto.brighenti@hrf.it<\/a> &#8211; tel.: 059 4792111.[\/vc_column_text][vc_column_text css=&#8220;&#8220;]\n<h3>Cookie-Liste<\/h3>\n[\/vc_column_text][vc_raw_js]JTNDc2NyaXB0JTIwaWQlM0QlMjJDb29raWVEZWNsYXJhdGlvbiUyMiUyMHNyYyUzRCUyMmh0dHBzJTNBJTJGJTJGY29uc2VudC5jb29raWVib3QuY29tJTJGYzBjYjE2OTgtYWE5ZC00MmM5LWJhODktMzUzODgxMTgxNGE5JTJGY2QuanMlMjIlMjB0eXBlJTNEJTIydGV4dCUyRmphdmFzY3JpcHQlMjIlMjBhc3luYyUzRSUzQyUyRnNjcmlwdCUzRQ==[\/vc_raw_js][vc_column_text css=&#8220;&#8220;]\n<h3><b>Wie kann ich sie deaktivieren?<\/b><\/h3>\n<table>\n<tbody>\n<tr>\n<td><b>Name<\/b><\/td>\n<td><b>Link<\/b><\/td>\n<\/tr>\n<tr>\n<td>Google Chrome<\/td>\n<td><a href=\"https:\/\/support.google.com\/chrome\/answer\/95647\">https:\/\/support.google.com\/chrome\/answer\/95647<\/a><\/td>\n<\/tr>\n<tr>\n<td>Safari<\/td>\n<td><a href=\"https:\/\/support.apple.com\/it-ie\/guide\/safari\/sfri11471\/mac\">https:\/\/support.apple.com\/it-ie\/guide\/safari\/sfri11471\/mac<\/a><\/td>\n<\/tr>\n<tr>\n<td>Firefox<\/td>\n<td><a href=\"https:\/\/support.mozilla.org\/it\/kb\/Gestione%20dei%20cookie\">https:\/\/support.mozilla.org\/it\/kb\/Gestione%20dei%20cookie<\/a><\/td>\n<\/tr>\n<tr>\n<td>Internet Explorer<\/td>\n<td><a href=\"https:\/\/support.microsoft.com\/en-us\/topic\/delete-and-manage-cookies-168dab11-0753-043d-7c16-ede5947fc64d\">https:\/\/support.microsoft.com\/en-us\/topic\/delete-and-manage-cookies-168dab11-0753-043d-7c16-ede5947fc64d<\/a><\/td>\n<\/tr>\n<\/tbody>\n<\/table>\n<h3><b>\u00c4nderungen an der Cookie-Richtlinie<\/b><\/h3>\n<\/p><p>Diese Cookie-Richtlinie kann im Laufe der Zeit \u00c4nderungen unterliegen, einschlie\u00dflich solcher im Zusammenhang mit dem m\u00f6glichen Inkrafttreten neuer gesetzlicher Vorschriften, der Aktualisierung oder Bereitstellung neuer Dienste oder technologischer Innovationen. Bitte konsultieren Sie diese Seite daher regelm\u00e4\u00dfig.[\/vc_column_text][vc_empty_space height=&#8220;50px&#8220;][\/vc_column][\/vc_row]\n<\/p><\/div>","protected":false},"excerpt":{"rendered":"<p>[vc_row el_class=&#8220;wrap&#8220;][vc_column][vc_empty_space height=&#8220;50px&#8220;][vc_column_text css=&#8220;.vc_custom_1772532568314{padding-top: 0px !important;}&#8220;] Cookie Policy &#8211; Marea s.r.l. Letztes Update: 07\/11\/2022 &#8211; V. 1.0 Wo zu dient dieses Dokument? Diese Cookie-Richtlinie enth\u00e4lt Informationen \u00fcber die verschiedenen Arten von Cookies, die bei Ihrem Besuch auf Ihren Ger\u00e4ten installiert werden k\u00f6nnen www.hotelbaiadelre.com Verantwortliche und Kontaktdaten Verantwortlicher f\u00fcr die Datenverarbeitung ist Marea. S.r.l.,\u2028 VAT 02673370363,\u2028 [&hellip;]<\/p>\n","protected":false},"author":36,"featured_media":0,"parent":0,"menu_order":0,"comment_status":"closed","ping_status":"closed","template":"","meta":{"_genesis_hide_title":false,"_genesis_hide_breadcrumbs":false,"_genesis_hide_singular_image":false,"_genesis_hide_footer_widgets":false,"_genesis_custom_body_class":"galleria","_genesis_custom_post_class":"","_genesis_layout":"","footnotes":""},"class_list":{"0":"post-4163","1":"page","2":"type-page","3":"status-publish","5":"entry"},"yoast_head":"<!-- This site is optimized with the Yoast SEO plugin v25.6 - https:\/\/yoast.com\/wordpress\/plugins\/seo\/ -->\n<title>Cookie Policy | Hotel Baia del Re<\/title>\n<meta name=\"description\" content=\"Cookie Policy, Hotel Baia del Re:\" \/>\n<meta name=\"robots\" content=\"index, follow, max-snippet:-1, max-image-preview:large, max-video-preview:-1\" \/>\n<link rel=\"canonical\" href=\"https:\/\/www.hotelbaiadelre.com\/de\/cookie-policy\/\" \/>\n<meta property=\"og:locale\" content=\"de_DE\" \/>\n<meta property=\"og:type\" content=\"article\" \/>\n<meta property=\"og:title\" content=\"Cookie Policy | Hotel Baia del Re\" \/>\n<meta property=\"og:description\" content=\"Cookie Policy, Hotel Baia del Re:\" \/>\n<meta property=\"og:url\" content=\"https:\/\/www.hotelbaiadelre.com\/de\/cookie-policy\/\" \/>\n<meta property=\"og:site_name\" content=\"Hotel Baia del Re\" \/>\n<meta property=\"article:modified_time\" content=\"2026-03-03T10:09:31+00:00\" \/>\n<meta name=\"twitter:label1\" content=\"Gesch\u00e4tzte Lesezeit\" \/>\n\t<meta name=\"twitter:data1\" content=\"1\u00a0Minute\" \/>\n<script type=\"application\/ld+json\" class=\"yoast-schema-graph\">{\"@context\":\"https:\/\/schema.org\",\"@graph\":[{\"@type\":\"WebPage\",\"@id\":\"https:\/\/www.hotelbaiadelre.com\/de\/cookie-policy\/\",\"url\":\"https:\/\/www.hotelbaiadelre.com\/de\/cookie-policy\/\",\"name\":\"Cookie Policy | Hotel Baia del Re\",\"isPartOf\":{\"@id\":\"https:\/\/www.hotelbaiadelre.com\/de\/#website\"},\"datePublished\":\"2022-11-07T13:37:50+00:00\",\"dateModified\":\"2026-03-03T10:09:31+00:00\",\"description\":\"Cookie Policy, Hotel Baia del Re:\",\"breadcrumb\":{\"@id\":\"https:\/\/www.hotelbaiadelre.com\/de\/cookie-policy\/#breadcrumb\"},\"inLanguage\":\"de\",\"potentialAction\":[{\"@type\":\"ReadAction\",\"target\":[\"https:\/\/www.hotelbaiadelre.com\/de\/cookie-policy\/\"]}]},{\"@type\":\"BreadcrumbList\",\"@id\":\"https:\/\/www.hotelbaiadelre.com\/de\/cookie-policy\/#breadcrumb\",\"itemListElement\":[{\"@type\":\"ListItem\",\"position\":1,\"name\":\"Home\",\"item\":\"https:\/\/www.hotelbaiadelre.com\/de\/\"},{\"@type\":\"ListItem\",\"position\":2,\"name\":\"Cookie Policy\"}]},{\"@type\":\"WebSite\",\"@id\":\"https:\/\/www.hotelbaiadelre.com\/de\/#website\",\"url\":\"https:\/\/www.hotelbaiadelre.com\/de\/\",\"name\":\"Hotel Baia del Re\",\"description\":\"\",\"potentialAction\":[{\"@type\":\"SearchAction\",\"target\":{\"@type\":\"EntryPoint\",\"urlTemplate\":\"https:\/\/www.hotelbaiadelre.com\/de\/?s={search_term_string}\"},\"query-input\":{\"@type\":\"PropertyValueSpecification\",\"valueRequired\":true,\"valueName\":\"search_term_string\"}}],\"inLanguage\":\"de\"}]}<\/script>\n<!-- \/ Yoast SEO plugin. -->","yoast_head_json":{"title":"Cookie Policy | Hotel Baia del Re","description":"Cookie Policy, Hotel Baia del Re:","robots":{"index":"index","follow":"follow","max-snippet":"max-snippet:-1","max-image-preview":"max-image-preview:large","max-video-preview":"max-video-preview:-1"},"canonical":"https:\/\/www.hotelbaiadelre.com\/de\/cookie-policy\/","og_locale":"de_DE","og_type":"article","og_title":"Cookie Policy | Hotel Baia del Re","og_description":"Cookie Policy, Hotel Baia del Re:","og_url":"https:\/\/www.hotelbaiadelre.com\/de\/cookie-policy\/","og_site_name":"Hotel Baia del Re","article_modified_time":"2026-03-03T10:09:31+00:00","twitter_misc":{"Gesch\u00e4tzte Lesezeit":"1\u00a0Minute"},"schema":{"@context":"https:\/\/schema.org","@graph":[{"@type":"WebPage","@id":"https:\/\/www.hotelbaiadelre.com\/de\/cookie-policy\/","url":"https:\/\/www.hotelbaiadelre.com\/de\/cookie-policy\/","name":"Cookie Policy | Hotel Baia del Re","isPartOf":{"@id":"https:\/\/www.hotelbaiadelre.com\/de\/#website"},"datePublished":"2022-11-07T13:37:50+00:00","dateModified":"2026-03-03T10:09:31+00:00","description":"Cookie Policy, Hotel Baia del Re:","breadcrumb":{"@id":"https:\/\/www.hotelbaiadelre.com\/de\/cookie-policy\/#breadcrumb"},"inLanguage":"de","potentialAction":[{"@type":"ReadAction","target":["https:\/\/www.hotelbaiadelre.com\/de\/cookie-policy\/"]}]},{"@type":"BreadcrumbList","@id":"https:\/\/www.hotelbaiadelre.com\/de\/cookie-policy\/#breadcrumb","itemListElement":[{"@type":"ListItem","position":1,"name":"Home","item":"https:\/\/www.hotelbaiadelre.com\/de\/"},{"@type":"ListItem","position":2,"name":"Cookie Policy"}]},{"@type":"WebSite","@id":"https:\/\/www.hotelbaiadelre.com\/de\/#website","url":"https:\/\/www.hotelbaiadelre.com\/de\/","name":"Hotel Baia del Re","description":"","potentialAction":[{"@type":"SearchAction","target":{"@type":"EntryPoint","urlTemplate":"https:\/\/www.hotelbaiadelre.com\/de\/?s={search_term_string}"},"query-input":{"@type":"PropertyValueSpecification","valueRequired":true,"valueName":"search_term_string"}}],"inLanguage":"de"}]}},"publishpress_future_action":{"enabled":false,"date":"2026-04-22 19:27:51","action":"change-status","newStatus":"draft","terms":[],"taxonomy":"translation_priority","extraData":[]},"publishpress_future_workflow_manual_trigger":{"enabledWorkflows":[]},"_links":{"self":[{"href":"https:\/\/www.hotelbaiadelre.com\/de\/wp-json\/wp\/v2\/pages\/4163","targetHints":{"allow":["GET"]}}],"collection":[{"href":"https:\/\/www.hotelbaiadelre.com\/de\/wp-json\/wp\/v2\/pages"}],"about":[{"href":"https:\/\/www.hotelbaiadelre.com\/de\/wp-json\/wp\/v2\/types\/page"}],"author":[{"embeddable":true,"href":"https:\/\/www.hotelbaiadelre.com\/de\/wp-json\/wp\/v2\/users\/36"}],"replies":[{"embeddable":true,"href":"https:\/\/www.hotelbaiadelre.com\/de\/wp-json\/wp\/v2\/comments?post=4163"}],"version-history":[{"count":3,"href":"https:\/\/www.hotelbaiadelre.com\/de\/wp-json\/wp\/v2\/pages\/4163\/revisions"}],"predecessor-version":[{"id":4517,"href":"https:\/\/www.hotelbaiadelre.com\/de\/wp-json\/wp\/v2\/pages\/4163\/revisions\/4517"}],"wp:attachment":[{"href":"https:\/\/www.hotelbaiadelre.com\/de\/wp-json\/wp\/v2\/media?parent=4163"}],"curies":[{"name":"wp","href":"https:\/\/api.w.org\/{rel}","templated":true}]}}