{"id":2549,"date":"2016-05-24T08:52:27","date_gmt":"2016-05-24T08:52:27","guid":{"rendered":"https:\/\/www.hotelbaiadelre.com\/es\/prenotazioni\/"},"modified":"2019-01-31T14:55:00","modified_gmt":"2019-01-31T14:55:00","slug":"reservas","status":"publish","type":"page","link":"https:\/\/www.hotelbaiadelre.com\/es\/reservas\/","title":{"rendered":"Reservas"},"content":{"rendered":"<div class=\"wpb-content-wrapper\">[vc_row full_height=\u00bbyes\u00bb parallax=\u00bbcontent-moving\u00bb bg_type=\u00bbimage\u00bb parallax_style=\u00bbvcpb-default\u00bb bg_image_new=\u00bbid^2277|url^https:\/\/www.hotelbaiadelre.com\/wp-content\/uploads\/2016\/05\/reception-1.jpg|caption^null|alt^null|title^reception|description^null\u00bb bg_image_repeat=\u00bbno-repeat\u00bb bg_img_attach=\u00bbfixed\u00bb parallax_content=\u00bbparallax_content_value\u00bb][vc_column][vc_column_text]\n<div class=\"payoff\">\n<h1>Reservas<\/h1>\n<\/div>\n[\/vc_column_text][\/vc_column][\/vc_row][vc_row el_class=\u00bbcontenuto\u00bb][vc_column][vc_empty_space height=\u00bb50px\u00bb][vc_row_inner el_class=\u00bbwrap\u00bb][vc_column_inner width=\u00bb1\/2&#8243;][vc_column_text css=\u00bb.vc_custom_1465916231239{padding-top: 0px !important;}\u00bb]\n<h3><a href=\"https:\/\/book.hotelbaiadelre.com\/accommodation\/list?channelId=757b149b-7aa1-4102-a442-8a7a54f5744d&#038;culture=es\">Comprobar precios y disponibilidad on-line<\/a><\/h3>\n<p>\u00bfDesea verificar los precios y la disponibilidad o desea reservar de inmediato para asegurarse el alojamiento? Utilice nuestro sistema de reserva online, sencillo y seguro. Si el sistema no satisface sus necesidades, le rogamos nos contacte utilizando el formulario de solicitud de disponibilidad.[\/vc_column_text][\/vc_column_inner][vc_column_inner width=\u00bb1\/2&#8243;][vc_column_text css=\u00bb.vc_custom_1465916261725{padding-top: 0px !important;}\u00bb]\n<h3><a href=\"https:\/\/www.hotelbaiadelre.com\/es\/request-es\/\">Solicitud de informaciones<\/a><\/h3>\n<\/p><p>\u00bfPrefiere pedir informaci\u00f3n por e-mail a nuestro personal? \u00bfTiene alguna petici\u00f3n en particular que nuestro sistema de reserva online no le satisface? Rellene el formulario de solicitud de disponibilidad y recibir\u00e1 todas las respuestas que desee directamente en su buz\u00f3n de correo electr\u00f3nico.[\/vc_column_text][\/vc_column_inner][\/vc_row_inner][vc_column_text el_class=\u00bbwrap\u00bb css=\u00bb.vc_custom_1465916287387{padding-top: 20px !important;padding-right: 10px !important;padding-bottom: 50px !important;padding-left: 10px !important;}\u00bb]\n<h3>Transacciones seguras<\/h3>\n<\/p><p>Para confirmar las reservas con tarjeta de cr\u00e9dito, este sitio utiliza un servidor seguro conforme al est\u00e1ndar mundial de encriptado Secure Socket Layer (SSL) de 256 bits.[\/vc_column_text][\/vc_column][\/vc_row]\n<\/p><\/div>","protected":false},"excerpt":{"rendered":"<p>[vc_row full_height=\u00bbyes\u00bb parallax=\u00bbcontent-moving\u00bb bg_type=\u00bbimage\u00bb parallax_style=\u00bbvcpb-default\u00bb bg_image_new=\u00bbid^2277|url^https:\/\/www.hotelbaiadelre.com\/wp-content\/uploads\/2016\/05\/reception-1.jpg|caption^null|alt^null|title^reception|description^null\u00bb bg_image_repeat=\u00bbno-repeat\u00bb bg_img_attach=\u00bbfixed\u00bb parallax_content=\u00bbparallax_content_value\u00bb][vc_column][vc_column_text] Reservas [\/vc_column_text][\/vc_column][\/vc_row][vc_row el_class=\u00bbcontenuto\u00bb][vc_column][vc_empty_space height=\u00bb50px\u00bb][vc_row_inner el_class=\u00bbwrap\u00bb][vc_column_inner width=\u00bb1\/2&#8243;][vc_column_text css=\u00bb.vc_custom_1465916231239{padding-top: 0px !important;}\u00bb] Comprobar precios y disponibilidad on-line \u00bfDesea verificar los precios y la disponibilidad o desea reservar de inmediato para asegurarse el alojamiento? Utilice nuestro sistema de reserva online, sencillo y seguro. Si el sistema no satisface sus necesidades, [&hellip;]<\/p>\n","protected":false},"author":36,"featured_media":0,"parent":0,"menu_order":0,"comment_status":"closed","ping_status":"closed","template":"","meta":{"_genesis_hide_title":false,"_genesis_hide_breadcrumbs":false,"_genesis_hide_singular_image":false,"_genesis_hide_footer_widgets":false,"_genesis_custom_body_class":"","_genesis_custom_post_class":"","_genesis_layout":"","footnotes":""},"class_list":{"0":"post-2549","1":"page","2":"type-page","3":"status-publish","5":"entry"},"yoast_head":"<!-- This site is optimized with the Yoast SEO plugin v25.6 - https:\/\/yoast.com\/wordpress\/plugins\/seo\/ -->\n<title>Reservas | Hotel Baia del Re<\/title>\n<meta name=\"description\" content=\"Reservas, Hotel Baia del Re:\" \/>\n<meta name=\"robots\" content=\"index, follow, max-snippet:-1, max-image-preview:large, max-video-preview:-1\" \/>\n<link rel=\"canonical\" href=\"https:\/\/www.hotelbaiadelre.com\/es\/reservas\/\" \/>\n<meta property=\"og:locale\" content=\"es_ES\" \/>\n<meta property=\"og:type\" content=\"article\" \/>\n<meta property=\"og:title\" content=\"Reservas | Hotel Baia del Re\" \/>\n<meta property=\"og:description\" content=\"Reservas, Hotel Baia del Re:\" \/>\n<meta property=\"og:url\" content=\"https:\/\/www.hotelbaiadelre.com\/es\/reservas\/\" \/>\n<meta property=\"og:site_name\" content=\"Hotel Baia del Re\" \/>\n<meta property=\"article:modified_time\" content=\"2019-01-31T14:55:00+00:00\" \/>\n<meta name=\"twitter:label1\" content=\"Tiempo de lectura\" \/>\n\t<meta name=\"twitter:data1\" content=\"1 minuto\" \/>\n<script type=\"application\/ld+json\" class=\"yoast-schema-graph\">{\"@context\":\"https:\/\/schema.org\",\"@graph\":[{\"@type\":\"WebPage\",\"@id\":\"https:\/\/www.hotelbaiadelre.com\/es\/reservas\/\",\"url\":\"https:\/\/www.hotelbaiadelre.com\/es\/reservas\/\",\"name\":\"Reservas | Hotel Baia del Re\",\"isPartOf\":{\"@id\":\"https:\/\/www.hotelbaiadelre.com\/es\/#website\"},\"datePublished\":\"2016-05-24T08:52:27+00:00\",\"dateModified\":\"2019-01-31T14:55:00+00:00\",\"description\":\"Reservas, Hotel Baia del Re:\",\"breadcrumb\":{\"@id\":\"https:\/\/www.hotelbaiadelre.com\/es\/reservas\/#breadcrumb\"},\"inLanguage\":\"es\",\"potentialAction\":[{\"@type\":\"ReadAction\",\"target\":[\"https:\/\/www.hotelbaiadelre.com\/es\/reservas\/\"]}]},{\"@type\":\"BreadcrumbList\",\"@id\":\"https:\/\/www.hotelbaiadelre.com\/es\/reservas\/#breadcrumb\",\"itemListElement\":[{\"@type\":\"ListItem\",\"position\":1,\"name\":\"Home\",\"item\":\"https:\/\/www.hotelbaiadelre.com\/es\/\"},{\"@type\":\"ListItem\",\"position\":2,\"name\":\"Reservas\"}]},{\"@type\":\"WebSite\",\"@id\":\"https:\/\/www.hotelbaiadelre.com\/es\/#website\",\"url\":\"https:\/\/www.hotelbaiadelre.com\/es\/\",\"name\":\"Hotel Baia del Re\",\"description\":\"\",\"potentialAction\":[{\"@type\":\"SearchAction\",\"target\":{\"@type\":\"EntryPoint\",\"urlTemplate\":\"https:\/\/www.hotelbaiadelre.com\/es\/?s={search_term_string}\"},\"query-input\":{\"@type\":\"PropertyValueSpecification\",\"valueRequired\":true,\"valueName\":\"search_term_string\"}}],\"inLanguage\":\"es\"}]}<\/script>\n<!-- \/ Yoast SEO plugin. -->","yoast_head_json":{"title":"Reservas | Hotel Baia del Re","description":"Reservas, Hotel Baia del Re:","robots":{"index":"index","follow":"follow","max-snippet":"max-snippet:-1","max-image-preview":"max-image-preview:large","max-video-preview":"max-video-preview:-1"},"canonical":"https:\/\/www.hotelbaiadelre.com\/es\/reservas\/","og_locale":"es_ES","og_type":"article","og_title":"Reservas | Hotel Baia del Re","og_description":"Reservas, Hotel Baia del Re:","og_url":"https:\/\/www.hotelbaiadelre.com\/es\/reservas\/","og_site_name":"Hotel Baia del Re","article_modified_time":"2019-01-31T14:55:00+00:00","twitter_misc":{"Tiempo de lectura":"1 minuto"},"schema":{"@context":"https:\/\/schema.org","@graph":[{"@type":"WebPage","@id":"https:\/\/www.hotelbaiadelre.com\/es\/reservas\/","url":"https:\/\/www.hotelbaiadelre.com\/es\/reservas\/","name":"Reservas | Hotel Baia del Re","isPartOf":{"@id":"https:\/\/www.hotelbaiadelre.com\/es\/#website"},"datePublished":"2016-05-24T08:52:27+00:00","dateModified":"2019-01-31T14:55:00+00:00","description":"Reservas, Hotel Baia del Re:","breadcrumb":{"@id":"https:\/\/www.hotelbaiadelre.com\/es\/reservas\/#breadcrumb"},"inLanguage":"es","potentialAction":[{"@type":"ReadAction","target":["https:\/\/www.hotelbaiadelre.com\/es\/reservas\/"]}]},{"@type":"BreadcrumbList","@id":"https:\/\/www.hotelbaiadelre.com\/es\/reservas\/#breadcrumb","itemListElement":[{"@type":"ListItem","position":1,"name":"Home","item":"https:\/\/www.hotelbaiadelre.com\/es\/"},{"@type":"ListItem","position":2,"name":"Reservas"}]},{"@type":"WebSite","@id":"https:\/\/www.hotelbaiadelre.com\/es\/#website","url":"https:\/\/www.hotelbaiadelre.com\/es\/","name":"Hotel Baia del Re","description":"","potentialAction":[{"@type":"SearchAction","target":{"@type":"EntryPoint","urlTemplate":"https:\/\/www.hotelbaiadelre.com\/es\/?s={search_term_string}"},"query-input":{"@type":"PropertyValueSpecification","valueRequired":true,"valueName":"search_term_string"}}],"inLanguage":"es"}]}},"publishpress_future_action":{"enabled":false,"date":"2026-04-12 15:28:56","action":"change-status","newStatus":"draft","terms":[],"taxonomy":"translation_priority","extraData":[]},"publishpress_future_workflow_manual_trigger":{"enabledWorkflows":[]},"_links":{"self":[{"href":"https:\/\/www.hotelbaiadelre.com\/es\/wp-json\/wp\/v2\/pages\/2549","targetHints":{"allow":["GET"]}}],"collection":[{"href":"https:\/\/www.hotelbaiadelre.com\/es\/wp-json\/wp\/v2\/pages"}],"about":[{"href":"https:\/\/www.hotelbaiadelre.com\/es\/wp-json\/wp\/v2\/types\/page"}],"author":[{"embeddable":true,"href":"https:\/\/www.hotelbaiadelre.com\/es\/wp-json\/wp\/v2\/users\/36"}],"replies":[{"embeddable":true,"href":"https:\/\/www.hotelbaiadelre.com\/es\/wp-json\/wp\/v2\/comments?post=2549"}],"version-history":[{"count":1,"href":"https:\/\/www.hotelbaiadelre.com\/es\/wp-json\/wp\/v2\/pages\/2549\/revisions"}],"predecessor-version":[{"id":4024,"href":"https:\/\/www.hotelbaiadelre.com\/es\/wp-json\/wp\/v2\/pages\/2549\/revisions\/4024"}],"wp:attachment":[{"href":"https:\/\/www.hotelbaiadelre.com\/es\/wp-json\/wp\/v2\/media?parent=2549"}],"curies":[{"name":"wp","href":"https:\/\/api.w.org\/{rel}","templated":true}]}}