{"id":2601,"date":"2016-05-24T13:58:41","date_gmt":"2016-05-24T13:58:41","guid":{"rendered":"https:\/\/www.hotelbaiadelre.com\/es\/come-raggiungerci\/"},"modified":"2019-01-31T15:13:22","modified_gmt":"2019-01-31T15:13:22","slug":"como-llegar","status":"publish","type":"page","link":"https:\/\/www.hotelbaiadelre.com\/es\/como-llegar\/","title":{"rendered":"C\u00f3mo llegar"},"content":{"rendered":"<div class=\"wpb-content-wrapper\">[vc_row content_placement=\u00bbtop\u00bb parallax=\u00bbcontent-moving-fade\u00bb parallax_content=\u00bbparallax_content_value\u00bb][vc_column][vc_column_text css=\u00bb.vc_custom_1464100923781{padding-top: 30px !important;}\u00bb]\n<h3>C\u00f3mo llegar<\/h3>\n<h4>Hotel Real Fini Baia del Re<\/h4>\n<p>Strada Vignolese, 1684<br \/>\n41126 Modena, Italia<br \/>\nTel. +39 059.4792111[\/vc_column_text][vc_raw_html]JTNDaWZyYW1lJTIwaWQlM0QlMjJtYXAxJTIyJTIwd2lkdGglM0QlMjIxMDAlMjUlMjIlMjBoZWlnaHQlM0QlMjI1NTAlMjIlMjBmcmFtZWJvcmRlciUzRCUyMjAlMjIlM0UlM0MlMkZpZnJhbWUlM0U=[\/vc_raw_html][vc_column_text el_class=\u00bbboxcomeragg\u00bb]<strong>En tren.<\/strong> Vaya desde la estaci\u00f3n de tren de M\u00f3dena hasta la estaci\u00f3n de autobuses, y de all\u00ed prosiga hacia el hotel utilizando el autob\u00fas extraurbano que lleva a Vignola (731), parada \u201cPonte Guerro\u201d a aproximadamente 500 m del hotel. Los billetes se compran en el autob\u00fas o en la estaci\u00f3n. Otra opci\u00f3n es tomar un taxi desde la estaci\u00f3n de trenes.<\/p>\n<p><strong>En avi\u00f3n.<\/strong> El aeropuerto Marconi de Bolonia se halla a 35 km. En autom\u00f3vil, siga las indicaciones que llevan a la <i>tangenziale<\/i>, y en el peaje de Borgo Panigale entre en la autopista A1 en direcci\u00f3n a Mil\u00e1n; salga en M\u00f3dena Sud, se encontrar\u00e1 en la Strada Vignolese, donde, a unos 200 m, le espera nuestro hotel.<\/p>\n<p><strong>En autom\u00f3vil.<\/strong> Viniendo del Norte, siga la Autopista de Brennero A22 en direcci\u00f3n a M\u00f3dena, entre en la A1 direcci\u00f3n Bolonia y salga en M\u00f3dena Sud. Si viene de Mil\u00e1n, siga la A1 en direcci\u00f3n a Bolonia hasta la salida de Modena Sud. En ambos casos, despu\u00e9s de salir del trayecto en autopista en el peaje de Modena Sud, se encontrar\u00e1 en la Strada Vignolese, donde, a unos 200 m, le espera nuestro hotel.[\/vc_column_text][vc_raw_html]JTNDYSUyMGhyZWYlM0QlMjJqYXZhc2NyaXB0JTNBdGhpcy53aW5kb3cucHJpbnQlMjglMjklM0IlMjIlM0VJbXByaW1pciUzQyUyRmElM0U=[\/vc_raw_html][\/vc_column][\/vc_row]\n<\/p><\/div>","protected":false},"excerpt":{"rendered":"<p>[vc_row content_placement=\u00bbtop\u00bb parallax=\u00bbcontent-moving-fade\u00bb parallax_content=\u00bbparallax_content_value\u00bb][vc_column][vc_column_text css=\u00bb.vc_custom_1464100923781{padding-top: 30px !important;}\u00bb] C\u00f3mo llegar Hotel Real Fini Baia del Re Strada Vignolese, 1684 41126 Modena, Italia Tel. +39 059.4792111[\/vc_column_text][vc_raw_html]JTNDaWZyYW1lJTIwaWQlM0QlMjJtYXAxJTIyJTIwd2lkdGglM0QlMjIxMDAlMjUlMjIlMjBoZWlnaHQlM0QlMjI1NTAlMjIlMjBmcmFtZWJvcmRlciUzRCUyMjAlMjIlM0UlM0MlMkZpZnJhbWUlM0U=[\/vc_raw_html][vc_column_text el_class=\u00bbboxcomeragg\u00bb]En tren. Vaya desde la estaci\u00f3n de tren de M\u00f3dena hasta la estaci\u00f3n de autobuses, y de all\u00ed prosiga hacia el hotel utilizando el autob\u00fas extraurbano que lleva a Vignola (731), [&hellip;]<\/p>\n","protected":false},"author":36,"featured_media":0,"parent":0,"menu_order":0,"comment_status":"closed","ping_status":"closed","template":"page_form.php","meta":{"_genesis_hide_title":false,"_genesis_hide_breadcrumbs":false,"_genesis_hide_singular_image":false,"_genesis_hide_footer_widgets":false,"_genesis_custom_body_class":"map","_genesis_custom_post_class":"","_genesis_layout":"","footnotes":""},"class_list":{"0":"post-2601","1":"page","2":"type-page","3":"status-publish","5":"entry"},"yoast_head":"<!-- This site is optimized with the Yoast SEO plugin v25.6 - https:\/\/yoast.com\/wordpress\/plugins\/seo\/ -->\n<title>C\u00f3mo llegar | Hotel Baia del Re<\/title>\n<meta name=\"description\" content=\"C\u00f3mo llegar, Hotel Baia del Re:\" \/>\n<meta name=\"robots\" content=\"index, follow, max-snippet:-1, max-image-preview:large, max-video-preview:-1\" \/>\n<link rel=\"canonical\" href=\"https:\/\/www.hotelbaiadelre.com\/es\/como-llegar\/\" \/>\n<meta property=\"og:locale\" content=\"es_ES\" \/>\n<meta property=\"og:type\" content=\"article\" \/>\n<meta property=\"og:title\" content=\"C\u00f3mo llegar | Hotel Baia del Re\" \/>\n<meta property=\"og:description\" content=\"C\u00f3mo llegar, Hotel Baia del Re:\" \/>\n<meta property=\"og:url\" content=\"https:\/\/www.hotelbaiadelre.com\/es\/como-llegar\/\" \/>\n<meta property=\"og:site_name\" content=\"Hotel Baia del Re\" \/>\n<meta property=\"article:modified_time\" content=\"2019-01-31T15:13:22+00:00\" \/>\n<meta name=\"twitter:label1\" content=\"Tiempo de lectura\" \/>\n\t<meta name=\"twitter:data1\" content=\"1 minuto\" \/>\n<script type=\"application\/ld+json\" class=\"yoast-schema-graph\">{\"@context\":\"https:\/\/schema.org\",\"@graph\":[{\"@type\":\"WebPage\",\"@id\":\"https:\/\/www.hotelbaiadelre.com\/es\/como-llegar\/\",\"url\":\"https:\/\/www.hotelbaiadelre.com\/es\/como-llegar\/\",\"name\":\"C\u00f3mo llegar | Hotel Baia del Re\",\"isPartOf\":{\"@id\":\"https:\/\/www.hotelbaiadelre.com\/es\/#website\"},\"datePublished\":\"2016-05-24T13:58:41+00:00\",\"dateModified\":\"2019-01-31T15:13:22+00:00\",\"description\":\"C\u00f3mo llegar, Hotel Baia del Re:\",\"breadcrumb\":{\"@id\":\"https:\/\/www.hotelbaiadelre.com\/es\/como-llegar\/#breadcrumb\"},\"inLanguage\":\"es\",\"potentialAction\":[{\"@type\":\"ReadAction\",\"target\":[\"https:\/\/www.hotelbaiadelre.com\/es\/como-llegar\/\"]}]},{\"@type\":\"BreadcrumbList\",\"@id\":\"https:\/\/www.hotelbaiadelre.com\/es\/como-llegar\/#breadcrumb\",\"itemListElement\":[{\"@type\":\"ListItem\",\"position\":1,\"name\":\"Home\",\"item\":\"https:\/\/www.hotelbaiadelre.com\/es\/\"},{\"@type\":\"ListItem\",\"position\":2,\"name\":\"C\u00f3mo llegar\"}]},{\"@type\":\"WebSite\",\"@id\":\"https:\/\/www.hotelbaiadelre.com\/es\/#website\",\"url\":\"https:\/\/www.hotelbaiadelre.com\/es\/\",\"name\":\"Hotel Baia del Re\",\"description\":\"\",\"potentialAction\":[{\"@type\":\"SearchAction\",\"target\":{\"@type\":\"EntryPoint\",\"urlTemplate\":\"https:\/\/www.hotelbaiadelre.com\/es\/?s={search_term_string}\"},\"query-input\":{\"@type\":\"PropertyValueSpecification\",\"valueRequired\":true,\"valueName\":\"search_term_string\"}}],\"inLanguage\":\"es\"}]}<\/script>\n<!-- \/ Yoast SEO plugin. -->","yoast_head_json":{"title":"C\u00f3mo llegar | Hotel Baia del Re","description":"C\u00f3mo llegar, Hotel Baia del Re:","robots":{"index":"index","follow":"follow","max-snippet":"max-snippet:-1","max-image-preview":"max-image-preview:large","max-video-preview":"max-video-preview:-1"},"canonical":"https:\/\/www.hotelbaiadelre.com\/es\/como-llegar\/","og_locale":"es_ES","og_type":"article","og_title":"C\u00f3mo llegar | Hotel Baia del Re","og_description":"C\u00f3mo llegar, Hotel Baia del Re:","og_url":"https:\/\/www.hotelbaiadelre.com\/es\/como-llegar\/","og_site_name":"Hotel Baia del Re","article_modified_time":"2019-01-31T15:13:22+00:00","twitter_misc":{"Tiempo de lectura":"1 minuto"},"schema":{"@context":"https:\/\/schema.org","@graph":[{"@type":"WebPage","@id":"https:\/\/www.hotelbaiadelre.com\/es\/como-llegar\/","url":"https:\/\/www.hotelbaiadelre.com\/es\/como-llegar\/","name":"C\u00f3mo llegar | Hotel Baia del Re","isPartOf":{"@id":"https:\/\/www.hotelbaiadelre.com\/es\/#website"},"datePublished":"2016-05-24T13:58:41+00:00","dateModified":"2019-01-31T15:13:22+00:00","description":"C\u00f3mo llegar, Hotel Baia del Re:","breadcrumb":{"@id":"https:\/\/www.hotelbaiadelre.com\/es\/como-llegar\/#breadcrumb"},"inLanguage":"es","potentialAction":[{"@type":"ReadAction","target":["https:\/\/www.hotelbaiadelre.com\/es\/como-llegar\/"]}]},{"@type":"BreadcrumbList","@id":"https:\/\/www.hotelbaiadelre.com\/es\/como-llegar\/#breadcrumb","itemListElement":[{"@type":"ListItem","position":1,"name":"Home","item":"https:\/\/www.hotelbaiadelre.com\/es\/"},{"@type":"ListItem","position":2,"name":"C\u00f3mo llegar"}]},{"@type":"WebSite","@id":"https:\/\/www.hotelbaiadelre.com\/es\/#website","url":"https:\/\/www.hotelbaiadelre.com\/es\/","name":"Hotel Baia del Re","description":"","potentialAction":[{"@type":"SearchAction","target":{"@type":"EntryPoint","urlTemplate":"https:\/\/www.hotelbaiadelre.com\/es\/?s={search_term_string}"},"query-input":{"@type":"PropertyValueSpecification","valueRequired":true,"valueName":"search_term_string"}}],"inLanguage":"es"}]}},"publishpress_future_action":{"enabled":false,"date":"2026-05-23 21:44:45","action":"change-status","newStatus":"draft","terms":[],"taxonomy":"translation_priority","extraData":[]},"publishpress_future_workflow_manual_trigger":{"enabledWorkflows":[]},"_links":{"self":[{"href":"https:\/\/www.hotelbaiadelre.com\/es\/wp-json\/wp\/v2\/pages\/2601","targetHints":{"allow":["GET"]}}],"collection":[{"href":"https:\/\/www.hotelbaiadelre.com\/es\/wp-json\/wp\/v2\/pages"}],"about":[{"href":"https:\/\/www.hotelbaiadelre.com\/es\/wp-json\/wp\/v2\/types\/page"}],"author":[{"embeddable":true,"href":"https:\/\/www.hotelbaiadelre.com\/es\/wp-json\/wp\/v2\/users\/36"}],"replies":[{"embeddable":true,"href":"https:\/\/www.hotelbaiadelre.com\/es\/wp-json\/wp\/v2\/comments?post=2601"}],"version-history":[{"count":2,"href":"https:\/\/www.hotelbaiadelre.com\/es\/wp-json\/wp\/v2\/pages\/2601\/revisions"}],"predecessor-version":[{"id":4045,"href":"https:\/\/www.hotelbaiadelre.com\/es\/wp-json\/wp\/v2\/pages\/2601\/revisions\/4045"}],"wp:attachment":[{"href":"https:\/\/www.hotelbaiadelre.com\/es\/wp-json\/wp\/v2\/media?parent=2601"}],"curies":[{"name":"wp","href":"https:\/\/api.w.org\/{rel}","templated":true}]}}