{"id":2643,"date":"2016-05-24T08:52:00","date_gmt":"2016-05-24T08:52:00","guid":{"rendered":"https:\/\/www.hotelbaiadelre.com\/es\/ristorante\/"},"modified":"2020-05-22T11:52:35","modified_gmt":"2020-05-22T11:52:35","slug":"restaurante","status":"publish","type":"page","link":"https:\/\/www.hotelbaiadelre.com\/es\/restaurante\/","title":{"rendered":"Restaurante"},"content":{"rendered":"<div class=\"wpb-content-wrapper\">[vc_row parallax_content=\u00bbparallax_content_value\u00bb css=\u00bb.vc_custom_1460731336423{margin-top: 0px !important;margin-right: 0px !important;margin-bottom: 0px !important;margin-left: 0px !important;padding-top: 0px !important;padding-right: 0px !important;padding-bottom: 0px !important;padding-left: 0px !important;}\u00bb][vc_column][vc_column_text el_class=\u00bbslider-interno\u00bb]\n<div class=\"payoff\"><\/div>\n[\/vc_column_text][\/vc_column][\/vc_row][vc_row el_class=\u00bbcontenuto\u00bb][vc_column][vc_empty_space height=\u00bb50px\u00bb][vc_row_inner el_class=\u00bbwrap\u00bb][vc_column_inner width=\u00bb1\/2&#8243;][vc_column_text css=\u00bb.vc_custom_1465980871981{padding-top: 0px !important;}\u00bb]\n<h1>Bar &amp; Restaurante<\/h1>\n<p><img decoding=\"async\" src=\"https:\/\/www.hotelbaiadelre.com\/wp-content\/uploads\/2015\/07\/fregio.png\" alt=\"\" \/><\/p>\n<p class=\"testointerno\">La historia del <strong>Restaurante Baia del Re<\/strong> se hunde en unas ra\u00edces antiguas y fascinantes, que nos conducen hacia atr\u00e1s en el tiempo, hasta mediados de los a\u00f1os veinte del siglo pasado, cuando vio la luz en <strong>M\u00f3dena<\/strong> la Osteria Nuova, puesto de correos para el cambio de caballos, que en 1928 se convirti\u00f3 en la \u00abBaia del Re\u00bb. El puesto de correos gan\u00f3 pronto una gran fama, sobre todo gracias a la exquisita <strong>cocina t\u00edpicamente emiliana<\/strong> que se pod\u00eda degustar en las mesas del Restaurante y a la atm\u00f3sfera familiar que se respiraba entre sus muros, hasta convertirse en una etapa obligada para el que \u2013por trabajo o vacaciones\u2013 se encontraba en las cercan\u00edas de M\u00f3dena.<\/p>\n<p class=\"testointerno\">Cuando uno entra en el Restaurante Baia del Re, tiene la sensaci\u00f3n de haber vuelto al pasado: suelos de madera, arcadas y columnas de piedra a la vista&#8230; La <strong>atm\u00f3sfera familiar<\/strong> que hoy impregna cada rinc\u00f3n del Restaurante Baia del Re es la misma que se respiraba en la posada de principios del siglo XX, aunque los espacios se han redistribuido con atenci\u00f3n, para adaptarlos a las exigencias de la clientela actual.<\/p>\n<p class=\"testobox\">Igualmente, la excelente cocina regional ha permanecido intacta, con absolutamente todo hecho en casa: de los <strong><i>tortellini <\/i>a la pasta fresca<\/strong>, pasando por el <strong><i>carrello dei bolliti<\/i><\/strong>, la aut\u00e9ntica especialidad imprescindible del establecimiento. El men\u00fa a la carta va variando con las temporadas, pero siempre con materias primas aut\u00e9nticas, y se acompa\u00f1a de una excelente carta de <strong>vinos de la tierra<\/strong> y nacionales.<\/p>\n<p class=\"testobox\">El Bar, gracias a la cercan\u00eda de la autopista, es el punto de encuentro ideal para una r\u00e1pida parada, en la que podr\u00e1 saborear deliciosos tentempi\u00e9s y comprar los <strong>productos t\u00edpicos<\/strong> de la ciudad antes de reanudar la marcha.<\/p>\n[\/vc_column_text][vc_column_text el_class=\u00bbhotelbaiadelre_meeting\u00bb]<img decoding=\"async\" src=\"https:\/\/www.hotelbaiadelre.com\/wp-content\/uploads\/2015\/07\/deco-scuro-top.png\" alt=\"\" \/>\n<h4><a href=\"https:\/\/disv.it\/hotBi\" target=\"_blank\" rel=\"noopener noreferrer\">Para ver el men\u00fa y la Carta de Vinos<\/a><\/h4>\n<p><img decoding=\"async\" src=\"https:\/\/www.hotelbaiadelre.com\/wp-content\/uploads\/2015\/07\/deco-scuro-bottom.png\" alt=\"\" \/>[\/vc_column_text][\/vc_column_inner][vc_column_inner width=\u00bb1\/2&#8243;][vc_empty_space height=\u00bb37px\u00bb][vc_media_grid element_width=\u00bb6&#8243; item=\u00bbmediaGrid_FadeInWithIcon\u00bb grid_id=\u00bbvc_gid:1590148225477-70095b06-7fc7-2&#8243; include=\u00bb2222,2221,2219,2207,2209,2220,2205,2200&#8243;][\/vc_column_inner][\/vc_row_inner][vc_empty_space height=\u00bb50px\u00bb][\/vc_column][\/vc_row][vc_row][vc_column][vc_media_grid element_width=\u00bb3&#8243; gap=\u00bb0&#8243; item=\u00bbmediaGrid_FadeInWithIcon\u00bb grid_id=\u00bbvc_gid:1590148225478-a575fa37-29d3-7&#8243; include=\u00bb1927,2149,2349,2343&#8243;][\/vc_column][\/vc_row]\n<\/p><\/div>","protected":false},"excerpt":{"rendered":"<p>[vc_row parallax_content=\u00bbparallax_content_value\u00bb css=\u00bb.vc_custom_1460731336423{margin-top: 0px !important;margin-right: 0px !important;margin-bottom: 0px !important;margin-left: 0px !important;padding-top: 0px !important;padding-right: 0px !important;padding-bottom: 0px !important;padding-left: 0px !important;}\u00bb][vc_column][vc_column_text el_class=\u00bbslider-interno\u00bb] [\/vc_column_text][\/vc_column][\/vc_row][vc_row el_class=\u00bbcontenuto\u00bb][vc_column][vc_empty_space height=\u00bb50px\u00bb][vc_row_inner el_class=\u00bbwrap\u00bb][vc_column_inner width=\u00bb1\/2&#8243;][vc_column_text css=\u00bb.vc_custom_1465980871981{padding-top: 0px !important;}\u00bb] Bar &amp; Restaurante La historia del Restaurante Baia del Re se hunde en unas ra\u00edces antiguas y fascinantes, que nos conducen hacia atr\u00e1s en el tiempo, hasta [&hellip;]<\/p>\n","protected":false},"author":36,"featured_media":0,"parent":0,"menu_order":0,"comment_status":"closed","ping_status":"closed","template":"","meta":{"_genesis_hide_title":false,"_genesis_hide_breadcrumbs":false,"_genesis_hide_singular_image":false,"_genesis_hide_footer_widgets":false,"_genesis_custom_body_class":"","_genesis_custom_post_class":"","_genesis_layout":"","footnotes":""},"class_list":{"0":"post-2643","1":"page","2":"type-page","3":"status-publish","5":"entry"},"yoast_head":"<!-- This site is optimized with the Yoast SEO plugin v25.6 - https:\/\/yoast.com\/wordpress\/plugins\/seo\/ -->\n<title>Restaurante | Hotel Baia del Re<\/title>\n<meta name=\"description\" content=\"Restaurante, Hotel Baia del Re:\" \/>\n<meta name=\"robots\" content=\"index, follow, max-snippet:-1, max-image-preview:large, max-video-preview:-1\" \/>\n<link rel=\"canonical\" href=\"https:\/\/www.hotelbaiadelre.com\/es\/restaurante\/\" \/>\n<meta property=\"og:locale\" content=\"es_ES\" \/>\n<meta property=\"og:type\" content=\"article\" \/>\n<meta property=\"og:title\" content=\"Restaurante | Hotel Baia del Re\" \/>\n<meta property=\"og:description\" content=\"Restaurante, Hotel Baia del Re:\" \/>\n<meta property=\"og:url\" content=\"https:\/\/www.hotelbaiadelre.com\/es\/restaurante\/\" \/>\n<meta property=\"og:site_name\" content=\"Hotel Baia del Re\" \/>\n<meta property=\"article:modified_time\" content=\"2020-05-22T11:52:35+00:00\" \/>\n<meta property=\"og:image\" content=\"https:\/\/www.hotelbaiadelre.com\/wp-content\/uploads\/2015\/07\/fregio.png\" \/>\n<meta name=\"twitter:label1\" content=\"Tiempo de lectura\" \/>\n\t<meta name=\"twitter:data1\" content=\"2 minutos\" \/>\n<script type=\"application\/ld+json\" class=\"yoast-schema-graph\">{\"@context\":\"https:\/\/schema.org\",\"@graph\":[{\"@type\":\"WebPage\",\"@id\":\"https:\/\/www.hotelbaiadelre.com\/es\/restaurante\/\",\"url\":\"https:\/\/www.hotelbaiadelre.com\/es\/restaurante\/\",\"name\":\"Restaurante | Hotel Baia del Re\",\"isPartOf\":{\"@id\":\"https:\/\/www.hotelbaiadelre.com\/es\/#website\"},\"primaryImageOfPage\":{\"@id\":\"https:\/\/www.hotelbaiadelre.com\/es\/restaurante\/#primaryimage\"},\"image\":{\"@id\":\"https:\/\/www.hotelbaiadelre.com\/es\/restaurante\/#primaryimage\"},\"thumbnailUrl\":\"https:\/\/www.hotelbaiadelre.com\/wp-content\/uploads\/2015\/07\/fregio.png\",\"datePublished\":\"2016-05-24T08:52:00+00:00\",\"dateModified\":\"2020-05-22T11:52:35+00:00\",\"description\":\"Restaurante, Hotel Baia del Re:\",\"breadcrumb\":{\"@id\":\"https:\/\/www.hotelbaiadelre.com\/es\/restaurante\/#breadcrumb\"},\"inLanguage\":\"es\",\"potentialAction\":[{\"@type\":\"ReadAction\",\"target\":[\"https:\/\/www.hotelbaiadelre.com\/es\/restaurante\/\"]}]},{\"@type\":\"ImageObject\",\"inLanguage\":\"es\",\"@id\":\"https:\/\/www.hotelbaiadelre.com\/es\/restaurante\/#primaryimage\",\"url\":\"https:\/\/www.hotelbaiadelre.com\/wp-content\/uploads\/2015\/07\/fregio.png\",\"contentUrl\":\"https:\/\/www.hotelbaiadelre.com\/wp-content\/uploads\/2015\/07\/fregio.png\"},{\"@type\":\"BreadcrumbList\",\"@id\":\"https:\/\/www.hotelbaiadelre.com\/es\/restaurante\/#breadcrumb\",\"itemListElement\":[{\"@type\":\"ListItem\",\"position\":1,\"name\":\"Home\",\"item\":\"https:\/\/www.hotelbaiadelre.com\/es\/\"},{\"@type\":\"ListItem\",\"position\":2,\"name\":\"Restaurante\"}]},{\"@type\":\"WebSite\",\"@id\":\"https:\/\/www.hotelbaiadelre.com\/es\/#website\",\"url\":\"https:\/\/www.hotelbaiadelre.com\/es\/\",\"name\":\"Hotel Baia del Re\",\"description\":\"\",\"potentialAction\":[{\"@type\":\"SearchAction\",\"target\":{\"@type\":\"EntryPoint\",\"urlTemplate\":\"https:\/\/www.hotelbaiadelre.com\/es\/?s={search_term_string}\"},\"query-input\":{\"@type\":\"PropertyValueSpecification\",\"valueRequired\":true,\"valueName\":\"search_term_string\"}}],\"inLanguage\":\"es\"}]}<\/script>\n<!-- \/ Yoast SEO plugin. -->","yoast_head_json":{"title":"Restaurante | Hotel Baia del Re","description":"Restaurante, Hotel Baia del Re:","robots":{"index":"index","follow":"follow","max-snippet":"max-snippet:-1","max-image-preview":"max-image-preview:large","max-video-preview":"max-video-preview:-1"},"canonical":"https:\/\/www.hotelbaiadelre.com\/es\/restaurante\/","og_locale":"es_ES","og_type":"article","og_title":"Restaurante | Hotel Baia del Re","og_description":"Restaurante, Hotel Baia del Re:","og_url":"https:\/\/www.hotelbaiadelre.com\/es\/restaurante\/","og_site_name":"Hotel Baia del Re","article_modified_time":"2020-05-22T11:52:35+00:00","og_image":[{"url":"https:\/\/www.hotelbaiadelre.com\/wp-content\/uploads\/2015\/07\/fregio.png","type":"","width":"","height":""}],"twitter_misc":{"Tiempo de lectura":"2 minutos"},"schema":{"@context":"https:\/\/schema.org","@graph":[{"@type":"WebPage","@id":"https:\/\/www.hotelbaiadelre.com\/es\/restaurante\/","url":"https:\/\/www.hotelbaiadelre.com\/es\/restaurante\/","name":"Restaurante | Hotel Baia del Re","isPartOf":{"@id":"https:\/\/www.hotelbaiadelre.com\/es\/#website"},"primaryImageOfPage":{"@id":"https:\/\/www.hotelbaiadelre.com\/es\/restaurante\/#primaryimage"},"image":{"@id":"https:\/\/www.hotelbaiadelre.com\/es\/restaurante\/#primaryimage"},"thumbnailUrl":"https:\/\/www.hotelbaiadelre.com\/wp-content\/uploads\/2015\/07\/fregio.png","datePublished":"2016-05-24T08:52:00+00:00","dateModified":"2020-05-22T11:52:35+00:00","description":"Restaurante, Hotel Baia del Re:","breadcrumb":{"@id":"https:\/\/www.hotelbaiadelre.com\/es\/restaurante\/#breadcrumb"},"inLanguage":"es","potentialAction":[{"@type":"ReadAction","target":["https:\/\/www.hotelbaiadelre.com\/es\/restaurante\/"]}]},{"@type":"ImageObject","inLanguage":"es","@id":"https:\/\/www.hotelbaiadelre.com\/es\/restaurante\/#primaryimage","url":"https:\/\/www.hotelbaiadelre.com\/wp-content\/uploads\/2015\/07\/fregio.png","contentUrl":"https:\/\/www.hotelbaiadelre.com\/wp-content\/uploads\/2015\/07\/fregio.png"},{"@type":"BreadcrumbList","@id":"https:\/\/www.hotelbaiadelre.com\/es\/restaurante\/#breadcrumb","itemListElement":[{"@type":"ListItem","position":1,"name":"Home","item":"https:\/\/www.hotelbaiadelre.com\/es\/"},{"@type":"ListItem","position":2,"name":"Restaurante"}]},{"@type":"WebSite","@id":"https:\/\/www.hotelbaiadelre.com\/es\/#website","url":"https:\/\/www.hotelbaiadelre.com\/es\/","name":"Hotel Baia del Re","description":"","potentialAction":[{"@type":"SearchAction","target":{"@type":"EntryPoint","urlTemplate":"https:\/\/www.hotelbaiadelre.com\/es\/?s={search_term_string}"},"query-input":{"@type":"PropertyValueSpecification","valueRequired":true,"valueName":"search_term_string"}}],"inLanguage":"es"}]}},"publishpress_future_action":{"enabled":false,"date":"2026-05-18 19:03:36","action":"change-status","newStatus":"draft","terms":[],"taxonomy":"translation_priority","extraData":[]},"publishpress_future_workflow_manual_trigger":{"enabledWorkflows":[]},"_links":{"self":[{"href":"https:\/\/www.hotelbaiadelre.com\/es\/wp-json\/wp\/v2\/pages\/2643","targetHints":{"allow":["GET"]}}],"collection":[{"href":"https:\/\/www.hotelbaiadelre.com\/es\/wp-json\/wp\/v2\/pages"}],"about":[{"href":"https:\/\/www.hotelbaiadelre.com\/es\/wp-json\/wp\/v2\/types\/page"}],"author":[{"embeddable":true,"href":"https:\/\/www.hotelbaiadelre.com\/es\/wp-json\/wp\/v2\/users\/36"}],"replies":[{"embeddable":true,"href":"https:\/\/www.hotelbaiadelre.com\/es\/wp-json\/wp\/v2\/comments?post=2643"}],"version-history":[{"count":2,"href":"https:\/\/www.hotelbaiadelre.com\/es\/wp-json\/wp\/v2\/pages\/2643\/revisions"}],"predecessor-version":[{"id":4137,"href":"https:\/\/www.hotelbaiadelre.com\/es\/wp-json\/wp\/v2\/pages\/2643\/revisions\/4137"}],"wp:attachment":[{"href":"https:\/\/www.hotelbaiadelre.com\/es\/wp-json\/wp\/v2\/media?parent=2643"}],"curies":[{"name":"wp","href":"https:\/\/api.w.org\/{rel}","templated":true}]}}