{"id":2668,"date":"2016-05-24T08:51:06","date_gmt":"2016-05-24T08:51:06","guid":{"rendered":"https:\/\/www.hotelbaiadelre.com\/es\/meeting\/"},"modified":"2018-06-04T08:27:00","modified_gmt":"2018-06-04T08:27:00","slug":"reuniones","status":"publish","type":"page","link":"https:\/\/www.hotelbaiadelre.com\/es\/reuniones\/","title":{"rendered":"Reuniones"},"content":{"rendered":"<div class=\"wpb-content-wrapper\">[vc_row full_height=\u00bbyes\u00bb parallax=\u00bbcontent-moving\u00bb bg_type=\u00bbimage\u00bb parallax_style=\u00bbvcpb-default\u00bb bg_image_new=\u00bbid^1920|url^https:\/\/www.hotelbaiadelre.com\/wp-content\/uploads\/2016\/04\/home-02.jpg|caption^null|alt^null|title^home-02|description^null\u00bb bg_image_repeat=\u00bbno-repeat\u00bb bg_img_attach=\u00bbfixed\u00bb parallax_content=\u00bbparallax_content_value\u00bb][vc_column][vc_column_text]\n<div class=\"payoff\"><\/div>\n[\/vc_column_text][\/vc_column][\/vc_row][vc_row el_class=\u00bbcontenuto\u00bb][vc_column][vc_empty_space height=\u00bb50px\u00bb][vc_row_inner el_class=\u00bbwrap\u00bb][vc_column_inner width=\u00bb1\/2&#8243;][vc_column_text css=\u00bb.vc_custom_1465983274775{padding-top: 0px !important;}\u00bb]\n<h1>Reuniones<\/h1>\n<p><img decoding=\"async\" src=\"https:\/\/www.hotelbaiadelre.com\/wp-content\/uploads\/2015\/07\/fregio.png\" alt=\"\" \/><\/p>\n<p class=\"testointerno\">Modernas y acogedoras, las 7 <strong>salas de reuniones<\/strong> del <strong>Hotel<\/strong> <strong>Real Fini Baia del Re<\/strong> de <strong>M\u00f3dena<\/strong> pueden albergar cualquier tipo de evento, desde una r\u00e1pida <strong>reuni\u00f3n de negocios hasta una velada de gala<\/strong>.<\/p>\n<p class=\"testointerno\">Las salas est\u00e1n insonorizadas y cuentan con el equipamiento m\u00e1s completo para cualquier tipo de evento, previa solicitud tendr\u00e1 a su disposici\u00f3n <strong>los servicios de asistencia t\u00e9cnica profesional<\/strong>, <strong>traducci\u00f3n simult\u00e1nea<\/strong> y videoconferencia.<\/p>\n<p class=\"testointerno\">Los eventos con restauraci\u00f3n, de la que se encargar\u00e1 el Restaurante Baia del Re, completan la oferta de eventos del Hotel Baia del Re, que propone pausas para el caf\u00e9, almuerzos, aperitivos y cenas de gala, todos dise\u00f1ados para contemplar cualquier exigencia y hechos a medida para nuestros Clientes.<\/p>\n[\/vc_column_text][vc_column_text el_class=\u00bbhotelbaiadelre_meeting\u00bb]<img decoding=\"async\" src=\"https:\/\/www.hotelbaiadelre.com\/wp-content\/uploads\/2015\/07\/deco-scuro-top.png\" alt=\"\" \/>\n<h4><a href=\"https:\/\/www.hotelbaiadelre.com\/wp-content\/uploads\/2018\/06\/planimetriaSaleBaia-WEB2018\u00c3\u00b2.pdf\" target=\"_blank\" rel=\"noopener\">Imprima el mapa de las salas de reuni\u00f3n en formato PDF<\/a><\/h4>\n<p><img decoding=\"async\" src=\"https:\/\/www.hotelbaiadelre.com\/wp-content\/uploads\/2015\/07\/deco-scuro-bottom.png\" alt=\"\" \/>[\/vc_column_text][\/vc_column_inner][vc_column_inner width=\u00bb1\/2&#8243;][vc_column_text el_class=\u00bbboxmeeting\u00bb]\n<h3>Equipamientos<\/h3>\n<ul>\n<li>Hilo musical<\/li>\n<li>Bloc de notas<\/li>\n<li>Videoproyecci\u00f3n<\/li>\n<li>Pantalla m\u00f3vil<\/li>\n<li>Lector de DVD para proyecciones<\/li>\n<li>Pantallas de proyecci\u00f3n<\/li>\n<li>Amplificaci\u00f3n<\/li>\n<li>Micr\u00f3fonos<\/li>\n<li>Wi-fi internet<\/li>\n<li>Videoproyector<\/li>\n<\/ul>\n<h4>Sala Wiligelmo:<\/h4>\n<ul>\n<li>Herradura, 35 plazas<\/li>\n<li>Teatro, 100 plazas<\/li>\n<li>Pupitres, 50 plazas<\/li>\n<li>C\u00f3ctel, 100 plazas<\/li>\n<\/ul>\n<h4>Sala 1:<\/h4>\n<ul>\n<li>Herradura, 20 plazas<\/li>\n<li>Teatro, 40 plazas<\/li>\n<li>Pupitres, 25 plazas<\/li>\n<li>Mesa \u00fanica, 25 plazas<\/li>\n<li>C\u00f3ctel, 50 plazas<\/li>\n<\/ul>\n<h4>Sala 2:<\/h4>\n<ul>\n<li>Mesa \u00fanica, 8 plazas<\/li>\n<\/ul>\n<h4>Sala 3:<\/h4>\n<ul>\n<li>Mesa \u00fanica, 10 plazas<\/li>\n<\/ul>\n<h4>Sala 4:<\/h4>\n<ul>\n<li>Mesa \u00fanica, 20 plazas<\/li>\n<li>Escenario, 25 plazas<\/li>\n<\/ul>\n<h4>Sala 5:<\/h4>\n<ul>\n<li>Mesa \u00fanica, 8 plazas<\/li>\n<\/ul>\n<h4>Sala 6:<\/h4>\n<ul>\n<li>Teatro, 14 plazas<\/li>\n<li>Mesa \u00fanica, 10 plazas<\/li>\n<\/ul>\n[\/vc_column_text][\/vc_column_inner][\/vc_row_inner][vc_empty_space height=\u00bb50px\u00bb][\/vc_column][\/vc_row][vc_row][vc_column][vc_media_grid element_width=\u00bb3&#8243; gap=\u00bb0&#8243; item=\u00bbmediaGrid_FadeInWithIcon\u00bb grid_id=\u00bbvc_gid:1528100770746-b7e3572a-e219-8&#8243; include=\u00bb2097,2338,2339,2100&#8243;][\/vc_column][\/vc_row]\n<\/p><\/div>","protected":false},"excerpt":{"rendered":"<p>[vc_row full_height=\u00bbyes\u00bb parallax=\u00bbcontent-moving\u00bb bg_type=\u00bbimage\u00bb parallax_style=\u00bbvcpb-default\u00bb bg_image_new=\u00bbid^1920|url^https:\/\/www.hotelbaiadelre.com\/wp-content\/uploads\/2016\/04\/home-02.jpg|caption^null|alt^null|title^home-02|description^null\u00bb bg_image_repeat=\u00bbno-repeat\u00bb bg_img_attach=\u00bbfixed\u00bb parallax_content=\u00bbparallax_content_value\u00bb][vc_column][vc_column_text] [\/vc_column_text][\/vc_column][\/vc_row][vc_row el_class=\u00bbcontenuto\u00bb][vc_column][vc_empty_space height=\u00bb50px\u00bb][vc_row_inner el_class=\u00bbwrap\u00bb][vc_column_inner width=\u00bb1\/2&#8243;][vc_column_text css=\u00bb.vc_custom_1465983274775{padding-top: 0px !important;}\u00bb] Reuniones Modernas y acogedoras, las 7 salas de reuniones del Hotel Real Fini Baia del Re de M\u00f3dena pueden albergar cualquier tipo de evento, desde una r\u00e1pida reuni\u00f3n de negocios hasta una velada de gala. Las salas est\u00e1n [&hellip;]<\/p>\n","protected":false},"author":36,"featured_media":0,"parent":0,"menu_order":0,"comment_status":"closed","ping_status":"closed","template":"","meta":{"_genesis_hide_title":false,"_genesis_hide_breadcrumbs":false,"_genesis_hide_singular_image":false,"_genesis_hide_footer_widgets":false,"_genesis_custom_body_class":"","_genesis_custom_post_class":"","_genesis_layout":"","footnotes":""},"class_list":{"0":"post-2668","1":"page","2":"type-page","3":"status-publish","5":"entry"},"yoast_head":"<!-- This site is optimized with the Yoast SEO plugin v25.6 - https:\/\/yoast.com\/wordpress\/plugins\/seo\/ -->\n<title>Reuniones | Hotel Baia del Re<\/title>\n<meta name=\"description\" content=\"Reuniones, Hotel Baia del Re:\" \/>\n<meta name=\"robots\" content=\"index, follow, max-snippet:-1, max-image-preview:large, max-video-preview:-1\" \/>\n<link rel=\"canonical\" href=\"https:\/\/www.hotelbaiadelre.com\/es\/reuniones\/\" \/>\n<meta property=\"og:locale\" content=\"es_ES\" \/>\n<meta property=\"og:type\" content=\"article\" \/>\n<meta property=\"og:title\" content=\"Reuniones | Hotel Baia del Re\" \/>\n<meta property=\"og:description\" content=\"Reuniones, Hotel Baia del Re:\" \/>\n<meta property=\"og:url\" content=\"https:\/\/www.hotelbaiadelre.com\/es\/reuniones\/\" \/>\n<meta property=\"og:site_name\" content=\"Hotel Baia del Re\" \/>\n<meta property=\"article:modified_time\" content=\"2018-06-04T08:27:00+00:00\" \/>\n<meta property=\"og:image\" content=\"https:\/\/www.hotelbaiadelre.com\/wp-content\/uploads\/2015\/07\/fregio.png\" \/>\n<meta name=\"twitter:label1\" content=\"Tiempo de lectura\" \/>\n\t<meta name=\"twitter:data1\" content=\"2 minutos\" \/>\n<script type=\"application\/ld+json\" class=\"yoast-schema-graph\">{\"@context\":\"https:\/\/schema.org\",\"@graph\":[{\"@type\":\"WebPage\",\"@id\":\"https:\/\/www.hotelbaiadelre.com\/es\/reuniones\/\",\"url\":\"https:\/\/www.hotelbaiadelre.com\/es\/reuniones\/\",\"name\":\"Reuniones | Hotel Baia del Re\",\"isPartOf\":{\"@id\":\"https:\/\/www.hotelbaiadelre.com\/es\/#website\"},\"primaryImageOfPage\":{\"@id\":\"https:\/\/www.hotelbaiadelre.com\/es\/reuniones\/#primaryimage\"},\"image\":{\"@id\":\"https:\/\/www.hotelbaiadelre.com\/es\/reuniones\/#primaryimage\"},\"thumbnailUrl\":\"https:\/\/www.hotelbaiadelre.com\/wp-content\/uploads\/2015\/07\/fregio.png\",\"datePublished\":\"2016-05-24T08:51:06+00:00\",\"dateModified\":\"2018-06-04T08:27:00+00:00\",\"description\":\"Reuniones, Hotel Baia del Re:\",\"breadcrumb\":{\"@id\":\"https:\/\/www.hotelbaiadelre.com\/es\/reuniones\/#breadcrumb\"},\"inLanguage\":\"es\",\"potentialAction\":[{\"@type\":\"ReadAction\",\"target\":[\"https:\/\/www.hotelbaiadelre.com\/es\/reuniones\/\"]}]},{\"@type\":\"ImageObject\",\"inLanguage\":\"es\",\"@id\":\"https:\/\/www.hotelbaiadelre.com\/es\/reuniones\/#primaryimage\",\"url\":\"https:\/\/www.hotelbaiadelre.com\/wp-content\/uploads\/2015\/07\/fregio.png\",\"contentUrl\":\"https:\/\/www.hotelbaiadelre.com\/wp-content\/uploads\/2015\/07\/fregio.png\"},{\"@type\":\"BreadcrumbList\",\"@id\":\"https:\/\/www.hotelbaiadelre.com\/es\/reuniones\/#breadcrumb\",\"itemListElement\":[{\"@type\":\"ListItem\",\"position\":1,\"name\":\"Home\",\"item\":\"https:\/\/www.hotelbaiadelre.com\/es\/\"},{\"@type\":\"ListItem\",\"position\":2,\"name\":\"Reuniones\"}]},{\"@type\":\"WebSite\",\"@id\":\"https:\/\/www.hotelbaiadelre.com\/es\/#website\",\"url\":\"https:\/\/www.hotelbaiadelre.com\/es\/\",\"name\":\"Hotel Baia del Re\",\"description\":\"\",\"potentialAction\":[{\"@type\":\"SearchAction\",\"target\":{\"@type\":\"EntryPoint\",\"urlTemplate\":\"https:\/\/www.hotelbaiadelre.com\/es\/?s={search_term_string}\"},\"query-input\":{\"@type\":\"PropertyValueSpecification\",\"valueRequired\":true,\"valueName\":\"search_term_string\"}}],\"inLanguage\":\"es\"}]}<\/script>\n<!-- \/ Yoast SEO plugin. -->","yoast_head_json":{"title":"Reuniones | Hotel Baia del Re","description":"Reuniones, Hotel Baia del Re:","robots":{"index":"index","follow":"follow","max-snippet":"max-snippet:-1","max-image-preview":"max-image-preview:large","max-video-preview":"max-video-preview:-1"},"canonical":"https:\/\/www.hotelbaiadelre.com\/es\/reuniones\/","og_locale":"es_ES","og_type":"article","og_title":"Reuniones | Hotel Baia del Re","og_description":"Reuniones, Hotel Baia del Re:","og_url":"https:\/\/www.hotelbaiadelre.com\/es\/reuniones\/","og_site_name":"Hotel Baia del Re","article_modified_time":"2018-06-04T08:27:00+00:00","og_image":[{"url":"https:\/\/www.hotelbaiadelre.com\/wp-content\/uploads\/2015\/07\/fregio.png","type":"","width":"","height":""}],"twitter_misc":{"Tiempo de lectura":"2 minutos"},"schema":{"@context":"https:\/\/schema.org","@graph":[{"@type":"WebPage","@id":"https:\/\/www.hotelbaiadelre.com\/es\/reuniones\/","url":"https:\/\/www.hotelbaiadelre.com\/es\/reuniones\/","name":"Reuniones | Hotel Baia del Re","isPartOf":{"@id":"https:\/\/www.hotelbaiadelre.com\/es\/#website"},"primaryImageOfPage":{"@id":"https:\/\/www.hotelbaiadelre.com\/es\/reuniones\/#primaryimage"},"image":{"@id":"https:\/\/www.hotelbaiadelre.com\/es\/reuniones\/#primaryimage"},"thumbnailUrl":"https:\/\/www.hotelbaiadelre.com\/wp-content\/uploads\/2015\/07\/fregio.png","datePublished":"2016-05-24T08:51:06+00:00","dateModified":"2018-06-04T08:27:00+00:00","description":"Reuniones, Hotel Baia del Re:","breadcrumb":{"@id":"https:\/\/www.hotelbaiadelre.com\/es\/reuniones\/#breadcrumb"},"inLanguage":"es","potentialAction":[{"@type":"ReadAction","target":["https:\/\/www.hotelbaiadelre.com\/es\/reuniones\/"]}]},{"@type":"ImageObject","inLanguage":"es","@id":"https:\/\/www.hotelbaiadelre.com\/es\/reuniones\/#primaryimage","url":"https:\/\/www.hotelbaiadelre.com\/wp-content\/uploads\/2015\/07\/fregio.png","contentUrl":"https:\/\/www.hotelbaiadelre.com\/wp-content\/uploads\/2015\/07\/fregio.png"},{"@type":"BreadcrumbList","@id":"https:\/\/www.hotelbaiadelre.com\/es\/reuniones\/#breadcrumb","itemListElement":[{"@type":"ListItem","position":1,"name":"Home","item":"https:\/\/www.hotelbaiadelre.com\/es\/"},{"@type":"ListItem","position":2,"name":"Reuniones"}]},{"@type":"WebSite","@id":"https:\/\/www.hotelbaiadelre.com\/es\/#website","url":"https:\/\/www.hotelbaiadelre.com\/es\/","name":"Hotel Baia del Re","description":"","potentialAction":[{"@type":"SearchAction","target":{"@type":"EntryPoint","urlTemplate":"https:\/\/www.hotelbaiadelre.com\/es\/?s={search_term_string}"},"query-input":{"@type":"PropertyValueSpecification","valueRequired":true,"valueName":"search_term_string"}}],"inLanguage":"es"}]}},"publishpress_future_action":{"enabled":false,"date":"2026-05-02 18:58:54","action":"change-status","newStatus":"draft","terms":[],"taxonomy":"translation_priority","extraData":[]},"publishpress_future_workflow_manual_trigger":{"enabledWorkflows":[]},"_links":{"self":[{"href":"https:\/\/www.hotelbaiadelre.com\/es\/wp-json\/wp\/v2\/pages\/2668","targetHints":{"allow":["GET"]}}],"collection":[{"href":"https:\/\/www.hotelbaiadelre.com\/es\/wp-json\/wp\/v2\/pages"}],"about":[{"href":"https:\/\/www.hotelbaiadelre.com\/es\/wp-json\/wp\/v2\/types\/page"}],"author":[{"embeddable":true,"href":"https:\/\/www.hotelbaiadelre.com\/es\/wp-json\/wp\/v2\/users\/36"}],"replies":[{"embeddable":true,"href":"https:\/\/www.hotelbaiadelre.com\/es\/wp-json\/wp\/v2\/comments?post=2668"}],"version-history":[{"count":2,"href":"https:\/\/www.hotelbaiadelre.com\/es\/wp-json\/wp\/v2\/pages\/2668\/revisions"}],"predecessor-version":[{"id":4010,"href":"https:\/\/www.hotelbaiadelre.com\/es\/wp-json\/wp\/v2\/pages\/2668\/revisions\/4010"}],"wp:attachment":[{"href":"https:\/\/www.hotelbaiadelre.com\/es\/wp-json\/wp\/v2\/media?parent=2668"}],"curies":[{"name":"wp","href":"https:\/\/api.w.org\/{rel}","templated":true}]}}