{"id":2692,"date":"2016-05-24T08:49:54","date_gmt":"2016-05-24T08:49:54","guid":{"rendered":"https:\/\/www.hotelbaiadelre.com\/es\/servizi\/"},"modified":"2024-08-28T07:40:42","modified_gmt":"2024-08-28T07:40:42","slug":"servicios","status":"publish","type":"page","link":"https:\/\/www.hotelbaiadelre.com\/es\/servicios\/","title":{"rendered":"Servicios"},"content":{"rendered":"<div class=\"wpb-content-wrapper\">[vc_row full_height=\u00bbyes\u00bb parallax=\u00bbcontent-moving\u00bb bg_type=\u00bbimage\u00bb parallax_style=\u00bbvcpb-default\u00bb bg_image_new=\u00bbid^2255|url^https:\/\/www.hotelbaiadelre.com\/wp-content\/uploads\/2016\/05\/sala-colazioni-001-1.jpg|caption^null|alt^null|title^sala-colazioni-001|description^null\u00bb bg_image_repeat=\u00bbno-repeat\u00bb bg_img_attach=\u00bbfixed\u00bb parallax_content=\u00bbparallax_content_value\u00bb][vc_column][vc_column_text]\n<div class=\"payoff\"><\/div>\n[\/vc_column_text][\/vc_column][\/vc_row][vc_row el_class=\u00bbcontenuto\u00bb][vc_column][vc_empty_space height=\u00bb50px\u00bb][vc_row_inner el_class=\u00bbwrap\u00bb][vc_column_inner width=\u00bb1\/2&#8243;][vc_column_text css=\u00bb.vc_custom_1693382358540{padding-top: 0px !important;}\u00bb]\n<h1>Servicios<\/h1>\n<p><img decoding=\"async\" src=\"https:\/\/www.hotelbaiadelre.com\/wp-content\/uploads\/2015\/07\/fregio.png\" alt=\"\" \/><\/p>\n<p class=\"testointerno\">El <strong>Hotel<\/strong> <strong>Real Fini Baia del Re <\/strong>es un <strong>establecimiento<\/strong> confortable y acogedor. El complejo, muy moderno y \u00fanico en su g\u00e9nero en la zona, se compone de un espacio central en el que se concentran todos los servicios a disposici\u00f3n de los Hu\u00e9spedes: parte de las habitaciones, las <strong>7 Salas de Reuniones<\/strong>, las zonas de <strong>salud y bienestar<\/strong> para el uso exclusivo de los Hu\u00e9spedes y el amplio <strong>Aparcamiento<\/strong> subterr\u00e1neo.<\/p>\n<p class=\"testointerno\">En el cuerpo central tambi\u00e9n encontrar\u00e1 los espacios dedicados al buen comer, caracter\u00edsticos del Hotel Real Fini Baia del Re: la Sala de Desayuno, abierta de las 7:00 a las 09:30 donde podr\u00e1 comenzar la jornada con un exquisito desayuno buf\u00e9, el <strong>Restaurante Baia del Re, <\/strong> en el que degustar los platos de la tradici\u00f3n gastron\u00f3mica local y nacional, acompa\u00f1ados por vinos regionales y nacionales de primera calidad, y el <strong>Bar<\/strong> abierto al p\u00fablico, conocido desde siempre gracias a la calidad de los productos ofrecidos: en \u00e9l podr\u00e1 deleitarse con un delicioso tentempi\u00e9 antes de reanudar la marcha o adquirir alguna exquisitez gastron\u00f3mica antes de volver a casa.<\/p>\n<p class=\"testointerno\">A poca distancia del cuerpo central se encuentran otros dos bloques, totalmente compuestos por habitaciones que dan a los jardines privados a disposici\u00f3n de las habitaciones de la planta baja; estas dos alas sirven adem\u00e1s de per\u00edmetro para el <strong>amplio aparcamiento <\/strong>reservado para los Hu\u00e9spedes del Hotel.<\/p>\n[\/vc_column_text][\/vc_column_inner][vc_column_inner width=\u00bb1\/2&#8243;][vc_empty_space height=\u00bb37px\u00bb][vc_column_text el_class=\u00bbpagina\u00bb]\n<div id=\"box-offerte\">\n<h3>Ofertas Especiales<\/h3>\n<div class=\"flexslider\" style=\"width:440px;\"><ul class=\"slides\"><li><a href=\"https:\/\/www.hotelbaiadelre.com\/es\/offers\/early-booking-offer-up-to-28-off\/\"><img loading=\"lazy\" decoding=\"async\" width=\"440\" height=\"250\" src=\"https:\/\/www.hotelbaiadelre.com\/wp-content\/uploads\/2020\/03\/early-booking-discount-1-440x250.jpg\" class=\"attachment-slider_medium_large size-slider_medium_large\" alt=\"\" \/><\/a><div class=\"flex-caption\"><div class=\"original-price price-all\"><\/div><div class=\"reducted-price price-all\"><\/div><div class=\"clear\"><\/div><div class=\"clear\"><\/div><div class=\"offer_title\"><a href=\"https:\/\/www.hotelbaiadelre.com\/es\/offers\/early-booking-offer-up-to-28-off\/\">Early Booking Offer: up to 28% Off<\/a><\/div><\/div><\/li><li><a href=\"https:\/\/www.hotelbaiadelre.com\/es\/offers\/tarifas-especiales-para-internet\/\"><img loading=\"lazy\" decoding=\"async\" width=\"440\" height=\"211\" src=\"https:\/\/www.hotelbaiadelre.com\/wp-content\/uploads\/2015\/07\/junior-suite-500x240.jpg\" class=\"attachment-slider_medium_large size-slider_medium_large\" alt=\"\" srcset=\"https:\/\/www.hotelbaiadelre.com\/wp-content\/uploads\/2015\/07\/junior-suite-500x240.jpg 500w, https:\/\/www.hotelbaiadelre.com\/wp-content\/uploads\/2015\/07\/junior-suite-210x100.jpg 210w\" sizes=\"auto, (max-width: 440px) 100vw, 440px\" \/><\/a><div class=\"flex-caption\"><div class=\"original-price price-all\"><\/div><div class=\"reducted-price price-all\"><\/div><div class=\"clear\"><\/div><div class=\"clear\"><\/div><div class=\"offer_title\"><a href=\"https:\/\/www.hotelbaiadelre.com\/es\/offers\/tarifas-especiales-para-internet\/\">Tarifas Especiales para Internet<\/a><\/div><\/div><\/li><\/ul><\/div>\n<p class=\"lista\"><a title=\"Offerte Speciali\" href=\"https:\/\/www.hotelbaiadelre.com\/es\/ofertas-especiales\/\">Ir a la lista completa<\/a><\/p>\n<\/div>\n[\/vc_column_text][\/vc_column_inner][\/vc_row_inner][vc_empty_space height=\u00bb50px\u00bb][\/vc_column][\/vc_row][vc_row full_height=\u00bbyes\u00bb content_placement=\u00bbmiddle\u00bb parallax=\u00bbcontent-moving\u00bb bg_type=\u00bbimage\u00bb parallax_style=\u00bbvcpb-default\u00bb bg_image_new=\u00bbid^2257|url^https:\/\/www.hotelbaiadelre.com\/wp-content\/uploads\/2016\/05\/reception-part-1.jpg|caption^null|alt^null|title^reception-part-1|description^null\u00bb bg_image_repeat=\u00bbno-repeat\u00bb bg_img_attach=\u00bbfixed\u00bb parallax_content=\u00bbparallax_content_value\u00bb fadeout_row=\u00bbfadeout_row_value\u00bb el_class=\u00bbhp1&#8243;][vc_column][vc_row_inner el_class=\u00bbwrap\u00bb][vc_column_inner][vc_single_image image=\u00bb1938&#8243; img_size=\u00bbfull\u00bb alignment=\u00bbcenter\u00bb el_class=\u00bbwrap\u00bb][vc_column_text css=\u00bb.vc_custom_1724830836594{padding-top: 35px !important;padding-right: 35px !important;padding-bottom: 35px !important;padding-left: 35px !important;background-color: rgba(255,255,255,0.8) !important;*background-color: rgb(255,255,255) !important;}\u00bb el_class=\u00bbboxmeeting\u00bb]\n<h3>Facilidades<\/h3>\n<ul>\n<li>Accesible para discapacitados<\/li>\n<li>Recepci\u00f3n 24h<\/li>\n<li>Bar (6:30-23:00h)<\/li>\n<li>Desayuno (7:00-09:30h)<\/li>\n<li>Punto de acceso a Internet<\/li>\n<li>Conexi\u00f3n Internet Wi-fi<\/li>\n<li>Servicio de fax<\/li>\n<li>Prensa<\/li>\n<li>Servicio de transporte<\/li>\n<li>Informaci\u00f3n tur\u00edstica<\/li>\n<li>Caja fuerte<\/li>\n<li>Portero nocturno<\/li>\n<li>Dep\u00f3sito de equipajes<\/li>\n<li>Servicio de planchado<\/li>\n<li>Servicio de lavander\u00eda<\/li>\n<li>Servicio de carga de coches el\u00e9ctricos<\/li>\n<li>Servicio portaequipajes<\/li>\n<li>Ascensor<\/li>\n<li>Los animales son los bienvenidos en nuestro Hotel (de pago)<\/li>\n<li>Cambio de divisas<\/li>\n<li>Aparcamiento<\/li>\n<li>Garaje de pago<\/li>\n<li>Aparcamiento p\u00fablico con disco horario durante 2 horas<\/li>\n<li>Recepci\u00f3n<\/li>\n<li>Hall<\/li>\n<li>Bar<\/li>\n<li>Sala comedor<\/li>\n<li>Restaurante<\/li>\n<li>Bienestar &amp; Fitness<\/li>\n<\/ul>\n<h4>Booking<\/h4>\n<ul>\n<li>Excursiones<\/li>\n<li>Visitas guiadas<\/li>\n<\/ul>\n<h3>Zonas Comunes<\/h3>\n<ul>\n<li>Recepci\u00f3n<\/li>\n<li>Hall<\/li>\n<li>Bar<\/li>\n<li>Sala comedor<\/li>\n<li>Restaurante<\/li>\n<li>Bienestar &amp; Fitness<\/li>\n<\/ul>\n<p class=\"testoservizi\">Ideal para encuentros de negocios y reuniones r\u00e1pidas, <strong>conferencias<\/strong> y eventos de empresa, el hotel dispone conexi\u00f3n a <strong>Internet Wi-Fi<\/strong> en todas sus zonas comunes, cuidadas y extraordinariamente acogedoras.<\/p>\n[\/vc_column_text][vc_single_image image=\u00bb1937&#8243; img_size=\u00bbfull\u00bb alignment=\u00bbcenter\u00bb el_class=\u00bbwrap\u00bb][\/vc_column_inner][\/vc_row_inner][\/vc_column][\/vc_row][vc_row equal_height=\u00bbyes\u00bb content_placement=\u00bbtop\u00bb parallax=\u00bbcontent-moving-fade\u00bb bg_type=\u00bbimage\u00bb parallax_style=\u00bbvcpb-default\u00bb bg_image_repeat=\u00bbno-repeat\u00bb bg_img_attach=\u00bbfixed\u00bb parallax_content=\u00bbparallax_content_value\u00bb el_class=\u00bbhp2&#8243;][vc_column width=\u00bb1\/3&#8243; css=\u00bb.vc_custom_1461754988359{background-image: url(https:\/\/www.hotelbaiadelre.com\/wp-content\/uploads\/2013\/09\/meeting.jpg?id=1941) !important;background-position: center !important;background-repeat: no-repeat !important;background-size: cover !important;}\u00bb][vc_empty_space height=\u00bb190px\u00bb][vc_column_text]\n<div id=\"blu\" class=\"bestprice\">\n<h3><span class=\"sans-serif\">Las salas<\/span><br \/>\nde reuni\u00f3n<\/h3>\n<\/div>\n[\/vc_column_text][vc_empty_space height=\u00bb160px\u00bb][vc_single_image image=\u00bb1934&#8243; img_size=\u00bbfull\u00bb alignment=\u00bbcenter\u00bb css_animation=\u00bbappear\u00bb css=\u00bb.vc_custom_1461753408288{padding-bottom: 30px !important;}\u00bb][vc_btn title=\u00bbIr a la p\u00e1gina\u00bb style=\u00bbcustom\u00bb custom_background=\u00bb#a3680d\u00bb custom_text=\u00bb#ffffff\u00bb shape=\u00bbround\u00bb size=\u00bblg\u00bb align=\u00bbcenter\u00bb css_animation=\u00bbappear\u00bb link=\u00bburl:http%3A%2F%2Fwww.hotelbaiadelre.com%2Fes%2Freuniones%2F||\u00bb][vc_single_image image=\u00bb1934&#8243; img_size=\u00bbfull\u00bb alignment=\u00bbcenter\u00bb css_animation=\u00bbappear\u00bb css=\u00bb.vc_custom_1461753421948{padding-top: 10px !important;}\u00bb][\/vc_column][vc_column width=\u00bb1\/3&#8243; css=\u00bb.vc_custom_1464191171004{background-image: url(https:\/\/www.hotelbaiadelre.com\/wp-content\/uploads\/2016\/05\/orchid-1034873.jpg?id=2256) !important;background-position: center !important;background-repeat: no-repeat !important;background-size: cover !important;}\u00bb][vc_empty_space height=\u00bb190px\u00bb][vc_column_text]\n<div id=\"giallo\" class=\"bestprice\">\n<h3><span class=\"sans-serif\">Bienestar<br \/>\n<\/span>&amp; Fitness<\/h3>\n<\/div>\n[\/vc_column_text][vc_empty_space height=\u00bb160px\u00bb][vc_single_image image=\u00bb1934&#8243; img_size=\u00bbfull\u00bb alignment=\u00bbcenter\u00bb css_animation=\u00bbappear\u00bb css=\u00bb.vc_custom_1464192141672{padding-bottom: 30px !important;}\u00bb][vc_btn title=\u00bbIr a la p\u00e1gina\u00bb style=\u00bbcustom\u00bb custom_background=\u00bb#071832&#8243; custom_text=\u00bb#ffffff\u00bb shape=\u00bbround\u00bb size=\u00bblg\u00bb align=\u00bbcenter\u00bb css_animation=\u00bbappear\u00bb link=\u00bburl:http%3A%2F%2Fwww.hotelbaiadelre.com%2Fes%2Fbienestar%2F||\u00bb][vc_single_image image=\u00bb1934&#8243; img_size=\u00bbfull\u00bb alignment=\u00bbcenter\u00bb css_animation=\u00bbappear\u00bb css=\u00bb.vc_custom_1464192123424{padding-top: 10px !important;}\u00bb][vc_empty_space height=\u00bb160px\u00bb][\/vc_column][vc_column width=\u00bb1\/3&#8243; css=\u00bb.vc_custom_1461759595826{background-image: url(https:\/\/www.hotelbaiadelre.com\/wp-content\/uploads\/2013\/09\/ristorante.jpg?id=1950) !important;background-position: center !important;background-repeat: no-repeat !important;background-size: cover !important;}\u00bb][vc_empty_space height=\u00bb190px\u00bb][vc_column_text]\n<div id=\"giallo\" class=\"bestprice\">\n<h3><span class=\"sans-serif\">Nuestro<br \/>\n<\/span>Restaurante<\/h3>\n<\/div>\n[\/vc_column_text][vc_column_text]<img loading=\"lazy\" decoding=\"async\" class=\"aligncenter size-full wp-image-1944\" src=\"https:\/\/www.hotelbaiadelre.com\/wp-content\/uploads\/2013\/09\/baia-bar-bianco.png\" alt=\"baiadelre-ristorante\" width=\"105\" height=\"160\" \/>[\/vc_column_text][vc_single_image image=\u00bb1934&#8243; img_size=\u00bbfull\u00bb alignment=\u00bbcenter\u00bb css_animation=\u00bbappear\u00bb css=\u00bb.vc_custom_1461753163303{padding-bottom: 30px !important;}\u00bb][vc_btn title=\u00bbIr a la p\u00e1gina\u00bb style=\u00bbcustom\u00bb custom_background=\u00bb#765032&#8243; custom_text=\u00bb#ffffff\u00bb shape=\u00bbround\u00bb size=\u00bblg\u00bb align=\u00bbcenter\u00bb css_animation=\u00bbappear\u00bb link=\u00bburl:http%3A%2F%2Fwww.hotelbaiadelre.com%2Fes%2Frestaurante%2F||\u00bb][vc_single_image image=\u00bb1934&#8243; img_size=\u00bbfull\u00bb alignment=\u00bbcenter\u00bb css_animation=\u00bbappear\u00bb css=\u00bb.vc_custom_1461753178743{padding-top: 10px !important;}\u00bb][\/vc_column][\/vc_row]\n<\/div>","protected":false},"excerpt":{"rendered":"<p>[vc_row full_height=\u00bbyes\u00bb parallax=\u00bbcontent-moving\u00bb bg_type=\u00bbimage\u00bb parallax_style=\u00bbvcpb-default\u00bb bg_image_new=\u00bbid^2255|url^https:\/\/www.hotelbaiadelre.com\/wp-content\/uploads\/2016\/05\/sala-colazioni-001-1.jpg|caption^null|alt^null|title^sala-colazioni-001|description^null\u00bb bg_image_repeat=\u00bbno-repeat\u00bb bg_img_attach=\u00bbfixed\u00bb parallax_content=\u00bbparallax_content_value\u00bb][vc_column][vc_column_text] [\/vc_column_text][\/vc_column][\/vc_row][vc_row el_class=\u00bbcontenuto\u00bb][vc_column][vc_empty_space height=\u00bb50px\u00bb][vc_row_inner el_class=\u00bbwrap\u00bb][vc_column_inner width=\u00bb1\/2&#8243;][vc_column_text css=\u00bb.vc_custom_1693382358540{padding-top: 0px !important;}\u00bb] Servicios El Hotel Real Fini Baia del Re es un establecimiento confortable y acogedor. El complejo, muy moderno y \u00fanico en su g\u00e9nero en la zona, se compone de un espacio central en el que se concentran todos [&hellip;]<\/p>\n","protected":false},"author":36,"featured_media":0,"parent":0,"menu_order":0,"comment_status":"closed","ping_status":"closed","template":"","meta":{"_genesis_hide_title":false,"_genesis_hide_breadcrumbs":false,"_genesis_hide_singular_image":false,"_genesis_hide_footer_widgets":false,"_genesis_custom_body_class":"","_genesis_custom_post_class":"","_genesis_layout":"","footnotes":""},"class_list":{"0":"post-2692","1":"page","2":"type-page","3":"status-publish","5":"entry"},"yoast_head":"<!-- This site is optimized with the Yoast SEO plugin v25.6 - https:\/\/yoast.com\/wordpress\/plugins\/seo\/ -->\n<title>Servicios | Hotel Baia del Re<\/title>\n<meta name=\"description\" content=\"Servicios, Hotel Baia del Re:\" \/>\n<meta name=\"robots\" content=\"index, follow, max-snippet:-1, max-image-preview:large, max-video-preview:-1\" \/>\n<link rel=\"canonical\" href=\"https:\/\/www.hotelbaiadelre.com\/es\/servicios\/\" \/>\n<meta property=\"og:locale\" content=\"es_ES\" \/>\n<meta property=\"og:type\" content=\"article\" \/>\n<meta property=\"og:title\" content=\"Servicios | Hotel Baia del Re\" \/>\n<meta property=\"og:description\" content=\"Servicios, Hotel Baia del Re:\" \/>\n<meta property=\"og:url\" content=\"https:\/\/www.hotelbaiadelre.com\/es\/servicios\/\" \/>\n<meta property=\"og:site_name\" content=\"Hotel Baia del Re\" \/>\n<meta property=\"article:modified_time\" content=\"2024-08-28T07:40:42+00:00\" \/>\n<meta property=\"og:image\" content=\"https:\/\/www.hotelbaiadelre.com\/wp-content\/uploads\/2015\/07\/fregio.png\" \/>\n<meta name=\"twitter:label1\" content=\"Tiempo de lectura\" \/>\n\t<meta name=\"twitter:data1\" content=\"3 minutos\" \/>\n<script type=\"application\/ld+json\" class=\"yoast-schema-graph\">{\"@context\":\"https:\/\/schema.org\",\"@graph\":[{\"@type\":\"WebPage\",\"@id\":\"https:\/\/www.hotelbaiadelre.com\/es\/servicios\/\",\"url\":\"https:\/\/www.hotelbaiadelre.com\/es\/servicios\/\",\"name\":\"Servicios | Hotel Baia del Re\",\"isPartOf\":{\"@id\":\"https:\/\/www.hotelbaiadelre.com\/es\/#website\"},\"primaryImageOfPage\":{\"@id\":\"https:\/\/www.hotelbaiadelre.com\/es\/servicios\/#primaryimage\"},\"image\":{\"@id\":\"https:\/\/www.hotelbaiadelre.com\/es\/servicios\/#primaryimage\"},\"thumbnailUrl\":\"https:\/\/www.hotelbaiadelre.com\/wp-content\/uploads\/2015\/07\/fregio.png\",\"datePublished\":\"2016-05-24T08:49:54+00:00\",\"dateModified\":\"2024-08-28T07:40:42+00:00\",\"description\":\"Servicios, Hotel Baia del Re:\",\"breadcrumb\":{\"@id\":\"https:\/\/www.hotelbaiadelre.com\/es\/servicios\/#breadcrumb\"},\"inLanguage\":\"es\",\"potentialAction\":[{\"@type\":\"ReadAction\",\"target\":[\"https:\/\/www.hotelbaiadelre.com\/es\/servicios\/\"]}]},{\"@type\":\"ImageObject\",\"inLanguage\":\"es\",\"@id\":\"https:\/\/www.hotelbaiadelre.com\/es\/servicios\/#primaryimage\",\"url\":\"https:\/\/www.hotelbaiadelre.com\/wp-content\/uploads\/2015\/07\/fregio.png\",\"contentUrl\":\"https:\/\/www.hotelbaiadelre.com\/wp-content\/uploads\/2015\/07\/fregio.png\"},{\"@type\":\"BreadcrumbList\",\"@id\":\"https:\/\/www.hotelbaiadelre.com\/es\/servicios\/#breadcrumb\",\"itemListElement\":[{\"@type\":\"ListItem\",\"position\":1,\"name\":\"Home\",\"item\":\"https:\/\/www.hotelbaiadelre.com\/es\/\"},{\"@type\":\"ListItem\",\"position\":2,\"name\":\"Servicios\"}]},{\"@type\":\"WebSite\",\"@id\":\"https:\/\/www.hotelbaiadelre.com\/es\/#website\",\"url\":\"https:\/\/www.hotelbaiadelre.com\/es\/\",\"name\":\"Hotel Baia del Re\",\"description\":\"\",\"potentialAction\":[{\"@type\":\"SearchAction\",\"target\":{\"@type\":\"EntryPoint\",\"urlTemplate\":\"https:\/\/www.hotelbaiadelre.com\/es\/?s={search_term_string}\"},\"query-input\":{\"@type\":\"PropertyValueSpecification\",\"valueRequired\":true,\"valueName\":\"search_term_string\"}}],\"inLanguage\":\"es\"}]}<\/script>\n<!-- \/ Yoast SEO plugin. -->","yoast_head_json":{"title":"Servicios | Hotel Baia del Re","description":"Servicios, Hotel Baia del Re:","robots":{"index":"index","follow":"follow","max-snippet":"max-snippet:-1","max-image-preview":"max-image-preview:large","max-video-preview":"max-video-preview:-1"},"canonical":"https:\/\/www.hotelbaiadelre.com\/es\/servicios\/","og_locale":"es_ES","og_type":"article","og_title":"Servicios | Hotel Baia del Re","og_description":"Servicios, Hotel Baia del Re:","og_url":"https:\/\/www.hotelbaiadelre.com\/es\/servicios\/","og_site_name":"Hotel Baia del Re","article_modified_time":"2024-08-28T07:40:42+00:00","og_image":[{"url":"https:\/\/www.hotelbaiadelre.com\/wp-content\/uploads\/2015\/07\/fregio.png","type":"","width":"","height":""}],"twitter_misc":{"Tiempo de lectura":"3 minutos"},"schema":{"@context":"https:\/\/schema.org","@graph":[{"@type":"WebPage","@id":"https:\/\/www.hotelbaiadelre.com\/es\/servicios\/","url":"https:\/\/www.hotelbaiadelre.com\/es\/servicios\/","name":"Servicios | Hotel Baia del Re","isPartOf":{"@id":"https:\/\/www.hotelbaiadelre.com\/es\/#website"},"primaryImageOfPage":{"@id":"https:\/\/www.hotelbaiadelre.com\/es\/servicios\/#primaryimage"},"image":{"@id":"https:\/\/www.hotelbaiadelre.com\/es\/servicios\/#primaryimage"},"thumbnailUrl":"https:\/\/www.hotelbaiadelre.com\/wp-content\/uploads\/2015\/07\/fregio.png","datePublished":"2016-05-24T08:49:54+00:00","dateModified":"2024-08-28T07:40:42+00:00","description":"Servicios, Hotel Baia del Re:","breadcrumb":{"@id":"https:\/\/www.hotelbaiadelre.com\/es\/servicios\/#breadcrumb"},"inLanguage":"es","potentialAction":[{"@type":"ReadAction","target":["https:\/\/www.hotelbaiadelre.com\/es\/servicios\/"]}]},{"@type":"ImageObject","inLanguage":"es","@id":"https:\/\/www.hotelbaiadelre.com\/es\/servicios\/#primaryimage","url":"https:\/\/www.hotelbaiadelre.com\/wp-content\/uploads\/2015\/07\/fregio.png","contentUrl":"https:\/\/www.hotelbaiadelre.com\/wp-content\/uploads\/2015\/07\/fregio.png"},{"@type":"BreadcrumbList","@id":"https:\/\/www.hotelbaiadelre.com\/es\/servicios\/#breadcrumb","itemListElement":[{"@type":"ListItem","position":1,"name":"Home","item":"https:\/\/www.hotelbaiadelre.com\/es\/"},{"@type":"ListItem","position":2,"name":"Servicios"}]},{"@type":"WebSite","@id":"https:\/\/www.hotelbaiadelre.com\/es\/#website","url":"https:\/\/www.hotelbaiadelre.com\/es\/","name":"Hotel Baia del Re","description":"","potentialAction":[{"@type":"SearchAction","target":{"@type":"EntryPoint","urlTemplate":"https:\/\/www.hotelbaiadelre.com\/es\/?s={search_term_string}"},"query-input":{"@type":"PropertyValueSpecification","valueRequired":true,"valueName":"search_term_string"}}],"inLanguage":"es"}]}},"publishpress_future_action":{"enabled":false,"date":"2026-05-06 02:34:24","action":"change-status","newStatus":"draft","terms":[],"taxonomy":"translation_priority","extraData":[]},"publishpress_future_workflow_manual_trigger":{"enabledWorkflows":[]},"_links":{"self":[{"href":"https:\/\/www.hotelbaiadelre.com\/es\/wp-json\/wp\/v2\/pages\/2692","targetHints":{"allow":["GET"]}}],"collection":[{"href":"https:\/\/www.hotelbaiadelre.com\/es\/wp-json\/wp\/v2\/pages"}],"about":[{"href":"https:\/\/www.hotelbaiadelre.com\/es\/wp-json\/wp\/v2\/types\/page"}],"author":[{"embeddable":true,"href":"https:\/\/www.hotelbaiadelre.com\/es\/wp-json\/wp\/v2\/users\/36"}],"replies":[{"embeddable":true,"href":"https:\/\/www.hotelbaiadelre.com\/es\/wp-json\/wp\/v2\/comments?post=2692"}],"version-history":[{"count":4,"href":"https:\/\/www.hotelbaiadelre.com\/es\/wp-json\/wp\/v2\/pages\/2692\/revisions"}],"predecessor-version":[{"id":4412,"href":"https:\/\/www.hotelbaiadelre.com\/es\/wp-json\/wp\/v2\/pages\/2692\/revisions\/4412"}],"wp:attachment":[{"href":"https:\/\/www.hotelbaiadelre.com\/es\/wp-json\/wp\/v2\/media?parent=2692"}],"curies":[{"name":"wp","href":"https:\/\/api.w.org\/{rel}","templated":true}]}}