{"id":2742,"date":"2016-05-24T08:48:29","date_gmt":"2016-05-24T08:48:29","guid":{"rendered":"https:\/\/www.hotelbaiadelre.com\/es\/la-nostra-storia\/"},"modified":"2016-06-15T14:12:37","modified_gmt":"2016-06-15T14:12:37","slug":"nuestra-historia","status":"publish","type":"page","link":"https:\/\/www.hotelbaiadelre.com\/es\/nuestra-historia\/","title":{"rendered":"Nuestra historia"},"content":{"rendered":"<div class=\"wpb-content-wrapper\">[vc_row full_height=\u00bbyes\u00bb parallax=\u00bbcontent-moving\u00bb bg_type=\u00bbimage\u00bb parallax_style=\u00bbvcpb-default\u00bb bg_image_new=\u00bbid^2332|url^https:\/\/www.hotelbaiadelre.com\/wp-content\/uploads\/2016\/05\/rollsKrug.jpg|caption^null|alt^null|title^rollsKrug|description^null\u00bb bg_image_repeat=\u00bbno-repeat\u00bb bg_img_attach=\u00bbfixed\u00bb parallax_content=\u00bbparallax_content_value\u00bb][vc_column][vc_column_text]\n<div class=\"payoff\">\n<h1>Hospitalidad y elegancia<\/h1>\n<\/div>\n[\/vc_column_text][\/vc_column][\/vc_row][vc_row el_class=\u00bbcontenuto\u00bb][vc_column][vc_empty_space height=\u00bb50px\u00bb][vc_row_inner el_class=\u00bbwrap\u00bb][vc_column_inner width=\u00bb1\/2&#8243;][vc_column_text css=\u00bb.vc_custom_1465999954899{padding-top: 0px !important;}\u00bb]\n<h1>Nuestra historia<\/h1>\n<p><img decoding=\"async\" src=\"https:\/\/www.hotelbaiadelre.com\/wp-content\/uploads\/2015\/07\/fregio.png\" alt=\"\" \/><\/p>\n<p>La historia del <strong>Gruppo Hotel Real Fini<\/strong> tiene sus ra\u00edces a principios del siglo XX, cuando Telesforo Fini y su esposa Giuditta abrieron una charcuter\u00eda en Corso Canalchiaro, en el coraz\u00f3n del centro hist\u00f3rico de M\u00f3dena.<\/p>\n<p>Dedicaci\u00f3n, investigaci\u00f3n y respeto por la calidad fueron las caracter\u00edsticas que distinguieron desde el inicio a la charcuter\u00eda, en la que despu\u00e9s de un tiempo comenzaron a servir a los clientes leales platos de la cocina tradicional de M\u00f3dena preparados por Giuditta con esmero y pasi\u00f3n.<\/p>\n<p><strong>El Hotel Real Fini Baia del Re<\/strong> y el <strong>Ristorante Baia del Re<\/strong>, hoy, como en 1912, mantienen sin cambios los <strong>valores<\/strong> fundamentales, como el <strong>cuidado de la calidad<\/strong>, <strong>el amor por las cosas simples y aut\u00e9nticas<\/strong>, <strong>la atenci\u00f3n al cliente<\/strong>y la capacidad de transformar la <strong>pasi\u00f3n<\/strong> en un \u00e9xito duradero y en una perenne <strong>evoluci\u00f3n<\/strong>.<\/p>\n<p>Hoy en d\u00eda, en el coraz\u00f3n de la Emilia, el hotel y el restaurante atraen a diversos y exigentes clientes, acostumbrados a la <strong>comodidad<\/strong> m\u00e1s moderna pero seducida por la calidez y la <strong>experiencia<\/strong> que impregna nuestra forma de trabajar.<\/p>\n<p>El Hotel Real Fini Baia del Re de M\u00f3dena ofrece <strong>ambientes exclusivos<\/strong>, de alto nivel, con <strong>habitaciones<\/strong> <strong>y salas de reuniones <\/strong>c\u00f3modas y con una disposici\u00f3n impecable y funcional. En las mesas de nuestro Ristorante Baia del Re volver\u00e1n a descubrir el placer de saborear una <strong>cocina t\u00edpica<\/strong>, fiel a las tradiciones de la Emilia, con aromas encantadores provocados por la estricta selecci\u00f3n de los ingredientes y por el talento de los expertos y experimentados chefs.<\/p>\n[\/vc_column_text][\/vc_column_inner][vc_column_inner width=\u00bb1\/2&#8243;][vc_empty_space height=\u00bb37px\u00bb][vc_media_grid element_width=\u00bb6&#8243; item=\u00bbmediaGrid_FadeInWithIcon\u00bb grid_id=\u00bbvc_gid:1465999921214-d24bcf79-3c9a-9&#8243; include=\u00bb2394,2300,2303,2305,2309,2306,2304,2301,2345,2346&#8243;][\/vc_column_inner][\/vc_row_inner][vc_empty_space height=\u00bb50px\u00bb][\/vc_column][\/vc_row][vc_row][vc_column][vc_media_grid element_width=\u00bb3&#8243; gap=\u00bb0&#8243; item=\u00bbmediaGrid_FadeInWithIcon\u00bb grid_id=\u00bbvc_gid:1465999921219-ae072796-02e4-5&#8243; include=\u00bb2336,2308,2310,2311&#8243;][\/vc_column][\/vc_row]\n<\/div>","protected":false},"excerpt":{"rendered":"<p>[vc_row full_height=\u00bbyes\u00bb parallax=\u00bbcontent-moving\u00bb bg_type=\u00bbimage\u00bb parallax_style=\u00bbvcpb-default\u00bb bg_image_new=\u00bbid^2332|url^https:\/\/www.hotelbaiadelre.com\/wp-content\/uploads\/2016\/05\/rollsKrug.jpg|caption^null|alt^null|title^rollsKrug|description^null\u00bb bg_image_repeat=\u00bbno-repeat\u00bb bg_img_attach=\u00bbfixed\u00bb parallax_content=\u00bbparallax_content_value\u00bb][vc_column][vc_column_text] Hospitalidad y elegancia [\/vc_column_text][\/vc_column][\/vc_row][vc_row el_class=\u00bbcontenuto\u00bb][vc_column][vc_empty_space height=\u00bb50px\u00bb][vc_row_inner el_class=\u00bbwrap\u00bb][vc_column_inner width=\u00bb1\/2&#8243;][vc_column_text css=\u00bb.vc_custom_1465999954899{padding-top: 0px !important;}\u00bb] Nuestra historia La historia del Gruppo Hotel Real Fini tiene sus ra\u00edces a principios del siglo XX, cuando Telesforo Fini y su esposa Giuditta abrieron una charcuter\u00eda en Corso Canalchiaro, en el coraz\u00f3n del centro [&hellip;]<\/p>\n","protected":false},"author":36,"featured_media":0,"parent":0,"menu_order":0,"comment_status":"closed","ping_status":"closed","template":"","meta":{"_genesis_hide_title":false,"_genesis_hide_breadcrumbs":false,"_genesis_hide_singular_image":false,"_genesis_hide_footer_widgets":false,"_genesis_custom_body_class":"","_genesis_custom_post_class":"","_genesis_layout":"","footnotes":""},"class_list":{"0":"post-2742","1":"page","2":"type-page","3":"status-publish","5":"entry"},"yoast_head":"<!-- This site is optimized with the Yoast SEO plugin v25.6 - https:\/\/yoast.com\/wordpress\/plugins\/seo\/ -->\n<title>Nuestra historia | Hotel Baia del Re<\/title>\n<meta name=\"description\" content=\"Nuestra historia, Hotel Baia del Re:\" \/>\n<meta name=\"robots\" content=\"index, follow, max-snippet:-1, max-image-preview:large, max-video-preview:-1\" \/>\n<link rel=\"canonical\" href=\"https:\/\/www.hotelbaiadelre.com\/es\/nuestra-historia\/\" \/>\n<meta property=\"og:locale\" content=\"es_ES\" \/>\n<meta property=\"og:type\" content=\"article\" \/>\n<meta property=\"og:title\" content=\"Nuestra historia | Hotel Baia del Re\" \/>\n<meta property=\"og:description\" content=\"Nuestra historia, Hotel Baia del Re:\" \/>\n<meta property=\"og:url\" content=\"https:\/\/www.hotelbaiadelre.com\/es\/nuestra-historia\/\" \/>\n<meta property=\"og:site_name\" content=\"Hotel Baia del Re\" \/>\n<meta property=\"article:modified_time\" content=\"2016-06-15T14:12:37+00:00\" \/>\n<meta property=\"og:image\" content=\"https:\/\/www.hotelbaiadelre.com\/wp-content\/uploads\/2015\/07\/fregio.png\" \/>\n<meta name=\"twitter:label1\" content=\"Tiempo de lectura\" \/>\n\t<meta name=\"twitter:data1\" content=\"2 minutos\" \/>\n<script type=\"application\/ld+json\" class=\"yoast-schema-graph\">{\"@context\":\"https:\/\/schema.org\",\"@graph\":[{\"@type\":\"WebPage\",\"@id\":\"https:\/\/www.hotelbaiadelre.com\/es\/nuestra-historia\/\",\"url\":\"https:\/\/www.hotelbaiadelre.com\/es\/nuestra-historia\/\",\"name\":\"Nuestra historia | Hotel Baia del Re\",\"isPartOf\":{\"@id\":\"https:\/\/www.hotelbaiadelre.com\/es\/#website\"},\"primaryImageOfPage\":{\"@id\":\"https:\/\/www.hotelbaiadelre.com\/es\/nuestra-historia\/#primaryimage\"},\"image\":{\"@id\":\"https:\/\/www.hotelbaiadelre.com\/es\/nuestra-historia\/#primaryimage\"},\"thumbnailUrl\":\"https:\/\/www.hotelbaiadelre.com\/wp-content\/uploads\/2015\/07\/fregio.png\",\"datePublished\":\"2016-05-24T08:48:29+00:00\",\"dateModified\":\"2016-06-15T14:12:37+00:00\",\"description\":\"Nuestra historia, Hotel Baia del Re:\",\"breadcrumb\":{\"@id\":\"https:\/\/www.hotelbaiadelre.com\/es\/nuestra-historia\/#breadcrumb\"},\"inLanguage\":\"es\",\"potentialAction\":[{\"@type\":\"ReadAction\",\"target\":[\"https:\/\/www.hotelbaiadelre.com\/es\/nuestra-historia\/\"]}]},{\"@type\":\"ImageObject\",\"inLanguage\":\"es\",\"@id\":\"https:\/\/www.hotelbaiadelre.com\/es\/nuestra-historia\/#primaryimage\",\"url\":\"https:\/\/www.hotelbaiadelre.com\/wp-content\/uploads\/2015\/07\/fregio.png\",\"contentUrl\":\"https:\/\/www.hotelbaiadelre.com\/wp-content\/uploads\/2015\/07\/fregio.png\"},{\"@type\":\"BreadcrumbList\",\"@id\":\"https:\/\/www.hotelbaiadelre.com\/es\/nuestra-historia\/#breadcrumb\",\"itemListElement\":[{\"@type\":\"ListItem\",\"position\":1,\"name\":\"Home\",\"item\":\"https:\/\/www.hotelbaiadelre.com\/es\/\"},{\"@type\":\"ListItem\",\"position\":2,\"name\":\"Nuestra historia\"}]},{\"@type\":\"WebSite\",\"@id\":\"https:\/\/www.hotelbaiadelre.com\/es\/#website\",\"url\":\"https:\/\/www.hotelbaiadelre.com\/es\/\",\"name\":\"Hotel Baia del Re\",\"description\":\"\",\"potentialAction\":[{\"@type\":\"SearchAction\",\"target\":{\"@type\":\"EntryPoint\",\"urlTemplate\":\"https:\/\/www.hotelbaiadelre.com\/es\/?s={search_term_string}\"},\"query-input\":{\"@type\":\"PropertyValueSpecification\",\"valueRequired\":true,\"valueName\":\"search_term_string\"}}],\"inLanguage\":\"es\"}]}<\/script>\n<!-- \/ Yoast SEO plugin. -->","yoast_head_json":{"title":"Nuestra historia | Hotel Baia del Re","description":"Nuestra historia, Hotel Baia del Re:","robots":{"index":"index","follow":"follow","max-snippet":"max-snippet:-1","max-image-preview":"max-image-preview:large","max-video-preview":"max-video-preview:-1"},"canonical":"https:\/\/www.hotelbaiadelre.com\/es\/nuestra-historia\/","og_locale":"es_ES","og_type":"article","og_title":"Nuestra historia | Hotel Baia del Re","og_description":"Nuestra historia, Hotel Baia del Re:","og_url":"https:\/\/www.hotelbaiadelre.com\/es\/nuestra-historia\/","og_site_name":"Hotel Baia del Re","article_modified_time":"2016-06-15T14:12:37+00:00","og_image":[{"url":"https:\/\/www.hotelbaiadelre.com\/wp-content\/uploads\/2015\/07\/fregio.png","type":"","width":"","height":""}],"twitter_misc":{"Tiempo de lectura":"2 minutos"},"schema":{"@context":"https:\/\/schema.org","@graph":[{"@type":"WebPage","@id":"https:\/\/www.hotelbaiadelre.com\/es\/nuestra-historia\/","url":"https:\/\/www.hotelbaiadelre.com\/es\/nuestra-historia\/","name":"Nuestra historia | Hotel Baia del Re","isPartOf":{"@id":"https:\/\/www.hotelbaiadelre.com\/es\/#website"},"primaryImageOfPage":{"@id":"https:\/\/www.hotelbaiadelre.com\/es\/nuestra-historia\/#primaryimage"},"image":{"@id":"https:\/\/www.hotelbaiadelre.com\/es\/nuestra-historia\/#primaryimage"},"thumbnailUrl":"https:\/\/www.hotelbaiadelre.com\/wp-content\/uploads\/2015\/07\/fregio.png","datePublished":"2016-05-24T08:48:29+00:00","dateModified":"2016-06-15T14:12:37+00:00","description":"Nuestra historia, Hotel Baia del Re:","breadcrumb":{"@id":"https:\/\/www.hotelbaiadelre.com\/es\/nuestra-historia\/#breadcrumb"},"inLanguage":"es","potentialAction":[{"@type":"ReadAction","target":["https:\/\/www.hotelbaiadelre.com\/es\/nuestra-historia\/"]}]},{"@type":"ImageObject","inLanguage":"es","@id":"https:\/\/www.hotelbaiadelre.com\/es\/nuestra-historia\/#primaryimage","url":"https:\/\/www.hotelbaiadelre.com\/wp-content\/uploads\/2015\/07\/fregio.png","contentUrl":"https:\/\/www.hotelbaiadelre.com\/wp-content\/uploads\/2015\/07\/fregio.png"},{"@type":"BreadcrumbList","@id":"https:\/\/www.hotelbaiadelre.com\/es\/nuestra-historia\/#breadcrumb","itemListElement":[{"@type":"ListItem","position":1,"name":"Home","item":"https:\/\/www.hotelbaiadelre.com\/es\/"},{"@type":"ListItem","position":2,"name":"Nuestra historia"}]},{"@type":"WebSite","@id":"https:\/\/www.hotelbaiadelre.com\/es\/#website","url":"https:\/\/www.hotelbaiadelre.com\/es\/","name":"Hotel Baia del Re","description":"","potentialAction":[{"@type":"SearchAction","target":{"@type":"EntryPoint","urlTemplate":"https:\/\/www.hotelbaiadelre.com\/es\/?s={search_term_string}"},"query-input":{"@type":"PropertyValueSpecification","valueRequired":true,"valueName":"search_term_string"}}],"inLanguage":"es"}]}},"publishpress_future_action":{"enabled":false,"date":"2026-04-28 09:39:11","action":"change-status","newStatus":"draft","terms":[],"taxonomy":"translation_priority","extraData":[]},"publishpress_future_workflow_manual_trigger":{"enabledWorkflows":[]},"_links":{"self":[{"href":"https:\/\/www.hotelbaiadelre.com\/es\/wp-json\/wp\/v2\/pages\/2742","targetHints":{"allow":["GET"]}}],"collection":[{"href":"https:\/\/www.hotelbaiadelre.com\/es\/wp-json\/wp\/v2\/pages"}],"about":[{"href":"https:\/\/www.hotelbaiadelre.com\/es\/wp-json\/wp\/v2\/types\/page"}],"author":[{"embeddable":true,"href":"https:\/\/www.hotelbaiadelre.com\/es\/wp-json\/wp\/v2\/users\/36"}],"replies":[{"embeddable":true,"href":"https:\/\/www.hotelbaiadelre.com\/es\/wp-json\/wp\/v2\/comments?post=2742"}],"version-history":[{"count":0,"href":"https:\/\/www.hotelbaiadelre.com\/es\/wp-json\/wp\/v2\/pages\/2742\/revisions"}],"wp:attachment":[{"href":"https:\/\/www.hotelbaiadelre.com\/es\/wp-json\/wp\/v2\/media?parent=2742"}],"curies":[{"name":"wp","href":"https:\/\/api.w.org\/{rel}","templated":true}]}}