{"id":2817,"date":"2013-09-03T14:20:11","date_gmt":"2013-09-03T14:20:11","guid":{"rendered":"https:\/\/www.hotelbaiadelre.com\/es\/home\/"},"modified":"2016-09-15T14:36:25","modified_gmt":"2016-09-15T14:36:25","slug":"home","status":"publish","type":"page","link":"https:\/\/www.hotelbaiadelre.com\/es\/","title":{"rendered":"Home"},"content":{"rendered":"<div class=\"wpb-content-wrapper\">[vc_row parallax_content=\u00bbparallax_content_value\u00bb css=\u00bb.vc_custom_1460731336423{margin-top: 0px !important;margin-right: 0px !important;margin-bottom: 0px !important;margin-left: 0px !important;padding-top: 0px !important;padding-right: 0px !important;padding-bottom: 0px !important;padding-left: 0px !important;}\u00bb][vc_column][\/vc_column][\/vc_row][vc_row full_height=\u00bbyes\u00bb content_placement=\u00bbmiddle\u00bb parallax=\u00bbcontent-moving\u00bb bg_type=\u00bbimage\u00bb parallax_style=\u00bbvcpb-default\u00bb bg_image_new=\u00bbid^1923|url^https:\/\/www.hotelbaiadelre.com\/wp-content\/uploads\/2013\/09\/introduzione-home.jpg|caption^null|alt^null|title^introduzione-home|description^null\u00bb bg_image_repeat=\u00bbno-repeat\u00bb bg_img_attach=\u00bbfixed\u00bb parallax_content=\u00bbparallax_content_value\u00bb fadeout_row=\u00bbfadeout_row_value\u00bb el_class=\u00bbhp1&#8243;][vc_column][vc_row_inner el_class=\u00bbwrap\u00bb][vc_column_inner][vc_single_image image=\u00bb1938&#8243; img_size=\u00bbfull\u00bb alignment=\u00bbcenter\u00bb el_class=\u00bbwrap\u00bb][vc_column_text css=\u00bb.vc_custom_1473950184052{padding-top: 35px !important;padding-right: 35px !important;padding-bottom: 35px !important;padding-left: 35px !important;background-color: rgba(255,255,255,0.8) !important;*background-color: rgb(255,255,255) !important;}\u00bb]\n<h1>Hotel 4 estrellas M\u00f3dena<\/h1>\n<p class=\"testohome\">El Hotel Real Fini Baia del Re se presenta ante sus Hu\u00e9spedes como un acogedor puerto de llegada a la ciudad de M\u00f3dena, un oasis de tranquilidad y relax sumergido en la vegetaci\u00f3n. El Hotel se encuentra en una posici\u00f3n tan tranquila como estrat\u00e9gica, a pocos kil\u00f3metros del casco hist\u00f3rico y justo en las cercan\u00edas de la salida Modena Sud de la principal autopista, la A1 &#8211; Autostrada del Sole.<\/p>\n<p class=\"testohome\">El Hotel Real Fini Baia del Re ofrece a sus Hu\u00e9spedes 84 habitaciones con una refinada decoraci\u00f3n minimalista, 7 <strong>salas de reuniones<\/strong>, centro de <strong>salud y bienestar<\/strong> y la cocina del c\u00e9lebre <strong>Restaurante Baia del Re<\/strong>.<\/p>\n[\/vc_column_text][vc_single_image image=\u00bb1937&#8243; img_size=\u00bbfull\u00bb alignment=\u00bbcenter\u00bb el_class=\u00bbwrap\u00bb][\/vc_column_inner][\/vc_row_inner][\/vc_column][\/vc_row][vc_row equal_height=\u00bbyes\u00bb content_placement=\u00bbtop\u00bb parallax=\u00bbcontent-moving-fade\u00bb bg_type=\u00bbimage\u00bb parallax_style=\u00bbvcpb-default\u00bb bg_image_repeat=\u00bbno-repeat\u00bb bg_img_attach=\u00bbfixed\u00bb parallax_content=\u00bbparallax_content_value\u00bb el_class=\u00bbhp2&#8243;][vc_column width=\u00bb1\/2&#8243; css=\u00bb.vc_custom_1461759595826{background-image: url(https:\/\/www.hotelbaiadelre.com\/wp-content\/uploads\/2013\/09\/ristorante.jpg?id=1950) !important;background-position: center !important;background-repeat: no-repeat !important;background-size: cover !important;}\u00bb][vc_empty_space height=\u00bb180px\u00bb][vc_column_text]\n<div id=\"giallo\" class=\"bestprice\">\n<h3><span class=\"sans-serif\">Nuestro<br \/>\n<\/span>Restaurante<\/h3>\n<\/div>\n[\/vc_column_text][vc_column_text]<img loading=\"lazy\" decoding=\"async\" class=\"aligncenter size-full wp-image-1944\" src=\"https:\/\/www.hotelbaiadelre.com\/wp-content\/uploads\/2013\/09\/baia-bar-bianco.png\" alt=\"baiadelre-ristorante\" width=\"105\" height=\"160\" \/>[\/vc_column_text][vc_single_image image=\u00bb1934&#8243; img_size=\u00bbfull\u00bb alignment=\u00bbcenter\u00bb css_animation=\u00bbappear\u00bb css=\u00bb.vc_custom_1461753163303{padding-bottom: 30px !important;}\u00bb][vc_btn title=\u00bbIr a la p\u00e1gina\u00bb style=\u00bbcustom\u00bb custom_background=\u00bb#071832&#8243; custom_text=\u00bb#ffffff\u00bb shape=\u00bbround\u00bb size=\u00bblg\u00bb align=\u00bbcenter\u00bb css_animation=\u00bbappear\u00bb link=\u00bburl:http%3A%2F%2Fwww.hotelbaiadelre.com%2Fes%2Frestaurante%2F||\u00bb][vc_single_image image=\u00bb1934&#8243; img_size=\u00bbfull\u00bb alignment=\u00bbcenter\u00bb css_animation=\u00bbappear\u00bb css=\u00bb.vc_custom_1461753178743{padding-top: 10px !important;}\u00bb][\/vc_column][vc_column width=\u00bb1\/2&#8243; css=\u00bb.vc_custom_1461754988359{background-image: url(https:\/\/www.hotelbaiadelre.com\/wp-content\/uploads\/2013\/09\/meeting.jpg?id=1941) !important;background-position: center !important;background-repeat: no-repeat !important;background-size: cover !important;}\u00bb][vc_empty_space height=\u00bb190px\u00bb][vc_column_text]\n<div id=\"blu\" class=\"bestprice\">\n<h3><span class=\"sans-serif\">Las salas<\/span><br \/>\nde reuni\u00f3n<\/h3>\n<\/div>\n[\/vc_column_text][vc_empty_space height=\u00bb160px\u00bb][vc_single_image image=\u00bb1934&#8243; img_size=\u00bbfull\u00bb alignment=\u00bbcenter\u00bb css_animation=\u00bbappear\u00bb css=\u00bb.vc_custom_1461753408288{padding-bottom: 30px !important;}\u00bb][vc_btn title=\u00bbIr a la p\u00e1gina\u00bb style=\u00bbcustom\u00bb custom_background=\u00bb#a3680d\u00bb custom_text=\u00bb#ffffff\u00bb shape=\u00bbround\u00bb size=\u00bblg\u00bb align=\u00bbcenter\u00bb css_animation=\u00bbappear\u00bb link=\u00bburl:http%3A%2F%2Fwww.hotelbaiadelre.com%2Fes%2Freuniones%2F||\u00bb][vc_single_image image=\u00bb1934&#8243; img_size=\u00bbfull\u00bb alignment=\u00bbcenter\u00bb css_animation=\u00bbappear\u00bb css=\u00bb.vc_custom_1461753421948{padding-top: 10px !important;}\u00bb][\/vc_column][\/vc_row][vc_row full_height=\u00bbyes\u00bb bg_type=\u00bbimage\u00bb parallax_style=\u00bbvcpb-default\u00bb bg_image_repeat=\u00bbno-repeat\u00bb bg_img_attach=\u00bbfixed\u00bb parallax_content=\u00bbparallax_content_value\u00bb el_class=\u00bbsfumata homeoffers\u00bb][vc_column][vc_column_text el_class=\u00bbwrap\u00bb]\n<div id=\"box-offerte\">\n<h3>Ofertas Especiales<\/h3>\n<p><img loading=\"lazy\" decoding=\"async\" class=\"aligncenter\" src=\"https:\/\/www.hotelbaiadelre.com\/wp-content\/uploads\/2013\/09\/deco-scuro-top.png\" alt=\"Hotel 4 estrellas M\u00f3dena\" width=\"468\" height=\"60\" \/><\/p>\n<div class=\"gallery-view\"><div class=\"offer-package-4\"><div style=\"position:relative; margin-left:auto; margin-right:auto; overflow:hidden; width:px;\"><a href=\"https:\/\/www.hotelbaiadelre.com\/es\/offers\/early-booking-offer-up-to-28-off\/\"><img loading=\"lazy\" decoding=\"async\" width=\"210\" height=\"210\" src=\"https:\/\/www.hotelbaiadelre.com\/wp-content\/uploads\/2020\/03\/early-booking-discount-1-210x210.jpg\" class=\"size-thumbnail\" alt=\"\" srcset=\"https:\/\/www.hotelbaiadelre.com\/wp-content\/uploads\/2020\/03\/early-booking-discount-1-210x210.jpg 210w, https:\/\/www.hotelbaiadelre.com\/wp-content\/uploads\/2020\/03\/early-booking-discount-1-140x140.jpg 140w, https:\/\/www.hotelbaiadelre.com\/wp-content\/uploads\/2020\/03\/early-booking-discount-1-32x32.jpg 32w, https:\/\/www.hotelbaiadelre.com\/wp-content\/uploads\/2020\/03\/early-booking-discount-1-128x128.jpg 128w, https:\/\/www.hotelbaiadelre.com\/wp-content\/uploads\/2020\/03\/early-booking-discount-1-268x268.jpg 268w, https:\/\/www.hotelbaiadelre.com\/wp-content\/uploads\/2020\/03\/early-booking-discount-1-440x440.jpg 440w\" sizes=\"auto, (max-width: 210px) 100vw, 210px\" \/><\/a><div class=\"background-offer-gallery\"><img decoding=\"async\" src=\"https:\/\/www.hotelbaiadelre.com\/wp-content\/uploads\/2013\/09\/bkg-white704.png\"\/><div class=\"highlight-text-gallery\"><a href=\"https:\/\/www.hotelbaiadelre.com\/es\/offers\/early-booking-offer-up-to-28-off\/\">Reserva anticipada<\/a><\/div><\/div><div class=\"background-tag-gallery\"><img decoding=\"async\" src=\"https:\/\/www.hotelbaiadelre.com\/wp-content\/uploads\/2013\/09\/early-booking_icon.png\"\/><\/div><\/div><div class=\"original-price\"><\/div><div class=\"reducted-price\"><\/div><div class=\"clear\"><\/div><div class=\"offer_title\"><a href=\"https:\/\/www.hotelbaiadelre.com\/es\/offers\/early-booking-offer-up-to-28-off\/\">Early Booking Offer: up to 28% Off<\/a><\/div><div class=\"package-gallery\"><div><\/div><div><\/div><div><\/div><div><\/div><\/div><\/div><div class=\"offer-package-4\"><div style=\"position:relative; margin-left:auto; margin-right:auto; overflow:hidden; width:px;\"><a href=\"https:\/\/www.hotelbaiadelre.com\/es\/offers\/tarifas-especiales-para-internet\/\"><img loading=\"lazy\" decoding=\"async\" width=\"210\" height=\"210\" src=\"https:\/\/www.hotelbaiadelre.com\/wp-content\/uploads\/2015\/07\/junior-suite-210x210.jpg\" class=\"size-thumbnail\" alt=\"\" srcset=\"https:\/\/www.hotelbaiadelre.com\/wp-content\/uploads\/2015\/07\/junior-suite-210x210.jpg 210w, https:\/\/www.hotelbaiadelre.com\/wp-content\/uploads\/2015\/07\/junior-suite-140x140.jpg 140w, https:\/\/www.hotelbaiadelre.com\/wp-content\/uploads\/2015\/07\/junior-suite-32x32.jpg 32w, https:\/\/www.hotelbaiadelre.com\/wp-content\/uploads\/2015\/07\/junior-suite-128x128.jpg 128w, https:\/\/www.hotelbaiadelre.com\/wp-content\/uploads\/2015\/07\/junior-suite-268x268.jpg 268w, https:\/\/www.hotelbaiadelre.com\/wp-content\/uploads\/2015\/07\/junior-suite-500x500.jpg 500w, https:\/\/www.hotelbaiadelre.com\/wp-content\/uploads\/2015\/07\/junior-suite-930x930.jpg 930w\" sizes=\"auto, (max-width: 210px) 100vw, 210px\" \/><\/a><div class=\"background-offer-gallery\"><img decoding=\"async\" src=\"https:\/\/www.hotelbaiadelre.com\/wp-content\/uploads\/2013\/09\/bkg-white704.png\"\/><div class=\"highlight-text-gallery\"><a href=\"https:\/\/www.hotelbaiadelre.com\/es\/offers\/tarifas-especiales-para-internet\/\">Mejor precio<\/a><\/div><\/div><div class=\"background-tag-gallery\"><img decoding=\"async\" src=\"https:\/\/www.hotelbaiadelre.com\/wp-content\/uploads\/2013\/09\/best-price_icon.png\"\/><\/div><\/div><div class=\"original-price\"><\/div><div class=\"reducted-price\"><\/div><div class=\"clear\"><\/div><div class=\"offer_title\"><a href=\"https:\/\/www.hotelbaiadelre.com\/es\/offers\/tarifas-especiales-para-internet\/\">Tarifas Especiales para Internet<\/a><\/div><div class=\"package-gallery\"><div>Descuentos Especiales<\/div><div>Aplicar ahora<\/div><div>2 o m\u00e1s personas<\/div><div>Doble \/ Triple<\/div><\/div><\/div><\/div>\n<p class=\"lista\"><a href=\"https:\/\/www.hotelbaiadelre.com\/es\/ofertas-especiales\/\">Ir a la lista completa<\/a><\/p>\n<p><img decoding=\"async\" class=\"aligncenter\" src=\"https:\/\/www.hotelbaiadelre.com\/wp-content\/uploads\/2013\/09\/deco-scuro-bottom.png\" alt=\"\" \/><\/p>\n<\/div>\n[\/vc_column_text][\/vc_column][\/vc_row][vc_row][vc_column][vc_media_grid element_width=\u00bb3&#8243; gap=\u00bb0&#8243; item=\u00bbmediaGrid_FadeInWithIcon\u00bb grid_id=\u00bbvc_gid:1473950171724-710cbd6a-8af1-3&#8243; include=\u00bb1928,1927,1929,1926&#8243;][\/vc_column][\/vc_row][vc_row][vc_column][vc_column_text]\n[\/vc_column_text][\/vc_column][\/vc_row]\n<\/div>","protected":false},"excerpt":{"rendered":"<p>[vc_row parallax_content=\u00bbparallax_content_value\u00bb css=\u00bb.vc_custom_1460731336423{margin-top: 0px !important;margin-right: 0px !important;margin-bottom: 0px !important;margin-left: 0px !important;padding-top: 0px !important;padding-right: 0px !important;padding-bottom: 0px !important;padding-left: 0px !important;}\u00bb][vc_column][\/vc_column][\/vc_row][vc_row full_height=\u00bbyes\u00bb content_placement=\u00bbmiddle\u00bb parallax=\u00bbcontent-moving\u00bb bg_type=\u00bbimage\u00bb parallax_style=\u00bbvcpb-default\u00bb bg_image_new=\u00bbid^1923|url^https:\/\/www.hotelbaiadelre.com\/wp-content\/uploads\/2013\/09\/introduzione-home.jpg|caption^null|alt^null|title^introduzione-home|description^null\u00bb bg_image_repeat=\u00bbno-repeat\u00bb bg_img_attach=\u00bbfixed\u00bb parallax_content=\u00bbparallax_content_value\u00bb fadeout_row=\u00bbfadeout_row_value\u00bb el_class=\u00bbhp1&#8243;][vc_column][vc_row_inner el_class=\u00bbwrap\u00bb][vc_column_inner][vc_single_image image=\u00bb1938&#8243; img_size=\u00bbfull\u00bb alignment=\u00bbcenter\u00bb el_class=\u00bbwrap\u00bb][vc_column_text css=\u00bb.vc_custom_1473950184052{padding-top: 35px !important;padding-right: 35px !important;padding-bottom: 35px !important;padding-left: 35px !important;background-color: rgba(255,255,255,0.8) !important;*background-color: rgb(255,255,255) !important;}\u00bb] Hotel 4 estrellas M\u00f3dena El Hotel Real [&hellip;]<\/p>\n","protected":false},"author":36,"featured_media":0,"parent":0,"menu_order":0,"comment_status":"open","ping_status":"open","template":"","meta":{"_genesis_hide_title":false,"_genesis_hide_breadcrumbs":false,"_genesis_hide_singular_image":false,"_genesis_hide_footer_widgets":false,"_genesis_custom_body_class":"","_genesis_custom_post_class":"","_genesis_layout":"","footnotes":""},"class_list":{"0":"post-2817","1":"page","2":"type-page","3":"status-publish","5":"entry"},"yoast_head":"<!-- This site is optimized with the Yoast SEO plugin v25.6 - https:\/\/yoast.com\/wordpress\/plugins\/seo\/ -->\n<title>Hotel 4 estrellas M\u00f3dena | Meeting Hotel Fini Baia del Re M\u00f3dena | Sitio Oficial<\/title>\n<meta name=\"description\" content=\"Hotel Fini Baia del Re es un meeting Hotel 4 estrellas M\u00f3dena con jard\u00edn, cerca la salida M\u00f3dena sud de la carretera A1.\" \/>\n<meta name=\"robots\" content=\"index, follow, max-snippet:-1, max-image-preview:large, max-video-preview:-1\" \/>\n<link rel=\"canonical\" href=\"https:\/\/www.hotelbaiadelre.com\/es\/\" \/>\n<meta property=\"og:locale\" content=\"es_ES\" \/>\n<meta property=\"og:type\" content=\"article\" \/>\n<meta property=\"og:title\" content=\"Hotel 4 estrellas M\u00f3dena | Meeting Hotel Fini Baia del Re M\u00f3dena | Sitio Oficial\" \/>\n<meta property=\"og:description\" content=\"Hotel Fini Baia del Re es un meeting Hotel 4 estrellas M\u00f3dena con jard\u00edn, cerca la salida M\u00f3dena sud de la carretera A1.\" \/>\n<meta property=\"og:url\" content=\"https:\/\/www.hotelbaiadelre.com\/es\/\" \/>\n<meta property=\"og:site_name\" content=\"Hotel Baia del Re\" \/>\n<meta property=\"article:modified_time\" content=\"2016-09-15T14:36:25+00:00\" \/>\n<meta property=\"og:image\" content=\"https:\/\/www.hotelbaiadelre.com\/wp-content\/uploads\/2013\/09\/baia-bar-bianco.png\" \/>\n<meta name=\"twitter:label1\" content=\"Tiempo de lectura\" \/>\n\t<meta name=\"twitter:data1\" content=\"3 minutos\" \/>\n<script type=\"application\/ld+json\" class=\"yoast-schema-graph\">{\"@context\":\"https:\/\/schema.org\",\"@graph\":[{\"@type\":\"WebPage\",\"@id\":\"https:\/\/www.hotelbaiadelre.com\/es\/\",\"url\":\"https:\/\/www.hotelbaiadelre.com\/es\/\",\"name\":\"Hotel 4 estrellas M\u00f3dena | Meeting Hotel Fini Baia del Re M\u00f3dena | Sitio Oficial\",\"isPartOf\":{\"@id\":\"https:\/\/www.hotelbaiadelre.com\/es\/#website\"},\"primaryImageOfPage\":{\"@id\":\"https:\/\/www.hotelbaiadelre.com\/es\/#primaryimage\"},\"image\":{\"@id\":\"https:\/\/www.hotelbaiadelre.com\/es\/#primaryimage\"},\"thumbnailUrl\":\"https:\/\/www.hotelbaiadelre.com\/wp-content\/uploads\/2013\/09\/baia-bar-bianco.png\",\"datePublished\":\"2013-09-03T14:20:11+00:00\",\"dateModified\":\"2016-09-15T14:36:25+00:00\",\"description\":\"Hotel Fini Baia del Re es un meeting Hotel 4 estrellas M\u00f3dena con jard\u00edn, cerca la salida M\u00f3dena sud de la carretera A1.\",\"breadcrumb\":{\"@id\":\"https:\/\/www.hotelbaiadelre.com\/es\/#breadcrumb\"},\"inLanguage\":\"es\",\"potentialAction\":[{\"@type\":\"ReadAction\",\"target\":[\"https:\/\/www.hotelbaiadelre.com\/es\/\"]}]},{\"@type\":\"ImageObject\",\"inLanguage\":\"es\",\"@id\":\"https:\/\/www.hotelbaiadelre.com\/es\/#primaryimage\",\"url\":\"https:\/\/www.hotelbaiadelre.com\/wp-content\/uploads\/2013\/09\/baia-bar-bianco.png\",\"contentUrl\":\"https:\/\/www.hotelbaiadelre.com\/wp-content\/uploads\/2013\/09\/baia-bar-bianco.png\"},{\"@type\":\"BreadcrumbList\",\"@id\":\"https:\/\/www.hotelbaiadelre.com\/es\/#breadcrumb\",\"itemListElement\":[{\"@type\":\"ListItem\",\"position\":1,\"name\":\"Home\",\"item\":\"https:\/\/www.hotelbaiadelre.com\/es\/\"},{\"@type\":\"ListItem\",\"position\":2,\"name\":\"Home\"}]},{\"@type\":\"WebSite\",\"@id\":\"https:\/\/www.hotelbaiadelre.com\/es\/#website\",\"url\":\"https:\/\/www.hotelbaiadelre.com\/es\/\",\"name\":\"Hotel Baia del Re\",\"description\":\"\",\"potentialAction\":[{\"@type\":\"SearchAction\",\"target\":{\"@type\":\"EntryPoint\",\"urlTemplate\":\"https:\/\/www.hotelbaiadelre.com\/es\/?s={search_term_string}\"},\"query-input\":{\"@type\":\"PropertyValueSpecification\",\"valueRequired\":true,\"valueName\":\"search_term_string\"}}],\"inLanguage\":\"es\"}]}<\/script>\n<!-- \/ Yoast SEO plugin. -->","yoast_head_json":{"title":"Hotel 4 estrellas M\u00f3dena | Meeting Hotel Fini Baia del Re M\u00f3dena | Sitio Oficial","description":"Hotel Fini Baia del Re es un meeting Hotel 4 estrellas M\u00f3dena con jard\u00edn, cerca la salida M\u00f3dena sud de la carretera A1.","robots":{"index":"index","follow":"follow","max-snippet":"max-snippet:-1","max-image-preview":"max-image-preview:large","max-video-preview":"max-video-preview:-1"},"canonical":"https:\/\/www.hotelbaiadelre.com\/es\/","og_locale":"es_ES","og_type":"article","og_title":"Hotel 4 estrellas M\u00f3dena | Meeting Hotel Fini Baia del Re M\u00f3dena | Sitio Oficial","og_description":"Hotel Fini Baia del Re es un meeting Hotel 4 estrellas M\u00f3dena con jard\u00edn, cerca la salida M\u00f3dena sud de la carretera A1.","og_url":"https:\/\/www.hotelbaiadelre.com\/es\/","og_site_name":"Hotel Baia del Re","article_modified_time":"2016-09-15T14:36:25+00:00","og_image":[{"url":"https:\/\/www.hotelbaiadelre.com\/wp-content\/uploads\/2013\/09\/baia-bar-bianco.png","type":"","width":"","height":""}],"twitter_misc":{"Tiempo de lectura":"3 minutos"},"schema":{"@context":"https:\/\/schema.org","@graph":[{"@type":"WebPage","@id":"https:\/\/www.hotelbaiadelre.com\/es\/","url":"https:\/\/www.hotelbaiadelre.com\/es\/","name":"Hotel 4 estrellas M\u00f3dena | Meeting Hotel Fini Baia del Re M\u00f3dena | Sitio Oficial","isPartOf":{"@id":"https:\/\/www.hotelbaiadelre.com\/es\/#website"},"primaryImageOfPage":{"@id":"https:\/\/www.hotelbaiadelre.com\/es\/#primaryimage"},"image":{"@id":"https:\/\/www.hotelbaiadelre.com\/es\/#primaryimage"},"thumbnailUrl":"https:\/\/www.hotelbaiadelre.com\/wp-content\/uploads\/2013\/09\/baia-bar-bianco.png","datePublished":"2013-09-03T14:20:11+00:00","dateModified":"2016-09-15T14:36:25+00:00","description":"Hotel Fini Baia del Re es un meeting Hotel 4 estrellas M\u00f3dena con jard\u00edn, cerca la salida M\u00f3dena sud de la carretera A1.","breadcrumb":{"@id":"https:\/\/www.hotelbaiadelre.com\/es\/#breadcrumb"},"inLanguage":"es","potentialAction":[{"@type":"ReadAction","target":["https:\/\/www.hotelbaiadelre.com\/es\/"]}]},{"@type":"ImageObject","inLanguage":"es","@id":"https:\/\/www.hotelbaiadelre.com\/es\/#primaryimage","url":"https:\/\/www.hotelbaiadelre.com\/wp-content\/uploads\/2013\/09\/baia-bar-bianco.png","contentUrl":"https:\/\/www.hotelbaiadelre.com\/wp-content\/uploads\/2013\/09\/baia-bar-bianco.png"},{"@type":"BreadcrumbList","@id":"https:\/\/www.hotelbaiadelre.com\/es\/#breadcrumb","itemListElement":[{"@type":"ListItem","position":1,"name":"Home","item":"https:\/\/www.hotelbaiadelre.com\/es\/"},{"@type":"ListItem","position":2,"name":"Home"}]},{"@type":"WebSite","@id":"https:\/\/www.hotelbaiadelre.com\/es\/#website","url":"https:\/\/www.hotelbaiadelre.com\/es\/","name":"Hotel Baia del Re","description":"","potentialAction":[{"@type":"SearchAction","target":{"@type":"EntryPoint","urlTemplate":"https:\/\/www.hotelbaiadelre.com\/es\/?s={search_term_string}"},"query-input":{"@type":"PropertyValueSpecification","valueRequired":true,"valueName":"search_term_string"}}],"inLanguage":"es"}]}},"publishpress_future_action":{"enabled":false,"date":"2026-05-06 01:39:09","action":"change-status","newStatus":"draft","terms":[],"taxonomy":"translation_priority","extraData":[]},"publishpress_future_workflow_manual_trigger":{"enabledWorkflows":[]},"_links":{"self":[{"href":"https:\/\/www.hotelbaiadelre.com\/es\/wp-json\/wp\/v2\/pages\/2817","targetHints":{"allow":["GET"]}}],"collection":[{"href":"https:\/\/www.hotelbaiadelre.com\/es\/wp-json\/wp\/v2\/pages"}],"about":[{"href":"https:\/\/www.hotelbaiadelre.com\/es\/wp-json\/wp\/v2\/types\/page"}],"author":[{"embeddable":true,"href":"https:\/\/www.hotelbaiadelre.com\/es\/wp-json\/wp\/v2\/users\/36"}],"replies":[{"embeddable":true,"href":"https:\/\/www.hotelbaiadelre.com\/es\/wp-json\/wp\/v2\/comments?post=2817"}],"version-history":[{"count":4,"href":"https:\/\/www.hotelbaiadelre.com\/es\/wp-json\/wp\/v2\/pages\/2817\/revisions"}],"predecessor-version":[{"id":3524,"href":"https:\/\/www.hotelbaiadelre.com\/es\/wp-json\/wp\/v2\/pages\/2817\/revisions\/3524"}],"wp:attachment":[{"href":"https:\/\/www.hotelbaiadelre.com\/es\/wp-json\/wp\/v2\/media?parent=2817"}],"curies":[{"name":"wp","href":"https:\/\/api.w.org\/{rel}","templated":true}]}}