{"id":2546,"date":"2016-05-24T08:52:27","date_gmt":"2016-05-24T08:52:27","guid":{"rendered":"https:\/\/www.hotelbaiadelre.com\/fr\/prenotazioni\/"},"modified":"2019-01-31T14:53:25","modified_gmt":"2019-01-31T14:53:25","slug":"reservations","status":"publish","type":"page","link":"https:\/\/www.hotelbaiadelre.com\/fr\/reservations\/","title":{"rendered":"R\u00e9servations"},"content":{"rendered":"<div class=\"wpb-content-wrapper\">[vc_row full_height=\u00a0\u00bbyes\u00a0\u00bb parallax=\u00a0\u00bbcontent-moving\u00a0\u00bb bg_type=\u00a0\u00bbimage\u00a0\u00bb parallax_style=\u00a0\u00bbvcpb-default\u00a0\u00bb bg_image_new=\u00a0\u00bbid^2277|url^https:\/\/www.hotelbaiadelre.com\/wp-content\/uploads\/2016\/05\/reception-1.jpg|caption^null|alt^null|title^reception|description^null\u00a0\u00bb bg_image_repeat=\u00a0\u00bbno-repeat\u00a0\u00bb bg_img_attach=\u00a0\u00bbfixed\u00a0\u00bb parallax_content=\u00a0\u00bbparallax_content_value\u00a0\u00bb][vc_column][vc_column_text]\n<div class=\"payoff\">\n<h1>R\u00e9servations<\/h1>\n<\/div>\n[\/vc_column_text][\/vc_column][\/vc_row][vc_row el_class=\u00a0\u00bbcontenuto\u00a0\u00bb][vc_column][vc_empty_space height=\u00a0\u00bb50px\u00a0\u00bb][vc_row_inner el_class=\u00a0\u00bbwrap\u00a0\u00bb][vc_column_inner width=\u00a0\u00bb1\/2&Prime;][vc_column_text css=\u00a0\u00bb.vc_custom_1465915936410{padding-top: 0px !important;}\u00a0\u00bb]\n<h3><a href=\"https:\/\/book.hotelbaiadelre.com\/accommodation\/list?channelId=757b149b-7aa1-4102-a442-8a7a54f5744d&#038;culture=fr\">V\u00e9rifiez les prix et la disponibilit\u00e9 en ligne<\/a><\/h3>\n<p>Vous d\u00e9sirez v\u00e9rifier maintenant les prix, la disponibilit\u00e9 ou vous voulez r\u00e9server imm\u00e9diatement en choisissant directement votre chambre? Utilisez notre syst\u00e8me de r\u00e9servation en ligne simple et s\u00fbr. Si le syst\u00e8me ne r\u00e9pond pas \u00e0 vos exigences, nous vous prions de nous contacter en utilisant le formulaire de demande de disponibilit\u00e9.[\/vc_column_text][\/vc_column_inner][vc_column_inner width=\u00a0\u00bb1\/2&Prime;][vc_column_text css=\u00a0\u00bb.vc_custom_1465915974882{padding-top: 0px !important;}\u00a0\u00bb]\n<h3><a href=\"https:\/\/www.hotelbaiadelre.com\/fr\/request-fr\/\">Demande d\u2019informations<\/a><\/h3>\n<\/p><p>Pr\u00e9f\u00e9rez-vous plut\u00f4t demander des informations par courrier \u00e9lectronique \u00e0 notre personnel? Avez-vous certaines exigences particuli\u00e8res que notre syst\u00e8me de r\u00e9servation en ligne ne r\u00e9ussit pas \u00e0 satisfaire? Remplissez le formulaire de demande de disponibilit\u00e9, et vous recevrez toutes les r\u00e9ponses que vous attendez directement dans votre messagerie \u00e9lectronique.[\/vc_column_text][\/vc_column_inner][\/vc_row_inner][vc_column_text el_class=\u00a0\u00bbwrap\u00a0\u00bb css=\u00a0\u00bb.vc_custom_1465915995272{padding-top: 20px !important;padding-right: 10px !important;padding-bottom: 50px !important;padding-left: 10px !important;}\u00a0\u00bb]\n<h3>Transactions s\u00fbres<\/h3>\n<\/p><p>Cet site utilise, pour confirmer la r\u00e9servation par carte de cr\u00e9dit, un serveur s\u00e9curis\u00e9 selon la r\u00e9glementation mondiale de chiffrage Secure Socket Layer (SSL) \u00e0 256 bits.[\/vc_column_text][\/vc_column][\/vc_row]\n<\/p><\/div>","protected":false},"excerpt":{"rendered":"<p>[vc_row full_height=\u00a0\u00bbyes\u00a0\u00bb parallax=\u00a0\u00bbcontent-moving\u00a0\u00bb bg_type=\u00a0\u00bbimage\u00a0\u00bb parallax_style=\u00a0\u00bbvcpb-default\u00a0\u00bb bg_image_new=\u00a0\u00bbid^2277|url^https:\/\/www.hotelbaiadelre.com\/wp-content\/uploads\/2016\/05\/reception-1.jpg|caption^null|alt^null|title^reception|description^null\u00a0\u00bb bg_image_repeat=\u00a0\u00bbno-repeat\u00a0\u00bb bg_img_attach=\u00a0\u00bbfixed\u00a0\u00bb parallax_content=\u00a0\u00bbparallax_content_value\u00a0\u00bb][vc_column][vc_column_text] R\u00e9servations [\/vc_column_text][\/vc_column][\/vc_row][vc_row el_class=\u00a0\u00bbcontenuto\u00a0\u00bb][vc_column][vc_empty_space height=\u00a0\u00bb50px\u00a0\u00bb][vc_row_inner el_class=\u00a0\u00bbwrap\u00a0\u00bb][vc_column_inner width=\u00a0\u00bb1\/2&Prime;][vc_column_text css=\u00a0\u00bb.vc_custom_1465915936410{padding-top: 0px !important;}\u00a0\u00bb] V\u00e9rifiez les prix et la disponibilit\u00e9 en ligne Vous d\u00e9sirez v\u00e9rifier maintenant les prix, la disponibilit\u00e9 ou vous voulez r\u00e9server imm\u00e9diatement en choisissant directement votre chambre? Utilisez notre syst\u00e8me de r\u00e9servation en ligne simple et s\u00fbr. Si [&hellip;]<\/p>\n","protected":false},"author":36,"featured_media":0,"parent":0,"menu_order":0,"comment_status":"closed","ping_status":"closed","template":"","meta":{"_genesis_hide_title":false,"_genesis_hide_breadcrumbs":false,"_genesis_hide_singular_image":false,"_genesis_hide_footer_widgets":false,"_genesis_custom_body_class":"","_genesis_custom_post_class":"","_genesis_layout":"","footnotes":""},"class_list":{"0":"post-2546","1":"page","2":"type-page","3":"status-publish","5":"entry"},"yoast_head":"<!-- This site is optimized with the Yoast SEO plugin v25.6 - https:\/\/yoast.com\/wordpress\/plugins\/seo\/ -->\n<title>R\u00e9servations | Hotel Baia del Re<\/title>\n<meta name=\"description\" content=\"R\u00e9servations, Hotel Baia del Re:\" \/>\n<meta name=\"robots\" content=\"index, follow, max-snippet:-1, max-image-preview:large, max-video-preview:-1\" \/>\n<link rel=\"canonical\" href=\"https:\/\/www.hotelbaiadelre.com\/fr\/reservations\/\" \/>\n<meta property=\"og:locale\" content=\"fr_FR\" \/>\n<meta property=\"og:type\" content=\"article\" \/>\n<meta property=\"og:title\" content=\"R\u00e9servations | Hotel Baia del Re\" \/>\n<meta property=\"og:description\" content=\"R\u00e9servations, Hotel Baia del Re:\" \/>\n<meta property=\"og:url\" content=\"https:\/\/www.hotelbaiadelre.com\/fr\/reservations\/\" \/>\n<meta property=\"og:site_name\" content=\"Hotel Baia del Re\" \/>\n<meta property=\"article:modified_time\" content=\"2019-01-31T14:53:25+00:00\" \/>\n<meta name=\"twitter:label1\" content=\"Dur\u00e9e de lecture estim\u00e9e\" \/>\n\t<meta name=\"twitter:data1\" content=\"2 minutes\" \/>\n<script type=\"application\/ld+json\" class=\"yoast-schema-graph\">{\"@context\":\"https:\/\/schema.org\",\"@graph\":[{\"@type\":\"WebPage\",\"@id\":\"https:\/\/www.hotelbaiadelre.com\/fr\/reservations\/\",\"url\":\"https:\/\/www.hotelbaiadelre.com\/fr\/reservations\/\",\"name\":\"R\u00e9servations | Hotel Baia del Re\",\"isPartOf\":{\"@id\":\"https:\/\/www.hotelbaiadelre.com\/fr\/#website\"},\"datePublished\":\"2016-05-24T08:52:27+00:00\",\"dateModified\":\"2019-01-31T14:53:25+00:00\",\"description\":\"R\u00e9servations, Hotel Baia del Re:\",\"breadcrumb\":{\"@id\":\"https:\/\/www.hotelbaiadelre.com\/fr\/reservations\/#breadcrumb\"},\"inLanguage\":\"fr-FR\",\"potentialAction\":[{\"@type\":\"ReadAction\",\"target\":[\"https:\/\/www.hotelbaiadelre.com\/fr\/reservations\/\"]}]},{\"@type\":\"BreadcrumbList\",\"@id\":\"https:\/\/www.hotelbaiadelre.com\/fr\/reservations\/#breadcrumb\",\"itemListElement\":[{\"@type\":\"ListItem\",\"position\":1,\"name\":\"Home\",\"item\":\"https:\/\/www.hotelbaiadelre.com\/fr\/\"},{\"@type\":\"ListItem\",\"position\":2,\"name\":\"R\u00e9servations\"}]},{\"@type\":\"WebSite\",\"@id\":\"https:\/\/www.hotelbaiadelre.com\/fr\/#website\",\"url\":\"https:\/\/www.hotelbaiadelre.com\/fr\/\",\"name\":\"Hotel Baia del Re\",\"description\":\"\",\"potentialAction\":[{\"@type\":\"SearchAction\",\"target\":{\"@type\":\"EntryPoint\",\"urlTemplate\":\"https:\/\/www.hotelbaiadelre.com\/fr\/?s={search_term_string}\"},\"query-input\":{\"@type\":\"PropertyValueSpecification\",\"valueRequired\":true,\"valueName\":\"search_term_string\"}}],\"inLanguage\":\"fr-FR\"}]}<\/script>\n<!-- \/ Yoast SEO plugin. -->","yoast_head_json":{"title":"R\u00e9servations | Hotel Baia del Re","description":"R\u00e9servations, Hotel Baia del Re:","robots":{"index":"index","follow":"follow","max-snippet":"max-snippet:-1","max-image-preview":"max-image-preview:large","max-video-preview":"max-video-preview:-1"},"canonical":"https:\/\/www.hotelbaiadelre.com\/fr\/reservations\/","og_locale":"fr_FR","og_type":"article","og_title":"R\u00e9servations | Hotel Baia del Re","og_description":"R\u00e9servations, Hotel Baia del Re:","og_url":"https:\/\/www.hotelbaiadelre.com\/fr\/reservations\/","og_site_name":"Hotel Baia del Re","article_modified_time":"2019-01-31T14:53:25+00:00","twitter_misc":{"Dur\u00e9e de lecture estim\u00e9e":"2 minutes"},"schema":{"@context":"https:\/\/schema.org","@graph":[{"@type":"WebPage","@id":"https:\/\/www.hotelbaiadelre.com\/fr\/reservations\/","url":"https:\/\/www.hotelbaiadelre.com\/fr\/reservations\/","name":"R\u00e9servations | Hotel Baia del Re","isPartOf":{"@id":"https:\/\/www.hotelbaiadelre.com\/fr\/#website"},"datePublished":"2016-05-24T08:52:27+00:00","dateModified":"2019-01-31T14:53:25+00:00","description":"R\u00e9servations, Hotel Baia del Re:","breadcrumb":{"@id":"https:\/\/www.hotelbaiadelre.com\/fr\/reservations\/#breadcrumb"},"inLanguage":"fr-FR","potentialAction":[{"@type":"ReadAction","target":["https:\/\/www.hotelbaiadelre.com\/fr\/reservations\/"]}]},{"@type":"BreadcrumbList","@id":"https:\/\/www.hotelbaiadelre.com\/fr\/reservations\/#breadcrumb","itemListElement":[{"@type":"ListItem","position":1,"name":"Home","item":"https:\/\/www.hotelbaiadelre.com\/fr\/"},{"@type":"ListItem","position":2,"name":"R\u00e9servations"}]},{"@type":"WebSite","@id":"https:\/\/www.hotelbaiadelre.com\/fr\/#website","url":"https:\/\/www.hotelbaiadelre.com\/fr\/","name":"Hotel Baia del Re","description":"","potentialAction":[{"@type":"SearchAction","target":{"@type":"EntryPoint","urlTemplate":"https:\/\/www.hotelbaiadelre.com\/fr\/?s={search_term_string}"},"query-input":{"@type":"PropertyValueSpecification","valueRequired":true,"valueName":"search_term_string"}}],"inLanguage":"fr-FR"}]}},"publishpress_future_action":{"enabled":false,"date":"2026-04-12 15:19:43","action":"change-status","newStatus":"draft","terms":[],"taxonomy":"translation_priority","extraData":[]},"publishpress_future_workflow_manual_trigger":{"enabledWorkflows":[]},"_links":{"self":[{"href":"https:\/\/www.hotelbaiadelre.com\/fr\/wp-json\/wp\/v2\/pages\/2546","targetHints":{"allow":["GET"]}}],"collection":[{"href":"https:\/\/www.hotelbaiadelre.com\/fr\/wp-json\/wp\/v2\/pages"}],"about":[{"href":"https:\/\/www.hotelbaiadelre.com\/fr\/wp-json\/wp\/v2\/types\/page"}],"author":[{"embeddable":true,"href":"https:\/\/www.hotelbaiadelre.com\/fr\/wp-json\/wp\/v2\/users\/36"}],"replies":[{"embeddable":true,"href":"https:\/\/www.hotelbaiadelre.com\/fr\/wp-json\/wp\/v2\/comments?post=2546"}],"version-history":[{"count":1,"href":"https:\/\/www.hotelbaiadelre.com\/fr\/wp-json\/wp\/v2\/pages\/2546\/revisions"}],"predecessor-version":[{"id":4022,"href":"https:\/\/www.hotelbaiadelre.com\/fr\/wp-json\/wp\/v2\/pages\/2546\/revisions\/4022"}],"wp:attachment":[{"href":"https:\/\/www.hotelbaiadelre.com\/fr\/wp-json\/wp\/v2\/media?parent=2546"}],"curies":[{"name":"wp","href":"https:\/\/api.w.org\/{rel}","templated":true}]}}