{"id":2598,"date":"2016-05-24T13:58:41","date_gmt":"2016-05-24T13:58:41","guid":{"rendered":"https:\/\/www.hotelbaiadelre.com\/fr\/come-raggiungerci\/"},"modified":"2019-01-31T15:12:18","modified_gmt":"2019-01-31T15:12:18","slug":"comment-nous-rejoindre","status":"publish","type":"page","link":"https:\/\/www.hotelbaiadelre.com\/fr\/comment-nous-rejoindre\/","title":{"rendered":"Comment nous rejoindre"},"content":{"rendered":"<div class=\"wpb-content-wrapper\">[vc_row content_placement=\u00a0\u00bbtop\u00a0\u00bb parallax=\u00a0\u00bbcontent-moving-fade\u00a0\u00bb parallax_content=\u00a0\u00bbparallax_content_value\u00a0\u00bb][vc_column][vc_column_text css=\u00a0\u00bb.vc_custom_1464100923781{padding-top: 30px !important;}\u00a0\u00bb]\n<h3>Comment nous rejoindre<\/h3>\n<h4>Hotel Real Fini Baia del Re<\/h4>\n<p>Strada Vignolese, 1684<br \/>\n41126 Modena, Italie<br \/>\nT\u00e9l. +39 059.4792111[\/vc_column_text][vc_raw_html]JTNDaWZyYW1lJTIwaWQlM0QlMjJtYXAxJTIyJTIwd2lkdGglM0QlMjIxMDAlMjUlMjIlMjBoZWlnaHQlM0QlMjI1NTAlMjIlMjBmcmFtZWJvcmRlciUzRCUyMjAlMjIlM0UlM0MlMkZpZnJhbWUlM0U=[\/vc_raw_html][vc_column_text el_class=\u00a0\u00bbboxcomeragg\u00a0\u00bb]<strong>En train.<\/strong> De la gare ferroviaire de Mod\u00e8ne, rejoignez la gare routi\u00e8re o\u00f9 vous prendrez un bus de banlieue direct pour Vignola (lignes n\u00b0731), arr\u00eat \u201cPonte Guerro\u201d \u00e0 environ 500 m\u00e8tres de l&rsquo;h\u00f4tel. Vous pouvez acheter un billet \u00e0 bord ou \u00e0 la gare. Sinon, directement en taxi depuis la gare ferroviaire.<\/p>\n<p><strong>En avion.<\/strong> L\u2019a\u00e9roport Marconi de Bologne se trouve \u00e0 35 km. En voiture, suivez les panneaux indiquant le p\u00e9riph\u00e9rique et, au p\u00e9age de Borgo Panigale, prenez l&rsquo;A1 en direction de Milan ; sortez \u00e0 Mod\u00e8ne Sud, suivez la Strada Vignolese. Notre \u00e9tablissement se trouve \u00e0 200 m\u00e8tres environ.<\/p>\n<p><strong>En voiture.<\/strong> Si vous venez du Nord, suivez l\u2019Autoroute du Brenner, l&rsquo;A22, en direction de Mod\u00e8ne, puis prenez l&rsquo;A1 en direction de Bologne et prenez la sortie Mod\u00e8ne Sud. Si vous venez de Milan, suivez l&rsquo;A1 en direction de Bologne et prenez la sortie Mod\u00e8ne Sud. Dans les deux cas, une fois sortis de l&rsquo;autoroute par le p\u00e9age de Mod\u00e8ne Sud, vous emprunterez la Strada Vignolese o\u00f9, apr\u00e8s 200 m\u00e8tres environ, se trouve notre \u00e9tablissement.[\/vc_column_text][vc_raw_html]JTNDYSUyMGhyZWYlM0QlMjJqYXZhc2NyaXB0JTNBdGhpcy53aW5kb3cucHJpbnQlMjglMjklM0IlMjIlM0VJbXByaW1lciUzQyUyRmElM0U=[\/vc_raw_html][\/vc_column][\/vc_row]\n<\/p><\/div>","protected":false},"excerpt":{"rendered":"<p>[vc_row content_placement=\u00a0\u00bbtop\u00a0\u00bb parallax=\u00a0\u00bbcontent-moving-fade\u00a0\u00bb parallax_content=\u00a0\u00bbparallax_content_value\u00a0\u00bb][vc_column][vc_column_text css=\u00a0\u00bb.vc_custom_1464100923781{padding-top: 30px !important;}\u00a0\u00bb] Comment nous rejoindre Hotel Real Fini Baia del Re Strada Vignolese, 1684 41126 Modena, Italie T\u00e9l. +39 059.4792111[\/vc_column_text][vc_raw_html]JTNDaWZyYW1lJTIwaWQlM0QlMjJtYXAxJTIyJTIwd2lkdGglM0QlMjIxMDAlMjUlMjIlMjBoZWlnaHQlM0QlMjI1NTAlMjIlMjBmcmFtZWJvcmRlciUzRCUyMjAlMjIlM0UlM0MlMkZpZnJhbWUlM0U=[\/vc_raw_html][vc_column_text el_class=\u00a0\u00bbboxcomeragg\u00a0\u00bb]En train. De la gare ferroviaire de Mod\u00e8ne, rejoignez la gare routi\u00e8re o\u00f9 vous prendrez un bus de banlieue direct pour Vignola (lignes n\u00b0731), arr\u00eat \u201cPonte Guerro\u201d \u00e0 environ 500 [&hellip;]<\/p>\n","protected":false},"author":36,"featured_media":0,"parent":0,"menu_order":0,"comment_status":"closed","ping_status":"closed","template":"page_form.php","meta":{"_genesis_hide_title":false,"_genesis_hide_breadcrumbs":false,"_genesis_hide_singular_image":false,"_genesis_hide_footer_widgets":false,"_genesis_custom_body_class":"map","_genesis_custom_post_class":"","_genesis_layout":"","footnotes":""},"class_list":{"0":"post-2598","1":"page","2":"type-page","3":"status-publish","5":"entry"},"yoast_head":"<!-- This site is optimized with the Yoast SEO plugin v25.6 - https:\/\/yoast.com\/wordpress\/plugins\/seo\/ -->\n<title>Comment nous rejoindre | Hotel Baia del Re<\/title>\n<meta name=\"description\" content=\"Comment nous rejoindre, Hotel Baia del Re:\" \/>\n<meta name=\"robots\" content=\"index, follow, max-snippet:-1, max-image-preview:large, max-video-preview:-1\" \/>\n<link rel=\"canonical\" href=\"https:\/\/www.hotelbaiadelre.com\/fr\/comment-nous-rejoindre\/\" \/>\n<meta property=\"og:locale\" content=\"fr_FR\" \/>\n<meta property=\"og:type\" content=\"article\" \/>\n<meta property=\"og:title\" content=\"Comment nous rejoindre | Hotel Baia del Re\" \/>\n<meta property=\"og:description\" content=\"Comment nous rejoindre, Hotel Baia del Re:\" \/>\n<meta property=\"og:url\" content=\"https:\/\/www.hotelbaiadelre.com\/fr\/comment-nous-rejoindre\/\" \/>\n<meta property=\"og:site_name\" content=\"Hotel Baia del Re\" \/>\n<meta property=\"article:modified_time\" content=\"2019-01-31T15:12:18+00:00\" \/>\n<meta name=\"twitter:label1\" content=\"Dur\u00e9e de lecture estim\u00e9e\" \/>\n\t<meta name=\"twitter:data1\" content=\"1 minute\" \/>\n<script type=\"application\/ld+json\" class=\"yoast-schema-graph\">{\"@context\":\"https:\/\/schema.org\",\"@graph\":[{\"@type\":\"WebPage\",\"@id\":\"https:\/\/www.hotelbaiadelre.com\/fr\/comment-nous-rejoindre\/\",\"url\":\"https:\/\/www.hotelbaiadelre.com\/fr\/comment-nous-rejoindre\/\",\"name\":\"Comment nous rejoindre | Hotel Baia del Re\",\"isPartOf\":{\"@id\":\"https:\/\/www.hotelbaiadelre.com\/fr\/#website\"},\"datePublished\":\"2016-05-24T13:58:41+00:00\",\"dateModified\":\"2019-01-31T15:12:18+00:00\",\"description\":\"Comment nous rejoindre, Hotel Baia del Re:\",\"breadcrumb\":{\"@id\":\"https:\/\/www.hotelbaiadelre.com\/fr\/comment-nous-rejoindre\/#breadcrumb\"},\"inLanguage\":\"fr-FR\",\"potentialAction\":[{\"@type\":\"ReadAction\",\"target\":[\"https:\/\/www.hotelbaiadelre.com\/fr\/comment-nous-rejoindre\/\"]}]},{\"@type\":\"BreadcrumbList\",\"@id\":\"https:\/\/www.hotelbaiadelre.com\/fr\/comment-nous-rejoindre\/#breadcrumb\",\"itemListElement\":[{\"@type\":\"ListItem\",\"position\":1,\"name\":\"Home\",\"item\":\"https:\/\/www.hotelbaiadelre.com\/fr\/\"},{\"@type\":\"ListItem\",\"position\":2,\"name\":\"Comment nous rejoindre\"}]},{\"@type\":\"WebSite\",\"@id\":\"https:\/\/www.hotelbaiadelre.com\/fr\/#website\",\"url\":\"https:\/\/www.hotelbaiadelre.com\/fr\/\",\"name\":\"Hotel Baia del Re\",\"description\":\"\",\"potentialAction\":[{\"@type\":\"SearchAction\",\"target\":{\"@type\":\"EntryPoint\",\"urlTemplate\":\"https:\/\/www.hotelbaiadelre.com\/fr\/?s={search_term_string}\"},\"query-input\":{\"@type\":\"PropertyValueSpecification\",\"valueRequired\":true,\"valueName\":\"search_term_string\"}}],\"inLanguage\":\"fr-FR\"}]}<\/script>\n<!-- \/ Yoast SEO plugin. -->","yoast_head_json":{"title":"Comment nous rejoindre | Hotel Baia del Re","description":"Comment nous rejoindre, Hotel Baia del Re:","robots":{"index":"index","follow":"follow","max-snippet":"max-snippet:-1","max-image-preview":"max-image-preview:large","max-video-preview":"max-video-preview:-1"},"canonical":"https:\/\/www.hotelbaiadelre.com\/fr\/comment-nous-rejoindre\/","og_locale":"fr_FR","og_type":"article","og_title":"Comment nous rejoindre | Hotel Baia del Re","og_description":"Comment nous rejoindre, Hotel Baia del Re:","og_url":"https:\/\/www.hotelbaiadelre.com\/fr\/comment-nous-rejoindre\/","og_site_name":"Hotel Baia del Re","article_modified_time":"2019-01-31T15:12:18+00:00","twitter_misc":{"Dur\u00e9e de lecture estim\u00e9e":"1 minute"},"schema":{"@context":"https:\/\/schema.org","@graph":[{"@type":"WebPage","@id":"https:\/\/www.hotelbaiadelre.com\/fr\/comment-nous-rejoindre\/","url":"https:\/\/www.hotelbaiadelre.com\/fr\/comment-nous-rejoindre\/","name":"Comment nous rejoindre | Hotel Baia del Re","isPartOf":{"@id":"https:\/\/www.hotelbaiadelre.com\/fr\/#website"},"datePublished":"2016-05-24T13:58:41+00:00","dateModified":"2019-01-31T15:12:18+00:00","description":"Comment nous rejoindre, Hotel Baia del Re:","breadcrumb":{"@id":"https:\/\/www.hotelbaiadelre.com\/fr\/comment-nous-rejoindre\/#breadcrumb"},"inLanguage":"fr-FR","potentialAction":[{"@type":"ReadAction","target":["https:\/\/www.hotelbaiadelre.com\/fr\/comment-nous-rejoindre\/"]}]},{"@type":"BreadcrumbList","@id":"https:\/\/www.hotelbaiadelre.com\/fr\/comment-nous-rejoindre\/#breadcrumb","itemListElement":[{"@type":"ListItem","position":1,"name":"Home","item":"https:\/\/www.hotelbaiadelre.com\/fr\/"},{"@type":"ListItem","position":2,"name":"Comment nous rejoindre"}]},{"@type":"WebSite","@id":"https:\/\/www.hotelbaiadelre.com\/fr\/#website","url":"https:\/\/www.hotelbaiadelre.com\/fr\/","name":"Hotel Baia del Re","description":"","potentialAction":[{"@type":"SearchAction","target":{"@type":"EntryPoint","urlTemplate":"https:\/\/www.hotelbaiadelre.com\/fr\/?s={search_term_string}"},"query-input":{"@type":"PropertyValueSpecification","valueRequired":true,"valueName":"search_term_string"}}],"inLanguage":"fr-FR"}]}},"publishpress_future_action":{"enabled":false,"date":"2026-05-13 16:32:13","action":"change-status","newStatus":"draft","terms":[],"taxonomy":"translation_priority","extraData":[]},"publishpress_future_workflow_manual_trigger":{"enabledWorkflows":[]},"_links":{"self":[{"href":"https:\/\/www.hotelbaiadelre.com\/fr\/wp-json\/wp\/v2\/pages\/2598","targetHints":{"allow":["GET"]}}],"collection":[{"href":"https:\/\/www.hotelbaiadelre.com\/fr\/wp-json\/wp\/v2\/pages"}],"about":[{"href":"https:\/\/www.hotelbaiadelre.com\/fr\/wp-json\/wp\/v2\/types\/page"}],"author":[{"embeddable":true,"href":"https:\/\/www.hotelbaiadelre.com\/fr\/wp-json\/wp\/v2\/users\/36"}],"replies":[{"embeddable":true,"href":"https:\/\/www.hotelbaiadelre.com\/fr\/wp-json\/wp\/v2\/comments?post=2598"}],"version-history":[{"count":2,"href":"https:\/\/www.hotelbaiadelre.com\/fr\/wp-json\/wp\/v2\/pages\/2598\/revisions"}],"predecessor-version":[{"id":4043,"href":"https:\/\/www.hotelbaiadelre.com\/fr\/wp-json\/wp\/v2\/pages\/2598\/revisions\/4043"}],"wp:attachment":[{"href":"https:\/\/www.hotelbaiadelre.com\/fr\/wp-json\/wp\/v2\/media?parent=2598"}],"curies":[{"name":"wp","href":"https:\/\/api.w.org\/{rel}","templated":true}]}}