{"id":2640,"date":"2016-05-24T08:52:00","date_gmt":"2016-05-24T08:52:00","guid":{"rendered":"https:\/\/www.hotelbaiadelre.com\/fr\/ristorante\/"},"modified":"2020-05-21T12:39:03","modified_gmt":"2020-05-21T12:39:03","slug":"restaurant","status":"publish","type":"page","link":"https:\/\/www.hotelbaiadelre.com\/fr\/restaurant\/","title":{"rendered":"Restaurant"},"content":{"rendered":"<div class=\"wpb-content-wrapper\">[vc_row parallax_content=\u00a0\u00bbparallax_content_value\u00a0\u00bb css=\u00a0\u00bb.vc_custom_1460731336423{margin-top: 0px !important;margin-right: 0px !important;margin-bottom: 0px !important;margin-left: 0px !important;padding-top: 0px !important;padding-right: 0px !important;padding-bottom: 0px !important;padding-left: 0px !important;}\u00a0\u00bb][vc_column][vc_column_text el_class=\u00a0\u00bbslider-interno\u00a0\u00bb]\n<div class=\"payoff\"><\/div>\n[\/vc_column_text][\/vc_column][\/vc_row][vc_row el_class=\u00a0\u00bbcontenuto\u00a0\u00bb][vc_column][vc_empty_space height=\u00a0\u00bb50px\u00a0\u00bb][vc_row_inner el_class=\u00a0\u00bbwrap\u00a0\u00bb][vc_column_inner width=\u00a0\u00bb1\/2&Prime;][vc_column_text css=\u00a0\u00bb.vc_custom_1465980497876{padding-top: 0px !important;}\u00a0\u00bb]\n<h1>Bar &amp; Restaurant<\/h1>\n<p><img decoding=\"async\" src=\"https:\/\/www.hotelbaiadelre.com\/wp-content\/uploads\/2015\/07\/fregio.png\" alt=\"\" \/><\/p>\n<p class=\"testointerno\">L&rsquo;histoire du <strong>Restaurant Baia del Re<\/strong> a des origines lointaines et fascinantes. Il faut remonter \u00e0 la naissance de l&rsquo;Osteria Nuova qui a ouvert ses portes \u00e0 <strong>Mod\u00e8ne<\/strong> vers 1920. Ce relais de poste o\u00f9 l&rsquo;on pouvait changer de monture est devenu le \u201cBaia del Re\u201d en 1928. Ce relais de poste est rapidement devenu tr\u00e8s connu, surtout gr\u00e2ce \u00e0 la d\u00e9licieuse <strong>cuisine typiquement \u00e9milienne<\/strong> que l&rsquo;on pouvait go\u00fbter autour des tables du restaurant, mais aussi pour son ambiance familiale. Il est devenu une \u00e9tape oblig\u00e9e des personnes qui passaient par Mod\u00e8ne, pour des raisons professionnelles ou \u00e0 titre priv\u00e9.<\/p>\n<p class=\"testointerno\">En franchissant la porte du Restaurant Baia del Re, on a l&rsquo;impression de remonter le temps : parquets, arcades et colonnes en pierre \u00e0 vue&#8230; L\u2019<strong>atmosph\u00e8re familiale<\/strong> que l&rsquo;on respire aujourd&rsquo;hui au Restaurant Baia del Re est la m\u00eame que celle qui caract\u00e9risait l&rsquo;auberge au d\u00e9but du XX\u00e8me si\u00e8cle, m\u00eame si le cadre a \u00e9t\u00e9 repens\u00e9 et adapt\u00e9 aux besoins de la client\u00e8le contemporaine.<\/p>\n<p class=\"testobox\">L&rsquo;excellente cuisine mod\u00e9naise est rest\u00e9e inchang\u00e9e, tout est fait maison : des <strong>tortellini aux p\u00e2tes fra\u00eeches<\/strong> en passant par le <strong>carrello dei bolliti<\/strong> (NdT sorte de pot-au-feu), le \u00ab\u00a0must\u00a0\u00bb de la maison. Le <em>menu \u00e0 la carte<\/em> utilise les produits de saison et privil\u00e9gie l&rsquo;authenticit\u00e9 des mati\u00e8res premi\u00e8res ; il s&rsquo;accompagne d&rsquo;une excellente carte de <strong>vins r\u00e9gionaux<\/strong> et nationaux.<\/p>\n<p class=\"testobox\">En raison de sa proximit\u00e9 des autoroutes, le Bar est un lieu de rendez-vous id\u00e9al pour une petite pause autour de d\u00e9licieux en-cas ou pour acheter les <strong>produits typiques<\/strong> de la ville avant de repartir.<\/p>\n[\/vc_column_text][vc_column_text el_class=\u00a0\u00bbhotelbaiadelre_meeting\u00a0\u00bb]<img decoding=\"async\" src=\"https:\/\/www.hotelbaiadelre.com\/wp-content\/uploads\/2015\/07\/deco-scuro-top.png\" alt=\"\" \/>\n<h4><a href=\"https:\/\/disv.it\/hotBi\" target=\"_blank\" rel=\"noopener noreferrer\">Pour voir le Menu et la Carte des Vins<\/a><\/h4>\n<p><img decoding=\"async\" src=\"https:\/\/www.hotelbaiadelre.com\/wp-content\/uploads\/2015\/07\/deco-scuro-bottom.png\" alt=\"\" \/>[\/vc_column_text][\/vc_column_inner][vc_column_inner width=\u00a0\u00bb1\/2&Prime;][vc_empty_space height=\u00a0\u00bb37px\u00a0\u00bb][vc_media_grid element_width=\u00a0\u00bb6&Prime; item=\u00a0\u00bbmediaGrid_FadeInWithIcon\u00a0\u00bb grid_id=\u00a0\u00bbvc_gid:1590064696520-14d4a184-ed9f-4&Prime; include=\u00a0\u00bb2222,2221,2219,2207,2209,2220,2205,2200&Prime;][\/vc_column_inner][\/vc_row_inner][vc_empty_space height=\u00a0\u00bb50px\u00a0\u00bb][\/vc_column][\/vc_row][vc_row][vc_column][vc_media_grid element_width=\u00a0\u00bb3&Prime; gap=\u00a0\u00bb0&Prime; item=\u00a0\u00bbmediaGrid_FadeInWithIcon\u00a0\u00bb grid_id=\u00a0\u00bbvc_gid:1590064696521-10c6b7c1-2011-1&Prime; include=\u00a0\u00bb1927,2149,2349,2343&Prime;][\/vc_column][\/vc_row]\n<\/p><\/div>","protected":false},"excerpt":{"rendered":"<p>[vc_row parallax_content=\u00a0\u00bbparallax_content_value\u00a0\u00bb css=\u00a0\u00bb.vc_custom_1460731336423{margin-top: 0px !important;margin-right: 0px !important;margin-bottom: 0px !important;margin-left: 0px !important;padding-top: 0px !important;padding-right: 0px !important;padding-bottom: 0px !important;padding-left: 0px !important;}\u00a0\u00bb][vc_column][vc_column_text el_class=\u00a0\u00bbslider-interno\u00a0\u00bb] [\/vc_column_text][\/vc_column][\/vc_row][vc_row el_class=\u00a0\u00bbcontenuto\u00a0\u00bb][vc_column][vc_empty_space height=\u00a0\u00bb50px\u00a0\u00bb][vc_row_inner el_class=\u00a0\u00bbwrap\u00a0\u00bb][vc_column_inner width=\u00a0\u00bb1\/2&Prime;][vc_column_text css=\u00a0\u00bb.vc_custom_1465980497876{padding-top: 0px !important;}\u00a0\u00bb] Bar &amp; Restaurant L&rsquo;histoire du Restaurant Baia del Re a des origines lointaines et fascinantes. Il faut remonter \u00e0 la naissance de l&rsquo;Osteria Nuova qui a ouvert [&hellip;]<\/p>\n","protected":false},"author":36,"featured_media":0,"parent":0,"menu_order":0,"comment_status":"closed","ping_status":"closed","template":"","meta":{"_genesis_hide_title":false,"_genesis_hide_breadcrumbs":false,"_genesis_hide_singular_image":false,"_genesis_hide_footer_widgets":false,"_genesis_custom_body_class":"","_genesis_custom_post_class":"","_genesis_layout":"","footnotes":""},"class_list":{"0":"post-2640","1":"page","2":"type-page","3":"status-publish","5":"entry"},"yoast_head":"<!-- This site is optimized with the Yoast SEO plugin v25.6 - https:\/\/yoast.com\/wordpress\/plugins\/seo\/ -->\n<title>Restaurant | Hotel Baia del Re<\/title>\n<meta name=\"description\" content=\"Restaurant, Hotel Baia del Re:\" \/>\n<meta name=\"robots\" content=\"index, follow, max-snippet:-1, max-image-preview:large, max-video-preview:-1\" \/>\n<link rel=\"canonical\" href=\"https:\/\/www.hotelbaiadelre.com\/fr\/restaurant\/\" \/>\n<meta property=\"og:locale\" content=\"fr_FR\" \/>\n<meta property=\"og:type\" content=\"article\" \/>\n<meta property=\"og:title\" content=\"Restaurant | Hotel Baia del Re\" \/>\n<meta property=\"og:description\" content=\"Restaurant, Hotel Baia del Re:\" \/>\n<meta property=\"og:url\" content=\"https:\/\/www.hotelbaiadelre.com\/fr\/restaurant\/\" \/>\n<meta property=\"og:site_name\" content=\"Hotel Baia del Re\" \/>\n<meta property=\"article:modified_time\" content=\"2020-05-21T12:39:03+00:00\" \/>\n<meta property=\"og:image\" content=\"https:\/\/www.hotelbaiadelre.com\/wp-content\/uploads\/2015\/07\/fregio.png\" \/>\n<meta name=\"twitter:label1\" content=\"Dur\u00e9e de lecture estim\u00e9e\" \/>\n\t<meta name=\"twitter:data1\" content=\"2 minutes\" \/>\n<script type=\"application\/ld+json\" class=\"yoast-schema-graph\">{\"@context\":\"https:\/\/schema.org\",\"@graph\":[{\"@type\":\"WebPage\",\"@id\":\"https:\/\/www.hotelbaiadelre.com\/fr\/restaurant\/\",\"url\":\"https:\/\/www.hotelbaiadelre.com\/fr\/restaurant\/\",\"name\":\"Restaurant | Hotel Baia del Re\",\"isPartOf\":{\"@id\":\"https:\/\/www.hotelbaiadelre.com\/fr\/#website\"},\"primaryImageOfPage\":{\"@id\":\"https:\/\/www.hotelbaiadelre.com\/fr\/restaurant\/#primaryimage\"},\"image\":{\"@id\":\"https:\/\/www.hotelbaiadelre.com\/fr\/restaurant\/#primaryimage\"},\"thumbnailUrl\":\"https:\/\/www.hotelbaiadelre.com\/wp-content\/uploads\/2015\/07\/fregio.png\",\"datePublished\":\"2016-05-24T08:52:00+00:00\",\"dateModified\":\"2020-05-21T12:39:03+00:00\",\"description\":\"Restaurant, Hotel Baia del Re:\",\"breadcrumb\":{\"@id\":\"https:\/\/www.hotelbaiadelre.com\/fr\/restaurant\/#breadcrumb\"},\"inLanguage\":\"fr-FR\",\"potentialAction\":[{\"@type\":\"ReadAction\",\"target\":[\"https:\/\/www.hotelbaiadelre.com\/fr\/restaurant\/\"]}]},{\"@type\":\"ImageObject\",\"inLanguage\":\"fr-FR\",\"@id\":\"https:\/\/www.hotelbaiadelre.com\/fr\/restaurant\/#primaryimage\",\"url\":\"https:\/\/www.hotelbaiadelre.com\/wp-content\/uploads\/2015\/07\/fregio.png\",\"contentUrl\":\"https:\/\/www.hotelbaiadelre.com\/wp-content\/uploads\/2015\/07\/fregio.png\"},{\"@type\":\"BreadcrumbList\",\"@id\":\"https:\/\/www.hotelbaiadelre.com\/fr\/restaurant\/#breadcrumb\",\"itemListElement\":[{\"@type\":\"ListItem\",\"position\":1,\"name\":\"Home\",\"item\":\"https:\/\/www.hotelbaiadelre.com\/fr\/\"},{\"@type\":\"ListItem\",\"position\":2,\"name\":\"Restaurant\"}]},{\"@type\":\"WebSite\",\"@id\":\"https:\/\/www.hotelbaiadelre.com\/fr\/#website\",\"url\":\"https:\/\/www.hotelbaiadelre.com\/fr\/\",\"name\":\"Hotel Baia del Re\",\"description\":\"\",\"potentialAction\":[{\"@type\":\"SearchAction\",\"target\":{\"@type\":\"EntryPoint\",\"urlTemplate\":\"https:\/\/www.hotelbaiadelre.com\/fr\/?s={search_term_string}\"},\"query-input\":{\"@type\":\"PropertyValueSpecification\",\"valueRequired\":true,\"valueName\":\"search_term_string\"}}],\"inLanguage\":\"fr-FR\"}]}<\/script>\n<!-- \/ Yoast SEO plugin. -->","yoast_head_json":{"title":"Restaurant | Hotel Baia del Re","description":"Restaurant, Hotel Baia del Re:","robots":{"index":"index","follow":"follow","max-snippet":"max-snippet:-1","max-image-preview":"max-image-preview:large","max-video-preview":"max-video-preview:-1"},"canonical":"https:\/\/www.hotelbaiadelre.com\/fr\/restaurant\/","og_locale":"fr_FR","og_type":"article","og_title":"Restaurant | Hotel Baia del Re","og_description":"Restaurant, Hotel Baia del Re:","og_url":"https:\/\/www.hotelbaiadelre.com\/fr\/restaurant\/","og_site_name":"Hotel Baia del Re","article_modified_time":"2020-05-21T12:39:03+00:00","og_image":[{"url":"https:\/\/www.hotelbaiadelre.com\/wp-content\/uploads\/2015\/07\/fregio.png","type":"","width":"","height":""}],"twitter_misc":{"Dur\u00e9e de lecture estim\u00e9e":"2 minutes"},"schema":{"@context":"https:\/\/schema.org","@graph":[{"@type":"WebPage","@id":"https:\/\/www.hotelbaiadelre.com\/fr\/restaurant\/","url":"https:\/\/www.hotelbaiadelre.com\/fr\/restaurant\/","name":"Restaurant | Hotel Baia del Re","isPartOf":{"@id":"https:\/\/www.hotelbaiadelre.com\/fr\/#website"},"primaryImageOfPage":{"@id":"https:\/\/www.hotelbaiadelre.com\/fr\/restaurant\/#primaryimage"},"image":{"@id":"https:\/\/www.hotelbaiadelre.com\/fr\/restaurant\/#primaryimage"},"thumbnailUrl":"https:\/\/www.hotelbaiadelre.com\/wp-content\/uploads\/2015\/07\/fregio.png","datePublished":"2016-05-24T08:52:00+00:00","dateModified":"2020-05-21T12:39:03+00:00","description":"Restaurant, Hotel Baia del Re:","breadcrumb":{"@id":"https:\/\/www.hotelbaiadelre.com\/fr\/restaurant\/#breadcrumb"},"inLanguage":"fr-FR","potentialAction":[{"@type":"ReadAction","target":["https:\/\/www.hotelbaiadelre.com\/fr\/restaurant\/"]}]},{"@type":"ImageObject","inLanguage":"fr-FR","@id":"https:\/\/www.hotelbaiadelre.com\/fr\/restaurant\/#primaryimage","url":"https:\/\/www.hotelbaiadelre.com\/wp-content\/uploads\/2015\/07\/fregio.png","contentUrl":"https:\/\/www.hotelbaiadelre.com\/wp-content\/uploads\/2015\/07\/fregio.png"},{"@type":"BreadcrumbList","@id":"https:\/\/www.hotelbaiadelre.com\/fr\/restaurant\/#breadcrumb","itemListElement":[{"@type":"ListItem","position":1,"name":"Home","item":"https:\/\/www.hotelbaiadelre.com\/fr\/"},{"@type":"ListItem","position":2,"name":"Restaurant"}]},{"@type":"WebSite","@id":"https:\/\/www.hotelbaiadelre.com\/fr\/#website","url":"https:\/\/www.hotelbaiadelre.com\/fr\/","name":"Hotel Baia del Re","description":"","potentialAction":[{"@type":"SearchAction","target":{"@type":"EntryPoint","urlTemplate":"https:\/\/www.hotelbaiadelre.com\/fr\/?s={search_term_string}"},"query-input":{"@type":"PropertyValueSpecification","valueRequired":true,"valueName":"search_term_string"}}],"inLanguage":"fr-FR"}]}},"publishpress_future_action":{"enabled":false,"date":"2026-04-26 02:37:39","action":"change-status","newStatus":"draft","terms":[],"taxonomy":"translation_priority","extraData":[]},"publishpress_future_workflow_manual_trigger":{"enabledWorkflows":[]},"_links":{"self":[{"href":"https:\/\/www.hotelbaiadelre.com\/fr\/wp-json\/wp\/v2\/pages\/2640","targetHints":{"allow":["GET"]}}],"collection":[{"href":"https:\/\/www.hotelbaiadelre.com\/fr\/wp-json\/wp\/v2\/pages"}],"about":[{"href":"https:\/\/www.hotelbaiadelre.com\/fr\/wp-json\/wp\/v2\/types\/page"}],"author":[{"embeddable":true,"href":"https:\/\/www.hotelbaiadelre.com\/fr\/wp-json\/wp\/v2\/users\/36"}],"replies":[{"embeddable":true,"href":"https:\/\/www.hotelbaiadelre.com\/fr\/wp-json\/wp\/v2\/comments?post=2640"}],"version-history":[{"count":3,"href":"https:\/\/www.hotelbaiadelre.com\/fr\/wp-json\/wp\/v2\/pages\/2640\/revisions"}],"predecessor-version":[{"id":4133,"href":"https:\/\/www.hotelbaiadelre.com\/fr\/wp-json\/wp\/v2\/pages\/2640\/revisions\/4133"}],"wp:attachment":[{"href":"https:\/\/www.hotelbaiadelre.com\/fr\/wp-json\/wp\/v2\/media?parent=2640"}],"curies":[{"name":"wp","href":"https:\/\/api.w.org\/{rel}","templated":true}]}}