{"id":2665,"date":"2016-05-24T08:51:06","date_gmt":"2016-05-24T08:51:06","guid":{"rendered":"https:\/\/www.hotelbaiadelre.com\/fr\/meeting\/"},"modified":"2018-06-04T08:21:06","modified_gmt":"2018-06-04T08:21:06","slug":"reunions","status":"publish","type":"page","link":"https:\/\/www.hotelbaiadelre.com\/fr\/reunions\/","title":{"rendered":"R\u00e9unions"},"content":{"rendered":"<div class=\"wpb-content-wrapper\">[vc_row full_height=\u00a0\u00bbyes\u00a0\u00bb parallax=\u00a0\u00bbcontent-moving\u00a0\u00bb bg_type=\u00a0\u00bbimage\u00a0\u00bb parallax_style=\u00a0\u00bbvcpb-default\u00a0\u00bb bg_image_new=\u00a0\u00bbid^1920|url^https:\/\/www.hotelbaiadelre.com\/wp-content\/uploads\/2016\/04\/home-02.jpg|caption^null|alt^null|title^home-02|description^null\u00a0\u00bb bg_image_repeat=\u00a0\u00bbno-repeat\u00a0\u00bb bg_img_attach=\u00a0\u00bbfixed\u00a0\u00bb parallax_content=\u00a0\u00bbparallax_content_value\u00a0\u00bb][vc_column][vc_column_text]\n<div class=\"payoff\"><\/div>\n[\/vc_column_text][\/vc_column][\/vc_row][vc_row el_class=\u00a0\u00bbcontenuto\u00a0\u00bb][vc_column][vc_empty_space height=\u00a0\u00bb50px\u00a0\u00bb][vc_row_inner el_class=\u00a0\u00bbwrap\u00a0\u00bb][vc_column_inner width=\u00a0\u00bb1\/2&Prime;][vc_column_text css=\u00a0\u00bb.vc_custom_1465982052454{padding-top: 0px !important;}\u00a0\u00bb]\n<h1>R\u00e9unions<\/h1>\n<p><img decoding=\"async\" src=\"https:\/\/www.hotelbaiadelre.com\/wp-content\/uploads\/2015\/07\/fregio.png\" alt=\"\" \/><\/p>\n<p class=\"testointerno\">Modernes et conviviales, les 7 <strong>salles de r\u00e9union<\/strong> de l\u2019<strong>H\u00f4tel<\/strong> <strong>Real Fini Baia del Re<\/strong> de <strong>Mod\u00e8ne<\/strong> peuvent accueillir tous vos \u00e9v\u00e9nements, de vos <strong>r\u00e9unions d&rsquo;affaires \u00e0 la soir\u00e9e de gala<\/strong>.<\/p>\n<p class=\"testointerno\">Les salles sont insonoris\u00e9es et dot\u00e9es des meilleurs \u00e9quipements. Pour le d\u00e9roulement de vos \u00e9v\u00e9nements &#8211; sur demande pr\u00e9alable, vous pouvez b\u00e9n\u00e9ficier de <strong>services d&rsquo;assistance technique<\/strong>, de <strong>traduction simultan\u00e9e<\/strong> et de vid\u00e9oconf\u00e9rence.<\/p>\n<p class=\"testointerno\">La partie restauration sera confi\u00e9e au Restaurant Baia del Re de l\u2019H\u00f4tel Baia del Re qui pr\u00e9voira des pauses-caf\u00e9, des d\u00e9jeuners, des ap\u00e9ritifs et des d\u00eeners de gala en fonction des attentes de chacun et con\u00e7us \u00e0 la carte pour nos clients.<\/p>\n[\/vc_column_text][vc_column_text el_class=\u00a0\u00bbhotelbaiadelre_meeting\u00a0\u00bb]<img decoding=\"async\" src=\"https:\/\/www.hotelbaiadelre.com\/wp-content\/uploads\/2015\/07\/deco-scuro-top.png\" alt=\"\" \/>\n<h4><a href=\"https:\/\/www.hotelbaiadelre.com\/wp-content\/uploads\/2018\/06\/planimetriaSaleBaia-WEB2018\u00c3\u00b2.pdf\" target=\"_blank\" rel=\"noopener\">Imprimez le plan des salles de r\u00e9union au format .PDF<\/a><\/h4>\n<p><img decoding=\"async\" src=\"https:\/\/www.hotelbaiadelre.com\/wp-content\/uploads\/2015\/07\/deco-scuro-bottom.png\" alt=\"\" \/>[\/vc_column_text][\/vc_column_inner][vc_column_inner width=\u00a0\u00bb1\/2&Prime;][vc_column_text el_class=\u00a0\u00bbboxmeeting\u00a0\u00bb]\n<h3>\u00c9quipements<\/h3>\n<ul>\n<li>Filodiffusion<\/li>\n<li>Bloc-notes<\/li>\n<li>Vid\u00e9oprojection<\/li>\n<li>\u00c9cran mobile<\/li>\n<li>Lecteur DVD pour projections<\/li>\n<li>\u00c9crans de projection<\/li>\n<li>Amplification<\/li>\n<li>Microphones<\/li>\n<li>Wi-fi internet<\/li>\n<li>Vid\u00e9oprojecteur<\/li>\n<\/ul>\n<h4>Salle Wiligelmo:<\/h4>\n<ul>\n<li>En fer \u00e0 cheval, 35 places<\/li>\n<li>En amphith\u00e9\u00e2tre, 100 places<\/li>\n<li>En salle de classe, 50 places<\/li>\n<li>Cocktail, 100 places<\/li>\n<\/ul>\n<h4>Salle 1:<\/h4>\n<ul>\n<li>En fer \u00e0 cheval, 20 places<\/li>\n<li>En amphith\u00e9\u00e2tre, 40 places<\/li>\n<li>En salle de classe, 25 places<\/li>\n<li>En table unique, 25 places<\/li>\n<li>Cocktail, 50 places<\/li>\n<\/ul>\n<h4>Salle 2:<\/h4>\n<ul>\n<li>En table unique, 8 places<\/li>\n<\/ul>\n<h4>Salle 3:<\/h4>\n<ul>\n<li>En table unique, 10 places<\/li>\n<\/ul>\n<h4>Salle 4:<\/h4>\n<ul>\n<li>En table unique, 20 places<\/li>\n<li>En parterre, 25 places<\/li>\n<\/ul>\n<h4>Salle 5:<\/h4>\n<ul>\n<li>En table unique, 8 places<\/li>\n<\/ul>\n<h4>Salle 6:<\/h4>\n<ul>\n<li>En amphith\u00e9\u00e2tre, 14 places<\/li>\n<li>En table unique, 10 places<\/li>\n<\/ul>\n[\/vc_column_text][\/vc_column_inner][\/vc_row_inner][vc_empty_space height=\u00a0\u00bb50px\u00a0\u00bb][\/vc_column][\/vc_row][vc_row][vc_column][vc_media_grid element_width=\u00a0\u00bb3&Prime; gap=\u00a0\u00bb0&Prime; item=\u00a0\u00bbmediaGrid_FadeInWithIcon\u00a0\u00bb grid_id=\u00a0\u00bbvc_gid:1528100323520-603abf13-ce3d-3&Prime; include=\u00a0\u00bb2097,2338,2339,2100&Prime;][\/vc_column][\/vc_row]\n<\/p><\/div>","protected":false},"excerpt":{"rendered":"<p>[vc_row full_height=\u00a0\u00bbyes\u00a0\u00bb parallax=\u00a0\u00bbcontent-moving\u00a0\u00bb bg_type=\u00a0\u00bbimage\u00a0\u00bb parallax_style=\u00a0\u00bbvcpb-default\u00a0\u00bb bg_image_new=\u00a0\u00bbid^1920|url^https:\/\/www.hotelbaiadelre.com\/wp-content\/uploads\/2016\/04\/home-02.jpg|caption^null|alt^null|title^home-02|description^null\u00a0\u00bb bg_image_repeat=\u00a0\u00bbno-repeat\u00a0\u00bb bg_img_attach=\u00a0\u00bbfixed\u00a0\u00bb parallax_content=\u00a0\u00bbparallax_content_value\u00a0\u00bb][vc_column][vc_column_text] [\/vc_column_text][\/vc_column][\/vc_row][vc_row el_class=\u00a0\u00bbcontenuto\u00a0\u00bb][vc_column][vc_empty_space height=\u00a0\u00bb50px\u00a0\u00bb][vc_row_inner el_class=\u00a0\u00bbwrap\u00a0\u00bb][vc_column_inner width=\u00a0\u00bb1\/2&Prime;][vc_column_text css=\u00a0\u00bb.vc_custom_1465982052454{padding-top: 0px !important;}\u00a0\u00bb] R\u00e9unions Modernes et conviviales, les 7 salles de r\u00e9union de l\u2019H\u00f4tel Real Fini Baia del Re de Mod\u00e8ne peuvent accueillir tous vos \u00e9v\u00e9nements, de vos r\u00e9unions d&rsquo;affaires \u00e0 la soir\u00e9e de gala. Les salles sont insonoris\u00e9es et dot\u00e9es [&hellip;]<\/p>\n","protected":false},"author":36,"featured_media":0,"parent":0,"menu_order":0,"comment_status":"closed","ping_status":"closed","template":"","meta":{"_genesis_hide_title":false,"_genesis_hide_breadcrumbs":false,"_genesis_hide_singular_image":false,"_genesis_hide_footer_widgets":false,"_genesis_custom_body_class":"","_genesis_custom_post_class":"","_genesis_layout":"","footnotes":""},"class_list":{"0":"post-2665","1":"page","2":"type-page","3":"status-publish","5":"entry"},"yoast_head":"<!-- This site is optimized with the Yoast SEO plugin v25.6 - https:\/\/yoast.com\/wordpress\/plugins\/seo\/ -->\n<title>R\u00e9unions | Hotel Baia del Re<\/title>\n<meta name=\"description\" content=\"R\u00e9unions, Hotel Baia del Re:\" \/>\n<meta name=\"robots\" content=\"index, follow, max-snippet:-1, max-image-preview:large, max-video-preview:-1\" \/>\n<link rel=\"canonical\" href=\"https:\/\/www.hotelbaiadelre.com\/fr\/reunions\/\" \/>\n<meta property=\"og:locale\" content=\"fr_FR\" \/>\n<meta property=\"og:type\" content=\"article\" \/>\n<meta property=\"og:title\" content=\"R\u00e9unions | Hotel Baia del Re\" \/>\n<meta property=\"og:description\" content=\"R\u00e9unions, Hotel Baia del Re:\" \/>\n<meta property=\"og:url\" content=\"https:\/\/www.hotelbaiadelre.com\/fr\/reunions\/\" \/>\n<meta property=\"og:site_name\" content=\"Hotel Baia del Re\" \/>\n<meta property=\"article:modified_time\" content=\"2018-06-04T08:21:06+00:00\" \/>\n<meta property=\"og:image\" content=\"https:\/\/www.hotelbaiadelre.com\/wp-content\/uploads\/2015\/07\/fregio.png\" \/>\n<meta name=\"twitter:label1\" content=\"Dur\u00e9e de lecture estim\u00e9e\" \/>\n\t<meta name=\"twitter:data1\" content=\"2 minutes\" \/>\n<script type=\"application\/ld+json\" class=\"yoast-schema-graph\">{\"@context\":\"https:\/\/schema.org\",\"@graph\":[{\"@type\":\"WebPage\",\"@id\":\"https:\/\/www.hotelbaiadelre.com\/fr\/reunions\/\",\"url\":\"https:\/\/www.hotelbaiadelre.com\/fr\/reunions\/\",\"name\":\"R\u00e9unions | Hotel Baia del Re\",\"isPartOf\":{\"@id\":\"https:\/\/www.hotelbaiadelre.com\/fr\/#website\"},\"primaryImageOfPage\":{\"@id\":\"https:\/\/www.hotelbaiadelre.com\/fr\/reunions\/#primaryimage\"},\"image\":{\"@id\":\"https:\/\/www.hotelbaiadelre.com\/fr\/reunions\/#primaryimage\"},\"thumbnailUrl\":\"https:\/\/www.hotelbaiadelre.com\/wp-content\/uploads\/2015\/07\/fregio.png\",\"datePublished\":\"2016-05-24T08:51:06+00:00\",\"dateModified\":\"2018-06-04T08:21:06+00:00\",\"description\":\"R\u00e9unions, Hotel Baia del Re:\",\"breadcrumb\":{\"@id\":\"https:\/\/www.hotelbaiadelre.com\/fr\/reunions\/#breadcrumb\"},\"inLanguage\":\"fr-FR\",\"potentialAction\":[{\"@type\":\"ReadAction\",\"target\":[\"https:\/\/www.hotelbaiadelre.com\/fr\/reunions\/\"]}]},{\"@type\":\"ImageObject\",\"inLanguage\":\"fr-FR\",\"@id\":\"https:\/\/www.hotelbaiadelre.com\/fr\/reunions\/#primaryimage\",\"url\":\"https:\/\/www.hotelbaiadelre.com\/wp-content\/uploads\/2015\/07\/fregio.png\",\"contentUrl\":\"https:\/\/www.hotelbaiadelre.com\/wp-content\/uploads\/2015\/07\/fregio.png\"},{\"@type\":\"BreadcrumbList\",\"@id\":\"https:\/\/www.hotelbaiadelre.com\/fr\/reunions\/#breadcrumb\",\"itemListElement\":[{\"@type\":\"ListItem\",\"position\":1,\"name\":\"Home\",\"item\":\"https:\/\/www.hotelbaiadelre.com\/fr\/\"},{\"@type\":\"ListItem\",\"position\":2,\"name\":\"R\u00e9unions\"}]},{\"@type\":\"WebSite\",\"@id\":\"https:\/\/www.hotelbaiadelre.com\/fr\/#website\",\"url\":\"https:\/\/www.hotelbaiadelre.com\/fr\/\",\"name\":\"Hotel Baia del Re\",\"description\":\"\",\"potentialAction\":[{\"@type\":\"SearchAction\",\"target\":{\"@type\":\"EntryPoint\",\"urlTemplate\":\"https:\/\/www.hotelbaiadelre.com\/fr\/?s={search_term_string}\"},\"query-input\":{\"@type\":\"PropertyValueSpecification\",\"valueRequired\":true,\"valueName\":\"search_term_string\"}}],\"inLanguage\":\"fr-FR\"}]}<\/script>\n<!-- \/ Yoast SEO plugin. -->","yoast_head_json":{"title":"R\u00e9unions | Hotel Baia del Re","description":"R\u00e9unions, Hotel Baia del Re:","robots":{"index":"index","follow":"follow","max-snippet":"max-snippet:-1","max-image-preview":"max-image-preview:large","max-video-preview":"max-video-preview:-1"},"canonical":"https:\/\/www.hotelbaiadelre.com\/fr\/reunions\/","og_locale":"fr_FR","og_type":"article","og_title":"R\u00e9unions | Hotel Baia del Re","og_description":"R\u00e9unions, Hotel Baia del Re:","og_url":"https:\/\/www.hotelbaiadelre.com\/fr\/reunions\/","og_site_name":"Hotel Baia del Re","article_modified_time":"2018-06-04T08:21:06+00:00","og_image":[{"url":"https:\/\/www.hotelbaiadelre.com\/wp-content\/uploads\/2015\/07\/fregio.png","type":"","width":"","height":""}],"twitter_misc":{"Dur\u00e9e de lecture estim\u00e9e":"2 minutes"},"schema":{"@context":"https:\/\/schema.org","@graph":[{"@type":"WebPage","@id":"https:\/\/www.hotelbaiadelre.com\/fr\/reunions\/","url":"https:\/\/www.hotelbaiadelre.com\/fr\/reunions\/","name":"R\u00e9unions | Hotel Baia del Re","isPartOf":{"@id":"https:\/\/www.hotelbaiadelre.com\/fr\/#website"},"primaryImageOfPage":{"@id":"https:\/\/www.hotelbaiadelre.com\/fr\/reunions\/#primaryimage"},"image":{"@id":"https:\/\/www.hotelbaiadelre.com\/fr\/reunions\/#primaryimage"},"thumbnailUrl":"https:\/\/www.hotelbaiadelre.com\/wp-content\/uploads\/2015\/07\/fregio.png","datePublished":"2016-05-24T08:51:06+00:00","dateModified":"2018-06-04T08:21:06+00:00","description":"R\u00e9unions, Hotel Baia del Re:","breadcrumb":{"@id":"https:\/\/www.hotelbaiadelre.com\/fr\/reunions\/#breadcrumb"},"inLanguage":"fr-FR","potentialAction":[{"@type":"ReadAction","target":["https:\/\/www.hotelbaiadelre.com\/fr\/reunions\/"]}]},{"@type":"ImageObject","inLanguage":"fr-FR","@id":"https:\/\/www.hotelbaiadelre.com\/fr\/reunions\/#primaryimage","url":"https:\/\/www.hotelbaiadelre.com\/wp-content\/uploads\/2015\/07\/fregio.png","contentUrl":"https:\/\/www.hotelbaiadelre.com\/wp-content\/uploads\/2015\/07\/fregio.png"},{"@type":"BreadcrumbList","@id":"https:\/\/www.hotelbaiadelre.com\/fr\/reunions\/#breadcrumb","itemListElement":[{"@type":"ListItem","position":1,"name":"Home","item":"https:\/\/www.hotelbaiadelre.com\/fr\/"},{"@type":"ListItem","position":2,"name":"R\u00e9unions"}]},{"@type":"WebSite","@id":"https:\/\/www.hotelbaiadelre.com\/fr\/#website","url":"https:\/\/www.hotelbaiadelre.com\/fr\/","name":"Hotel Baia del Re","description":"","potentialAction":[{"@type":"SearchAction","target":{"@type":"EntryPoint","urlTemplate":"https:\/\/www.hotelbaiadelre.com\/fr\/?s={search_term_string}"},"query-input":{"@type":"PropertyValueSpecification","valueRequired":true,"valueName":"search_term_string"}}],"inLanguage":"fr-FR"}]}},"publishpress_future_action":{"enabled":false,"date":"2026-04-28 13:04:43","action":"change-status","newStatus":"draft","terms":[],"taxonomy":"translation_priority","extraData":[]},"publishpress_future_workflow_manual_trigger":{"enabledWorkflows":[]},"_links":{"self":[{"href":"https:\/\/www.hotelbaiadelre.com\/fr\/wp-json\/wp\/v2\/pages\/2665","targetHints":{"allow":["GET"]}}],"collection":[{"href":"https:\/\/www.hotelbaiadelre.com\/fr\/wp-json\/wp\/v2\/pages"}],"about":[{"href":"https:\/\/www.hotelbaiadelre.com\/fr\/wp-json\/wp\/v2\/types\/page"}],"author":[{"embeddable":true,"href":"https:\/\/www.hotelbaiadelre.com\/fr\/wp-json\/wp\/v2\/users\/36"}],"replies":[{"embeddable":true,"href":"https:\/\/www.hotelbaiadelre.com\/fr\/wp-json\/wp\/v2\/comments?post=2665"}],"version-history":[{"count":2,"href":"https:\/\/www.hotelbaiadelre.com\/fr\/wp-json\/wp\/v2\/pages\/2665\/revisions"}],"predecessor-version":[{"id":4002,"href":"https:\/\/www.hotelbaiadelre.com\/fr\/wp-json\/wp\/v2\/pages\/2665\/revisions\/4002"}],"wp:attachment":[{"href":"https:\/\/www.hotelbaiadelre.com\/fr\/wp-json\/wp\/v2\/media?parent=2665"}],"curies":[{"name":"wp","href":"https:\/\/api.w.org\/{rel}","templated":true}]}}