{"id":2689,"date":"2016-05-24T08:49:54","date_gmt":"2016-05-24T08:49:54","guid":{"rendered":"https:\/\/www.hotelbaiadelre.com\/fr\/servizi\/"},"modified":"2024-08-28T07:31:36","modified_gmt":"2024-08-28T07:31:36","slug":"services","status":"publish","type":"page","link":"https:\/\/www.hotelbaiadelre.com\/fr\/services\/","title":{"rendered":"Services"},"content":{"rendered":"<div class=\"wpb-content-wrapper\">[vc_row full_height=\u00a0\u00bbyes\u00a0\u00bb parallax=\u00a0\u00bbcontent-moving\u00a0\u00bb bg_type=\u00a0\u00bbimage\u00a0\u00bb parallax_style=\u00a0\u00bbvcpb-default\u00a0\u00bb bg_image_new=\u00a0\u00bbid^2255|url^https:\/\/www.hotelbaiadelre.com\/wp-content\/uploads\/2016\/05\/sala-colazioni-001-1.jpg|caption^null|alt^null|title^sala-colazioni-001|description^null\u00a0\u00bb bg_image_repeat=\u00a0\u00bbno-repeat\u00a0\u00bb bg_img_attach=\u00a0\u00bbfixed\u00a0\u00bb parallax_content=\u00a0\u00bbparallax_content_value\u00a0\u00bb][vc_column][vc_column_text]\n<div class=\"payoff\"><\/div>\n[\/vc_column_text][\/vc_column][\/vc_row][vc_row el_class=\u00a0\u00bbcontenuto\u00a0\u00bb][vc_column][vc_empty_space height=\u00a0\u00bb50px\u00a0\u00bb][vc_row_inner el_class=\u00a0\u00bbwrap\u00a0\u00bb][vc_column_inner width=\u00a0\u00bb1\/2&Prime;][vc_column_text css=\u00a0\u00bb.vc_custom_1693382200036{padding-top: 0px !important;}\u00a0\u00bb]\n<h1>Services<\/h1>\n<p><img decoding=\"async\" src=\"https:\/\/www.hotelbaiadelre.com\/wp-content\/uploads\/2015\/07\/fregio.png\" alt=\"\" \/><\/p>\n<p class=\"testointerno\">L\u2019<strong>H\u00f4tel<\/strong> <strong>Real Fini Baia del Re <\/strong>est un <strong>h\u00f4tel <\/strong>confortable et convivial. R\u00e9solument moderne et unique dans son genre dans le quartier, cet \u00e9tablissement se compose d&rsquo;un b\u00e2timent principal regroupant tous les services \u00e0 la disposition des clients : une partie des chambres, <strong>7 salles de r\u00e9union<\/strong>, les espaces de <strong>bien-\u00eatre et de fitness<\/strong> \u00e0 la disposition exclusive des clients de l&rsquo;h\u00f4tel et le grand <strong>garage<\/strong> souterrain.<\/p>\n<p class=\"testointerno\">Le b\u00e2timent central abrite tous les espaces r\u00e9serv\u00e9s \u00e0 la gastronomie de l&rsquo;H\u00f4tel Real Fini Baia del Re : la salle de petit-d\u00e9jeuner, ouverte de 07 heures \u00e0 9:30 heures, o\u00f9 vous d\u00e9buterez votre journ\u00e9e autour d&rsquo;un copieux buffet de petit-d\u00e9jeuner ; le <strong>Restaurant Baia del Re, <\/strong>o\u00f9 vous d\u00e9gusterez les plats de la tradition gastronomique mod\u00e9naise et italienne en les accompagnant des meilleurs crus locaux et nationaux ; le <strong>Bar<\/strong> ouvert \u00e0 tous dont la qualit\u00e9 des produits a fait la r\u00e9putation avec de d\u00e9licieux en-cas \u00e0 d\u00e9guster avant de partir ou des gadgets gastronomiques \u00e0 s&rsquo;offrir avant de rentrer chez soi.<\/p>\n<p class=\"testointerno\">L\u00e9g\u00e8rement en retrait du b\u00e2timent central, deux d\u00e9pendances enti\u00e8rement occup\u00e9es par des chambres donnent sur des jardins priv\u00e9s \u00e0 la disposition des occupants des chambres en rez-de-chauss\u00e9e ; les d\u00e9pendances d\u00e9limitent le p\u00e9rim\u00e8tre r\u00e9serv\u00e9 au <strong>grand parking <\/strong>r\u00e9serv\u00e9 \u00e0 la client\u00e8le de l&rsquo;\u00e9tablissement.<\/p>\n[\/vc_column_text][\/vc_column_inner][vc_column_inner width=\u00a0\u00bb1\/2&Prime;][vc_empty_space height=\u00a0\u00bb37px\u00a0\u00bb][vc_column_text el_class=\u00a0\u00bbpagina\u00a0\u00bb]\n<div id=\"box-offerte\">\n<h3>Offres Sp\u00e9ciales<\/h3>\n<div class=\"flexslider\" style=\"width:440px;\"><ul class=\"slides\"><li><a href=\"https:\/\/www.hotelbaiadelre.com\/fr\/offers\/early-booking-offer-up-to-28-off\/\"><img loading=\"lazy\" decoding=\"async\" width=\"440\" height=\"250\" src=\"https:\/\/www.hotelbaiadelre.com\/wp-content\/uploads\/2020\/03\/early-booking-discount-1-440x250.jpg\" class=\"attachment-slider_medium_large size-slider_medium_large\" alt=\"\" \/><\/a><div class=\"flex-caption\"><div class=\"original-price price-all\"><\/div><div class=\"reducted-price price-all\"><\/div><div class=\"clear\"><\/div><div class=\"clear\"><\/div><div class=\"offer_title\"><a href=\"https:\/\/www.hotelbaiadelre.com\/fr\/offers\/early-booking-offer-up-to-28-off\/\">Early Booking Offer: up to 28% Off<\/a><\/div><\/div><\/li><li><a href=\"https:\/\/www.hotelbaiadelre.com\/fr\/offers\/tarifs-speciaux-internet\/\"><img loading=\"lazy\" decoding=\"async\" width=\"440\" height=\"211\" src=\"https:\/\/www.hotelbaiadelre.com\/wp-content\/uploads\/2015\/07\/junior-suite-500x240.jpg\" class=\"attachment-slider_medium_large size-slider_medium_large\" alt=\"\" srcset=\"https:\/\/www.hotelbaiadelre.com\/wp-content\/uploads\/2015\/07\/junior-suite-500x240.jpg 500w, https:\/\/www.hotelbaiadelre.com\/wp-content\/uploads\/2015\/07\/junior-suite-210x100.jpg 210w\" sizes=\"auto, (max-width: 440px) 100vw, 440px\" \/><\/a><div class=\"flex-caption\"><div class=\"original-price price-all\"><\/div><div class=\"reducted-price price-all\"><\/div><div class=\"clear\"><\/div><div class=\"clear\"><\/div><div class=\"offer_title\"><a href=\"https:\/\/www.hotelbaiadelre.com\/fr\/offers\/tarifs-speciaux-internet\/\">Tarifs Sp\u00e9ciaux Internet<\/a><\/div><\/div><\/li><\/ul><\/div>\n<p class=\"lista\"><a title=\"Offerte Speciali\" href=\"https:\/\/www.hotelbaiadelre.com\/fr\/offres-speciales\/\">Voir la liste compl\u00e8te<\/a><\/p>\n<\/div>\n[\/vc_column_text][\/vc_column_inner][\/vc_row_inner][vc_empty_space height=\u00a0\u00bb50px\u00a0\u00bb][\/vc_column][\/vc_row][vc_row full_height=\u00a0\u00bbyes\u00a0\u00bb content_placement=\u00a0\u00bbmiddle\u00a0\u00bb parallax=\u00a0\u00bbcontent-moving\u00a0\u00bb bg_type=\u00a0\u00bbimage\u00a0\u00bb parallax_style=\u00a0\u00bbvcpb-default\u00a0\u00bb bg_image_new=\u00a0\u00bbid^2257|url^https:\/\/www.hotelbaiadelre.com\/wp-content\/uploads\/2016\/05\/reception-part-1.jpg|caption^null|alt^null|title^reception-part-1|description^null\u00a0\u00bb bg_image_repeat=\u00a0\u00bbno-repeat\u00a0\u00bb bg_img_attach=\u00a0\u00bbfixed\u00a0\u00bb parallax_content=\u00a0\u00bbparallax_content_value\u00a0\u00bb fadeout_row=\u00a0\u00bbfadeout_row_value\u00a0\u00bb el_class=\u00a0\u00bbhp1&Prime;][vc_column][vc_row_inner el_class=\u00a0\u00bbwrap\u00a0\u00bb][vc_column_inner][vc_single_image image=\u00a0\u00bb1938&Prime; img_size=\u00a0\u00bbfull\u00a0\u00bb alignment=\u00a0\u00bbcenter\u00a0\u00bb el_class=\u00a0\u00bbwrap\u00a0\u00bb][vc_column_text css=\u00a0\u00bb.vc_custom_1724830287783{padding-top: 35px !important;padding-right: 35px !important;padding-bottom: 35px !important;padding-left: 35px !important;background-color: rgba(255,255,255,0.8) !important;*background-color: rgb(255,255,255) !important;}\u00a0\u00bb el_class=\u00a0\u00bbboxmeeting\u00a0\u00bb]\n<h3>\u00c9quipements<\/h3>\n<ul>\n<li>Accessible aux handicap\u00e9s<\/li>\n<li>R\u00e9ception 24h\/24<\/li>\n<li>Bar (6.30-23.00)<\/li>\n<li>Petit d\u00e9jeuner (7.00-09.30)<\/li>\n<li>Point d&rsquo;acc\u00e8s Internet<\/li>\n<li>Connexion Internet Wi-fi<\/li>\n<li>Service fax<\/li>\n<li>Quotidiens<\/li>\n<li>Service transfert<\/li>\n<li>Informations touristiques<\/li>\n<li>Garde d&rsquo;objets de valeur<\/li>\n<li>Gardien de nuit<\/li>\n<li>Consigne \u00e0 bagages<\/li>\n<li>Service repassage<\/li>\n<li>Service blanchisserie<\/li>\n<li>Service de recharge de voiture \u00e9lectrique<\/li>\n<li>Service portage<\/li>\n<li>Ascenseur<\/li>\n<li>Animaux accept\u00e9s\u00a0 Il y a un compl\u00e9ment<\/li>\n<li>\u00c9change de monnaie<\/li>\n<li>Parking<\/li>\n<li>Garage payant<\/li>\n<li>Parking public avec disque de stationnement de 2 heures<\/li>\n<li>R\u00e9ception<\/li>\n<li>Hall<\/li>\n<li>Bar<\/li>\n<li>Salle des petits d\u00e9jeuners<\/li>\n<li>Restaurant<\/li>\n<li>Bien-\u00eatre &amp; Fitness<\/li>\n<\/ul>\n<h4>R\u00e9servation<\/h4>\n<ul>\n<li>Excursions<\/li>\n<li>Visites guid\u00e9es<\/li>\n<\/ul>\n<h3>Lieux communs<\/h3>\n<ul>\n<li>R\u00e9ception<\/li>\n<li>Hall<\/li>\n<li>Bar<\/li>\n<li>Salle des petits d\u00e9jeuners<\/li>\n<li>Restaurant<\/li>\n<li>Bien-\u00eatre &amp; Fitness<\/li>\n<\/ul>\n<p class=\"testoservizi\">Pour accueillir vos rendez-vous d&rsquo;affaires, vos courtes r\u00e9unions, mais aussi vos <strong>conf\u00e9rences<\/strong> et tous vos \u00e9v\u00e9nements professionnels, l&rsquo;h\u00f4tel est dot\u00e9 du <strong>Wifi<\/strong> dans toutes les parties communes qui sont \u00e0 la fois soign\u00e9es et tr\u00e8s conviviales.<\/p>\n[\/vc_column_text][vc_single_image image=\u00a0\u00bb1937&Prime; img_size=\u00a0\u00bbfull\u00a0\u00bb alignment=\u00a0\u00bbcenter\u00a0\u00bb el_class=\u00a0\u00bbwrap\u00a0\u00bb][\/vc_column_inner][\/vc_row_inner][\/vc_column][\/vc_row][vc_row equal_height=\u00a0\u00bbyes\u00a0\u00bb content_placement=\u00a0\u00bbtop\u00a0\u00bb parallax=\u00a0\u00bbcontent-moving-fade\u00a0\u00bb bg_type=\u00a0\u00bbimage\u00a0\u00bb parallax_style=\u00a0\u00bbvcpb-default\u00a0\u00bb bg_image_repeat=\u00a0\u00bbno-repeat\u00a0\u00bb bg_img_attach=\u00a0\u00bbfixed\u00a0\u00bb parallax_content=\u00a0\u00bbparallax_content_value\u00a0\u00bb el_class=\u00a0\u00bbhp2&Prime;][vc_column width=\u00a0\u00bb1\/3&Prime; css=\u00a0\u00bb.vc_custom_1461754988359{background-image: url(https:\/\/www.hotelbaiadelre.com\/wp-content\/uploads\/2013\/09\/meeting.jpg?id=1941) !important;background-position: center !important;background-repeat: no-repeat !important;background-size: cover !important;}\u00a0\u00bb][vc_empty_space height=\u00a0\u00bb190px\u00a0\u00bb][vc_column_text]\n<div id=\"blu\" class=\"bestprice\">\n<h3><span class=\"sans-serif\">Les sales<\/span><br \/>\nde r\u00e9union<\/h3>\n<\/div>\n[\/vc_column_text][vc_empty_space height=\u00a0\u00bb160px\u00a0\u00bb][vc_single_image image=\u00a0\u00bb1934&Prime; img_size=\u00a0\u00bbfull\u00a0\u00bb alignment=\u00a0\u00bbcenter\u00a0\u00bb css_animation=\u00a0\u00bbappear\u00a0\u00bb css=\u00a0\u00bb.vc_custom_1461753408288{padding-bottom: 30px !important;}\u00a0\u00bb][vc_btn title=\u00a0\u00bbAller \u00e0 la page\u00a0\u00bb style=\u00a0\u00bbcustom\u00a0\u00bb custom_background=\u00a0\u00bb#a3680d\u00a0\u00bb custom_text=\u00a0\u00bb#ffffff\u00a0\u00bb shape=\u00a0\u00bbround\u00a0\u00bb size=\u00a0\u00bblg\u00a0\u00bb align=\u00a0\u00bbcenter\u00a0\u00bb css_animation=\u00a0\u00bbappear\u00a0\u00bb link=\u00a0\u00bburl:http%3A%2F%2Fwww.hotelbaiadelre.com%2Ffr%2Freunions%2F||\u00a0\u00bb el_class=\u00a0\u00bbbottone\u00a0\u00bb][vc_single_image image=\u00a0\u00bb1934&Prime; img_size=\u00a0\u00bbfull\u00a0\u00bb alignment=\u00a0\u00bbcenter\u00a0\u00bb css_animation=\u00a0\u00bbappear\u00a0\u00bb css=\u00a0\u00bb.vc_custom_1461753421948{padding-top: 10px !important;}\u00a0\u00bb][\/vc_column][vc_column width=\u00a0\u00bb1\/3&Prime; css=\u00a0\u00bb.vc_custom_1464191171004{background-image: url(https:\/\/www.hotelbaiadelre.com\/wp-content\/uploads\/2016\/05\/orchid-1034873.jpg?id=2256) !important;background-position: center !important;background-repeat: no-repeat !important;background-size: cover !important;}\u00a0\u00bb][vc_empty_space height=\u00a0\u00bb190px\u00a0\u00bb][vc_column_text]\n<div id=\"giallo\" class=\"bestprice\">\n<h3><span class=\"sans-serif\">Bien-\u00eatre<br \/>\n<\/span>&amp; Fitness<\/h3>\n<\/div>\n[\/vc_column_text][vc_empty_space height=\u00a0\u00bb160px\u00a0\u00bb][vc_single_image image=\u00a0\u00bb1934&Prime; img_size=\u00a0\u00bbfull\u00a0\u00bb alignment=\u00a0\u00bbcenter\u00a0\u00bb css_animation=\u00a0\u00bbappear\u00a0\u00bb css=\u00a0\u00bb.vc_custom_1464192141672{padding-bottom: 30px !important;}\u00a0\u00bb][vc_btn title=\u00a0\u00bbAller \u00e0 la page\u00a0\u00bb style=\u00a0\u00bbcustom\u00a0\u00bb custom_background=\u00a0\u00bb#071832&Prime; custom_text=\u00a0\u00bb#ffffff\u00a0\u00bb shape=\u00a0\u00bbround\u00a0\u00bb size=\u00a0\u00bblg\u00a0\u00bb align=\u00a0\u00bbcenter\u00a0\u00bb css_animation=\u00a0\u00bbappear\u00a0\u00bb link=\u00a0\u00bburl:http%3A%2F%2Fwww.hotelbaiadelre.com%2Ffr%2Fbien-etre%2F||\u00a0\u00bb][vc_single_image image=\u00a0\u00bb1934&Prime; img_size=\u00a0\u00bbfull\u00a0\u00bb alignment=\u00a0\u00bbcenter\u00a0\u00bb css_animation=\u00a0\u00bbappear\u00a0\u00bb css=\u00a0\u00bb.vc_custom_1464192123424{padding-top: 10px !important;}\u00a0\u00bb][vc_empty_space height=\u00a0\u00bb160px\u00a0\u00bb][\/vc_column][vc_column width=\u00a0\u00bb1\/3&Prime; css=\u00a0\u00bb.vc_custom_1461759595826{background-image: url(https:\/\/www.hotelbaiadelre.com\/wp-content\/uploads\/2013\/09\/ristorante.jpg?id=1950) !important;background-position: center !important;background-repeat: no-repeat !important;background-size: cover !important;}\u00a0\u00bb][vc_empty_space height=\u00a0\u00bb190px\u00a0\u00bb][vc_column_text]\n<div id=\"giallo\" class=\"bestprice\">\n<h3><span class=\"sans-serif\">Notre<br \/>\n<\/span>Restaurant<\/h3>\n<\/div>\n[\/vc_column_text][vc_column_text]<img loading=\"lazy\" decoding=\"async\" class=\"aligncenter size-full wp-image-1944\" src=\"https:\/\/www.hotelbaiadelre.com\/wp-content\/uploads\/2013\/09\/baia-bar-bianco.png\" alt=\"baiadelre-ristorante\" width=\"105\" height=\"160\" \/>[\/vc_column_text][vc_single_image image=\u00a0\u00bb1934&Prime; img_size=\u00a0\u00bbfull\u00a0\u00bb alignment=\u00a0\u00bbcenter\u00a0\u00bb css_animation=\u00a0\u00bbappear\u00a0\u00bb css=\u00a0\u00bb.vc_custom_1461753163303{padding-bottom: 30px !important;}\u00a0\u00bb][vc_btn title=\u00a0\u00bbAller \u00e0 la page\u00a0\u00bb style=\u00a0\u00bbcustom\u00a0\u00bb custom_background=\u00a0\u00bb#765032&Prime; custom_text=\u00a0\u00bb#ffffff\u00a0\u00bb shape=\u00a0\u00bbround\u00a0\u00bb size=\u00a0\u00bblg\u00a0\u00bb align=\u00a0\u00bbcenter\u00a0\u00bb css_animation=\u00a0\u00bbappear\u00a0\u00bb link=\u00a0\u00bburl:http%3A%2F%2Fwww.hotelbaiadelre.com%2Ffr%2Frestaurant%2F||\u00a0\u00bb][vc_single_image image=\u00a0\u00bb1934&Prime; img_size=\u00a0\u00bbfull\u00a0\u00bb alignment=\u00a0\u00bbcenter\u00a0\u00bb css_animation=\u00a0\u00bbappear\u00a0\u00bb css=\u00a0\u00bb.vc_custom_1461753178743{padding-top: 10px !important;}\u00a0\u00bb][\/vc_column][\/vc_row]\n<\/div>","protected":false},"excerpt":{"rendered":"<p>[vc_row full_height=\u00a0\u00bbyes\u00a0\u00bb parallax=\u00a0\u00bbcontent-moving\u00a0\u00bb bg_type=\u00a0\u00bbimage\u00a0\u00bb parallax_style=\u00a0\u00bbvcpb-default\u00a0\u00bb bg_image_new=\u00a0\u00bbid^2255|url^https:\/\/www.hotelbaiadelre.com\/wp-content\/uploads\/2016\/05\/sala-colazioni-001-1.jpg|caption^null|alt^null|title^sala-colazioni-001|description^null\u00a0\u00bb bg_image_repeat=\u00a0\u00bbno-repeat\u00a0\u00bb bg_img_attach=\u00a0\u00bbfixed\u00a0\u00bb parallax_content=\u00a0\u00bbparallax_content_value\u00a0\u00bb][vc_column][vc_column_text] [\/vc_column_text][\/vc_column][\/vc_row][vc_row el_class=\u00a0\u00bbcontenuto\u00a0\u00bb][vc_column][vc_empty_space height=\u00a0\u00bb50px\u00a0\u00bb][vc_row_inner el_class=\u00a0\u00bbwrap\u00a0\u00bb][vc_column_inner width=\u00a0\u00bb1\/2&Prime;][vc_column_text css=\u00a0\u00bb.vc_custom_1693382200036{padding-top: 0px !important;}\u00a0\u00bb] Services L\u2019H\u00f4tel Real Fini Baia del Re est un h\u00f4tel confortable et convivial. R\u00e9solument moderne et unique dans son genre dans le quartier, cet \u00e9tablissement se compose d&rsquo;un b\u00e2timent principal regroupant tous les services \u00e0 la disposition des [&hellip;]<\/p>\n","protected":false},"author":36,"featured_media":0,"parent":0,"menu_order":0,"comment_status":"closed","ping_status":"closed","template":"","meta":{"_genesis_hide_title":false,"_genesis_hide_breadcrumbs":false,"_genesis_hide_singular_image":false,"_genesis_hide_footer_widgets":false,"_genesis_custom_body_class":"","_genesis_custom_post_class":"","_genesis_layout":"","footnotes":""},"class_list":{"0":"post-2689","1":"page","2":"type-page","3":"status-publish","5":"entry"},"yoast_head":"<!-- This site is optimized with the Yoast SEO plugin v25.6 - https:\/\/yoast.com\/wordpress\/plugins\/seo\/ -->\n<title>Services | Hotel Baia del Re<\/title>\n<meta name=\"description\" content=\"Services, Hotel Baia del Re:\" \/>\n<meta name=\"robots\" content=\"index, follow, max-snippet:-1, max-image-preview:large, max-video-preview:-1\" \/>\n<link rel=\"canonical\" href=\"https:\/\/www.hotelbaiadelre.com\/fr\/services\/\" \/>\n<meta property=\"og:locale\" content=\"fr_FR\" \/>\n<meta property=\"og:type\" content=\"article\" \/>\n<meta property=\"og:title\" content=\"Services | Hotel Baia del Re\" \/>\n<meta property=\"og:description\" content=\"Services, Hotel Baia del Re:\" \/>\n<meta property=\"og:url\" content=\"https:\/\/www.hotelbaiadelre.com\/fr\/services\/\" \/>\n<meta property=\"og:site_name\" content=\"Hotel Baia del Re\" \/>\n<meta property=\"article:modified_time\" content=\"2024-08-28T07:31:36+00:00\" \/>\n<meta property=\"og:image\" content=\"https:\/\/www.hotelbaiadelre.com\/wp-content\/uploads\/2015\/07\/fregio.png\" \/>\n<meta name=\"twitter:label1\" content=\"Dur\u00e9e de lecture estim\u00e9e\" \/>\n\t<meta name=\"twitter:data1\" content=\"3 minutes\" \/>\n<script type=\"application\/ld+json\" class=\"yoast-schema-graph\">{\"@context\":\"https:\/\/schema.org\",\"@graph\":[{\"@type\":\"WebPage\",\"@id\":\"https:\/\/www.hotelbaiadelre.com\/fr\/services\/\",\"url\":\"https:\/\/www.hotelbaiadelre.com\/fr\/services\/\",\"name\":\"Services | Hotel Baia del Re\",\"isPartOf\":{\"@id\":\"https:\/\/www.hotelbaiadelre.com\/fr\/#website\"},\"primaryImageOfPage\":{\"@id\":\"https:\/\/www.hotelbaiadelre.com\/fr\/services\/#primaryimage\"},\"image\":{\"@id\":\"https:\/\/www.hotelbaiadelre.com\/fr\/services\/#primaryimage\"},\"thumbnailUrl\":\"https:\/\/www.hotelbaiadelre.com\/wp-content\/uploads\/2015\/07\/fregio.png\",\"datePublished\":\"2016-05-24T08:49:54+00:00\",\"dateModified\":\"2024-08-28T07:31:36+00:00\",\"description\":\"Services, Hotel Baia del Re:\",\"breadcrumb\":{\"@id\":\"https:\/\/www.hotelbaiadelre.com\/fr\/services\/#breadcrumb\"},\"inLanguage\":\"fr-FR\",\"potentialAction\":[{\"@type\":\"ReadAction\",\"target\":[\"https:\/\/www.hotelbaiadelre.com\/fr\/services\/\"]}]},{\"@type\":\"ImageObject\",\"inLanguage\":\"fr-FR\",\"@id\":\"https:\/\/www.hotelbaiadelre.com\/fr\/services\/#primaryimage\",\"url\":\"https:\/\/www.hotelbaiadelre.com\/wp-content\/uploads\/2015\/07\/fregio.png\",\"contentUrl\":\"https:\/\/www.hotelbaiadelre.com\/wp-content\/uploads\/2015\/07\/fregio.png\"},{\"@type\":\"BreadcrumbList\",\"@id\":\"https:\/\/www.hotelbaiadelre.com\/fr\/services\/#breadcrumb\",\"itemListElement\":[{\"@type\":\"ListItem\",\"position\":1,\"name\":\"Home\",\"item\":\"https:\/\/www.hotelbaiadelre.com\/fr\/\"},{\"@type\":\"ListItem\",\"position\":2,\"name\":\"Services\"}]},{\"@type\":\"WebSite\",\"@id\":\"https:\/\/www.hotelbaiadelre.com\/fr\/#website\",\"url\":\"https:\/\/www.hotelbaiadelre.com\/fr\/\",\"name\":\"Hotel Baia del Re\",\"description\":\"\",\"potentialAction\":[{\"@type\":\"SearchAction\",\"target\":{\"@type\":\"EntryPoint\",\"urlTemplate\":\"https:\/\/www.hotelbaiadelre.com\/fr\/?s={search_term_string}\"},\"query-input\":{\"@type\":\"PropertyValueSpecification\",\"valueRequired\":true,\"valueName\":\"search_term_string\"}}],\"inLanguage\":\"fr-FR\"}]}<\/script>\n<!-- \/ Yoast SEO plugin. -->","yoast_head_json":{"title":"Services | Hotel Baia del Re","description":"Services, Hotel Baia del Re:","robots":{"index":"index","follow":"follow","max-snippet":"max-snippet:-1","max-image-preview":"max-image-preview:large","max-video-preview":"max-video-preview:-1"},"canonical":"https:\/\/www.hotelbaiadelre.com\/fr\/services\/","og_locale":"fr_FR","og_type":"article","og_title":"Services | Hotel Baia del Re","og_description":"Services, Hotel Baia del Re:","og_url":"https:\/\/www.hotelbaiadelre.com\/fr\/services\/","og_site_name":"Hotel Baia del Re","article_modified_time":"2024-08-28T07:31:36+00:00","og_image":[{"url":"https:\/\/www.hotelbaiadelre.com\/wp-content\/uploads\/2015\/07\/fregio.png","type":"","width":"","height":""}],"twitter_misc":{"Dur\u00e9e de lecture estim\u00e9e":"3 minutes"},"schema":{"@context":"https:\/\/schema.org","@graph":[{"@type":"WebPage","@id":"https:\/\/www.hotelbaiadelre.com\/fr\/services\/","url":"https:\/\/www.hotelbaiadelre.com\/fr\/services\/","name":"Services | Hotel Baia del Re","isPartOf":{"@id":"https:\/\/www.hotelbaiadelre.com\/fr\/#website"},"primaryImageOfPage":{"@id":"https:\/\/www.hotelbaiadelre.com\/fr\/services\/#primaryimage"},"image":{"@id":"https:\/\/www.hotelbaiadelre.com\/fr\/services\/#primaryimage"},"thumbnailUrl":"https:\/\/www.hotelbaiadelre.com\/wp-content\/uploads\/2015\/07\/fregio.png","datePublished":"2016-05-24T08:49:54+00:00","dateModified":"2024-08-28T07:31:36+00:00","description":"Services, Hotel Baia del Re:","breadcrumb":{"@id":"https:\/\/www.hotelbaiadelre.com\/fr\/services\/#breadcrumb"},"inLanguage":"fr-FR","potentialAction":[{"@type":"ReadAction","target":["https:\/\/www.hotelbaiadelre.com\/fr\/services\/"]}]},{"@type":"ImageObject","inLanguage":"fr-FR","@id":"https:\/\/www.hotelbaiadelre.com\/fr\/services\/#primaryimage","url":"https:\/\/www.hotelbaiadelre.com\/wp-content\/uploads\/2015\/07\/fregio.png","contentUrl":"https:\/\/www.hotelbaiadelre.com\/wp-content\/uploads\/2015\/07\/fregio.png"},{"@type":"BreadcrumbList","@id":"https:\/\/www.hotelbaiadelre.com\/fr\/services\/#breadcrumb","itemListElement":[{"@type":"ListItem","position":1,"name":"Home","item":"https:\/\/www.hotelbaiadelre.com\/fr\/"},{"@type":"ListItem","position":2,"name":"Services"}]},{"@type":"WebSite","@id":"https:\/\/www.hotelbaiadelre.com\/fr\/#website","url":"https:\/\/www.hotelbaiadelre.com\/fr\/","name":"Hotel Baia del Re","description":"","potentialAction":[{"@type":"SearchAction","target":{"@type":"EntryPoint","urlTemplate":"https:\/\/www.hotelbaiadelre.com\/fr\/?s={search_term_string}"},"query-input":{"@type":"PropertyValueSpecification","valueRequired":true,"valueName":"search_term_string"}}],"inLanguage":"fr-FR"}]}},"publishpress_future_action":{"enabled":false,"date":"2026-04-21 08:18:11","action":"change-status","newStatus":"draft","terms":[],"taxonomy":"translation_priority","extraData":[]},"publishpress_future_workflow_manual_trigger":{"enabledWorkflows":[]},"_links":{"self":[{"href":"https:\/\/www.hotelbaiadelre.com\/fr\/wp-json\/wp\/v2\/pages\/2689","targetHints":{"allow":["GET"]}}],"collection":[{"href":"https:\/\/www.hotelbaiadelre.com\/fr\/wp-json\/wp\/v2\/pages"}],"about":[{"href":"https:\/\/www.hotelbaiadelre.com\/fr\/wp-json\/wp\/v2\/types\/page"}],"author":[{"embeddable":true,"href":"https:\/\/www.hotelbaiadelre.com\/fr\/wp-json\/wp\/v2\/users\/36"}],"replies":[{"embeddable":true,"href":"https:\/\/www.hotelbaiadelre.com\/fr\/wp-json\/wp\/v2\/comments?post=2689"}],"version-history":[{"count":5,"href":"https:\/\/www.hotelbaiadelre.com\/fr\/wp-json\/wp\/v2\/pages\/2689\/revisions"}],"predecessor-version":[{"id":4408,"href":"https:\/\/www.hotelbaiadelre.com\/fr\/wp-json\/wp\/v2\/pages\/2689\/revisions\/4408"}],"wp:attachment":[{"href":"https:\/\/www.hotelbaiadelre.com\/fr\/wp-json\/wp\/v2\/media?parent=2689"}],"curies":[{"name":"wp","href":"https:\/\/api.w.org\/{rel}","templated":true}]}}