{"id":2814,"date":"2013-09-03T14:20:11","date_gmt":"2013-09-03T14:20:11","guid":{"rendered":"https:\/\/www.hotelbaiadelre.com\/fr\/home\/"},"modified":"2016-09-15T14:35:25","modified_gmt":"2016-09-15T14:35:25","slug":"home","status":"publish","type":"page","link":"https:\/\/www.hotelbaiadelre.com\/fr\/","title":{"rendered":"Home"},"content":{"rendered":"<div class=\"wpb-content-wrapper\">[vc_row parallax_content=\u00a0\u00bbparallax_content_value\u00a0\u00bb css=\u00a0\u00bb.vc_custom_1460731336423{margin-top: 0px !important;margin-right: 0px !important;margin-bottom: 0px !important;margin-left: 0px !important;padding-top: 0px !important;padding-right: 0px !important;padding-bottom: 0px !important;padding-left: 0px !important;}\u00a0\u00bb][vc_column][\/vc_column][\/vc_row][vc_row full_height=\u00a0\u00bbyes\u00a0\u00bb content_placement=\u00a0\u00bbmiddle\u00a0\u00bb parallax=\u00a0\u00bbcontent-moving\u00a0\u00bb bg_type=\u00a0\u00bbimage\u00a0\u00bb parallax_style=\u00a0\u00bbvcpb-default\u00a0\u00bb bg_image_new=\u00a0\u00bbid^1923|url^https:\/\/www.hotelbaiadelre.com\/wp-content\/uploads\/2013\/09\/introduzione-home.jpg|caption^null|alt^null|title^introduzione-home|description^null\u00a0\u00bb bg_image_repeat=\u00a0\u00bbno-repeat\u00a0\u00bb bg_img_attach=\u00a0\u00bbfixed\u00a0\u00bb parallax_content=\u00a0\u00bbparallax_content_value\u00a0\u00bb fadeout_row=\u00a0\u00bbfadeout_row_value\u00a0\u00bb el_class=\u00a0\u00bbhp1&Prime;][vc_column][vc_row_inner el_class=\u00a0\u00bbwrap\u00a0\u00bb][vc_column_inner][vc_single_image image=\u00a0\u00bb1938&Prime; img_size=\u00a0\u00bbfull\u00a0\u00bb alignment=\u00a0\u00bbcenter\u00a0\u00bb el_class=\u00a0\u00bbwrap\u00a0\u00bb][vc_column_text css=\u00a0\u00bb.vc_custom_1473950123104{padding-top: 35px !important;padding-right: 35px !important;padding-bottom: 35px !important;padding-left: 35px !important;background-color: rgba(255,255,255,0.8) !important;*background-color: rgb(255,255,255) !important;}\u00a0\u00bb]\n<h1>H\u00f4tel 4 \u00e9toiles Mod\u00e8ne<\/h1>\n<p class=\"testohome\">L\u2019H\u00f4tel Real Fini Baia del Re se pr\u00e9sente \u00e0 ses clients comme une \u00e9tape conviviale dans la ville de Mod\u00e8ne, une oasis de d\u00e9tente et de calme en pleine verdure. L\u2019H\u00f4tel b\u00e9n\u00e9ficie d&rsquo;une situation \u00e0 la fois calme et strat\u00e9gique, \u00e0 quelques kilom\u00e8tres du centre historique et \u00e0 proximit\u00e9 de la sortie Mod\u00e8ne Sud de l&rsquo;axe autoroutier le plus important : l&rsquo;Autoroute du Soleil &#8211; A1.<\/p>\n<p class=\"testohome\">L\u2019H\u00f4tel Real Fini Baia del Re propose \u00e0 ses clients ses 84 chambres, meubl\u00e9es dans un style minimaliste, 7 <strong>salles de r\u00e9union<\/strong>, un centre de <strong>bien-\u00eatre et de fitness<\/strong> et la cuisine de la table r\u00e9put\u00e9e du <strong>Restaurant Baia del Re<\/strong>.<\/p>\n[\/vc_column_text][vc_single_image image=\u00a0\u00bb1937&Prime; img_size=\u00a0\u00bbfull\u00a0\u00bb alignment=\u00a0\u00bbcenter\u00a0\u00bb el_class=\u00a0\u00bbwrap\u00a0\u00bb][\/vc_column_inner][\/vc_row_inner][\/vc_column][\/vc_row][vc_row equal_height=\u00a0\u00bbyes\u00a0\u00bb content_placement=\u00a0\u00bbtop\u00a0\u00bb parallax=\u00a0\u00bbcontent-moving-fade\u00a0\u00bb bg_type=\u00a0\u00bbimage\u00a0\u00bb parallax_style=\u00a0\u00bbvcpb-default\u00a0\u00bb bg_image_repeat=\u00a0\u00bbno-repeat\u00a0\u00bb bg_img_attach=\u00a0\u00bbfixed\u00a0\u00bb parallax_content=\u00a0\u00bbparallax_content_value\u00a0\u00bb el_class=\u00a0\u00bbhp2&Prime;][vc_column width=\u00a0\u00bb1\/2&Prime; css=\u00a0\u00bb.vc_custom_1461759595826{background-image: url(https:\/\/www.hotelbaiadelre.com\/wp-content\/uploads\/2013\/09\/ristorante.jpg?id=1950) !important;background-position: center !important;background-repeat: no-repeat !important;background-size: cover !important;}\u00a0\u00bb][vc_empty_space height=\u00a0\u00bb180px\u00a0\u00bb][vc_column_text]\n<div id=\"giallo\" class=\"bestprice\">\n<h3><span class=\"sans-serif\">Notre<br \/>\n<\/span>Restaurant<\/h3>\n<\/div>\n[\/vc_column_text][vc_column_text]<img loading=\"lazy\" decoding=\"async\" class=\"aligncenter size-full wp-image-1944\" src=\"https:\/\/www.hotelbaiadelre.com\/wp-content\/uploads\/2013\/09\/baia-bar-bianco.png\" alt=\"baiadelre-ristorante\" width=\"105\" height=\"160\" \/>[\/vc_column_text][vc_single_image image=\u00a0\u00bb1934&Prime; img_size=\u00a0\u00bbfull\u00a0\u00bb alignment=\u00a0\u00bbcenter\u00a0\u00bb css_animation=\u00a0\u00bbappear\u00a0\u00bb css=\u00a0\u00bb.vc_custom_1461753163303{padding-bottom: 30px !important;}\u00a0\u00bb][vc_btn title=\u00a0\u00bbAller \u00e0 la page\u00a0\u00bb style=\u00a0\u00bbcustom\u00a0\u00bb custom_background=\u00a0\u00bb#071832&Prime; custom_text=\u00a0\u00bb#ffffff\u00a0\u00bb shape=\u00a0\u00bbround\u00a0\u00bb size=\u00a0\u00bblg\u00a0\u00bb align=\u00a0\u00bbcenter\u00a0\u00bb css_animation=\u00a0\u00bbappear\u00a0\u00bb link=\u00a0\u00bburl:http%3A%2F%2Fwww.hotelbaiadelre.com%2Ffr%2Frestaurant%2F||\u00a0\u00bb][vc_single_image image=\u00a0\u00bb1934&Prime; img_size=\u00a0\u00bbfull\u00a0\u00bb alignment=\u00a0\u00bbcenter\u00a0\u00bb css_animation=\u00a0\u00bbappear\u00a0\u00bb css=\u00a0\u00bb.vc_custom_1461753178743{padding-top: 10px !important;}\u00a0\u00bb][\/vc_column][vc_column width=\u00a0\u00bb1\/2&Prime; css=\u00a0\u00bb.vc_custom_1461754988359{background-image: url(https:\/\/www.hotelbaiadelre.com\/wp-content\/uploads\/2013\/09\/meeting.jpg?id=1941) !important;background-position: center !important;background-repeat: no-repeat !important;background-size: cover !important;}\u00a0\u00bb][vc_empty_space height=\u00a0\u00bb190px\u00a0\u00bb][vc_column_text]\n<div id=\"blu\" class=\"bestprice\">\n<h3><span class=\"sans-serif\">Les sales<\/span><br \/>\nde r\u00e9union<\/h3>\n<\/div>\n[\/vc_column_text][vc_empty_space height=\u00a0\u00bb160px\u00a0\u00bb][vc_single_image image=\u00a0\u00bb1934&Prime; img_size=\u00a0\u00bbfull\u00a0\u00bb alignment=\u00a0\u00bbcenter\u00a0\u00bb css_animation=\u00a0\u00bbappear\u00a0\u00bb css=\u00a0\u00bb.vc_custom_1461753408288{padding-bottom: 30px !important;}\u00a0\u00bb][vc_btn title=\u00a0\u00bbAller \u00e0 la page\u00a0\u00bb style=\u00a0\u00bbcustom\u00a0\u00bb custom_background=\u00a0\u00bb#a3680d\u00a0\u00bb custom_text=\u00a0\u00bb#ffffff\u00a0\u00bb shape=\u00a0\u00bbround\u00a0\u00bb size=\u00a0\u00bblg\u00a0\u00bb align=\u00a0\u00bbcenter\u00a0\u00bb css_animation=\u00a0\u00bbappear\u00a0\u00bb link=\u00a0\u00bburl:http%3A%2F%2Fwww.hotelbaiadelre.com%2Ffr%2Freunions%2F||\u00a0\u00bb][vc_single_image image=\u00a0\u00bb1934&Prime; img_size=\u00a0\u00bbfull\u00a0\u00bb alignment=\u00a0\u00bbcenter\u00a0\u00bb css_animation=\u00a0\u00bbappear\u00a0\u00bb css=\u00a0\u00bb.vc_custom_1461753421948{padding-top: 10px !important;}\u00a0\u00bb][\/vc_column][\/vc_row][vc_row full_height=\u00a0\u00bbyes\u00a0\u00bb bg_type=\u00a0\u00bbimage\u00a0\u00bb parallax_style=\u00a0\u00bbvcpb-default\u00a0\u00bb bg_image_repeat=\u00a0\u00bbno-repeat\u00a0\u00bb bg_img_attach=\u00a0\u00bbfixed\u00a0\u00bb parallax_content=\u00a0\u00bbparallax_content_value\u00a0\u00bb el_class=\u00a0\u00bbsfumata homeoffers\u00a0\u00bb][vc_column][vc_column_text el_class=\u00a0\u00bbwrap\u00a0\u00bb]\n<div id=\"box-offerte\">\n<h3>Offres Sp\u00e9ciales<\/h3>\n<p><img loading=\"lazy\" decoding=\"async\" class=\"aligncenter\" src=\"https:\/\/www.hotelbaiadelre.com\/wp-content\/uploads\/2013\/09\/deco-scuro-top.png\" alt=\"H\u00f4tel 4 \u00e9toiles Mod\u00e8ne\" width=\"468\" height=\"60\" \/><\/p>\n<div class=\"gallery-view\"><div class=\"offer-package-4\"><div style=\"position:relative; margin-left:auto; margin-right:auto; overflow:hidden; width:px;\"><a href=\"https:\/\/www.hotelbaiadelre.com\/fr\/offers\/early-booking-offer-up-to-28-off\/\"><img loading=\"lazy\" decoding=\"async\" width=\"210\" height=\"210\" src=\"https:\/\/www.hotelbaiadelre.com\/wp-content\/uploads\/2020\/03\/early-booking-discount-1-210x210.jpg\" class=\"size-thumbnail\" alt=\"\" srcset=\"https:\/\/www.hotelbaiadelre.com\/wp-content\/uploads\/2020\/03\/early-booking-discount-1-210x210.jpg 210w, https:\/\/www.hotelbaiadelre.com\/wp-content\/uploads\/2020\/03\/early-booking-discount-1-140x140.jpg 140w, https:\/\/www.hotelbaiadelre.com\/wp-content\/uploads\/2020\/03\/early-booking-discount-1-32x32.jpg 32w, https:\/\/www.hotelbaiadelre.com\/wp-content\/uploads\/2020\/03\/early-booking-discount-1-128x128.jpg 128w, https:\/\/www.hotelbaiadelre.com\/wp-content\/uploads\/2020\/03\/early-booking-discount-1-268x268.jpg 268w, https:\/\/www.hotelbaiadelre.com\/wp-content\/uploads\/2020\/03\/early-booking-discount-1-440x440.jpg 440w\" sizes=\"auto, (max-width: 210px) 100vw, 210px\" \/><\/a><div class=\"background-offer-gallery\"><img decoding=\"async\" src=\"https:\/\/www.hotelbaiadelre.com\/wp-content\/uploads\/2013\/09\/bkg-white704.png\"\/><div class=\"highlight-text-gallery\"><a href=\"https:\/\/www.hotelbaiadelre.com\/fr\/offers\/early-booking-offer-up-to-28-off\/\">R\u00e9servation anticip\u00e9e<\/a><\/div><\/div><div class=\"background-tag-gallery\"><img decoding=\"async\" src=\"https:\/\/www.hotelbaiadelre.com\/wp-content\/uploads\/2013\/09\/early-booking_icon.png\"\/><\/div><\/div><div class=\"original-price\"><\/div><div class=\"reducted-price\"><\/div><div class=\"clear\"><\/div><div class=\"offer_title\"><a href=\"https:\/\/www.hotelbaiadelre.com\/fr\/offers\/early-booking-offer-up-to-28-off\/\">Early Booking Offer: up to 28% Off<\/a><\/div><div class=\"package-gallery\"><div><\/div><div><\/div><div><\/div><div><\/div><\/div><\/div><div class=\"offer-package-4\"><div style=\"position:relative; margin-left:auto; margin-right:auto; overflow:hidden; width:px;\"><a href=\"https:\/\/www.hotelbaiadelre.com\/fr\/offers\/tarifs-speciaux-internet\/\"><img loading=\"lazy\" decoding=\"async\" width=\"210\" height=\"210\" src=\"https:\/\/www.hotelbaiadelre.com\/wp-content\/uploads\/2015\/07\/junior-suite-210x210.jpg\" class=\"size-thumbnail\" alt=\"\" srcset=\"https:\/\/www.hotelbaiadelre.com\/wp-content\/uploads\/2015\/07\/junior-suite-210x210.jpg 210w, https:\/\/www.hotelbaiadelre.com\/wp-content\/uploads\/2015\/07\/junior-suite-140x140.jpg 140w, https:\/\/www.hotelbaiadelre.com\/wp-content\/uploads\/2015\/07\/junior-suite-32x32.jpg 32w, https:\/\/www.hotelbaiadelre.com\/wp-content\/uploads\/2015\/07\/junior-suite-128x128.jpg 128w, https:\/\/www.hotelbaiadelre.com\/wp-content\/uploads\/2015\/07\/junior-suite-268x268.jpg 268w, https:\/\/www.hotelbaiadelre.com\/wp-content\/uploads\/2015\/07\/junior-suite-500x500.jpg 500w, https:\/\/www.hotelbaiadelre.com\/wp-content\/uploads\/2015\/07\/junior-suite-930x930.jpg 930w\" sizes=\"auto, (max-width: 210px) 100vw, 210px\" \/><\/a><div class=\"background-offer-gallery\"><img decoding=\"async\" src=\"https:\/\/www.hotelbaiadelre.com\/wp-content\/uploads\/2013\/09\/bkg-white704.png\"\/><div class=\"highlight-text-gallery\"><a href=\"https:\/\/www.hotelbaiadelre.com\/fr\/offers\/tarifs-speciaux-internet\/\">Meilleur tarif<\/a><\/div><\/div><div class=\"background-tag-gallery\"><img decoding=\"async\" src=\"https:\/\/www.hotelbaiadelre.com\/wp-content\/uploads\/2013\/09\/best-price_icon.png\"\/><\/div><\/div><div class=\"original-price\"><\/div><div class=\"reducted-price\"><\/div><div class=\"clear\"><\/div><div class=\"offer_title\"><a href=\"https:\/\/www.hotelbaiadelre.com\/fr\/offers\/tarifs-speciaux-internet\/\">Tarifs Sp\u00e9ciaux Internet<\/a><\/div><div class=\"package-gallery\"><div>R\u00e9duction Sp\u00e9ciale<\/div><div>Toujours Disponible<\/div><div>2 personnes ou plus<\/div><div>Doubler \/ Triple<\/div><\/div><\/div><\/div>\n<p class=\"lista\"><a href=\"https:\/\/www.hotelbaiadelre.com\/fr\/offres-speciales\/\">Voir la liste compl\u00e8te<\/a><\/p>\n<p><img decoding=\"async\" class=\"aligncenter\" src=\"https:\/\/www.hotelbaiadelre.com\/wp-content\/uploads\/2013\/09\/deco-scuro-bottom.png\" alt=\"\" \/><\/p>\n<\/div>\n[\/vc_column_text][\/vc_column][\/vc_row][vc_row][vc_column][vc_media_grid element_width=\u00a0\u00bb3&Prime; gap=\u00a0\u00bb0&Prime; item=\u00a0\u00bbmediaGrid_FadeInWithIcon\u00a0\u00bb grid_id=\u00a0\u00bbvc_gid:1473950103907-2e8941a8-6db6-8&Prime; include=\u00a0\u00bb1928,1927,1929,1926&Prime;][\/vc_column][\/vc_row][vc_row][vc_column][vc_column_text]\n[\/vc_column_text][\/vc_column][\/vc_row]\n<\/div>","protected":false},"excerpt":{"rendered":"<p>[vc_row parallax_content=\u00a0\u00bbparallax_content_value\u00a0\u00bb css=\u00a0\u00bb.vc_custom_1460731336423{margin-top: 0px !important;margin-right: 0px !important;margin-bottom: 0px !important;margin-left: 0px !important;padding-top: 0px !important;padding-right: 0px !important;padding-bottom: 0px !important;padding-left: 0px !important;}\u00a0\u00bb][vc_column][\/vc_column][\/vc_row][vc_row full_height=\u00a0\u00bbyes\u00a0\u00bb content_placement=\u00a0\u00bbmiddle\u00a0\u00bb parallax=\u00a0\u00bbcontent-moving\u00a0\u00bb bg_type=\u00a0\u00bbimage\u00a0\u00bb parallax_style=\u00a0\u00bbvcpb-default\u00a0\u00bb bg_image_new=\u00a0\u00bbid^1923|url^https:\/\/www.hotelbaiadelre.com\/wp-content\/uploads\/2013\/09\/introduzione-home.jpg|caption^null|alt^null|title^introduzione-home|description^null\u00a0\u00bb bg_image_repeat=\u00a0\u00bbno-repeat\u00a0\u00bb bg_img_attach=\u00a0\u00bbfixed\u00a0\u00bb parallax_content=\u00a0\u00bbparallax_content_value\u00a0\u00bb fadeout_row=\u00a0\u00bbfadeout_row_value\u00a0\u00bb el_class=\u00a0\u00bbhp1&Prime;][vc_column][vc_row_inner el_class=\u00a0\u00bbwrap\u00a0\u00bb][vc_column_inner][vc_single_image image=\u00a0\u00bb1938&Prime; img_size=\u00a0\u00bbfull\u00a0\u00bb alignment=\u00a0\u00bbcenter\u00a0\u00bb el_class=\u00a0\u00bbwrap\u00a0\u00bb][vc_column_text css=\u00a0\u00bb.vc_custom_1473950123104{padding-top: 35px !important;padding-right: 35px !important;padding-bottom: 35px !important;padding-left: 35px !important;background-color: rgba(255,255,255,0.8) !important;*background-color: rgb(255,255,255) !important;}\u00a0\u00bb] H\u00f4tel 4 \u00e9toiles Mod\u00e8ne L\u2019H\u00f4tel Real Fini [&hellip;]<\/p>\n","protected":false},"author":36,"featured_media":0,"parent":0,"menu_order":0,"comment_status":"open","ping_status":"open","template":"","meta":{"_genesis_hide_title":false,"_genesis_hide_breadcrumbs":false,"_genesis_hide_singular_image":false,"_genesis_hide_footer_widgets":false,"_genesis_custom_body_class":"","_genesis_custom_post_class":"","_genesis_layout":"","footnotes":""},"class_list":{"0":"post-2814","1":"page","2":"type-page","3":"status-publish","5":"entry"},"yoast_head":"<!-- This site is optimized with the Yoast SEO plugin v25.6 - https:\/\/yoast.com\/wordpress\/plugins\/seo\/ -->\n<title>H\u00f4tel 4 \u00e9toiles Mod\u00e8ne | Hotel Fini Baia del Re Mod\u00e8ne | Site Officiel | Meeting H\u00f4tel Mod\u00e8ne<\/title>\n<meta name=\"description\" content=\"Hotel Fini Baia del Re est un meeting H\u00f4tel 4 \u00e9toiles Mod\u00e8ne dans le vert, pr\u00e8s de la sortie Mod\u00e8ne sud dell&#039;autoroute A1.\" \/>\n<meta name=\"robots\" content=\"index, follow, max-snippet:-1, max-image-preview:large, max-video-preview:-1\" \/>\n<link rel=\"canonical\" href=\"https:\/\/www.hotelbaiadelre.com\/fr\/\" \/>\n<meta property=\"og:locale\" content=\"fr_FR\" \/>\n<meta property=\"og:type\" content=\"article\" \/>\n<meta property=\"og:title\" content=\"H\u00f4tel 4 \u00e9toiles Mod\u00e8ne | Hotel Fini Baia del Re Mod\u00e8ne | Site Officiel | Meeting H\u00f4tel Mod\u00e8ne\" \/>\n<meta property=\"og:description\" content=\"Hotel Fini Baia del Re est un meeting H\u00f4tel 4 \u00e9toiles Mod\u00e8ne dans le vert, pr\u00e8s de la sortie Mod\u00e8ne sud dell&#039;autoroute A1.\" \/>\n<meta property=\"og:url\" content=\"https:\/\/www.hotelbaiadelre.com\/fr\/\" \/>\n<meta property=\"og:site_name\" content=\"Hotel Baia del Re\" \/>\n<meta property=\"article:modified_time\" content=\"2016-09-15T14:35:25+00:00\" \/>\n<meta property=\"og:image\" content=\"https:\/\/www.hotelbaiadelre.com\/wp-content\/uploads\/2013\/09\/baia-bar-bianco.png\" \/>\n<meta name=\"twitter:label1\" content=\"Dur\u00e9e de lecture estim\u00e9e\" \/>\n\t<meta name=\"twitter:data1\" content=\"3 minutes\" \/>\n<script type=\"application\/ld+json\" class=\"yoast-schema-graph\">{\"@context\":\"https:\/\/schema.org\",\"@graph\":[{\"@type\":\"WebPage\",\"@id\":\"https:\/\/www.hotelbaiadelre.com\/fr\/\",\"url\":\"https:\/\/www.hotelbaiadelre.com\/fr\/\",\"name\":\"H\u00f4tel 4 \u00e9toiles Mod\u00e8ne | Hotel Fini Baia del Re Mod\u00e8ne | Site Officiel | Meeting H\u00f4tel Mod\u00e8ne\",\"isPartOf\":{\"@id\":\"https:\/\/www.hotelbaiadelre.com\/fr\/#website\"},\"primaryImageOfPage\":{\"@id\":\"https:\/\/www.hotelbaiadelre.com\/fr\/#primaryimage\"},\"image\":{\"@id\":\"https:\/\/www.hotelbaiadelre.com\/fr\/#primaryimage\"},\"thumbnailUrl\":\"https:\/\/www.hotelbaiadelre.com\/wp-content\/uploads\/2013\/09\/baia-bar-bianco.png\",\"datePublished\":\"2013-09-03T14:20:11+00:00\",\"dateModified\":\"2016-09-15T14:35:25+00:00\",\"description\":\"Hotel Fini Baia del Re est un meeting H\u00f4tel 4 \u00e9toiles Mod\u00e8ne dans le vert, pr\u00e8s de la sortie Mod\u00e8ne sud dell'autoroute A1.\",\"breadcrumb\":{\"@id\":\"https:\/\/www.hotelbaiadelre.com\/fr\/#breadcrumb\"},\"inLanguage\":\"fr-FR\",\"potentialAction\":[{\"@type\":\"ReadAction\",\"target\":[\"https:\/\/www.hotelbaiadelre.com\/fr\/\"]}]},{\"@type\":\"ImageObject\",\"inLanguage\":\"fr-FR\",\"@id\":\"https:\/\/www.hotelbaiadelre.com\/fr\/#primaryimage\",\"url\":\"https:\/\/www.hotelbaiadelre.com\/wp-content\/uploads\/2013\/09\/baia-bar-bianco.png\",\"contentUrl\":\"https:\/\/www.hotelbaiadelre.com\/wp-content\/uploads\/2013\/09\/baia-bar-bianco.png\"},{\"@type\":\"BreadcrumbList\",\"@id\":\"https:\/\/www.hotelbaiadelre.com\/fr\/#breadcrumb\",\"itemListElement\":[{\"@type\":\"ListItem\",\"position\":1,\"name\":\"Home\",\"item\":\"https:\/\/www.hotelbaiadelre.com\/fr\/\"},{\"@type\":\"ListItem\",\"position\":2,\"name\":\"Home\"}]},{\"@type\":\"WebSite\",\"@id\":\"https:\/\/www.hotelbaiadelre.com\/fr\/#website\",\"url\":\"https:\/\/www.hotelbaiadelre.com\/fr\/\",\"name\":\"Hotel Baia del Re\",\"description\":\"\",\"potentialAction\":[{\"@type\":\"SearchAction\",\"target\":{\"@type\":\"EntryPoint\",\"urlTemplate\":\"https:\/\/www.hotelbaiadelre.com\/fr\/?s={search_term_string}\"},\"query-input\":{\"@type\":\"PropertyValueSpecification\",\"valueRequired\":true,\"valueName\":\"search_term_string\"}}],\"inLanguage\":\"fr-FR\"}]}<\/script>\n<!-- \/ Yoast SEO plugin. -->","yoast_head_json":{"title":"H\u00f4tel 4 \u00e9toiles Mod\u00e8ne | Hotel Fini Baia del Re Mod\u00e8ne | Site Officiel | Meeting H\u00f4tel Mod\u00e8ne","description":"Hotel Fini Baia del Re est un meeting H\u00f4tel 4 \u00e9toiles Mod\u00e8ne dans le vert, pr\u00e8s de la sortie Mod\u00e8ne sud dell'autoroute A1.","robots":{"index":"index","follow":"follow","max-snippet":"max-snippet:-1","max-image-preview":"max-image-preview:large","max-video-preview":"max-video-preview:-1"},"canonical":"https:\/\/www.hotelbaiadelre.com\/fr\/","og_locale":"fr_FR","og_type":"article","og_title":"H\u00f4tel 4 \u00e9toiles Mod\u00e8ne | Hotel Fini Baia del Re Mod\u00e8ne | Site Officiel | Meeting H\u00f4tel Mod\u00e8ne","og_description":"Hotel Fini Baia del Re est un meeting H\u00f4tel 4 \u00e9toiles Mod\u00e8ne dans le vert, pr\u00e8s de la sortie Mod\u00e8ne sud dell'autoroute A1.","og_url":"https:\/\/www.hotelbaiadelre.com\/fr\/","og_site_name":"Hotel Baia del Re","article_modified_time":"2016-09-15T14:35:25+00:00","og_image":[{"url":"https:\/\/www.hotelbaiadelre.com\/wp-content\/uploads\/2013\/09\/baia-bar-bianco.png","type":"","width":"","height":""}],"twitter_misc":{"Dur\u00e9e de lecture estim\u00e9e":"3 minutes"},"schema":{"@context":"https:\/\/schema.org","@graph":[{"@type":"WebPage","@id":"https:\/\/www.hotelbaiadelre.com\/fr\/","url":"https:\/\/www.hotelbaiadelre.com\/fr\/","name":"H\u00f4tel 4 \u00e9toiles Mod\u00e8ne | Hotel Fini Baia del Re Mod\u00e8ne | Site Officiel | Meeting H\u00f4tel Mod\u00e8ne","isPartOf":{"@id":"https:\/\/www.hotelbaiadelre.com\/fr\/#website"},"primaryImageOfPage":{"@id":"https:\/\/www.hotelbaiadelre.com\/fr\/#primaryimage"},"image":{"@id":"https:\/\/www.hotelbaiadelre.com\/fr\/#primaryimage"},"thumbnailUrl":"https:\/\/www.hotelbaiadelre.com\/wp-content\/uploads\/2013\/09\/baia-bar-bianco.png","datePublished":"2013-09-03T14:20:11+00:00","dateModified":"2016-09-15T14:35:25+00:00","description":"Hotel Fini Baia del Re est un meeting H\u00f4tel 4 \u00e9toiles Mod\u00e8ne dans le vert, pr\u00e8s de la sortie Mod\u00e8ne sud dell'autoroute A1.","breadcrumb":{"@id":"https:\/\/www.hotelbaiadelre.com\/fr\/#breadcrumb"},"inLanguage":"fr-FR","potentialAction":[{"@type":"ReadAction","target":["https:\/\/www.hotelbaiadelre.com\/fr\/"]}]},{"@type":"ImageObject","inLanguage":"fr-FR","@id":"https:\/\/www.hotelbaiadelre.com\/fr\/#primaryimage","url":"https:\/\/www.hotelbaiadelre.com\/wp-content\/uploads\/2013\/09\/baia-bar-bianco.png","contentUrl":"https:\/\/www.hotelbaiadelre.com\/wp-content\/uploads\/2013\/09\/baia-bar-bianco.png"},{"@type":"BreadcrumbList","@id":"https:\/\/www.hotelbaiadelre.com\/fr\/#breadcrumb","itemListElement":[{"@type":"ListItem","position":1,"name":"Home","item":"https:\/\/www.hotelbaiadelre.com\/fr\/"},{"@type":"ListItem","position":2,"name":"Home"}]},{"@type":"WebSite","@id":"https:\/\/www.hotelbaiadelre.com\/fr\/#website","url":"https:\/\/www.hotelbaiadelre.com\/fr\/","name":"Hotel Baia del Re","description":"","potentialAction":[{"@type":"SearchAction","target":{"@type":"EntryPoint","urlTemplate":"https:\/\/www.hotelbaiadelre.com\/fr\/?s={search_term_string}"},"query-input":{"@type":"PropertyValueSpecification","valueRequired":true,"valueName":"search_term_string"}}],"inLanguage":"fr-FR"}]}},"publishpress_future_action":{"enabled":false,"date":"2026-05-06 01:40:49","action":"change-status","newStatus":"draft","terms":[],"taxonomy":"translation_priority","extraData":[]},"publishpress_future_workflow_manual_trigger":{"enabledWorkflows":[]},"_links":{"self":[{"href":"https:\/\/www.hotelbaiadelre.com\/fr\/wp-json\/wp\/v2\/pages\/2814","targetHints":{"allow":["GET"]}}],"collection":[{"href":"https:\/\/www.hotelbaiadelre.com\/fr\/wp-json\/wp\/v2\/pages"}],"about":[{"href":"https:\/\/www.hotelbaiadelre.com\/fr\/wp-json\/wp\/v2\/types\/page"}],"author":[{"embeddable":true,"href":"https:\/\/www.hotelbaiadelre.com\/fr\/wp-json\/wp\/v2\/users\/36"}],"replies":[{"embeddable":true,"href":"https:\/\/www.hotelbaiadelre.com\/fr\/wp-json\/wp\/v2\/comments?post=2814"}],"version-history":[{"count":4,"href":"https:\/\/www.hotelbaiadelre.com\/fr\/wp-json\/wp\/v2\/pages\/2814\/revisions"}],"predecessor-version":[{"id":3522,"href":"https:\/\/www.hotelbaiadelre.com\/fr\/wp-json\/wp\/v2\/pages\/2814\/revisions\/3522"}],"wp:attachment":[{"href":"https:\/\/www.hotelbaiadelre.com\/fr\/wp-json\/wp\/v2\/media?parent=2814"}],"curies":[{"name":"wp","href":"https:\/\/api.w.org\/{rel}","templated":true}]}}