{"id":2550,"date":"2016-05-24T08:52:27","date_gmt":"2016-05-24T08:52:27","guid":{"rendered":"https:\/\/www.hotelbaiadelre.com\/pt-pt\/prenotazioni\/"},"modified":"2019-01-31T14:55:21","modified_gmt":"2019-01-31T14:55:21","slug":"reservas","status":"publish","type":"page","link":"https:\/\/www.hotelbaiadelre.com\/pt-pt\/reservas\/","title":{"rendered":"Reservas"},"content":{"rendered":"<div class=\"wpb-content-wrapper\">[vc_row full_height=&#8221;yes&#8221; parallax=&#8221;content-moving&#8221; bg_type=&#8221;image&#8221; parallax_style=&#8221;vcpb-default&#8221; bg_image_new=&#8221;id^2277|url^https:\/\/www.hotelbaiadelre.com\/wp-content\/uploads\/2016\/05\/reception-1.jpg|caption^null|alt^null|title^reception|description^null&#8221; bg_image_repeat=&#8221;no-repeat&#8221; bg_img_attach=&#8221;fixed&#8221; parallax_content=&#8221;parallax_content_value&#8221;][vc_column][vc_column_text]\n<div class=\"payoff\">\n<h1>Reservas<\/h1>\n<\/div>\n[\/vc_column_text][\/vc_column][\/vc_row][vc_row el_class=&#8221;contenuto&#8221;][vc_column][vc_empty_space height=&#8221;50px&#8221;][vc_row_inner el_class=&#8221;wrap&#8221;][vc_column_inner width=&#8221;1\/2&#8243;][vc_column_text css=&#8221;.vc_custom_1465916382121{padding-top: 0px !important;}&#8221;]\n<h3><a href=\"https:\/\/book.hotelbaiadelre.com\/accommodation\/list?channelId=757b149b-7aa1-4102-a442-8a7a54f5744d&#038;culture=pt\">Verificar pre\u00e7os e disponibilidade on-line<\/a><\/h3>\n<p>Quer verificar s\u00fabito os pre\u00e7os, a disponibilidade ou deseje reservar j\u00e1, adquirindo diretamente o seu quarto? Utilize o nosso sistema de reserva on-line simples e seguro! Se o sistema n\u00e3o satisfizer as suas exig\u00eancias, por favor entre em contacto conosco utilizando o formul\u00e1rio de pedido de disponibilidade para controlar se existem cancelamentos feitos nos \u00faltimos minutos.[\/vc_column_text][\/vc_column_inner][vc_column_inner width=&#8221;1\/2&#8243;][vc_column_text css=&#8221;.vc_custom_1465916439619{padding-top: 0px !important;}&#8221;]\n<h3><a href=\"https:\/\/www.hotelbaiadelre.com\/pt-pt\/request-pt\/\">Pedido de informa\u00e7oes<\/a><\/h3>\n<\/p><p>Prefere,ao inv\u00e9s pedir informa\u00e7\u00f5es por e-mail ao nosso pessoal? Voc\u00ea tem alguma exig\u00eancia particular que o nosso sistema de reserva on-line n\u00e3o consegue satisfazer? Preencha o formul\u00e1rio de pedido de disponibilidade, e receber\u00e1 todas as respostas que deseje diretamente no seu endere\u00e7o de correio eletr\u00f4nico![\/vc_column_text][\/vc_column_inner][\/vc_row_inner][vc_column_text el_class=&#8221;wrap&#8221; css=&#8221;.vc_custom_1465916467862{padding-top: 20px !important;padding-right: 10px !important;padding-bottom: 50px !important;padding-left: 10px !important;}&#8221;]\n<h3>Transac\u00e7\u00f5es seguras<\/h3>\n<\/p><p>Este site utiliza, para a confirma\u00e7\u00e3o de reserva com cart\u00e3o de cr\u00e9dito, um servidor seguro em conformidade com os standards mundiais de codifica\u00e7\u00e3o Secure Socket Layer (SSL) a 256 bit.[\/vc_column_text][\/vc_column][\/vc_row]\n<\/p><\/div>","protected":false},"excerpt":{"rendered":"<p>[vc_row full_height=&#8221;yes&#8221; parallax=&#8221;content-moving&#8221; bg_type=&#8221;image&#8221; parallax_style=&#8221;vcpb-default&#8221; bg_image_new=&#8221;id^2277|url^https:\/\/www.hotelbaiadelre.com\/wp-content\/uploads\/2016\/05\/reception-1.jpg|caption^null|alt^null|title^reception|description^null&#8221; bg_image_repeat=&#8221;no-repeat&#8221; bg_img_attach=&#8221;fixed&#8221; parallax_content=&#8221;parallax_content_value&#8221;][vc_column][vc_column_text] Reservas [\/vc_column_text][\/vc_column][\/vc_row][vc_row el_class=&#8221;contenuto&#8221;][vc_column][vc_empty_space height=&#8221;50px&#8221;][vc_row_inner el_class=&#8221;wrap&#8221;][vc_column_inner width=&#8221;1\/2&#8243;][vc_column_text css=&#8221;.vc_custom_1465916382121{padding-top: 0px !important;}&#8221;] Verificar pre\u00e7os e disponibilidade on-line Quer verificar s\u00fabito os pre\u00e7os, a disponibilidade ou deseje reservar j\u00e1, adquirindo diretamente o seu quarto? Utilize o nosso sistema de reserva on-line simples e seguro! Se o sistema n\u00e3o satisfizer as [&hellip;]<\/p>\n","protected":false},"author":36,"featured_media":0,"parent":0,"menu_order":0,"comment_status":"closed","ping_status":"closed","template":"","meta":{"_genesis_hide_title":false,"_genesis_hide_breadcrumbs":false,"_genesis_hide_singular_image":false,"_genesis_hide_footer_widgets":false,"_genesis_custom_body_class":"","_genesis_custom_post_class":"","_genesis_layout":"","footnotes":""},"class_list":{"0":"post-2550","1":"page","2":"type-page","3":"status-publish","5":"entry"},"yoast_head":"<!-- This site is optimized with the Yoast SEO plugin v25.6 - https:\/\/yoast.com\/wordpress\/plugins\/seo\/ -->\n<title>Reservas | Hotel Baia del Re<\/title>\n<meta name=\"description\" content=\"Reservas, Hotel Baia del Re:\" \/>\n<meta name=\"robots\" content=\"index, follow, max-snippet:-1, max-image-preview:large, max-video-preview:-1\" \/>\n<link rel=\"canonical\" href=\"https:\/\/www.hotelbaiadelre.com\/pt-pt\/reservas\/\" \/>\n<meta property=\"og:locale\" content=\"pt_PT\" \/>\n<meta property=\"og:type\" content=\"article\" \/>\n<meta property=\"og:title\" content=\"Reservas | Hotel Baia del Re\" \/>\n<meta property=\"og:description\" content=\"Reservas, Hotel Baia del Re:\" \/>\n<meta property=\"og:url\" content=\"https:\/\/www.hotelbaiadelre.com\/pt-pt\/reservas\/\" \/>\n<meta property=\"og:site_name\" content=\"Hotel Baia del Re\" \/>\n<meta property=\"article:modified_time\" content=\"2019-01-31T14:55:21+00:00\" \/>\n<meta name=\"twitter:label1\" content=\"Tempo estimado de leitura\" \/>\n\t<meta name=\"twitter:data1\" content=\"2 minutos\" \/>\n<script type=\"application\/ld+json\" class=\"yoast-schema-graph\">{\"@context\":\"https:\/\/schema.org\",\"@graph\":[{\"@type\":\"WebPage\",\"@id\":\"https:\/\/www.hotelbaiadelre.com\/pt-pt\/reservas\/\",\"url\":\"https:\/\/www.hotelbaiadelre.com\/pt-pt\/reservas\/\",\"name\":\"Reservas | Hotel Baia del Re\",\"isPartOf\":{\"@id\":\"https:\/\/www.hotelbaiadelre.com\/pt-pt\/#website\"},\"datePublished\":\"2016-05-24T08:52:27+00:00\",\"dateModified\":\"2019-01-31T14:55:21+00:00\",\"description\":\"Reservas, Hotel Baia del Re:\",\"breadcrumb\":{\"@id\":\"https:\/\/www.hotelbaiadelre.com\/pt-pt\/reservas\/#breadcrumb\"},\"inLanguage\":\"pt-PT\",\"potentialAction\":[{\"@type\":\"ReadAction\",\"target\":[\"https:\/\/www.hotelbaiadelre.com\/pt-pt\/reservas\/\"]}]},{\"@type\":\"BreadcrumbList\",\"@id\":\"https:\/\/www.hotelbaiadelre.com\/pt-pt\/reservas\/#breadcrumb\",\"itemListElement\":[{\"@type\":\"ListItem\",\"position\":1,\"name\":\"Home\",\"item\":\"https:\/\/www.hotelbaiadelre.com\/pt-pt\/\"},{\"@type\":\"ListItem\",\"position\":2,\"name\":\"Reservas\"}]},{\"@type\":\"WebSite\",\"@id\":\"https:\/\/www.hotelbaiadelre.com\/pt-pt\/#website\",\"url\":\"https:\/\/www.hotelbaiadelre.com\/pt-pt\/\",\"name\":\"Hotel Baia del Re\",\"description\":\"\",\"potentialAction\":[{\"@type\":\"SearchAction\",\"target\":{\"@type\":\"EntryPoint\",\"urlTemplate\":\"https:\/\/www.hotelbaiadelre.com\/pt-pt\/?s={search_term_string}\"},\"query-input\":{\"@type\":\"PropertyValueSpecification\",\"valueRequired\":true,\"valueName\":\"search_term_string\"}}],\"inLanguage\":\"pt-PT\"}]}<\/script>\n<!-- \/ Yoast SEO plugin. -->","yoast_head_json":{"title":"Reservas | Hotel Baia del Re","description":"Reservas, Hotel Baia del Re:","robots":{"index":"index","follow":"follow","max-snippet":"max-snippet:-1","max-image-preview":"max-image-preview:large","max-video-preview":"max-video-preview:-1"},"canonical":"https:\/\/www.hotelbaiadelre.com\/pt-pt\/reservas\/","og_locale":"pt_PT","og_type":"article","og_title":"Reservas | Hotel Baia del Re","og_description":"Reservas, Hotel Baia del Re:","og_url":"https:\/\/www.hotelbaiadelre.com\/pt-pt\/reservas\/","og_site_name":"Hotel Baia del Re","article_modified_time":"2019-01-31T14:55:21+00:00","twitter_misc":{"Tempo estimado de leitura":"2 minutos"},"schema":{"@context":"https:\/\/schema.org","@graph":[{"@type":"WebPage","@id":"https:\/\/www.hotelbaiadelre.com\/pt-pt\/reservas\/","url":"https:\/\/www.hotelbaiadelre.com\/pt-pt\/reservas\/","name":"Reservas | Hotel Baia del Re","isPartOf":{"@id":"https:\/\/www.hotelbaiadelre.com\/pt-pt\/#website"},"datePublished":"2016-05-24T08:52:27+00:00","dateModified":"2019-01-31T14:55:21+00:00","description":"Reservas, Hotel Baia del Re:","breadcrumb":{"@id":"https:\/\/www.hotelbaiadelre.com\/pt-pt\/reservas\/#breadcrumb"},"inLanguage":"pt-PT","potentialAction":[{"@type":"ReadAction","target":["https:\/\/www.hotelbaiadelre.com\/pt-pt\/reservas\/"]}]},{"@type":"BreadcrumbList","@id":"https:\/\/www.hotelbaiadelre.com\/pt-pt\/reservas\/#breadcrumb","itemListElement":[{"@type":"ListItem","position":1,"name":"Home","item":"https:\/\/www.hotelbaiadelre.com\/pt-pt\/"},{"@type":"ListItem","position":2,"name":"Reservas"}]},{"@type":"WebSite","@id":"https:\/\/www.hotelbaiadelre.com\/pt-pt\/#website","url":"https:\/\/www.hotelbaiadelre.com\/pt-pt\/","name":"Hotel Baia del Re","description":"","potentialAction":[{"@type":"SearchAction","target":{"@type":"EntryPoint","urlTemplate":"https:\/\/www.hotelbaiadelre.com\/pt-pt\/?s={search_term_string}"},"query-input":{"@type":"PropertyValueSpecification","valueRequired":true,"valueName":"search_term_string"}}],"inLanguage":"pt-PT"}]}},"publishpress_future_action":{"enabled":false,"date":"2026-04-12 15:22:52","action":"change-status","newStatus":"draft","terms":[],"taxonomy":"translation_priority","extraData":[]},"publishpress_future_workflow_manual_trigger":{"enabledWorkflows":[]},"_links":{"self":[{"href":"https:\/\/www.hotelbaiadelre.com\/pt-pt\/wp-json\/wp\/v2\/pages\/2550","targetHints":{"allow":["GET"]}}],"collection":[{"href":"https:\/\/www.hotelbaiadelre.com\/pt-pt\/wp-json\/wp\/v2\/pages"}],"about":[{"href":"https:\/\/www.hotelbaiadelre.com\/pt-pt\/wp-json\/wp\/v2\/types\/page"}],"author":[{"embeddable":true,"href":"https:\/\/www.hotelbaiadelre.com\/pt-pt\/wp-json\/wp\/v2\/users\/36"}],"replies":[{"embeddable":true,"href":"https:\/\/www.hotelbaiadelre.com\/pt-pt\/wp-json\/wp\/v2\/comments?post=2550"}],"version-history":[{"count":1,"href":"https:\/\/www.hotelbaiadelre.com\/pt-pt\/wp-json\/wp\/v2\/pages\/2550\/revisions"}],"predecessor-version":[{"id":4025,"href":"https:\/\/www.hotelbaiadelre.com\/pt-pt\/wp-json\/wp\/v2\/pages\/2550\/revisions\/4025"}],"wp:attachment":[{"href":"https:\/\/www.hotelbaiadelre.com\/pt-pt\/wp-json\/wp\/v2\/media?parent=2550"}],"curies":[{"name":"wp","href":"https:\/\/api.w.org\/{rel}","templated":true}]}}