{"id":2602,"date":"2016-05-24T13:58:41","date_gmt":"2016-05-24T13:58:41","guid":{"rendered":"https:\/\/www.hotelbaiadelre.com\/pt-pt\/come-raggiungerci\/"},"modified":"2019-01-31T15:13:43","modified_gmt":"2019-01-31T15:13:43","slug":"como-chegar","status":"publish","type":"page","link":"https:\/\/www.hotelbaiadelre.com\/pt-pt\/como-chegar\/","title":{"rendered":"Como chegar"},"content":{"rendered":"<div class=\"wpb-content-wrapper\">[vc_row content_placement=&#8221;top&#8221; parallax=&#8221;content-moving-fade&#8221; parallax_content=&#8221;parallax_content_value&#8221;][vc_column][vc_column_text css=&#8221;.vc_custom_1464100923781{padding-top: 30px !important;}&#8221;]\n<h3>Como chegar<\/h3>\n<h4>Hotel Real Fini Baia del Re<\/h4>\n<p>Strada Vignolese, 1684<br \/>\n41126 Modena, Italia<br \/>\nTel. +39 059.4792111[\/vc_column_text][vc_raw_html]JTNDaWZyYW1lJTIwaWQlM0QlMjJtYXAxJTIyJTIwd2lkdGglM0QlMjIxMDAlMjUlMjIlMjBoZWlnaHQlM0QlMjI1NTAlMjIlMjBmcmFtZWJvcmRlciUzRCUyMjAlMjIlM0UlM0MlMkZpZnJhbWUlM0U=[\/vc_raw_html][vc_column_text el_class=&#8221;boxcomeragg&#8221;]<strong>De trem.<\/strong> Da esta\u00e7\u00e3o ferrovi\u00e1ria de Modena, dirija-se \u00e0 esta\u00e7\u00e3o de \u00f4nibus e continue at\u00e9 o hotel usando a linha interurbana direta a Vignola (731), paragem \u201cPonte Guerro\u201d a cerca de 500 m do hotel. O bilhete pode ser comprado no \u00f4nibus ou na esta\u00e7\u00e3o. Alternativamente, de t\u00e1xi diretamente da esta\u00e7\u00e3o ferrovi\u00e1ria.<\/p>\n<p><strong>De avi\u00e3o.<\/strong> O aeroporto Marconi de Bolonha est\u00e1 a 35 km. De carro, siga as indica\u00e7\u00f5es para a tangencial e no ped\u00e1gio de Borgo Panigale pegue a autoestrada A1 dire\u00e7\u00e3o Mil\u00e3o; pegue a sa\u00edda Modena Sul, e voc\u00ea estar\u00e1 na Estrada Vignolese onde, ap\u00f3s 200 metros, nosso hotel lhe espera.<\/p>\n<p><strong>De carro.<\/strong> Vindo do norte, pegue a Autoestrada do Brennero A22 na dire\u00e7\u00e3o de Modena, entre na A1 dire\u00e7\u00e3o Bolonha e pegue a sa\u00edda Modena Sul. Vindo de Mil\u00e3o, pegue a A1 na dire\u00e7\u00e3o de Bolonha at\u00e9 a sa\u00edda Modena Sul. Em ambos os casos, ap\u00f3s sair da autoestrada no ped\u00e1gio de Modena Sul, voc\u00ea estar\u00e1 na Estrada Vignolese onde, ap\u00f3s 200 metros, nosso hotel lhe espera.[\/vc_column_text][vc_raw_html]JTNDYSUyMGhyZWYlM0QlMjJqYXZhc2NyaXB0JTNBdGhpcy53aW5kb3cucHJpbnQlMjglMjklM0IlMjIlM0VJbXByaW1pciUzQyUyRmElM0U=[\/vc_raw_html][\/vc_column][\/vc_row]\n<\/p><\/div>","protected":false},"excerpt":{"rendered":"<p>[vc_row content_placement=&#8221;top&#8221; parallax=&#8221;content-moving-fade&#8221; parallax_content=&#8221;parallax_content_value&#8221;][vc_column][vc_column_text css=&#8221;.vc_custom_1464100923781{padding-top: 30px !important;}&#8221;] Como chegar Hotel Real Fini Baia del Re Strada Vignolese, 1684 41126 Modena, Italia Tel. +39 059.4792111[\/vc_column_text][vc_raw_html]JTNDaWZyYW1lJTIwaWQlM0QlMjJtYXAxJTIyJTIwd2lkdGglM0QlMjIxMDAlMjUlMjIlMjBoZWlnaHQlM0QlMjI1NTAlMjIlMjBmcmFtZWJvcmRlciUzRCUyMjAlMjIlM0UlM0MlMkZpZnJhbWUlM0U=[\/vc_raw_html][vc_column_text el_class=&#8221;boxcomeragg&#8221;]De trem. Da esta\u00e7\u00e3o ferrovi\u00e1ria de Modena, dirija-se \u00e0 esta\u00e7\u00e3o de \u00f4nibus e continue at\u00e9 o hotel usando a linha interurbana direta a Vignola (731), paragem \u201cPonte Guerro\u201d a cerca de [&hellip;]<\/p>\n","protected":false},"author":36,"featured_media":0,"parent":0,"menu_order":0,"comment_status":"closed","ping_status":"closed","template":"page_form.php","meta":{"_genesis_hide_title":false,"_genesis_hide_breadcrumbs":false,"_genesis_hide_singular_image":false,"_genesis_hide_footer_widgets":false,"_genesis_custom_body_class":"map","_genesis_custom_post_class":"","_genesis_layout":"","footnotes":""},"class_list":{"0":"post-2602","1":"page","2":"type-page","3":"status-publish","5":"entry"},"yoast_head":"<!-- This site is optimized with the Yoast SEO plugin v25.6 - https:\/\/yoast.com\/wordpress\/plugins\/seo\/ -->\n<title>Como chegar | Hotel Baia del Re<\/title>\n<meta name=\"description\" content=\"Como chegar, Hotel Baia del Re:\" \/>\n<meta name=\"robots\" content=\"index, follow, max-snippet:-1, max-image-preview:large, max-video-preview:-1\" \/>\n<link rel=\"canonical\" href=\"https:\/\/www.hotelbaiadelre.com\/pt-pt\/como-chegar\/\" \/>\n<meta property=\"og:locale\" content=\"pt_PT\" \/>\n<meta property=\"og:type\" content=\"article\" \/>\n<meta property=\"og:title\" content=\"Como chegar | Hotel Baia del Re\" \/>\n<meta property=\"og:description\" content=\"Como chegar, Hotel Baia del Re:\" \/>\n<meta property=\"og:url\" content=\"https:\/\/www.hotelbaiadelre.com\/pt-pt\/como-chegar\/\" \/>\n<meta property=\"og:site_name\" content=\"Hotel Baia del Re\" \/>\n<meta property=\"article:modified_time\" content=\"2019-01-31T15:13:43+00:00\" \/>\n<meta name=\"twitter:label1\" content=\"Tempo estimado de leitura\" \/>\n\t<meta name=\"twitter:data1\" content=\"1 minuto\" \/>\n<script type=\"application\/ld+json\" class=\"yoast-schema-graph\">{\"@context\":\"https:\/\/schema.org\",\"@graph\":[{\"@type\":\"WebPage\",\"@id\":\"https:\/\/www.hotelbaiadelre.com\/pt-pt\/como-chegar\/\",\"url\":\"https:\/\/www.hotelbaiadelre.com\/pt-pt\/como-chegar\/\",\"name\":\"Como chegar | Hotel Baia del Re\",\"isPartOf\":{\"@id\":\"https:\/\/www.hotelbaiadelre.com\/pt-pt\/#website\"},\"datePublished\":\"2016-05-24T13:58:41+00:00\",\"dateModified\":\"2019-01-31T15:13:43+00:00\",\"description\":\"Como chegar, Hotel Baia del Re:\",\"breadcrumb\":{\"@id\":\"https:\/\/www.hotelbaiadelre.com\/pt-pt\/como-chegar\/#breadcrumb\"},\"inLanguage\":\"pt-PT\",\"potentialAction\":[{\"@type\":\"ReadAction\",\"target\":[\"https:\/\/www.hotelbaiadelre.com\/pt-pt\/como-chegar\/\"]}]},{\"@type\":\"BreadcrumbList\",\"@id\":\"https:\/\/www.hotelbaiadelre.com\/pt-pt\/como-chegar\/#breadcrumb\",\"itemListElement\":[{\"@type\":\"ListItem\",\"position\":1,\"name\":\"Home\",\"item\":\"https:\/\/www.hotelbaiadelre.com\/pt-pt\/\"},{\"@type\":\"ListItem\",\"position\":2,\"name\":\"Como chegar\"}]},{\"@type\":\"WebSite\",\"@id\":\"https:\/\/www.hotelbaiadelre.com\/pt-pt\/#website\",\"url\":\"https:\/\/www.hotelbaiadelre.com\/pt-pt\/\",\"name\":\"Hotel Baia del Re\",\"description\":\"\",\"potentialAction\":[{\"@type\":\"SearchAction\",\"target\":{\"@type\":\"EntryPoint\",\"urlTemplate\":\"https:\/\/www.hotelbaiadelre.com\/pt-pt\/?s={search_term_string}\"},\"query-input\":{\"@type\":\"PropertyValueSpecification\",\"valueRequired\":true,\"valueName\":\"search_term_string\"}}],\"inLanguage\":\"pt-PT\"}]}<\/script>\n<!-- \/ Yoast SEO plugin. -->","yoast_head_json":{"title":"Como chegar | Hotel Baia del Re","description":"Como chegar, Hotel Baia del Re:","robots":{"index":"index","follow":"follow","max-snippet":"max-snippet:-1","max-image-preview":"max-image-preview:large","max-video-preview":"max-video-preview:-1"},"canonical":"https:\/\/www.hotelbaiadelre.com\/pt-pt\/como-chegar\/","og_locale":"pt_PT","og_type":"article","og_title":"Como chegar | Hotel Baia del Re","og_description":"Como chegar, Hotel Baia del Re:","og_url":"https:\/\/www.hotelbaiadelre.com\/pt-pt\/como-chegar\/","og_site_name":"Hotel Baia del Re","article_modified_time":"2019-01-31T15:13:43+00:00","twitter_misc":{"Tempo estimado de leitura":"1 minuto"},"schema":{"@context":"https:\/\/schema.org","@graph":[{"@type":"WebPage","@id":"https:\/\/www.hotelbaiadelre.com\/pt-pt\/como-chegar\/","url":"https:\/\/www.hotelbaiadelre.com\/pt-pt\/como-chegar\/","name":"Como chegar | Hotel Baia del Re","isPartOf":{"@id":"https:\/\/www.hotelbaiadelre.com\/pt-pt\/#website"},"datePublished":"2016-05-24T13:58:41+00:00","dateModified":"2019-01-31T15:13:43+00:00","description":"Como chegar, Hotel Baia del Re:","breadcrumb":{"@id":"https:\/\/www.hotelbaiadelre.com\/pt-pt\/como-chegar\/#breadcrumb"},"inLanguage":"pt-PT","potentialAction":[{"@type":"ReadAction","target":["https:\/\/www.hotelbaiadelre.com\/pt-pt\/como-chegar\/"]}]},{"@type":"BreadcrumbList","@id":"https:\/\/www.hotelbaiadelre.com\/pt-pt\/como-chegar\/#breadcrumb","itemListElement":[{"@type":"ListItem","position":1,"name":"Home","item":"https:\/\/www.hotelbaiadelre.com\/pt-pt\/"},{"@type":"ListItem","position":2,"name":"Como chegar"}]},{"@type":"WebSite","@id":"https:\/\/www.hotelbaiadelre.com\/pt-pt\/#website","url":"https:\/\/www.hotelbaiadelre.com\/pt-pt\/","name":"Hotel Baia del Re","description":"","potentialAction":[{"@type":"SearchAction","target":{"@type":"EntryPoint","urlTemplate":"https:\/\/www.hotelbaiadelre.com\/pt-pt\/?s={search_term_string}"},"query-input":{"@type":"PropertyValueSpecification","valueRequired":true,"valueName":"search_term_string"}}],"inLanguage":"pt-PT"}]}},"publishpress_future_action":{"enabled":false,"date":"2026-05-06 03:35:08","action":"change-status","newStatus":"draft","terms":[],"taxonomy":"translation_priority","extraData":[]},"publishpress_future_workflow_manual_trigger":{"enabledWorkflows":[]},"_links":{"self":[{"href":"https:\/\/www.hotelbaiadelre.com\/pt-pt\/wp-json\/wp\/v2\/pages\/2602","targetHints":{"allow":["GET"]}}],"collection":[{"href":"https:\/\/www.hotelbaiadelre.com\/pt-pt\/wp-json\/wp\/v2\/pages"}],"about":[{"href":"https:\/\/www.hotelbaiadelre.com\/pt-pt\/wp-json\/wp\/v2\/types\/page"}],"author":[{"embeddable":true,"href":"https:\/\/www.hotelbaiadelre.com\/pt-pt\/wp-json\/wp\/v2\/users\/36"}],"replies":[{"embeddable":true,"href":"https:\/\/www.hotelbaiadelre.com\/pt-pt\/wp-json\/wp\/v2\/comments?post=2602"}],"version-history":[{"count":2,"href":"https:\/\/www.hotelbaiadelre.com\/pt-pt\/wp-json\/wp\/v2\/pages\/2602\/revisions"}],"predecessor-version":[{"id":4046,"href":"https:\/\/www.hotelbaiadelre.com\/pt-pt\/wp-json\/wp\/v2\/pages\/2602\/revisions\/4046"}],"wp:attachment":[{"href":"https:\/\/www.hotelbaiadelre.com\/pt-pt\/wp-json\/wp\/v2\/media?parent=2602"}],"curies":[{"name":"wp","href":"https:\/\/api.w.org\/{rel}","templated":true}]}}