{"id":2625,"date":"2016-05-24T08:51:32","date_gmt":"2016-05-24T08:51:32","guid":{"rendered":"https:\/\/www.hotelbaiadelre.com\/pt-pt\/wellness\/"},"modified":"2016-06-15T08:35:46","modified_gmt":"2016-06-15T08:35:46","slug":"wellness","status":"publish","type":"page","link":"https:\/\/www.hotelbaiadelre.com\/pt-pt\/wellness\/","title":{"rendered":"Wellness"},"content":{"rendered":"<div class=\"wpb-content-wrapper\">[vc_row full_height=&#8221;yes&#8221; parallax=&#8221;content-moving&#8221; bg_type=&#8221;image&#8221; parallax_style=&#8221;vcpb-default&#8221; bg_image_new=&#8221;id^2264|url^https:\/\/www.hotelbaiadelre.com\/wp-content\/uploads\/2016\/05\/Centro-1-copia.jpg|caption^null|alt^null|title^Centro-1-copia|description^null&#8221; bg_image_repeat=&#8221;no-repeat&#8221; bg_img_attach=&#8221;fixed&#8221; parallax_content=&#8221;parallax_content_value&#8221;][vc_column][vc_column_text]\n<div class=\"payoff\"><\/div>\n[\/vc_column_text][\/vc_column][\/vc_row][vc_row el_class=&#8221;contenuto&#8221;][vc_column][vc_empty_space height=&#8221;50px&#8221;][vc_row_inner el_class=&#8221;wrap&#8221;][vc_column_inner width=&#8221;1\/2&#8243;][vc_column_text css=&#8221;.vc_custom_1465979743745{padding-top: 0px !important;}&#8221;]\n<h1>Wellness &amp; Fitness<\/h1>\n<p><img decoding=\"async\" src=\"https:\/\/www.hotelbaiadelre.com\/wp-content\/uploads\/2015\/07\/fregio.png\" alt=\"\" \/><\/p>\n<p class=\"testointerno\">O <strong>Hotel<\/strong> <strong>Real Fini Baia del Re<\/strong> disponibiliza aos seus h\u00f3spedes um <strong>spa<\/strong> moderno e acolhedor, um espa\u00e7o reservado para relaxar com sauna finlandesa, banho turco, percurso kneipp, duchas tropicais cromoter\u00e1picas e banheira de hidromassagem.<\/p>\n<p class=\"testobox\">A pedido, com reserva pr\u00e9via, oferecemos massagens e tratamentos est\u00e9ticos personalizados.<\/p>\n<p class=\"testobox\">Quem desejar se exercitar ativamente para manter a forma f\u00edsica, tamb\u00e9m longe de casa, poder\u00e1 usar a <strong>academia <\/strong>com<strong> sala de pesos<\/strong> e os aparelhos cardio\/isot\u00f4nicos <strong>Technogym<\/strong>.<\/p>\n[\/vc_column_text][\/vc_column_inner][vc_column_inner width=&#8221;1\/2&#8243;][vc_empty_space height=&#8221;37px&#8221;][vc_media_grid element_width=&#8221;6&#8243; item=&#8221;mediaGrid_FadeInWithIcon&#8221; grid_id=&#8221;vc_gid:1465979702501-8dc5de1a-91e3-7&#8243; include=&#8221;2145,2265,2266,2267&#8243;][\/vc_column_inner][\/vc_row_inner][vc_empty_space height=&#8221;50px&#8221;][\/vc_column][\/vc_row][vc_row][vc_column][vc_media_grid element_width=&#8221;3&#8243; gap=&#8221;0&#8243; item=&#8221;mediaGrid_FadeInWithIcon&#8221; grid_id=&#8221;vc_gid:1465979702505-27202821-bf27-2&#8243; include=&#8221;2140,2139,2141,2142&#8243;][\/vc_column][\/vc_row]\n<\/div>","protected":false},"excerpt":{"rendered":"<p>[vc_row full_height=&#8221;yes&#8221; parallax=&#8221;content-moving&#8221; bg_type=&#8221;image&#8221; parallax_style=&#8221;vcpb-default&#8221; bg_image_new=&#8221;id^2264|url^https:\/\/www.hotelbaiadelre.com\/wp-content\/uploads\/2016\/05\/Centro-1-copia.jpg|caption^null|alt^null|title^Centro-1-copia|description^null&#8221; bg_image_repeat=&#8221;no-repeat&#8221; bg_img_attach=&#8221;fixed&#8221; parallax_content=&#8221;parallax_content_value&#8221;][vc_column][vc_column_text] [\/vc_column_text][\/vc_column][\/vc_row][vc_row el_class=&#8221;contenuto&#8221;][vc_column][vc_empty_space height=&#8221;50px&#8221;][vc_row_inner el_class=&#8221;wrap&#8221;][vc_column_inner width=&#8221;1\/2&#8243;][vc_column_text css=&#8221;.vc_custom_1465979743745{padding-top: 0px !important;}&#8221;] Wellness &amp; Fitness O Hotel Real Fini Baia del Re disponibiliza aos seus h\u00f3spedes um spa moderno e acolhedor, um espa\u00e7o reservado para relaxar com sauna finlandesa, banho turco, percurso kneipp, duchas tropicais cromoter\u00e1picas e banheira de hidromassagem. [&hellip;]<\/p>\n","protected":false},"author":36,"featured_media":0,"parent":0,"menu_order":0,"comment_status":"closed","ping_status":"closed","template":"","meta":{"_genesis_hide_title":false,"_genesis_hide_breadcrumbs":false,"_genesis_hide_singular_image":false,"_genesis_hide_footer_widgets":false,"_genesis_custom_body_class":"","_genesis_custom_post_class":"","_genesis_layout":"","footnotes":""},"class_list":{"0":"post-2625","1":"page","2":"type-page","3":"status-publish","5":"entry"},"yoast_head":"<!-- This site is optimized with the Yoast SEO plugin v25.6 - https:\/\/yoast.com\/wordpress\/plugins\/seo\/ -->\n<title>Wellness | Hotel Baia del Re<\/title>\n<meta name=\"description\" content=\"Wellness, Hotel Baia del Re:\" \/>\n<meta name=\"robots\" content=\"index, follow, max-snippet:-1, max-image-preview:large, max-video-preview:-1\" \/>\n<link rel=\"canonical\" href=\"https:\/\/www.hotelbaiadelre.com\/pt-pt\/wellness\/\" \/>\n<meta property=\"og:locale\" content=\"pt_PT\" \/>\n<meta property=\"og:type\" content=\"article\" \/>\n<meta property=\"og:title\" content=\"Wellness | Hotel Baia del Re\" \/>\n<meta property=\"og:description\" content=\"Wellness, Hotel Baia del Re:\" \/>\n<meta property=\"og:url\" content=\"https:\/\/www.hotelbaiadelre.com\/pt-pt\/wellness\/\" \/>\n<meta property=\"og:site_name\" content=\"Hotel Baia del Re\" \/>\n<meta property=\"article:modified_time\" content=\"2016-06-15T08:35:46+00:00\" \/>\n<meta property=\"og:image\" content=\"https:\/\/www.hotelbaiadelre.com\/wp-content\/uploads\/2015\/07\/fregio.png\" \/>\n<meta name=\"twitter:label1\" content=\"Tempo estimado de leitura\" \/>\n\t<meta name=\"twitter:data1\" content=\"1 minuto\" \/>\n<script type=\"application\/ld+json\" class=\"yoast-schema-graph\">{\"@context\":\"https:\/\/schema.org\",\"@graph\":[{\"@type\":\"WebPage\",\"@id\":\"https:\/\/www.hotelbaiadelre.com\/pt-pt\/wellness\/\",\"url\":\"https:\/\/www.hotelbaiadelre.com\/pt-pt\/wellness\/\",\"name\":\"Wellness | Hotel Baia del Re\",\"isPartOf\":{\"@id\":\"https:\/\/www.hotelbaiadelre.com\/pt-pt\/#website\"},\"primaryImageOfPage\":{\"@id\":\"https:\/\/www.hotelbaiadelre.com\/pt-pt\/wellness\/#primaryimage\"},\"image\":{\"@id\":\"https:\/\/www.hotelbaiadelre.com\/pt-pt\/wellness\/#primaryimage\"},\"thumbnailUrl\":\"https:\/\/www.hotelbaiadelre.com\/wp-content\/uploads\/2015\/07\/fregio.png\",\"datePublished\":\"2016-05-24T08:51:32+00:00\",\"dateModified\":\"2016-06-15T08:35:46+00:00\",\"description\":\"Wellness, Hotel Baia del Re:\",\"breadcrumb\":{\"@id\":\"https:\/\/www.hotelbaiadelre.com\/pt-pt\/wellness\/#breadcrumb\"},\"inLanguage\":\"pt-PT\",\"potentialAction\":[{\"@type\":\"ReadAction\",\"target\":[\"https:\/\/www.hotelbaiadelre.com\/pt-pt\/wellness\/\"]}]},{\"@type\":\"ImageObject\",\"inLanguage\":\"pt-PT\",\"@id\":\"https:\/\/www.hotelbaiadelre.com\/pt-pt\/wellness\/#primaryimage\",\"url\":\"https:\/\/www.hotelbaiadelre.com\/wp-content\/uploads\/2015\/07\/fregio.png\",\"contentUrl\":\"https:\/\/www.hotelbaiadelre.com\/wp-content\/uploads\/2015\/07\/fregio.png\"},{\"@type\":\"BreadcrumbList\",\"@id\":\"https:\/\/www.hotelbaiadelre.com\/pt-pt\/wellness\/#breadcrumb\",\"itemListElement\":[{\"@type\":\"ListItem\",\"position\":1,\"name\":\"Home\",\"item\":\"https:\/\/www.hotelbaiadelre.com\/pt-pt\/\"},{\"@type\":\"ListItem\",\"position\":2,\"name\":\"Wellness\"}]},{\"@type\":\"WebSite\",\"@id\":\"https:\/\/www.hotelbaiadelre.com\/pt-pt\/#website\",\"url\":\"https:\/\/www.hotelbaiadelre.com\/pt-pt\/\",\"name\":\"Hotel Baia del Re\",\"description\":\"\",\"potentialAction\":[{\"@type\":\"SearchAction\",\"target\":{\"@type\":\"EntryPoint\",\"urlTemplate\":\"https:\/\/www.hotelbaiadelre.com\/pt-pt\/?s={search_term_string}\"},\"query-input\":{\"@type\":\"PropertyValueSpecification\",\"valueRequired\":true,\"valueName\":\"search_term_string\"}}],\"inLanguage\":\"pt-PT\"}]}<\/script>\n<!-- \/ Yoast SEO plugin. -->","yoast_head_json":{"title":"Wellness | Hotel Baia del Re","description":"Wellness, Hotel Baia del Re:","robots":{"index":"index","follow":"follow","max-snippet":"max-snippet:-1","max-image-preview":"max-image-preview:large","max-video-preview":"max-video-preview:-1"},"canonical":"https:\/\/www.hotelbaiadelre.com\/pt-pt\/wellness\/","og_locale":"pt_PT","og_type":"article","og_title":"Wellness | Hotel Baia del Re","og_description":"Wellness, Hotel Baia del Re:","og_url":"https:\/\/www.hotelbaiadelre.com\/pt-pt\/wellness\/","og_site_name":"Hotel Baia del Re","article_modified_time":"2016-06-15T08:35:46+00:00","og_image":[{"url":"https:\/\/www.hotelbaiadelre.com\/wp-content\/uploads\/2015\/07\/fregio.png","type":"","width":"","height":""}],"twitter_misc":{"Tempo estimado de leitura":"1 minuto"},"schema":{"@context":"https:\/\/schema.org","@graph":[{"@type":"WebPage","@id":"https:\/\/www.hotelbaiadelre.com\/pt-pt\/wellness\/","url":"https:\/\/www.hotelbaiadelre.com\/pt-pt\/wellness\/","name":"Wellness | Hotel Baia del Re","isPartOf":{"@id":"https:\/\/www.hotelbaiadelre.com\/pt-pt\/#website"},"primaryImageOfPage":{"@id":"https:\/\/www.hotelbaiadelre.com\/pt-pt\/wellness\/#primaryimage"},"image":{"@id":"https:\/\/www.hotelbaiadelre.com\/pt-pt\/wellness\/#primaryimage"},"thumbnailUrl":"https:\/\/www.hotelbaiadelre.com\/wp-content\/uploads\/2015\/07\/fregio.png","datePublished":"2016-05-24T08:51:32+00:00","dateModified":"2016-06-15T08:35:46+00:00","description":"Wellness, Hotel Baia del Re:","breadcrumb":{"@id":"https:\/\/www.hotelbaiadelre.com\/pt-pt\/wellness\/#breadcrumb"},"inLanguage":"pt-PT","potentialAction":[{"@type":"ReadAction","target":["https:\/\/www.hotelbaiadelre.com\/pt-pt\/wellness\/"]}]},{"@type":"ImageObject","inLanguage":"pt-PT","@id":"https:\/\/www.hotelbaiadelre.com\/pt-pt\/wellness\/#primaryimage","url":"https:\/\/www.hotelbaiadelre.com\/wp-content\/uploads\/2015\/07\/fregio.png","contentUrl":"https:\/\/www.hotelbaiadelre.com\/wp-content\/uploads\/2015\/07\/fregio.png"},{"@type":"BreadcrumbList","@id":"https:\/\/www.hotelbaiadelre.com\/pt-pt\/wellness\/#breadcrumb","itemListElement":[{"@type":"ListItem","position":1,"name":"Home","item":"https:\/\/www.hotelbaiadelre.com\/pt-pt\/"},{"@type":"ListItem","position":2,"name":"Wellness"}]},{"@type":"WebSite","@id":"https:\/\/www.hotelbaiadelre.com\/pt-pt\/#website","url":"https:\/\/www.hotelbaiadelre.com\/pt-pt\/","name":"Hotel Baia del Re","description":"","potentialAction":[{"@type":"SearchAction","target":{"@type":"EntryPoint","urlTemplate":"https:\/\/www.hotelbaiadelre.com\/pt-pt\/?s={search_term_string}"},"query-input":{"@type":"PropertyValueSpecification","valueRequired":true,"valueName":"search_term_string"}}],"inLanguage":"pt-PT"}]}},"publishpress_future_action":{"enabled":false,"date":"2026-05-04 17:29:59","action":"change-status","newStatus":"draft","terms":[],"taxonomy":"translation_priority","extraData":[]},"publishpress_future_workflow_manual_trigger":{"enabledWorkflows":[]},"_links":{"self":[{"href":"https:\/\/www.hotelbaiadelre.com\/pt-pt\/wp-json\/wp\/v2\/pages\/2625","targetHints":{"allow":["GET"]}}],"collection":[{"href":"https:\/\/www.hotelbaiadelre.com\/pt-pt\/wp-json\/wp\/v2\/pages"}],"about":[{"href":"https:\/\/www.hotelbaiadelre.com\/pt-pt\/wp-json\/wp\/v2\/types\/page"}],"author":[{"embeddable":true,"href":"https:\/\/www.hotelbaiadelre.com\/pt-pt\/wp-json\/wp\/v2\/users\/36"}],"replies":[{"embeddable":true,"href":"https:\/\/www.hotelbaiadelre.com\/pt-pt\/wp-json\/wp\/v2\/comments?post=2625"}],"version-history":[{"count":0,"href":"https:\/\/www.hotelbaiadelre.com\/pt-pt\/wp-json\/wp\/v2\/pages\/2625\/revisions"}],"wp:attachment":[{"href":"https:\/\/www.hotelbaiadelre.com\/pt-pt\/wp-json\/wp\/v2\/media?parent=2625"}],"curies":[{"name":"wp","href":"https:\/\/api.w.org\/{rel}","templated":true}]}}