{"id":2644,"date":"2016-05-24T08:52:00","date_gmt":"2016-05-24T08:52:00","guid":{"rendered":"https:\/\/www.hotelbaiadelre.com\/pt-pt\/ristorante\/"},"modified":"2016-06-15T08:57:06","modified_gmt":"2016-06-15T08:57:06","slug":"restaurante","status":"publish","type":"page","link":"https:\/\/www.hotelbaiadelre.com\/pt-pt\/restaurante\/","title":{"rendered":"Restaurante"},"content":{"rendered":"<div class=\"wpb-content-wrapper\">[vc_row parallax_content=&#8221;parallax_content_value&#8221; css=&#8221;.vc_custom_1460731336423{margin-top: 0px !important;margin-right: 0px !important;margin-bottom: 0px !important;margin-left: 0px !important;padding-top: 0px !important;padding-right: 0px !important;padding-bottom: 0px !important;padding-left: 0px !important;}&#8221;][vc_column][vc_column_text el_class=&#8221;slider-interno&#8221;]\n<div class=\"payoff\"><\/div>\n[\/vc_column_text][\/vc_column][\/vc_row][vc_row el_class=&#8221;contenuto&#8221;][vc_column][vc_empty_space height=&#8221;50px&#8221;][vc_row_inner el_class=&#8221;wrap&#8221;][vc_column_inner width=&#8221;1\/2&#8243;][vc_column_text css=&#8221;.vc_custom_1465980991175{padding-top: 0px !important;}&#8221;]\n<h1>Bar &amp; Restaurante<\/h1>\n<p><img decoding=\"async\" src=\"https:\/\/www.hotelbaiadelre.com\/wp-content\/uploads\/2015\/07\/fregio.png\" alt=\"\" \/><\/p>\n<p class=\"testointerno\">A hist\u00f3ria do <strong>Ristorante Baia del Re<\/strong> tem ra\u00edzes antigas e fascinantes, que levam no tempo at\u00e9 a metade dos anos vinte, quando surgiu em <strong>Modena<\/strong> a Osteria Nuova, esta\u00e7\u00e3o de parada para troca dos cavalos que, em 1928 tornou-se a \u201cBaia del Re\u201d. A esta\u00e7\u00e3o tornou-se logo muito conhecida, principalmente gra\u00e7as \u00e0 refinada <strong>cozinha t\u00edpica da Emilia<\/strong> que se podia saborear nas mesas do restaurante e tamb\u00e9m \u00e0 atmosfera familiar do local, at\u00e9 se tornar uma etapa obrigat\u00f3ria para quem, por trabalho ou f\u00e9rias, transitava na regi\u00e3o de Modena.<\/p>\n<p class=\"testointerno\">Ao entrar no Ristorante Baia del Re nos parece voltar atr\u00e1s no tempo: pisos em madeira, arcos e colunas de pedra \u00e0 vista&#8230; A <strong>atmosfera familiar<\/strong> que at\u00e9 hoje se sente no Ristorante Baia del Re \u00e9 a mesma do local no in\u00edcio do s\u00e9culo vinte, mesmo se os ambientes tenham sido reformados com sabedoria e adaptados \u00e0s exig\u00eancias dos clientes atuais.<\/p>\n<p class=\"testobox\">Da mesma forma, a excelente cozinha de Modena permaneceu igual, onde tudo \u00e9 rigorosamente feito em casa: desde os <strong>tortellini feitos com massa fresca<\/strong> at\u00e9 o <strong>carrinho dos bolliti (cozidos)<\/strong>, o carro chefe da casa. O <em>menu \u00e0 la carte<\/em> acompanha as esta\u00e7\u00f5es e a originalidade das mat\u00e9rias-primas e se combina a uma excelente carta de <strong>vinhos regionais<\/strong> e nacionais.<\/p>\n<p class=\"testobox\">O bar, gra\u00e7as a sua proximidade com a autoestrada, \u00e9 o ponto de encontro ideal para uma parada r\u00e1pida, onde \u00e9 poss\u00edvel saborear lanches deliciosos e tamb\u00e9m comprar os <strong>produtos t\u00edpicos<\/strong> da cidade antes de partir.<\/p>\n[\/vc_column_text][vc_column_text el_class=&#8221;hotelbaiadelre_meeting&#8221;]<img decoding=\"async\" src=\"https:\/\/www.hotelbaiadelre.com\/wp-content\/uploads\/2015\/07\/deco-scuro-top.png\" alt=\"\" \/>\n<h4><a href=\"https:\/\/www.hotelbaiadelre.com\/wp-content\/uploads\/2016\/05\/MenuBdR.pdf\" target=\"_blank\">Imprimir o menu em formato PDF<\/a><\/h4>\n<p><img decoding=\"async\" src=\"https:\/\/www.hotelbaiadelre.com\/wp-content\/uploads\/2015\/07\/deco-scuro-bottom.png\" alt=\"\" \/>[\/vc_column_text][\/vc_column_inner][vc_column_inner width=&#8221;1\/2&#8243;][vc_empty_space height=&#8221;37px&#8221;][vc_media_grid element_width=&#8221;6&#8243; item=&#8221;mediaGrid_FadeInWithIcon&#8221; grid_id=&#8221;vc_gid:1465980939816-c2fec407-6005-5&#8243; include=&#8221;2222,2221,2219,2207,2209,2220,2205,2200&#8243;][\/vc_column_inner][\/vc_row_inner][vc_empty_space height=&#8221;50px&#8221;][\/vc_column][\/vc_row][vc_row][vc_column][vc_media_grid element_width=&#8221;3&#8243; gap=&#8221;0&#8243; item=&#8221;mediaGrid_FadeInWithIcon&#8221; grid_id=&#8221;vc_gid:1465980939819-3b0fb236-5083-7&#8243; include=&#8221;1927,2149,2349,2343&#8243;][\/vc_column][\/vc_row]\n<\/p><\/div>","protected":false},"excerpt":{"rendered":"<p>[vc_row parallax_content=&#8221;parallax_content_value&#8221; css=&#8221;.vc_custom_1460731336423{margin-top: 0px !important;margin-right: 0px !important;margin-bottom: 0px !important;margin-left: 0px !important;padding-top: 0px !important;padding-right: 0px !important;padding-bottom: 0px !important;padding-left: 0px !important;}&#8221;][vc_column][vc_column_text el_class=&#8221;slider-interno&#8221;] [\/vc_column_text][\/vc_column][\/vc_row][vc_row el_class=&#8221;contenuto&#8221;][vc_column][vc_empty_space height=&#8221;50px&#8221;][vc_row_inner el_class=&#8221;wrap&#8221;][vc_column_inner width=&#8221;1\/2&#8243;][vc_column_text css=&#8221;.vc_custom_1465980991175{padding-top: 0px !important;}&#8221;] Bar &amp; Restaurante A hist\u00f3ria do Ristorante Baia del Re tem ra\u00edzes antigas e fascinantes, que levam no tempo at\u00e9 a metade dos anos vinte, quando surgiu [&hellip;]<\/p>\n","protected":false},"author":36,"featured_media":0,"parent":0,"menu_order":0,"comment_status":"closed","ping_status":"closed","template":"","meta":{"_genesis_hide_title":false,"_genesis_hide_breadcrumbs":false,"_genesis_hide_singular_image":false,"_genesis_hide_footer_widgets":false,"_genesis_custom_body_class":"","_genesis_custom_post_class":"","_genesis_layout":"","footnotes":""},"class_list":{"0":"post-2644","1":"page","2":"type-page","3":"status-publish","5":"entry"},"yoast_head":"<!-- This site is optimized with the Yoast SEO plugin v25.6 - https:\/\/yoast.com\/wordpress\/plugins\/seo\/ -->\n<title>Restaurante | Hotel Baia del Re<\/title>\n<meta name=\"description\" content=\"Restaurante, Hotel Baia del Re:\" \/>\n<meta name=\"robots\" content=\"index, follow, max-snippet:-1, max-image-preview:large, max-video-preview:-1\" \/>\n<link rel=\"canonical\" href=\"https:\/\/www.hotelbaiadelre.com\/pt-pt\/restaurante\/\" \/>\n<meta property=\"og:locale\" content=\"pt_PT\" \/>\n<meta property=\"og:type\" content=\"article\" \/>\n<meta property=\"og:title\" content=\"Restaurante | Hotel Baia del Re\" \/>\n<meta property=\"og:description\" content=\"Restaurante, Hotel Baia del Re:\" \/>\n<meta property=\"og:url\" content=\"https:\/\/www.hotelbaiadelre.com\/pt-pt\/restaurante\/\" \/>\n<meta property=\"og:site_name\" content=\"Hotel Baia del Re\" \/>\n<meta property=\"article:modified_time\" content=\"2016-06-15T08:57:06+00:00\" \/>\n<meta property=\"og:image\" content=\"https:\/\/www.hotelbaiadelre.com\/wp-content\/uploads\/2015\/07\/fregio.png\" \/>\n<meta name=\"twitter:label1\" content=\"Tempo estimado de leitura\" \/>\n\t<meta name=\"twitter:data1\" content=\"2 minutos\" \/>\n<script type=\"application\/ld+json\" class=\"yoast-schema-graph\">{\"@context\":\"https:\/\/schema.org\",\"@graph\":[{\"@type\":\"WebPage\",\"@id\":\"https:\/\/www.hotelbaiadelre.com\/pt-pt\/restaurante\/\",\"url\":\"https:\/\/www.hotelbaiadelre.com\/pt-pt\/restaurante\/\",\"name\":\"Restaurante | Hotel Baia del Re\",\"isPartOf\":{\"@id\":\"https:\/\/www.hotelbaiadelre.com\/pt-pt\/#website\"},\"primaryImageOfPage\":{\"@id\":\"https:\/\/www.hotelbaiadelre.com\/pt-pt\/restaurante\/#primaryimage\"},\"image\":{\"@id\":\"https:\/\/www.hotelbaiadelre.com\/pt-pt\/restaurante\/#primaryimage\"},\"thumbnailUrl\":\"https:\/\/www.hotelbaiadelre.com\/wp-content\/uploads\/2015\/07\/fregio.png\",\"datePublished\":\"2016-05-24T08:52:00+00:00\",\"dateModified\":\"2016-06-15T08:57:06+00:00\",\"description\":\"Restaurante, Hotel Baia del Re:\",\"breadcrumb\":{\"@id\":\"https:\/\/www.hotelbaiadelre.com\/pt-pt\/restaurante\/#breadcrumb\"},\"inLanguage\":\"pt-PT\",\"potentialAction\":[{\"@type\":\"ReadAction\",\"target\":[\"https:\/\/www.hotelbaiadelre.com\/pt-pt\/restaurante\/\"]}]},{\"@type\":\"ImageObject\",\"inLanguage\":\"pt-PT\",\"@id\":\"https:\/\/www.hotelbaiadelre.com\/pt-pt\/restaurante\/#primaryimage\",\"url\":\"https:\/\/www.hotelbaiadelre.com\/wp-content\/uploads\/2015\/07\/fregio.png\",\"contentUrl\":\"https:\/\/www.hotelbaiadelre.com\/wp-content\/uploads\/2015\/07\/fregio.png\"},{\"@type\":\"BreadcrumbList\",\"@id\":\"https:\/\/www.hotelbaiadelre.com\/pt-pt\/restaurante\/#breadcrumb\",\"itemListElement\":[{\"@type\":\"ListItem\",\"position\":1,\"name\":\"Home\",\"item\":\"https:\/\/www.hotelbaiadelre.com\/pt-pt\/\"},{\"@type\":\"ListItem\",\"position\":2,\"name\":\"Restaurante\"}]},{\"@type\":\"WebSite\",\"@id\":\"https:\/\/www.hotelbaiadelre.com\/pt-pt\/#website\",\"url\":\"https:\/\/www.hotelbaiadelre.com\/pt-pt\/\",\"name\":\"Hotel Baia del Re\",\"description\":\"\",\"potentialAction\":[{\"@type\":\"SearchAction\",\"target\":{\"@type\":\"EntryPoint\",\"urlTemplate\":\"https:\/\/www.hotelbaiadelre.com\/pt-pt\/?s={search_term_string}\"},\"query-input\":{\"@type\":\"PropertyValueSpecification\",\"valueRequired\":true,\"valueName\":\"search_term_string\"}}],\"inLanguage\":\"pt-PT\"}]}<\/script>\n<!-- \/ Yoast SEO plugin. -->","yoast_head_json":{"title":"Restaurante | Hotel Baia del Re","description":"Restaurante, Hotel Baia del Re:","robots":{"index":"index","follow":"follow","max-snippet":"max-snippet:-1","max-image-preview":"max-image-preview:large","max-video-preview":"max-video-preview:-1"},"canonical":"https:\/\/www.hotelbaiadelre.com\/pt-pt\/restaurante\/","og_locale":"pt_PT","og_type":"article","og_title":"Restaurante | Hotel Baia del Re","og_description":"Restaurante, Hotel Baia del Re:","og_url":"https:\/\/www.hotelbaiadelre.com\/pt-pt\/restaurante\/","og_site_name":"Hotel Baia del Re","article_modified_time":"2016-06-15T08:57:06+00:00","og_image":[{"url":"https:\/\/www.hotelbaiadelre.com\/wp-content\/uploads\/2015\/07\/fregio.png","type":"","width":"","height":""}],"twitter_misc":{"Tempo estimado de leitura":"2 minutos"},"schema":{"@context":"https:\/\/schema.org","@graph":[{"@type":"WebPage","@id":"https:\/\/www.hotelbaiadelre.com\/pt-pt\/restaurante\/","url":"https:\/\/www.hotelbaiadelre.com\/pt-pt\/restaurante\/","name":"Restaurante | Hotel Baia del Re","isPartOf":{"@id":"https:\/\/www.hotelbaiadelre.com\/pt-pt\/#website"},"primaryImageOfPage":{"@id":"https:\/\/www.hotelbaiadelre.com\/pt-pt\/restaurante\/#primaryimage"},"image":{"@id":"https:\/\/www.hotelbaiadelre.com\/pt-pt\/restaurante\/#primaryimage"},"thumbnailUrl":"https:\/\/www.hotelbaiadelre.com\/wp-content\/uploads\/2015\/07\/fregio.png","datePublished":"2016-05-24T08:52:00+00:00","dateModified":"2016-06-15T08:57:06+00:00","description":"Restaurante, Hotel Baia del Re:","breadcrumb":{"@id":"https:\/\/www.hotelbaiadelre.com\/pt-pt\/restaurante\/#breadcrumb"},"inLanguage":"pt-PT","potentialAction":[{"@type":"ReadAction","target":["https:\/\/www.hotelbaiadelre.com\/pt-pt\/restaurante\/"]}]},{"@type":"ImageObject","inLanguage":"pt-PT","@id":"https:\/\/www.hotelbaiadelre.com\/pt-pt\/restaurante\/#primaryimage","url":"https:\/\/www.hotelbaiadelre.com\/wp-content\/uploads\/2015\/07\/fregio.png","contentUrl":"https:\/\/www.hotelbaiadelre.com\/wp-content\/uploads\/2015\/07\/fregio.png"},{"@type":"BreadcrumbList","@id":"https:\/\/www.hotelbaiadelre.com\/pt-pt\/restaurante\/#breadcrumb","itemListElement":[{"@type":"ListItem","position":1,"name":"Home","item":"https:\/\/www.hotelbaiadelre.com\/pt-pt\/"},{"@type":"ListItem","position":2,"name":"Restaurante"}]},{"@type":"WebSite","@id":"https:\/\/www.hotelbaiadelre.com\/pt-pt\/#website","url":"https:\/\/www.hotelbaiadelre.com\/pt-pt\/","name":"Hotel Baia del Re","description":"","potentialAction":[{"@type":"SearchAction","target":{"@type":"EntryPoint","urlTemplate":"https:\/\/www.hotelbaiadelre.com\/pt-pt\/?s={search_term_string}"},"query-input":{"@type":"PropertyValueSpecification","valueRequired":true,"valueName":"search_term_string"}}],"inLanguage":"pt-PT"}]}},"publishpress_future_action":{"enabled":false,"date":"2026-05-24 09:41:04","action":"change-status","newStatus":"draft","terms":[],"taxonomy":"translation_priority","extraData":[]},"publishpress_future_workflow_manual_trigger":{"enabledWorkflows":[]},"_links":{"self":[{"href":"https:\/\/www.hotelbaiadelre.com\/pt-pt\/wp-json\/wp\/v2\/pages\/2644","targetHints":{"allow":["GET"]}}],"collection":[{"href":"https:\/\/www.hotelbaiadelre.com\/pt-pt\/wp-json\/wp\/v2\/pages"}],"about":[{"href":"https:\/\/www.hotelbaiadelre.com\/pt-pt\/wp-json\/wp\/v2\/types\/page"}],"author":[{"embeddable":true,"href":"https:\/\/www.hotelbaiadelre.com\/pt-pt\/wp-json\/wp\/v2\/users\/36"}],"replies":[{"embeddable":true,"href":"https:\/\/www.hotelbaiadelre.com\/pt-pt\/wp-json\/wp\/v2\/comments?post=2644"}],"version-history":[{"count":0,"href":"https:\/\/www.hotelbaiadelre.com\/pt-pt\/wp-json\/wp\/v2\/pages\/2644\/revisions"}],"wp:attachment":[{"href":"https:\/\/www.hotelbaiadelre.com\/pt-pt\/wp-json\/wp\/v2\/media?parent=2644"}],"curies":[{"name":"wp","href":"https:\/\/api.w.org\/{rel}","templated":true}]}}