{"id":2669,"date":"2016-05-24T08:51:06","date_gmt":"2016-05-24T08:51:06","guid":{"rendered":"https:\/\/www.hotelbaiadelre.com\/pt-pt\/meeting\/"},"modified":"2018-06-04T08:24:27","modified_gmt":"2018-06-04T08:24:27","slug":"reunioes","status":"publish","type":"page","link":"https:\/\/www.hotelbaiadelre.com\/pt-pt\/reunioes\/","title":{"rendered":"Reuni\u00f5es"},"content":{"rendered":"<div class=\"wpb-content-wrapper\">[vc_row full_height=&#8221;yes&#8221; parallax=&#8221;content-moving&#8221; bg_type=&#8221;image&#8221; parallax_style=&#8221;vcpb-default&#8221; bg_image_new=&#8221;id^1920|url^https:\/\/www.hotelbaiadelre.com\/wp-content\/uploads\/2016\/04\/home-02.jpg|caption^null|alt^null|title^home-02|description^null&#8221; bg_image_repeat=&#8221;no-repeat&#8221; bg_img_attach=&#8221;fixed&#8221; parallax_content=&#8221;parallax_content_value&#8221;][vc_column][vc_column_text]\n<div class=\"payoff\"><\/div>\n[\/vc_column_text][\/vc_column][\/vc_row][vc_row el_class=&#8221;contenuto&#8221;][vc_column][vc_empty_space height=&#8221;50px&#8221;][vc_row_inner el_class=&#8221;wrap&#8221;][vc_column_inner width=&#8221;1\/2&#8243;][vc_column_text css=&#8221;.vc_custom_1465983620783{padding-top: 0px !important;}&#8221;]\n<h1>Reuni\u00f5es<\/h1>\n<p><img decoding=\"async\" src=\"https:\/\/www.hotelbaiadelre.com\/wp-content\/uploads\/2015\/07\/fregio.png\" alt=\"\" \/><\/p>\n<p class=\"testointerno\">Modernas e acolhedoras, as 7 <strong>salas de reuni\u00f5es<\/strong> do <strong>Hotel<\/strong> <strong>Real Fini Baia del Re<\/strong> de <strong>Modena<\/strong> podem acolher qualquer tipo de evento, desde uma <strong>pequena reuni\u00e3o de neg\u00f3cios at\u00e9 uma noite de gala<\/strong>.<\/p>\n<p class=\"testointerno\">As salas t\u00eam tratamento \u00e0 prova de som e possuem os melhores equipamentos, para suporte dos eventos, mediante solicita\u00e7\u00e3o, <strong>servi\u00e7os de assist\u00eancia t\u00e9cnica profissional<\/strong>, <strong>tradu\u00e7\u00e3o simult\u00e2nea<\/strong> e videoconfer\u00eancia.<\/p>\n<p class=\"testointerno\">Os eventos de restaura\u00e7\u00e3o produzidos pelo Ristorante Baia del Re completam a oferta de reuni\u00f5es do hotel, que oferece coffee break, refei\u00e7\u00f5es, aperitivos e jantares de gala preparados com base nas diferentes exig\u00eancias e sob medida para nossos clientes.<\/p>\n[\/vc_column_text][vc_column_text el_class=&#8221;hotelbaiadelre_meeting&#8221;]<img decoding=\"async\" src=\"https:\/\/www.hotelbaiadelre.com\/wp-content\/uploads\/2015\/07\/deco-scuro-top.png\" alt=\"\" \/>\n<h4><a href=\"https:\/\/www.hotelbaiadelre.com\/wp-content\/uploads\/2018\/06\/planimetriaSaleBaia-WEB2018\u00c3\u00b2.pdf\" target=\"_blank\" rel=\"noopener\">Imprimir o mapa das salas de reuni\u00f5es em formato PDF<\/a><\/h4>\n<p><img decoding=\"async\" src=\"https:\/\/www.hotelbaiadelre.com\/wp-content\/uploads\/2015\/07\/deco-scuro-bottom.png\" alt=\"\" \/>[\/vc_column_text][\/vc_column_inner][vc_column_inner width=&#8221;1\/2&#8243;][vc_column_text el_class=&#8221;boxmeeting&#8221;]\n<h3>Equipamentos<\/h3>\n<ul>\n<li>Redifus\u00e3o<\/li>\n<li>Notebook<\/li>\n<li>Proje\u00e7\u00e3o de v\u00eddeos<\/li>\n<li>Tela m\u00f3vel<\/li>\n<li>Leitor de DVD para proje\u00e7\u00f5es<\/li>\n<li>Tela de proje\u00e7\u00f5es<\/li>\n<li>Amplificadores<\/li>\n<li>Microfones<\/li>\n<li>Internet por Wi-fi<\/li>\n<li>Projetor de v\u00eddeo<\/li>\n<\/ul>\n<h4>Sala Wiligelmo:<\/h4>\n<ul>\n<li>Em U, 35 lugares<\/li>\n<li>Em estilo teatro, 100 lugares<\/li>\n<li>Em filas, 50 lugares<\/li>\n<li>Coquetel, 100 lugares<\/li>\n<\/ul>\n<h4>Sala 1:<\/h4>\n<ul>\n<li>Em U, 20 lugares<\/li>\n<li>Em estilo teatro, 40 lugares<\/li>\n<li>Em filas, 25 lugares<\/li>\n<li>Mesa \u00fanica, 25 lugares<\/li>\n<li>Coquetel, 50 lugares<\/li>\n<\/ul>\n<h4>Sala 2:<\/h4>\n<ul>\n<li>Mesa \u00fanica, 8 lugares<\/li>\n<\/ul>\n<h4>Sala 3:<\/h4>\n<ul>\n<li>Mesa \u00fanica, 10 lugares<\/li>\n<\/ul>\n<h4>Sala 4:<\/h4>\n<ul>\n<li>Mesa \u00fanica, 20 lugares<\/li>\n<li>Parterre, 25 lugares<\/li>\n<\/ul>\n<h4>Sala 5:<\/h4>\n<ul>\n<li>Mesa \u00fanica, 8 lugares<\/li>\n<\/ul>\n<h4>Sala 6:<\/h4>\n<ul>\n<li>Em estilo teatro, 14 lugares<\/li>\n<li>Mesa \u00fanica, 10 lugares<\/li>\n<\/ul>\n[\/vc_column_text][\/vc_column_inner][\/vc_row_inner][vc_empty_space height=&#8221;50px&#8221;][\/vc_column][\/vc_row][vc_row][vc_column][vc_media_grid element_width=&#8221;3&#8243; gap=&#8221;0&#8243; item=&#8221;mediaGrid_FadeInWithIcon&#8221; grid_id=&#8221;vc_gid:1528100608818-ee134f7d-a26e-0&#8243; include=&#8221;2097,2338,2339,2100&#8243;][\/vc_column][\/vc_row]\n<\/p><\/div>","protected":false},"excerpt":{"rendered":"<p>[vc_row full_height=&#8221;yes&#8221; parallax=&#8221;content-moving&#8221; bg_type=&#8221;image&#8221; parallax_style=&#8221;vcpb-default&#8221; bg_image_new=&#8221;id^1920|url^https:\/\/www.hotelbaiadelre.com\/wp-content\/uploads\/2016\/04\/home-02.jpg|caption^null|alt^null|title^home-02|description^null&#8221; bg_image_repeat=&#8221;no-repeat&#8221; bg_img_attach=&#8221;fixed&#8221; parallax_content=&#8221;parallax_content_value&#8221;][vc_column][vc_column_text] [\/vc_column_text][\/vc_column][\/vc_row][vc_row el_class=&#8221;contenuto&#8221;][vc_column][vc_empty_space height=&#8221;50px&#8221;][vc_row_inner el_class=&#8221;wrap&#8221;][vc_column_inner width=&#8221;1\/2&#8243;][vc_column_text css=&#8221;.vc_custom_1465983620783{padding-top: 0px !important;}&#8221;] Reuni\u00f5es Modernas e acolhedoras, as 7 salas de reuni\u00f5es do Hotel Real Fini Baia del Re de Modena podem acolher qualquer tipo de evento, desde uma pequena reuni\u00e3o de neg\u00f3cios at\u00e9 uma noite de gala. As salas t\u00eam [&hellip;]<\/p>\n","protected":false},"author":36,"featured_media":0,"parent":0,"menu_order":0,"comment_status":"closed","ping_status":"closed","template":"","meta":{"_genesis_hide_title":false,"_genesis_hide_breadcrumbs":false,"_genesis_hide_singular_image":false,"_genesis_hide_footer_widgets":false,"_genesis_custom_body_class":"","_genesis_custom_post_class":"","_genesis_layout":"","footnotes":""},"class_list":{"0":"post-2669","1":"page","2":"type-page","3":"status-publish","5":"entry"},"yoast_head":"<!-- This site is optimized with the Yoast SEO plugin v25.6 - https:\/\/yoast.com\/wordpress\/plugins\/seo\/ -->\n<title>Reuni\u00f5es | Hotel Baia del Re<\/title>\n<meta name=\"description\" content=\"Reuni\u00f5es, Hotel Baia del Re:\" \/>\n<meta name=\"robots\" content=\"index, follow, max-snippet:-1, max-image-preview:large, max-video-preview:-1\" \/>\n<link rel=\"canonical\" href=\"https:\/\/www.hotelbaiadelre.com\/pt-pt\/reunioes\/\" \/>\n<meta property=\"og:locale\" content=\"pt_PT\" \/>\n<meta property=\"og:type\" content=\"article\" \/>\n<meta property=\"og:title\" content=\"Reuni\u00f5es | Hotel Baia del Re\" \/>\n<meta property=\"og:description\" content=\"Reuni\u00f5es, Hotel Baia del Re:\" \/>\n<meta property=\"og:url\" content=\"https:\/\/www.hotelbaiadelre.com\/pt-pt\/reunioes\/\" \/>\n<meta property=\"og:site_name\" content=\"Hotel Baia del Re\" \/>\n<meta property=\"article:modified_time\" content=\"2018-06-04T08:24:27+00:00\" \/>\n<meta property=\"og:image\" content=\"https:\/\/www.hotelbaiadelre.com\/wp-content\/uploads\/2015\/07\/fregio.png\" \/>\n<meta name=\"twitter:label1\" content=\"Tempo estimado de leitura\" \/>\n\t<meta name=\"twitter:data1\" content=\"2 minutos\" \/>\n<script type=\"application\/ld+json\" class=\"yoast-schema-graph\">{\"@context\":\"https:\/\/schema.org\",\"@graph\":[{\"@type\":\"WebPage\",\"@id\":\"https:\/\/www.hotelbaiadelre.com\/pt-pt\/reunioes\/\",\"url\":\"https:\/\/www.hotelbaiadelre.com\/pt-pt\/reunioes\/\",\"name\":\"Reuni\u00f5es | Hotel Baia del Re\",\"isPartOf\":{\"@id\":\"https:\/\/www.hotelbaiadelre.com\/pt-pt\/#website\"},\"primaryImageOfPage\":{\"@id\":\"https:\/\/www.hotelbaiadelre.com\/pt-pt\/reunioes\/#primaryimage\"},\"image\":{\"@id\":\"https:\/\/www.hotelbaiadelre.com\/pt-pt\/reunioes\/#primaryimage\"},\"thumbnailUrl\":\"https:\/\/www.hotelbaiadelre.com\/wp-content\/uploads\/2015\/07\/fregio.png\",\"datePublished\":\"2016-05-24T08:51:06+00:00\",\"dateModified\":\"2018-06-04T08:24:27+00:00\",\"description\":\"Reuni\u00f5es, Hotel Baia del Re:\",\"breadcrumb\":{\"@id\":\"https:\/\/www.hotelbaiadelre.com\/pt-pt\/reunioes\/#breadcrumb\"},\"inLanguage\":\"pt-PT\",\"potentialAction\":[{\"@type\":\"ReadAction\",\"target\":[\"https:\/\/www.hotelbaiadelre.com\/pt-pt\/reunioes\/\"]}]},{\"@type\":\"ImageObject\",\"inLanguage\":\"pt-PT\",\"@id\":\"https:\/\/www.hotelbaiadelre.com\/pt-pt\/reunioes\/#primaryimage\",\"url\":\"https:\/\/www.hotelbaiadelre.com\/wp-content\/uploads\/2015\/07\/fregio.png\",\"contentUrl\":\"https:\/\/www.hotelbaiadelre.com\/wp-content\/uploads\/2015\/07\/fregio.png\"},{\"@type\":\"BreadcrumbList\",\"@id\":\"https:\/\/www.hotelbaiadelre.com\/pt-pt\/reunioes\/#breadcrumb\",\"itemListElement\":[{\"@type\":\"ListItem\",\"position\":1,\"name\":\"Home\",\"item\":\"https:\/\/www.hotelbaiadelre.com\/pt-pt\/\"},{\"@type\":\"ListItem\",\"position\":2,\"name\":\"Reuni\u00f5es\"}]},{\"@type\":\"WebSite\",\"@id\":\"https:\/\/www.hotelbaiadelre.com\/pt-pt\/#website\",\"url\":\"https:\/\/www.hotelbaiadelre.com\/pt-pt\/\",\"name\":\"Hotel Baia del Re\",\"description\":\"\",\"potentialAction\":[{\"@type\":\"SearchAction\",\"target\":{\"@type\":\"EntryPoint\",\"urlTemplate\":\"https:\/\/www.hotelbaiadelre.com\/pt-pt\/?s={search_term_string}\"},\"query-input\":{\"@type\":\"PropertyValueSpecification\",\"valueRequired\":true,\"valueName\":\"search_term_string\"}}],\"inLanguage\":\"pt-PT\"}]}<\/script>\n<!-- \/ Yoast SEO plugin. -->","yoast_head_json":{"title":"Reuni\u00f5es | Hotel Baia del Re","description":"Reuni\u00f5es, Hotel Baia del Re:","robots":{"index":"index","follow":"follow","max-snippet":"max-snippet:-1","max-image-preview":"max-image-preview:large","max-video-preview":"max-video-preview:-1"},"canonical":"https:\/\/www.hotelbaiadelre.com\/pt-pt\/reunioes\/","og_locale":"pt_PT","og_type":"article","og_title":"Reuni\u00f5es | Hotel Baia del Re","og_description":"Reuni\u00f5es, Hotel Baia del Re:","og_url":"https:\/\/www.hotelbaiadelre.com\/pt-pt\/reunioes\/","og_site_name":"Hotel Baia del Re","article_modified_time":"2018-06-04T08:24:27+00:00","og_image":[{"url":"https:\/\/www.hotelbaiadelre.com\/wp-content\/uploads\/2015\/07\/fregio.png","type":"","width":"","height":""}],"twitter_misc":{"Tempo estimado de leitura":"2 minutos"},"schema":{"@context":"https:\/\/schema.org","@graph":[{"@type":"WebPage","@id":"https:\/\/www.hotelbaiadelre.com\/pt-pt\/reunioes\/","url":"https:\/\/www.hotelbaiadelre.com\/pt-pt\/reunioes\/","name":"Reuni\u00f5es | Hotel Baia del Re","isPartOf":{"@id":"https:\/\/www.hotelbaiadelre.com\/pt-pt\/#website"},"primaryImageOfPage":{"@id":"https:\/\/www.hotelbaiadelre.com\/pt-pt\/reunioes\/#primaryimage"},"image":{"@id":"https:\/\/www.hotelbaiadelre.com\/pt-pt\/reunioes\/#primaryimage"},"thumbnailUrl":"https:\/\/www.hotelbaiadelre.com\/wp-content\/uploads\/2015\/07\/fregio.png","datePublished":"2016-05-24T08:51:06+00:00","dateModified":"2018-06-04T08:24:27+00:00","description":"Reuni\u00f5es, Hotel Baia del Re:","breadcrumb":{"@id":"https:\/\/www.hotelbaiadelre.com\/pt-pt\/reunioes\/#breadcrumb"},"inLanguage":"pt-PT","potentialAction":[{"@type":"ReadAction","target":["https:\/\/www.hotelbaiadelre.com\/pt-pt\/reunioes\/"]}]},{"@type":"ImageObject","inLanguage":"pt-PT","@id":"https:\/\/www.hotelbaiadelre.com\/pt-pt\/reunioes\/#primaryimage","url":"https:\/\/www.hotelbaiadelre.com\/wp-content\/uploads\/2015\/07\/fregio.png","contentUrl":"https:\/\/www.hotelbaiadelre.com\/wp-content\/uploads\/2015\/07\/fregio.png"},{"@type":"BreadcrumbList","@id":"https:\/\/www.hotelbaiadelre.com\/pt-pt\/reunioes\/#breadcrumb","itemListElement":[{"@type":"ListItem","position":1,"name":"Home","item":"https:\/\/www.hotelbaiadelre.com\/pt-pt\/"},{"@type":"ListItem","position":2,"name":"Reuni\u00f5es"}]},{"@type":"WebSite","@id":"https:\/\/www.hotelbaiadelre.com\/pt-pt\/#website","url":"https:\/\/www.hotelbaiadelre.com\/pt-pt\/","name":"Hotel Baia del Re","description":"","potentialAction":[{"@type":"SearchAction","target":{"@type":"EntryPoint","urlTemplate":"https:\/\/www.hotelbaiadelre.com\/pt-pt\/?s={search_term_string}"},"query-input":{"@type":"PropertyValueSpecification","valueRequired":true,"valueName":"search_term_string"}}],"inLanguage":"pt-PT"}]}},"publishpress_future_action":{"enabled":false,"date":"2026-05-18 18:53:51","action":"change-status","newStatus":"draft","terms":[],"taxonomy":"translation_priority","extraData":[]},"publishpress_future_workflow_manual_trigger":{"enabledWorkflows":[]},"_links":{"self":[{"href":"https:\/\/www.hotelbaiadelre.com\/pt-pt\/wp-json\/wp\/v2\/pages\/2669","targetHints":{"allow":["GET"]}}],"collection":[{"href":"https:\/\/www.hotelbaiadelre.com\/pt-pt\/wp-json\/wp\/v2\/pages"}],"about":[{"href":"https:\/\/www.hotelbaiadelre.com\/pt-pt\/wp-json\/wp\/v2\/types\/page"}],"author":[{"embeddable":true,"href":"https:\/\/www.hotelbaiadelre.com\/pt-pt\/wp-json\/wp\/v2\/users\/36"}],"replies":[{"embeddable":true,"href":"https:\/\/www.hotelbaiadelre.com\/pt-pt\/wp-json\/wp\/v2\/comments?post=2669"}],"version-history":[{"count":2,"href":"https:\/\/www.hotelbaiadelre.com\/pt-pt\/wp-json\/wp\/v2\/pages\/2669\/revisions"}],"predecessor-version":[{"id":4006,"href":"https:\/\/www.hotelbaiadelre.com\/pt-pt\/wp-json\/wp\/v2\/pages\/2669\/revisions\/4006"}],"wp:attachment":[{"href":"https:\/\/www.hotelbaiadelre.com\/pt-pt\/wp-json\/wp\/v2\/media?parent=2669"}],"curies":[{"name":"wp","href":"https:\/\/api.w.org\/{rel}","templated":true}]}}