{"id":2693,"date":"2016-05-24T08:49:54","date_gmt":"2016-05-24T08:49:54","guid":{"rendered":"https:\/\/www.hotelbaiadelre.com\/pt-pt\/servizi\/"},"modified":"2024-08-28T07:35:17","modified_gmt":"2024-08-28T07:35:17","slug":"servicos","status":"publish","type":"page","link":"https:\/\/www.hotelbaiadelre.com\/pt-pt\/servicos\/","title":{"rendered":"Servi\u00e7os"},"content":{"rendered":"<div class=\"wpb-content-wrapper\">[vc_row full_height=&#8221;yes&#8221; parallax=&#8221;content-moving&#8221; bg_type=&#8221;image&#8221; parallax_style=&#8221;vcpb-default&#8221; bg_image_new=&#8221;id^2255|url^https:\/\/www.hotelbaiadelre.com\/wp-content\/uploads\/2016\/05\/sala-colazioni-001-1.jpg|caption^null|alt^null|title^sala-colazioni-001|description^null&#8221; bg_image_repeat=&#8221;no-repeat&#8221; bg_img_attach=&#8221;fixed&#8221; parallax_content=&#8221;parallax_content_value&#8221;][vc_column][vc_column_text]\n<div class=\"payoff\"><\/div>\n[\/vc_column_text][\/vc_column][\/vc_row][vc_row el_class=&#8221;contenuto&#8221;][vc_column][vc_empty_space height=&#8221;50px&#8221;][vc_row_inner el_class=&#8221;wrap&#8221;][vc_column_inner width=&#8221;1\/2&#8243;][vc_column_text css=&#8221;.vc_custom_1693382283620{padding-top: 0px !important;}&#8221;]\n<h1>Servi\u00e7os<\/h1>\n<p><img decoding=\"async\" src=\"https:\/\/www.hotelbaiadelre.com\/wp-content\/uploads\/2015\/07\/fregio.png\" alt=\"\" \/><\/p>\n<p class=\"testointerno\">O <strong>Hotel<\/strong> <strong>Real Fini Baia del Re <\/strong>\u00e9 um <strong>hotel <\/strong>confort\u00e1vel e acolhedor. A moderna estrutura, \u00fanica em seu estilo na regi\u00e3o, \u00e9 composta por um corpo central onde est\u00e3o concentrados todos os servi\u00e7os dispon\u00edveis aos h\u00f3spedes: parte dos quartos, as <strong>7 salas de reuni\u00f5es<\/strong>, as \u00e1reas de <strong>academia e bem-estar<\/strong> \u00e0 disposi\u00e7\u00e3o exclusiva dos h\u00f3spedes do hotel e a ampla <strong>garagem<\/strong> subterr\u00e2nea.<\/p>\n<p class=\"testointerno\">No corpo central est\u00e3o os ambientes de restaura\u00e7\u00e3o, caracter\u00edsticos do Hotel Real Fini Baia del Re: a Sala de refei\u00e7\u00f5es, aberta das 07h00 \u00e0s 09h30 para come\u00e7ar o dia com um rico caf\u00e9 da manh\u00e3 em estilo buf\u00ea; o <strong>Ristorante Baia del Re, <\/strong>onde \u00e9 poss\u00edvel saborear os pratos da tradi\u00e7\u00e3o de gastronomia de Modena e tamb\u00e9m pratos nacionais, acompanhados por vinhos regionais e nacionais de primeira linha; o <strong>Bar<\/strong> aberto ao p\u00fablico, muito conhecido gra\u00e7as \u00e0 qualidade dos produtos que oferece, com deliciosos sandu\u00edches para saborear antes da partida ou de produtos gastron\u00f4micos para comprar antes de voltar para casa.<\/p>\n<p class=\"testointerno\">Um pouco \u00e0 parte do corpo central est\u00e3o tamb\u00e9m duas outras depend\u00eancias, totalmente compostas por quartos que d\u00e3o para os jardins privados \u00e0 disposi\u00e7\u00e3o dos quartos do andar t\u00e9rreo; as depend\u00eancias servem como &#8220;per\u00edmetro&#8221; ao <strong>amplo estacionamento <\/strong>reservado aos h\u00f3spedes do hotel.<\/p>\n[\/vc_column_text][\/vc_column_inner][vc_column_inner width=&#8221;1\/2&#8243;][vc_empty_space height=&#8221;37px&#8221;][vc_column_text el_class=&#8221;pagina&#8221;]\n<div id=\"box-offerte\">\n<h3>Ofertas Especiais<\/h3>\n<div class=\"flexslider\" style=\"width:440px;\"><ul class=\"slides\"><li><a href=\"https:\/\/www.hotelbaiadelre.com\/pt-pt\/offers\/early-booking-offer-up-to-28-off\/\"><img loading=\"lazy\" decoding=\"async\" width=\"440\" height=\"250\" src=\"https:\/\/www.hotelbaiadelre.com\/wp-content\/uploads\/2020\/03\/early-booking-discount-1-440x250.jpg\" class=\"attachment-slider_medium_large size-slider_medium_large\" alt=\"\" \/><\/a><div class=\"flex-caption\"><div class=\"original-price price-all\"><\/div><div class=\"reducted-price price-all\"><\/div><div class=\"clear\"><\/div><div class=\"clear\"><\/div><div class=\"offer_title\"><a href=\"https:\/\/www.hotelbaiadelre.com\/pt-pt\/offers\/early-booking-offer-up-to-28-off\/\">Early Booking Offer: up to 28% Off<\/a><\/div><\/div><\/li><li><a href=\"https:\/\/www.hotelbaiadelre.com\/pt-pt\/offers\/special-internet-rates-pt\/\"><img loading=\"lazy\" decoding=\"async\" width=\"440\" height=\"211\" src=\"https:\/\/www.hotelbaiadelre.com\/wp-content\/uploads\/2015\/07\/junior-suite-500x240.jpg\" class=\"attachment-slider_medium_large size-slider_medium_large\" alt=\"\" srcset=\"https:\/\/www.hotelbaiadelre.com\/wp-content\/uploads\/2015\/07\/junior-suite-500x240.jpg 500w, https:\/\/www.hotelbaiadelre.com\/wp-content\/uploads\/2015\/07\/junior-suite-210x100.jpg 210w\" sizes=\"auto, (max-width: 440px) 100vw, 440px\" \/><\/a><div class=\"flex-caption\"><div class=\"original-price price-all\"><\/div><div class=\"reducted-price price-all\"><\/div><div class=\"clear\"><\/div><div class=\"clear\"><\/div><div class=\"offer_title\"><a href=\"https:\/\/www.hotelbaiadelre.com\/pt-pt\/offers\/special-internet-rates-pt\/\">Tarifas especiais para Internet<\/a><\/div><\/div><\/li><\/ul><\/div>\n<p class=\"lista\"><a title=\"Offerte Speciali\" href=\"https:\/\/www.hotelbaiadelre.com\/pt-pt\/ofertas-especiais\/\">Consulte a lista completa<\/a><\/p>\n<\/div>\n[\/vc_column_text][\/vc_column_inner][\/vc_row_inner][vc_empty_space height=&#8221;50px&#8221;][\/vc_column][\/vc_row][vc_row full_height=&#8221;yes&#8221; content_placement=&#8221;middle&#8221; parallax=&#8221;content-moving&#8221; bg_type=&#8221;image&#8221; parallax_style=&#8221;vcpb-default&#8221; bg_image_new=&#8221;id^2257|url^https:\/\/www.hotelbaiadelre.com\/wp-content\/uploads\/2016\/05\/reception-part-1.jpg|caption^null|alt^null|title^reception-part-1|description^null&#8221; bg_image_repeat=&#8221;no-repeat&#8221; bg_img_attach=&#8221;fixed&#8221; parallax_content=&#8221;parallax_content_value&#8221; fadeout_row=&#8221;fadeout_row_value&#8221; el_class=&#8221;hp1&#8243;][vc_column][vc_row_inner el_class=&#8221;wrap&#8221;][vc_column_inner][vc_single_image image=&#8221;1938&#8243; img_size=&#8221;full&#8221; alignment=&#8221;center&#8221; el_class=&#8221;wrap&#8221;][vc_column_text css=&#8221;.vc_custom_1724830513725{padding-top: 35px !important;padding-right: 35px !important;padding-bottom: 35px !important;padding-left: 35px !important;background-color: rgba(255,255,255,0.8) !important;*background-color: rgb(255,255,255) !important;}&#8221; el_class=&#8221;boxmeeting&#8221;]\n<h3>Facilidades<\/h3>\n<ul>\n<li>Acess\u00edvel para deficientes<\/li>\n<li>Recep\u00e7\u00e3o 24 horas<\/li>\n<li>Bar (das 6h30 \u00e0s 23h00)<\/li>\n<li>Caf\u00e9 da manh\u00e3 (7h00 \u00e0s 09h30)<\/li>\n<li>Ponto de Internet \/ Conex\u00e3o Internet por Wi-fi<\/li>\n<li>Servi\u00e7o de fax<\/li>\n<li>Jornais<\/li>\n<li>Servi\u00e7o de transfer<\/li>\n<li>Informa\u00e7\u00f5es tur\u00edsticas<\/li>\n<li>Guarda valores<\/li>\n<li>Portaria noturna<\/li>\n<li>Dep\u00f3sito de bagagens<\/li>\n<li>Servi\u00e7o de passagem de roupas<\/li>\n<li>Servi\u00e7o de lavanderia<\/li>\n<li>Servi\u00e7o de carregamento de carros el\u00e9tricos<\/li>\n<li>Servi\u00e7o de correio<\/li>\n<li>Elevador<\/li>\n<li>Os animais s\u00e3o bem-vindos<\/li>\n<li>C\u00e2mbio<\/li>\n<li>Estacionamento<\/li>\n<li>Garagem a pagamento<\/li>\n<li>Estacionamento p\u00fablico com disco hor\u00e1rio de 2 horas<\/li>\n<li>Recep\u00e7\u00e3o<\/li>\n<li>Hall<\/li>\n<li>Bar<\/li>\n<li>Sala de refei\u00e7\u00f5es<\/li>\n<li>Restaurante<\/li>\n<li>Wellness &amp; Fitness<\/li>\n<\/ul>\n<h4>Reservas<\/h4>\n<ul>\n<li>Excurs\u00f5es<\/li>\n<li>Visitas guiadas<\/li>\n<\/ul>\n<h3>Ambientes comuns<\/h3>\n<ul>\n<li>Recep\u00e7\u00e3o<\/li>\n<li>Hall<\/li>\n<li>Bar<\/li>\n<li>Sala de refei\u00e7\u00f5es<\/li>\n<li>Restaurante<\/li>\n<li>Wellness &amp; Fitness<\/li>\n<\/ul>\n<p class=\"testoservizi\">Ideal para encontros de neg\u00f3cios e r\u00e1pidas reuni\u00f5es, <strong>confer\u00eancias<\/strong> e eventos empresariais, o hotel disp\u00f5e de conex\u00e3o <strong>Internet Wi-Fi<\/strong> em todas as \u00e1reas comuns, bem cuidadas e muito acolhedoras.<\/p>\n[\/vc_column_text][vc_single_image image=&#8221;1937&#8243; img_size=&#8221;full&#8221; alignment=&#8221;center&#8221; el_class=&#8221;wrap&#8221;][\/vc_column_inner][\/vc_row_inner][\/vc_column][\/vc_row][vc_row equal_height=&#8221;yes&#8221; content_placement=&#8221;top&#8221; parallax=&#8221;content-moving-fade&#8221; bg_type=&#8221;image&#8221; parallax_style=&#8221;vcpb-default&#8221; bg_image_repeat=&#8221;no-repeat&#8221; bg_img_attach=&#8221;fixed&#8221; parallax_content=&#8221;parallax_content_value&#8221; el_class=&#8221;hp2&#8243;][vc_column width=&#8221;1\/3&#8243; css=&#8221;.vc_custom_1461754988359{background-image: url(https:\/\/www.hotelbaiadelre.com\/wp-content\/uploads\/2013\/09\/meeting.jpg?id=1941) !important;background-position: center !important;background-repeat: no-repeat !important;background-size: cover !important;}&#8221;][vc_empty_space height=&#8221;190px&#8221;][vc_column_text]\n<div id=\"blu\" class=\"bestprice\">\n<h3><span class=\"sans-serif\">As salas<\/span><br \/>\nde Reuni\u00e3o<\/h3>\n<\/div>\n[\/vc_column_text][vc_empty_space height=&#8221;160px&#8221;][vc_single_image image=&#8221;1934&#8243; img_size=&#8221;full&#8221; alignment=&#8221;center&#8221; css_animation=&#8221;appear&#8221; css=&#8221;.vc_custom_1461753408288{padding-bottom: 30px !important;}&#8221;][vc_btn title=&#8221;V\u00e1 para a p\u00e1gina&#8221; style=&#8221;custom&#8221; custom_background=&#8221;#a3680d&#8221; custom_text=&#8221;#ffffff&#8221; shape=&#8221;round&#8221; size=&#8221;lg&#8221; align=&#8221;center&#8221; css_animation=&#8221;appear&#8221; link=&#8221;url:http%3A%2F%2Fwww.hotelbaiadelre.com%2Fpt-pt%2Freunioes%2F||&#8221;][vc_single_image image=&#8221;1934&#8243; img_size=&#8221;full&#8221; alignment=&#8221;center&#8221; css_animation=&#8221;appear&#8221; css=&#8221;.vc_custom_1461753421948{padding-top: 10px !important;}&#8221;][\/vc_column][vc_column width=&#8221;1\/3&#8243; css=&#8221;.vc_custom_1464191171004{background-image: url(https:\/\/www.hotelbaiadelre.com\/wp-content\/uploads\/2016\/05\/orchid-1034873.jpg?id=2256) !important;background-position: center !important;background-repeat: no-repeat !important;background-size: cover !important;}&#8221;][vc_empty_space height=&#8221;190px&#8221;][vc_column_text]\n<div id=\"giallo\" class=\"bestprice\">\n<h3><span class=\"sans-serif\">Wellness<br \/>\n<\/span>&amp; Fitness<\/h3>\n<\/div>\n[\/vc_column_text][vc_empty_space height=&#8221;160px&#8221;][vc_single_image image=&#8221;1934&#8243; img_size=&#8221;full&#8221; alignment=&#8221;center&#8221; css_animation=&#8221;appear&#8221; css=&#8221;.vc_custom_1464192141672{padding-bottom: 30px !important;}&#8221;][vc_btn title=&#8221;V\u00e1 para a p\u00e1gina&#8221; style=&#8221;custom&#8221; custom_background=&#8221;#071832&#8243; custom_text=&#8221;#ffffff&#8221; shape=&#8221;round&#8221; size=&#8221;lg&#8221; align=&#8221;center&#8221; css_animation=&#8221;appear&#8221; link=&#8221;url:http%3A%2F%2Fwww.hotelbaiadelre.com%2Fpt-pt%2Fwellness%2F||&#8221;][vc_single_image image=&#8221;1934&#8243; img_size=&#8221;full&#8221; alignment=&#8221;center&#8221; css_animation=&#8221;appear&#8221; css=&#8221;.vc_custom_1464192123424{padding-top: 10px !important;}&#8221;][vc_empty_space height=&#8221;160px&#8221;][\/vc_column][vc_column width=&#8221;1\/3&#8243; css=&#8221;.vc_custom_1461759595826{background-image: url(https:\/\/www.hotelbaiadelre.com\/wp-content\/uploads\/2013\/09\/ristorante.jpg?id=1950) !important;background-position: center !important;background-repeat: no-repeat !important;background-size: cover !important;}&#8221;][vc_empty_space height=&#8221;190px&#8221;][vc_column_text]\n<div id=\"giallo\" class=\"bestprice\">\n<h3><span class=\"sans-serif\">O nosso<br \/>\n<\/span>Restaurante<\/h3>\n<\/div>\n[\/vc_column_text][vc_column_text]<img loading=\"lazy\" decoding=\"async\" class=\"aligncenter size-full wp-image-1944\" src=\"https:\/\/www.hotelbaiadelre.com\/wp-content\/uploads\/2013\/09\/baia-bar-bianco.png\" alt=\"baiadelre-ristorante\" width=\"105\" height=\"160\" \/>[\/vc_column_text][vc_single_image image=&#8221;1934&#8243; img_size=&#8221;full&#8221; alignment=&#8221;center&#8221; css_animation=&#8221;appear&#8221; css=&#8221;.vc_custom_1461753163303{padding-bottom: 30px !important;}&#8221;][vc_btn title=&#8221;V\u00e1 para a p\u00e1gina&#8221; style=&#8221;custom&#8221; custom_background=&#8221;#765032&#8243; custom_text=&#8221;#ffffff&#8221; shape=&#8221;round&#8221; size=&#8221;lg&#8221; align=&#8221;center&#8221; css_animation=&#8221;appear&#8221; link=&#8221;url:http%3A%2F%2Fwww.hotelbaiadelre.com%2Fpt-pt%2Frestaurante%2F||&#8221;][vc_single_image image=&#8221;1934&#8243; img_size=&#8221;full&#8221; alignment=&#8221;center&#8221; css_animation=&#8221;appear&#8221; css=&#8221;.vc_custom_1461753178743{padding-top: 10px !important;}&#8221;][\/vc_column][\/vc_row]\n<\/div>","protected":false},"excerpt":{"rendered":"<p>[vc_row full_height=&#8221;yes&#8221; parallax=&#8221;content-moving&#8221; bg_type=&#8221;image&#8221; parallax_style=&#8221;vcpb-default&#8221; bg_image_new=&#8221;id^2255|url^https:\/\/www.hotelbaiadelre.com\/wp-content\/uploads\/2016\/05\/sala-colazioni-001-1.jpg|caption^null|alt^null|title^sala-colazioni-001|description^null&#8221; bg_image_repeat=&#8221;no-repeat&#8221; bg_img_attach=&#8221;fixed&#8221; parallax_content=&#8221;parallax_content_value&#8221;][vc_column][vc_column_text] [\/vc_column_text][\/vc_column][\/vc_row][vc_row el_class=&#8221;contenuto&#8221;][vc_column][vc_empty_space height=&#8221;50px&#8221;][vc_row_inner el_class=&#8221;wrap&#8221;][vc_column_inner width=&#8221;1\/2&#8243;][vc_column_text css=&#8221;.vc_custom_1693382283620{padding-top: 0px !important;}&#8221;] Servi\u00e7os O Hotel Real Fini Baia del Re \u00e9 um hotel confort\u00e1vel e acolhedor. A moderna estrutura, \u00fanica em seu estilo na regi\u00e3o, \u00e9 composta por um corpo central onde est\u00e3o concentrados todos os servi\u00e7os dispon\u00edveis aos h\u00f3spedes: [&hellip;]<\/p>\n","protected":false},"author":36,"featured_media":0,"parent":0,"menu_order":0,"comment_status":"closed","ping_status":"closed","template":"","meta":{"_genesis_hide_title":false,"_genesis_hide_breadcrumbs":false,"_genesis_hide_singular_image":false,"_genesis_hide_footer_widgets":false,"_genesis_custom_body_class":"","_genesis_custom_post_class":"","_genesis_layout":"","footnotes":""},"class_list":{"0":"post-2693","1":"page","2":"type-page","3":"status-publish","5":"entry"},"yoast_head":"<!-- This site is optimized with the Yoast SEO plugin v25.6 - https:\/\/yoast.com\/wordpress\/plugins\/seo\/ -->\n<title>Servi\u00e7os | Hotel Baia del Re<\/title>\n<meta name=\"description\" content=\"Servi\u00e7os, Hotel Baia del Re:\" \/>\n<meta name=\"robots\" content=\"index, follow, max-snippet:-1, max-image-preview:large, max-video-preview:-1\" \/>\n<link rel=\"canonical\" href=\"https:\/\/www.hotelbaiadelre.com\/pt-pt\/servicos\/\" \/>\n<meta property=\"og:locale\" content=\"pt_PT\" \/>\n<meta property=\"og:type\" content=\"article\" \/>\n<meta property=\"og:title\" content=\"Servi\u00e7os | Hotel Baia del Re\" \/>\n<meta property=\"og:description\" content=\"Servi\u00e7os, Hotel Baia del Re:\" \/>\n<meta property=\"og:url\" content=\"https:\/\/www.hotelbaiadelre.com\/pt-pt\/servicos\/\" \/>\n<meta property=\"og:site_name\" content=\"Hotel Baia del Re\" \/>\n<meta property=\"article:modified_time\" content=\"2024-08-28T07:35:17+00:00\" \/>\n<meta property=\"og:image\" content=\"https:\/\/www.hotelbaiadelre.com\/wp-content\/uploads\/2015\/07\/fregio.png\" \/>\n<meta name=\"twitter:label1\" content=\"Tempo estimado de leitura\" \/>\n\t<meta name=\"twitter:data1\" content=\"3 minutos\" \/>\n<script type=\"application\/ld+json\" class=\"yoast-schema-graph\">{\"@context\":\"https:\/\/schema.org\",\"@graph\":[{\"@type\":\"WebPage\",\"@id\":\"https:\/\/www.hotelbaiadelre.com\/pt-pt\/servicos\/\",\"url\":\"https:\/\/www.hotelbaiadelre.com\/pt-pt\/servicos\/\",\"name\":\"Servi\u00e7os | Hotel Baia del Re\",\"isPartOf\":{\"@id\":\"https:\/\/www.hotelbaiadelre.com\/pt-pt\/#website\"},\"primaryImageOfPage\":{\"@id\":\"https:\/\/www.hotelbaiadelre.com\/pt-pt\/servicos\/#primaryimage\"},\"image\":{\"@id\":\"https:\/\/www.hotelbaiadelre.com\/pt-pt\/servicos\/#primaryimage\"},\"thumbnailUrl\":\"https:\/\/www.hotelbaiadelre.com\/wp-content\/uploads\/2015\/07\/fregio.png\",\"datePublished\":\"2016-05-24T08:49:54+00:00\",\"dateModified\":\"2024-08-28T07:35:17+00:00\",\"description\":\"Servi\u00e7os, Hotel Baia del Re:\",\"breadcrumb\":{\"@id\":\"https:\/\/www.hotelbaiadelre.com\/pt-pt\/servicos\/#breadcrumb\"},\"inLanguage\":\"pt-PT\",\"potentialAction\":[{\"@type\":\"ReadAction\",\"target\":[\"https:\/\/www.hotelbaiadelre.com\/pt-pt\/servicos\/\"]}]},{\"@type\":\"ImageObject\",\"inLanguage\":\"pt-PT\",\"@id\":\"https:\/\/www.hotelbaiadelre.com\/pt-pt\/servicos\/#primaryimage\",\"url\":\"https:\/\/www.hotelbaiadelre.com\/wp-content\/uploads\/2015\/07\/fregio.png\",\"contentUrl\":\"https:\/\/www.hotelbaiadelre.com\/wp-content\/uploads\/2015\/07\/fregio.png\"},{\"@type\":\"BreadcrumbList\",\"@id\":\"https:\/\/www.hotelbaiadelre.com\/pt-pt\/servicos\/#breadcrumb\",\"itemListElement\":[{\"@type\":\"ListItem\",\"position\":1,\"name\":\"Home\",\"item\":\"https:\/\/www.hotelbaiadelre.com\/pt-pt\/\"},{\"@type\":\"ListItem\",\"position\":2,\"name\":\"Servi\u00e7os\"}]},{\"@type\":\"WebSite\",\"@id\":\"https:\/\/www.hotelbaiadelre.com\/pt-pt\/#website\",\"url\":\"https:\/\/www.hotelbaiadelre.com\/pt-pt\/\",\"name\":\"Hotel Baia del Re\",\"description\":\"\",\"potentialAction\":[{\"@type\":\"SearchAction\",\"target\":{\"@type\":\"EntryPoint\",\"urlTemplate\":\"https:\/\/www.hotelbaiadelre.com\/pt-pt\/?s={search_term_string}\"},\"query-input\":{\"@type\":\"PropertyValueSpecification\",\"valueRequired\":true,\"valueName\":\"search_term_string\"}}],\"inLanguage\":\"pt-PT\"}]}<\/script>\n<!-- \/ Yoast SEO plugin. -->","yoast_head_json":{"title":"Servi\u00e7os | Hotel Baia del Re","description":"Servi\u00e7os, Hotel Baia del Re:","robots":{"index":"index","follow":"follow","max-snippet":"max-snippet:-1","max-image-preview":"max-image-preview:large","max-video-preview":"max-video-preview:-1"},"canonical":"https:\/\/www.hotelbaiadelre.com\/pt-pt\/servicos\/","og_locale":"pt_PT","og_type":"article","og_title":"Servi\u00e7os | Hotel Baia del Re","og_description":"Servi\u00e7os, Hotel Baia del Re:","og_url":"https:\/\/www.hotelbaiadelre.com\/pt-pt\/servicos\/","og_site_name":"Hotel Baia del Re","article_modified_time":"2024-08-28T07:35:17+00:00","og_image":[{"url":"https:\/\/www.hotelbaiadelre.com\/wp-content\/uploads\/2015\/07\/fregio.png","type":"","width":"","height":""}],"twitter_misc":{"Tempo estimado de leitura":"3 minutos"},"schema":{"@context":"https:\/\/schema.org","@graph":[{"@type":"WebPage","@id":"https:\/\/www.hotelbaiadelre.com\/pt-pt\/servicos\/","url":"https:\/\/www.hotelbaiadelre.com\/pt-pt\/servicos\/","name":"Servi\u00e7os | Hotel Baia del Re","isPartOf":{"@id":"https:\/\/www.hotelbaiadelre.com\/pt-pt\/#website"},"primaryImageOfPage":{"@id":"https:\/\/www.hotelbaiadelre.com\/pt-pt\/servicos\/#primaryimage"},"image":{"@id":"https:\/\/www.hotelbaiadelre.com\/pt-pt\/servicos\/#primaryimage"},"thumbnailUrl":"https:\/\/www.hotelbaiadelre.com\/wp-content\/uploads\/2015\/07\/fregio.png","datePublished":"2016-05-24T08:49:54+00:00","dateModified":"2024-08-28T07:35:17+00:00","description":"Servi\u00e7os, Hotel Baia del Re:","breadcrumb":{"@id":"https:\/\/www.hotelbaiadelre.com\/pt-pt\/servicos\/#breadcrumb"},"inLanguage":"pt-PT","potentialAction":[{"@type":"ReadAction","target":["https:\/\/www.hotelbaiadelre.com\/pt-pt\/servicos\/"]}]},{"@type":"ImageObject","inLanguage":"pt-PT","@id":"https:\/\/www.hotelbaiadelre.com\/pt-pt\/servicos\/#primaryimage","url":"https:\/\/www.hotelbaiadelre.com\/wp-content\/uploads\/2015\/07\/fregio.png","contentUrl":"https:\/\/www.hotelbaiadelre.com\/wp-content\/uploads\/2015\/07\/fregio.png"},{"@type":"BreadcrumbList","@id":"https:\/\/www.hotelbaiadelre.com\/pt-pt\/servicos\/#breadcrumb","itemListElement":[{"@type":"ListItem","position":1,"name":"Home","item":"https:\/\/www.hotelbaiadelre.com\/pt-pt\/"},{"@type":"ListItem","position":2,"name":"Servi\u00e7os"}]},{"@type":"WebSite","@id":"https:\/\/www.hotelbaiadelre.com\/pt-pt\/#website","url":"https:\/\/www.hotelbaiadelre.com\/pt-pt\/","name":"Hotel Baia del Re","description":"","potentialAction":[{"@type":"SearchAction","target":{"@type":"EntryPoint","urlTemplate":"https:\/\/www.hotelbaiadelre.com\/pt-pt\/?s={search_term_string}"},"query-input":{"@type":"PropertyValueSpecification","valueRequired":true,"valueName":"search_term_string"}}],"inLanguage":"pt-PT"}]}},"publishpress_future_action":{"enabled":false,"date":"2026-05-06 02:48:40","action":"change-status","newStatus":"draft","terms":[],"taxonomy":"translation_priority","extraData":[]},"publishpress_future_workflow_manual_trigger":{"enabledWorkflows":[]},"_links":{"self":[{"href":"https:\/\/www.hotelbaiadelre.com\/pt-pt\/wp-json\/wp\/v2\/pages\/2693","targetHints":{"allow":["GET"]}}],"collection":[{"href":"https:\/\/www.hotelbaiadelre.com\/pt-pt\/wp-json\/wp\/v2\/pages"}],"about":[{"href":"https:\/\/www.hotelbaiadelre.com\/pt-pt\/wp-json\/wp\/v2\/types\/page"}],"author":[{"embeddable":true,"href":"https:\/\/www.hotelbaiadelre.com\/pt-pt\/wp-json\/wp\/v2\/users\/36"}],"replies":[{"embeddable":true,"href":"https:\/\/www.hotelbaiadelre.com\/pt-pt\/wp-json\/wp\/v2\/comments?post=2693"}],"version-history":[{"count":2,"href":"https:\/\/www.hotelbaiadelre.com\/pt-pt\/wp-json\/wp\/v2\/pages\/2693\/revisions"}],"predecessor-version":[{"id":4410,"href":"https:\/\/www.hotelbaiadelre.com\/pt-pt\/wp-json\/wp\/v2\/pages\/2693\/revisions\/4410"}],"wp:attachment":[{"href":"https:\/\/www.hotelbaiadelre.com\/pt-pt\/wp-json\/wp\/v2\/media?parent=2693"}],"curies":[{"name":"wp","href":"https:\/\/api.w.org\/{rel}","templated":true}]}}