{"id":2743,"date":"2016-05-24T08:48:29","date_gmt":"2016-05-24T08:48:29","guid":{"rendered":"https:\/\/www.hotelbaiadelre.com\/pt-pt\/la-nostra-storia\/"},"modified":"2016-06-15T14:13:46","modified_gmt":"2016-06-15T14:13:46","slug":"a-nossa-historia","status":"publish","type":"page","link":"https:\/\/www.hotelbaiadelre.com\/pt-pt\/a-nossa-historia\/","title":{"rendered":"A nossa hist\u00f3ria"},"content":{"rendered":"<div class=\"wpb-content-wrapper\">[vc_row full_height=&#8221;yes&#8221; parallax=&#8221;content-moving&#8221; bg_type=&#8221;image&#8221; parallax_style=&#8221;vcpb-default&#8221; bg_image_new=&#8221;id^2332|url^https:\/\/www.hotelbaiadelre.com\/wp-content\/uploads\/2016\/05\/rollsKrug.jpg|caption^null|alt^null|title^rollsKrug|description^null&#8221; bg_image_repeat=&#8221;no-repeat&#8221; bg_img_attach=&#8221;fixed&#8221; parallax_content=&#8221;parallax_content_value&#8221;][vc_column][vc_column_text]\n<div class=\"payoff\">\n<h1>Hospitalidade e Eleg\u00e2ncia<\/h1>\n<\/div>\n[\/vc_column_text][\/vc_column][\/vc_row][vc_row el_class=&#8221;contenuto&#8221;][vc_column][vc_empty_space height=&#8221;50px&#8221;][vc_row_inner el_class=&#8221;wrap&#8221;][vc_column_inner width=&#8221;1\/2&#8243;][vc_column_text css=&#8221;.vc_custom_1466000021179{padding-top: 0px !important;}&#8221;]\n<h1>A nossa hist\u00f3ria<\/h1>\n<p><img decoding=\"async\" src=\"https:\/\/www.hotelbaiadelre.com\/wp-content\/uploads\/2015\/07\/fregio.png\" alt=\"\" \/><\/p>\n<p>A hist\u00f3ria do <strong>Gruppo Hotel Real Fini<\/strong> tem ra\u00edzes no in\u00edcio do s\u00e9culo XX, quando Telesforo Fini e a sua esposa Giuditta abriram uma charcutaria em Corso Canalchiaro, no cora\u00e7\u00e3o do centro hist\u00f3rico de Modena.<\/p>\n<p>Dedica\u00e7\u00e3o, investiga\u00e7\u00e3o e respeito pela qualidade foram as caracter\u00edsticas que destacaram desde o in\u00edcio a charcutaria, onde pouco tempo depois se come\u00e7aram a servir aos clientes mais dedicados os pratos da tradi\u00e7\u00e3o gastron\u00f3mica de Modena preparados com cuidado e paix\u00e3o pela pr\u00f3pria Giuditta.<\/p>\n<p><strong>O Hotel Real Fini Baia del Re<\/strong> e o <strong>Ristorante Baia del Re<\/strong>, hoje em dia, como em 1912, conservam inalterados os mesmos <strong>valores<\/strong> fundamentais, como o <strong>cuidado com a qualidade<\/strong>, <strong>o amor pelas coisas simples e genu\u00ednas<\/strong>, <strong>o atendimento ao cliente<\/strong>, capazes de transformar a <strong>paix\u00e3o<\/strong> num sucesso duradouro e em perene <strong>evolu\u00e7\u00e3o<\/strong>.<\/p>\n<p>Hoje, no cora\u00e7\u00e3o da Emilia, o hotel e o restaurante atraem uma clientela diversificada e exigente, acostumada aos mais modernos <strong>confortos,<\/strong> mas seduzida pelo calor e pela <strong>experi\u00eancia<\/strong> que permeia a nossa forma de trabalhar.<\/p>\n<p>O Hotel Real Fini Baia del Re di Modena oferece <strong>ambientes exclusivos<\/strong>, de alto n\u00edvel, com <strong>quartos<\/strong> <strong>e salas de reuni\u00f5es <\/strong>confort\u00e1veis, impecavelmente decorados e funcionais. \u00c0 mesa do nosso Ristorante Baia del Re redescobrir\u00e1 o prazer de saborear um <strong>cozinha t\u00edpica<\/strong>, fiel \u00e0s tradi\u00e7\u00f5es da Emilia, de aromas encantadores, criados pela sele\u00e7\u00e3o rigorosa dos ingredientes e pelos talentos de chefs especializados e com nome firmado.<\/p>\n[\/vc_column_text][\/vc_column_inner][vc_column_inner width=&#8221;1\/2&#8243;][vc_empty_space height=&#8221;37px&#8221;][vc_media_grid element_width=&#8221;6&#8243; item=&#8221;mediaGrid_FadeInWithIcon&#8221; grid_id=&#8221;vc_gid:1465999988696-2cff686d-1a0d-9&#8243; include=&#8221;2394,2300,2303,2305,2309,2306,2304,2301,2345,2346&#8243;][\/vc_column_inner][\/vc_row_inner][vc_empty_space height=&#8221;50px&#8221;][\/vc_column][\/vc_row][vc_row][vc_column][vc_media_grid element_width=&#8221;3&#8243; gap=&#8221;0&#8243; item=&#8221;mediaGrid_FadeInWithIcon&#8221; grid_id=&#8221;vc_gid:1465999988701-a2da3b5b-929e-0&#8243; include=&#8221;2336,2308,2310,2311&#8243;][\/vc_column][\/vc_row]\n<\/div>","protected":false},"excerpt":{"rendered":"<p>[vc_row full_height=&#8221;yes&#8221; parallax=&#8221;content-moving&#8221; bg_type=&#8221;image&#8221; parallax_style=&#8221;vcpb-default&#8221; bg_image_new=&#8221;id^2332|url^https:\/\/www.hotelbaiadelre.com\/wp-content\/uploads\/2016\/05\/rollsKrug.jpg|caption^null|alt^null|title^rollsKrug|description^null&#8221; bg_image_repeat=&#8221;no-repeat&#8221; bg_img_attach=&#8221;fixed&#8221; parallax_content=&#8221;parallax_content_value&#8221;][vc_column][vc_column_text] Hospitalidade e Eleg\u00e2ncia [\/vc_column_text][\/vc_column][\/vc_row][vc_row el_class=&#8221;contenuto&#8221;][vc_column][vc_empty_space height=&#8221;50px&#8221;][vc_row_inner el_class=&#8221;wrap&#8221;][vc_column_inner width=&#8221;1\/2&#8243;][vc_column_text css=&#8221;.vc_custom_1466000021179{padding-top: 0px !important;}&#8221;] A nossa hist\u00f3ria A hist\u00f3ria do Gruppo Hotel Real Fini tem ra\u00edzes no in\u00edcio do s\u00e9culo XX, quando Telesforo Fini e a sua esposa Giuditta abriram uma charcutaria em Corso Canalchiaro, no cora\u00e7\u00e3o do centro [&hellip;]<\/p>\n","protected":false},"author":36,"featured_media":0,"parent":0,"menu_order":0,"comment_status":"closed","ping_status":"closed","template":"","meta":{"_genesis_hide_title":false,"_genesis_hide_breadcrumbs":false,"_genesis_hide_singular_image":false,"_genesis_hide_footer_widgets":false,"_genesis_custom_body_class":"","_genesis_custom_post_class":"","_genesis_layout":"","footnotes":""},"class_list":{"0":"post-2743","1":"page","2":"type-page","3":"status-publish","5":"entry"},"yoast_head":"<!-- This site is optimized with the Yoast SEO plugin v25.6 - https:\/\/yoast.com\/wordpress\/plugins\/seo\/ -->\n<title>A nossa hist\u00f3ria | Hotel Baia del Re<\/title>\n<meta name=\"description\" content=\"A nossa hist\u00f3ria, Hotel Baia del Re:\" \/>\n<meta name=\"robots\" content=\"index, follow, max-snippet:-1, max-image-preview:large, max-video-preview:-1\" \/>\n<link rel=\"canonical\" href=\"https:\/\/www.hotelbaiadelre.com\/pt-pt\/a-nossa-historia\/\" \/>\n<meta property=\"og:locale\" content=\"pt_PT\" \/>\n<meta property=\"og:type\" content=\"article\" \/>\n<meta property=\"og:title\" content=\"A nossa hist\u00f3ria | Hotel Baia del Re\" \/>\n<meta property=\"og:description\" content=\"A nossa hist\u00f3ria, Hotel Baia del Re:\" \/>\n<meta property=\"og:url\" content=\"https:\/\/www.hotelbaiadelre.com\/pt-pt\/a-nossa-historia\/\" \/>\n<meta property=\"og:site_name\" content=\"Hotel Baia del Re\" \/>\n<meta property=\"article:modified_time\" content=\"2016-06-15T14:13:46+00:00\" \/>\n<meta property=\"og:image\" content=\"https:\/\/www.hotelbaiadelre.com\/wp-content\/uploads\/2015\/07\/fregio.png\" \/>\n<meta name=\"twitter:label1\" content=\"Tempo estimado de leitura\" \/>\n\t<meta name=\"twitter:data1\" content=\"2 minutos\" \/>\n<script type=\"application\/ld+json\" class=\"yoast-schema-graph\">{\"@context\":\"https:\/\/schema.org\",\"@graph\":[{\"@type\":\"WebPage\",\"@id\":\"https:\/\/www.hotelbaiadelre.com\/pt-pt\/a-nossa-historia\/\",\"url\":\"https:\/\/www.hotelbaiadelre.com\/pt-pt\/a-nossa-historia\/\",\"name\":\"A nossa hist\u00f3ria | Hotel Baia del Re\",\"isPartOf\":{\"@id\":\"https:\/\/www.hotelbaiadelre.com\/pt-pt\/#website\"},\"primaryImageOfPage\":{\"@id\":\"https:\/\/www.hotelbaiadelre.com\/pt-pt\/a-nossa-historia\/#primaryimage\"},\"image\":{\"@id\":\"https:\/\/www.hotelbaiadelre.com\/pt-pt\/a-nossa-historia\/#primaryimage\"},\"thumbnailUrl\":\"https:\/\/www.hotelbaiadelre.com\/wp-content\/uploads\/2015\/07\/fregio.png\",\"datePublished\":\"2016-05-24T08:48:29+00:00\",\"dateModified\":\"2016-06-15T14:13:46+00:00\",\"description\":\"A nossa hist\u00f3ria, Hotel Baia del Re:\",\"breadcrumb\":{\"@id\":\"https:\/\/www.hotelbaiadelre.com\/pt-pt\/a-nossa-historia\/#breadcrumb\"},\"inLanguage\":\"pt-PT\",\"potentialAction\":[{\"@type\":\"ReadAction\",\"target\":[\"https:\/\/www.hotelbaiadelre.com\/pt-pt\/a-nossa-historia\/\"]}]},{\"@type\":\"ImageObject\",\"inLanguage\":\"pt-PT\",\"@id\":\"https:\/\/www.hotelbaiadelre.com\/pt-pt\/a-nossa-historia\/#primaryimage\",\"url\":\"https:\/\/www.hotelbaiadelre.com\/wp-content\/uploads\/2015\/07\/fregio.png\",\"contentUrl\":\"https:\/\/www.hotelbaiadelre.com\/wp-content\/uploads\/2015\/07\/fregio.png\"},{\"@type\":\"BreadcrumbList\",\"@id\":\"https:\/\/www.hotelbaiadelre.com\/pt-pt\/a-nossa-historia\/#breadcrumb\",\"itemListElement\":[{\"@type\":\"ListItem\",\"position\":1,\"name\":\"Home\",\"item\":\"https:\/\/www.hotelbaiadelre.com\/pt-pt\/\"},{\"@type\":\"ListItem\",\"position\":2,\"name\":\"A nossa hist\u00f3ria\"}]},{\"@type\":\"WebSite\",\"@id\":\"https:\/\/www.hotelbaiadelre.com\/pt-pt\/#website\",\"url\":\"https:\/\/www.hotelbaiadelre.com\/pt-pt\/\",\"name\":\"Hotel Baia del Re\",\"description\":\"\",\"potentialAction\":[{\"@type\":\"SearchAction\",\"target\":{\"@type\":\"EntryPoint\",\"urlTemplate\":\"https:\/\/www.hotelbaiadelre.com\/pt-pt\/?s={search_term_string}\"},\"query-input\":{\"@type\":\"PropertyValueSpecification\",\"valueRequired\":true,\"valueName\":\"search_term_string\"}}],\"inLanguage\":\"pt-PT\"}]}<\/script>\n<!-- \/ Yoast SEO plugin. -->","yoast_head_json":{"title":"A nossa hist\u00f3ria | Hotel Baia del Re","description":"A nossa hist\u00f3ria, Hotel Baia del Re:","robots":{"index":"index","follow":"follow","max-snippet":"max-snippet:-1","max-image-preview":"max-image-preview:large","max-video-preview":"max-video-preview:-1"},"canonical":"https:\/\/www.hotelbaiadelre.com\/pt-pt\/a-nossa-historia\/","og_locale":"pt_PT","og_type":"article","og_title":"A nossa hist\u00f3ria | Hotel Baia del Re","og_description":"A nossa hist\u00f3ria, Hotel Baia del Re:","og_url":"https:\/\/www.hotelbaiadelre.com\/pt-pt\/a-nossa-historia\/","og_site_name":"Hotel Baia del Re","article_modified_time":"2016-06-15T14:13:46+00:00","og_image":[{"url":"https:\/\/www.hotelbaiadelre.com\/wp-content\/uploads\/2015\/07\/fregio.png","type":"","width":"","height":""}],"twitter_misc":{"Tempo estimado de leitura":"2 minutos"},"schema":{"@context":"https:\/\/schema.org","@graph":[{"@type":"WebPage","@id":"https:\/\/www.hotelbaiadelre.com\/pt-pt\/a-nossa-historia\/","url":"https:\/\/www.hotelbaiadelre.com\/pt-pt\/a-nossa-historia\/","name":"A nossa hist\u00f3ria | Hotel Baia del Re","isPartOf":{"@id":"https:\/\/www.hotelbaiadelre.com\/pt-pt\/#website"},"primaryImageOfPage":{"@id":"https:\/\/www.hotelbaiadelre.com\/pt-pt\/a-nossa-historia\/#primaryimage"},"image":{"@id":"https:\/\/www.hotelbaiadelre.com\/pt-pt\/a-nossa-historia\/#primaryimage"},"thumbnailUrl":"https:\/\/www.hotelbaiadelre.com\/wp-content\/uploads\/2015\/07\/fregio.png","datePublished":"2016-05-24T08:48:29+00:00","dateModified":"2016-06-15T14:13:46+00:00","description":"A nossa hist\u00f3ria, Hotel Baia del Re:","breadcrumb":{"@id":"https:\/\/www.hotelbaiadelre.com\/pt-pt\/a-nossa-historia\/#breadcrumb"},"inLanguage":"pt-PT","potentialAction":[{"@type":"ReadAction","target":["https:\/\/www.hotelbaiadelre.com\/pt-pt\/a-nossa-historia\/"]}]},{"@type":"ImageObject","inLanguage":"pt-PT","@id":"https:\/\/www.hotelbaiadelre.com\/pt-pt\/a-nossa-historia\/#primaryimage","url":"https:\/\/www.hotelbaiadelre.com\/wp-content\/uploads\/2015\/07\/fregio.png","contentUrl":"https:\/\/www.hotelbaiadelre.com\/wp-content\/uploads\/2015\/07\/fregio.png"},{"@type":"BreadcrumbList","@id":"https:\/\/www.hotelbaiadelre.com\/pt-pt\/a-nossa-historia\/#breadcrumb","itemListElement":[{"@type":"ListItem","position":1,"name":"Home","item":"https:\/\/www.hotelbaiadelre.com\/pt-pt\/"},{"@type":"ListItem","position":2,"name":"A nossa hist\u00f3ria"}]},{"@type":"WebSite","@id":"https:\/\/www.hotelbaiadelre.com\/pt-pt\/#website","url":"https:\/\/www.hotelbaiadelre.com\/pt-pt\/","name":"Hotel Baia del Re","description":"","potentialAction":[{"@type":"SearchAction","target":{"@type":"EntryPoint","urlTemplate":"https:\/\/www.hotelbaiadelre.com\/pt-pt\/?s={search_term_string}"},"query-input":{"@type":"PropertyValueSpecification","valueRequired":true,"valueName":"search_term_string"}}],"inLanguage":"pt-PT"}]}},"publishpress_future_action":{"enabled":false,"date":"2026-05-06 02:48:36","action":"change-status","newStatus":"draft","terms":[],"taxonomy":"translation_priority","extraData":[]},"publishpress_future_workflow_manual_trigger":{"enabledWorkflows":[]},"_links":{"self":[{"href":"https:\/\/www.hotelbaiadelre.com\/pt-pt\/wp-json\/wp\/v2\/pages\/2743","targetHints":{"allow":["GET"]}}],"collection":[{"href":"https:\/\/www.hotelbaiadelre.com\/pt-pt\/wp-json\/wp\/v2\/pages"}],"about":[{"href":"https:\/\/www.hotelbaiadelre.com\/pt-pt\/wp-json\/wp\/v2\/types\/page"}],"author":[{"embeddable":true,"href":"https:\/\/www.hotelbaiadelre.com\/pt-pt\/wp-json\/wp\/v2\/users\/36"}],"replies":[{"embeddable":true,"href":"https:\/\/www.hotelbaiadelre.com\/pt-pt\/wp-json\/wp\/v2\/comments?post=2743"}],"version-history":[{"count":0,"href":"https:\/\/www.hotelbaiadelre.com\/pt-pt\/wp-json\/wp\/v2\/pages\/2743\/revisions"}],"wp:attachment":[{"href":"https:\/\/www.hotelbaiadelre.com\/pt-pt\/wp-json\/wp\/v2\/media?parent=2743"}],"curies":[{"name":"wp","href":"https:\/\/api.w.org\/{rel}","templated":true}]}}